{"id":12549,"date":"2025-04-01T08:24:06","date_gmt":"2025-04-01T08:24:06","guid":{"rendered":"https:\/\/www.upg-ploiesti.ro\/?page_id=12549"},"modified":"2025-09-25T07:07:15","modified_gmt":"2025-09-25T07:07:15","slug":"strategia-nationala-anticoruptie","status":"publish","type":"page","link":"https:\/\/www.upg-ploiesti.ro\/index.php\/strategia-nationala-anticoruptie\/","title":{"rendered":"STRATEGIA NATIONALA ANTICORUPTIE"},"content":{"rendered":"\t\t<div data-elementor-type=\"wp-page\" data-elementor-id=\"12549\" class=\"elementor elementor-12549\">\n\t\t\t\t<div class=\"elementor-element elementor-element-8eeb3dc e-flex e-con-boxed wpr-particle-no wpr-jarallax-no wpr-parallax-no wpr-sticky-section-no wpr-equal-height-no e-con e-parent\" data-id=\"8eeb3dc\" data-element_type=\"container\" data-e-type=\"container\">\n\t\t\t\t\t<div class=\"e-con-inner\">\n\t\t\t\t<div class=\"elementor-element elementor-element-22ca07e elementor-widget elementor-widget-spacer\" data-id=\"22ca07e\" data-element_type=\"widget\" data-e-type=\"widget\" data-widget_type=\"spacer.default\">\n\t\t\t\t<div class=\"elementor-widget-container\">\n\t\t\t\t\t\t\t<div class=\"elementor-spacer\">\n\t\t\t<div class=\"elementor-spacer-inner\"><\/div>\n\t\t<\/div>\n\t\t\t\t\t\t<\/div>\n\t\t\t\t<\/div>\n\t\t\t\t<div class=\"elementor-element elementor-element-480051e elementor-widget elementor-widget-text-editor\" data-id=\"480051e\" data-element_type=\"widget\" data-e-type=\"widget\" data-widget_type=\"text-editor.default\">\n\t\t\t\t<div class=\"elementor-widget-container\">\n\t\t\t\t\t\t\t\t\t<ul><li style=\"list-style-type: none;\"><ul><li><strong><span style=\"color: #3366ff;\"><a style=\"color: #3366ff;\" href=\"https:\/\/www.upg-ploiesti.ro\/wp-content\/uploads\/2025\/09\/pde2352_008807.pdf\">OBLIGA\u0162IA DE SESIZARE A INFRAC\u0162IUNILOR \u015eI RAPORTAREA \u00ceNC\u0102LC\u0102RILOR LEGII: DOU\u0102 INSTRUMENTE COMPLEMENTARE PENTRU INTEGRITATEA FUNC\u0162IEI PUBLICE<\/a><\/span><\/strong><\/li><li><span style=\"color: #3366ff;\"><a style=\"color: #3366ff;\" href=\"http:\/\/www.upg-ploiesti.ro\/wp-content\/uploads\/2025\/04\/F_285_Plan_de_integritate-1.pdf\">Plan de integritate al Universit\u0103\u021bii Petrol-Gaze din Ploie\u0219ti aferent Strategiei Na\u021bionale anticorup\u021bie 2021-2025<\/a><\/span><\/li><li><a href=\"http:\/\/www.upg-ploiesti.ro\/index.php\/avertizor-de-integritate\/\"><span style=\"color: #3366ff;\">Anunt Avertizor de Integritate<\/span><\/a><\/li><li><span style=\"color: #3366ff;\"><a style=\"color: #3366ff;\" href=\"http:\/\/www.upg-ploiesti.ro\/wp-content\/uploads\/2025\/04\/2024-Lista-bunuri-primite-cu-titlu-gratuit-cu-prilejul-unor-actiuni-de-protocol.pdf\">List\u0103 centralizatoare privind bunurile primite cu titlu gratuit \u00een cadrul Universit\u0103\u0163ii Petrol-Gaze din Ploie\u015fti pentru anul 2024<\/a><\/span><\/li><li><span style=\"color: #3366ff;\"><a style=\"color: #3366ff;\" href=\"http:\/\/www.upg-ploiesti.ro\/wp-content\/uploads\/2025\/04\/F_372_Declaratie_Rector_agenda_integritate-2.pdf\">Declara\u0163ie privind asumarea unei Agende de integritate organiza\u021bional\u0103 a Universit\u0103\u0163ii Petrol-Gaze din Ploie\u015fti<\/a><\/span><\/li><li><span style=\"color: #3366ff;\"><a style=\"color: #3366ff;\" href=\"http:\/\/www.upg-ploiesti.ro\/wp-content\/uploads\/2025\/04\/raport-incid.integritate-2024-1.pdf\">Raport privind evaluarea incidentelor de integritate 2024<\/a><\/span><\/li><\/ul><\/li><\/ul>\t\t\t\t\t\t\t\t<\/div>\n\t\t\t\t<\/div>\n\t\t\t\t<div class=\"elementor-element elementor-element-5890c9e elementor-widget elementor-widget-spacer\" data-id=\"5890c9e\" data-element_type=\"widget\" data-e-type=\"widget\" data-widget_type=\"spacer.default\">\n\t\t\t\t<div class=\"elementor-widget-container\">\n\t\t\t\t\t\t\t<div class=\"elementor-spacer\">\n\t\t\t<div class=\"elementor-spacer-inner\"><\/div>\n\t\t<\/div>\n\t\t\t\t\t\t<\/div>\n\t\t\t\t<\/div>\n\t\t\t\t\t<\/div>\n\t\t\t\t<\/div>\n\t\t\t\t<\/div>\n\t\t","protected":false},"excerpt":{"rendered":"<p>OBLIGA\u0162IA DE SESIZARE A INFRAC\u0162IUNILOR \u015eI RAPORTAREA \u00ceNC\u0102LC\u0102RILOR LEGII: DOU\u0102 INSTRUMENTE COMPLEMENTARE PENTRU INTEGRITATEA FUNC\u0162IEI PUBLICE Plan de integritate al Universit\u0103\u021bii Petrol-Gaze din Ploie\u0219ti aferent Strategiei Na\u021bionale anticorup\u021bie 2021-2025 Anunt Avertizor de Integritate List\u0103 centralizatoare privind bunurile primite cu titlu gratuit \u00een cadrul Universit\u0103\u0163ii Petrol-Gaze din Ploie\u015fti pentru anul 2024 Declara\u0163ie privind asumarea unei Agende de integritate organiza\u021bional\u0103 a Universit\u0103\u0163ii Petrol-Gaze din Ploie\u015fti Raport privind evaluarea incidentelor de integritate 2024<\/p>\n","protected":false},"author":1,"featured_media":0,"parent":0,"menu_order":0,"comment_status":"closed","ping_status":"closed","template":"","meta":{"_monsterinsights_skip_tracking":false,"_monsterinsights_sitenote_active":false,"_monsterinsights_sitenote_note":"","_monsterinsights_sitenote_category":0,"footnotes":""},"class_list":["post-12549","page","type-page","status-publish","hentry"],"_links":{"self":[{"href":"https:\/\/www.upg-ploiesti.ro\/index.php\/wp-json\/wp\/v2\/pages\/12549","targetHints":{"allow":["GET"]}}],"collection":[{"href":"https:\/\/www.upg-ploiesti.ro\/index.php\/wp-json\/wp\/v2\/pages"}],"about":[{"href":"https:\/\/www.upg-ploiesti.ro\/index.php\/wp-json\/wp\/v2\/types\/page"}],"author":[{"embeddable":true,"href":"https:\/\/www.upg-ploiesti.ro\/index.php\/wp-json\/wp\/v2\/users\/1"}],"replies":[{"embeddable":true,"href":"https:\/\/www.upg-ploiesti.ro\/index.php\/wp-json\/wp\/v2\/comments?post=12549"}],"version-history":[{"count":13,"href":"https:\/\/www.upg-ploiesti.ro\/index.php\/wp-json\/wp\/v2\/pages\/12549\/revisions"}],"predecessor-version":[{"id":15403,"href":"https:\/\/www.upg-ploiesti.ro\/index.php\/wp-json\/wp\/v2\/pages\/12549\/revisions\/15403"}],"wp:attachment":[{"href":"https:\/\/www.upg-ploiesti.ro\/index.php\/wp-json\/wp\/v2\/media?parent=12549"}],"curies":[{"name":"wp","href":"https:\/\/api.w.org\/{rel}","templated":true}]}}