{"id":12927,"date":"2025-04-24T06:19:29","date_gmt":"2025-04-24T06:19:29","guid":{"rendered":"https:\/\/www.upg-ploiesti.ro\/?page_id=12927"},"modified":"2025-04-24T06:21:32","modified_gmt":"2025-04-24T06:21:32","slug":"strategia-pentru-prevenirea-antisemitismului","status":"publish","type":"page","link":"https:\/\/www.upg-ploiesti.ro\/index.php\/strategia-pentru-prevenirea-antisemitismului\/","title":{"rendered":"STRATEGIA PENTRU PREVENIREA ANTISEMITISMULUI"},"content":{"rendered":"\t\t<div data-elementor-type=\"wp-page\" data-elementor-id=\"12927\" class=\"elementor elementor-12927\">\n\t\t\t\t<div class=\"elementor-element elementor-element-37fafa7 e-flex e-con-boxed wpr-particle-no wpr-jarallax-no wpr-parallax-no wpr-sticky-section-no e-con e-parent\" data-id=\"37fafa7\" data-element_type=\"container\" data-e-type=\"container\">\n\t\t\t\t\t<div class=\"e-con-inner\">\n\t\t\t\t<div class=\"elementor-element elementor-element-b6ddffb elementor-widget elementor-widget-spacer\" data-id=\"b6ddffb\" data-element_type=\"widget\" data-e-type=\"widget\" data-widget_type=\"spacer.default\">\n\t\t\t\t<div class=\"elementor-widget-container\">\n\t\t\t\t\t\t\t<div class=\"elementor-spacer\">\n\t\t\t<div class=\"elementor-spacer-inner\"><\/div>\n\t\t<\/div>\n\t\t\t\t\t\t<\/div>\n\t\t\t\t<\/div>\n\t\t\t\t<div class=\"elementor-element elementor-element-2a5b9e9 elementor-widget elementor-widget-text-editor\" data-id=\"2a5b9e9\" data-element_type=\"widget\" data-e-type=\"widget\" data-widget_type=\"text-editor.default\">\n\t\t\t\t<div class=\"elementor-widget-container\">\n\t\t\t\t\t\t\t\t\t<ul><li style=\"list-style-type: none;\"><ul><li><span style=\"color: #333399;\"><a style=\"color: #333399;\" href=\"http:\/\/www.upg-ploiesti.ro\/wp-content\/uploads\/2025\/04\/R01.22-CODUL-DE-CONDUITA-PENTRU-PREVENTIA-SI-SANCTIONAREA-XENOFOBIEI-RADICALIZARII-SI-DISCURSULUI-INSTIGATOR-LA-URA.pdf\">R 01-22 CODUL DE CONDUIT\u0102 PENTRU PREVEN\u0162IA \u015eI SANC\u0162IONAREA XENOFOBIEI, RADICALIZ\u0102RII \u015eI DISCURSULUI INSTIGATOR LA UR\u0102<\/a><\/span><\/li><\/ul><\/li><\/ul>\t\t\t\t\t\t\t\t<\/div>\n\t\t\t\t<\/div>\n\t\t\t\t<div class=\"elementor-element elementor-element-08392da elementor-widget elementor-widget-spacer\" data-id=\"08392da\" data-element_type=\"widget\" data-e-type=\"widget\" data-widget_type=\"spacer.default\">\n\t\t\t\t<div class=\"elementor-widget-container\">\n\t\t\t\t\t\t\t<div class=\"elementor-spacer\">\n\t\t\t<div class=\"elementor-spacer-inner\"><\/div>\n\t\t<\/div>\n\t\t\t\t\t\t<\/div>\n\t\t\t\t<\/div>\n\t\t\t\t\t<\/div>\n\t\t\t\t<\/div>\n\t\t\t\t<\/div>\n\t\t","protected":false},"excerpt":{"rendered":"<p>R 01-22 CODUL DE CONDUIT\u0102 PENTRU PREVEN\u0162IA \u015eI SANC\u0162IONAREA XENOFOBIEI, RADICALIZ\u0102RII \u015eI DISCURSULUI INSTIGATOR LA UR\u0102<\/p>\n","protected":false},"author":1,"featured_media":0,"parent":0,"menu_order":0,"comment_status":"closed","ping_status":"closed","template":"","meta":{"_monsterinsights_skip_tracking":false,"_monsterinsights_sitenote_active":false,"_monsterinsights_sitenote_note":"","_monsterinsights_sitenote_category":0,"footnotes":""},"class_list":["post-12927","page","type-page","status-publish","hentry"],"_links":{"self":[{"href":"https:\/\/www.upg-ploiesti.ro\/index.php\/wp-json\/wp\/v2\/pages\/12927","targetHints":{"allow":["GET"]}}],"collection":[{"href":"https:\/\/www.upg-ploiesti.ro\/index.php\/wp-json\/wp\/v2\/pages"}],"about":[{"href":"https:\/\/www.upg-ploiesti.ro\/index.php\/wp-json\/wp\/v2\/types\/page"}],"author":[{"embeddable":true,"href":"https:\/\/www.upg-ploiesti.ro\/index.php\/wp-json\/wp\/v2\/users\/1"}],"replies":[{"embeddable":true,"href":"https:\/\/www.upg-ploiesti.ro\/index.php\/wp-json\/wp\/v2\/comments?post=12927"}],"version-history":[{"count":4,"href":"https:\/\/www.upg-ploiesti.ro\/index.php\/wp-json\/wp\/v2\/pages\/12927\/revisions"}],"predecessor-version":[{"id":12932,"href":"https:\/\/www.upg-ploiesti.ro\/index.php\/wp-json\/wp\/v2\/pages\/12927\/revisions\/12932"}],"wp:attachment":[{"href":"https:\/\/www.upg-ploiesti.ro\/index.php\/wp-json\/wp\/v2\/media?parent=12927"}],"curies":[{"name":"wp","href":"https:\/\/api.w.org\/{rel}","templated":true}]}}