{"id":12933,"date":"2025-04-24T06:22:39","date_gmt":"2025-04-24T06:22:39","guid":{"rendered":"https:\/\/www.upg-ploiesti.ro\/?page_id=12933"},"modified":"2025-07-30T07:14:37","modified_gmt":"2025-07-30T07:14:37","slug":"strategia-de-egalitate-de-gen","status":"publish","type":"page","link":"https:\/\/www.upg-ploiesti.ro\/index.php\/strategia-de-egalitate-de-gen\/","title":{"rendered":"STRATEGIA DE EGALITATE DE GEN"},"content":{"rendered":"\t\t<div data-elementor-type=\"wp-page\" data-elementor-id=\"12933\" class=\"elementor elementor-12933\">\n\t\t\t\t<div class=\"elementor-element elementor-element-f710478 e-flex e-con-boxed wpr-particle-no wpr-jarallax-no wpr-parallax-no wpr-sticky-section-no wpr-equal-height-no e-con e-parent\" data-id=\"f710478\" data-element_type=\"container\" data-e-type=\"container\">\n\t\t\t\t\t<div class=\"e-con-inner\">\n\t\t\t\t<div class=\"elementor-element elementor-element-e599288 elementor-widget elementor-widget-spacer\" data-id=\"e599288\" data-element_type=\"widget\" data-e-type=\"widget\" data-widget_type=\"spacer.default\">\n\t\t\t\t<div class=\"elementor-widget-container\">\n\t\t\t\t\t\t\t<div class=\"elementor-spacer\">\n\t\t\t<div class=\"elementor-spacer-inner\"><\/div>\n\t\t<\/div>\n\t\t\t\t\t\t<\/div>\n\t\t\t\t<\/div>\n\t\t\t\t<div class=\"elementor-element elementor-element-cbefe50 elementor-widget-divider--view-line elementor-widget elementor-widget-divider\" data-id=\"cbefe50\" data-element_type=\"widget\" data-e-type=\"widget\" data-widget_type=\"divider.default\">\n\t\t\t\t<div class=\"elementor-widget-container\">\n\t\t\t\t\t\t\t<div class=\"elementor-divider\">\n\t\t\t<span class=\"elementor-divider-separator\">\n\t\t\t\t\t\t<\/span>\n\t\t<\/div>\n\t\t\t\t\t\t<\/div>\n\t\t\t\t<\/div>\n\t\t\t\t<div class=\"elementor-element elementor-element-4ccc0c2 elementor-widget elementor-widget-text-editor\" data-id=\"4ccc0c2\" data-element_type=\"widget\" data-e-type=\"widget\" data-widget_type=\"text-editor.default\">\n\t\t\t\t<div class=\"elementor-widget-container\">\n\t\t\t\t\t\t\t\t\t<p><span style=\"color: #000000;\"><b><span lang=\"IT\">Campania ,,Nu e\u0219ti singur\u0103!\u201d<\/span><\/b><\/span><\/p>\t\t\t\t\t\t\t\t<\/div>\n\t\t\t\t<\/div>\n\t\t\t\t<div class=\"elementor-element elementor-element-0fd7fd2 elementor-widget-divider--view-line elementor-widget elementor-widget-divider\" data-id=\"0fd7fd2\" data-element_type=\"widget\" data-e-type=\"widget\" data-widget_type=\"divider.default\">\n\t\t\t\t<div class=\"elementor-widget-container\">\n\t\t\t\t\t\t\t<div class=\"elementor-divider\">\n\t\t\t<span class=\"elementor-divider-separator\">\n\t\t\t\t\t\t<\/span>\n\t\t<\/div>\n\t\t\t\t\t\t<\/div>\n\t\t\t\t<\/div>\n\t\t\t\t<div class=\"elementor-element elementor-element-b53981c elementor-widget elementor-widget-text-editor\" data-id=\"b53981c\" data-element_type=\"widget\" data-e-type=\"widget\" data-widget_type=\"text-editor.default\">\n\t\t\t\t<div class=\"elementor-widget-container\">\n\t\t\t\t\t\t\t\t\t<div><p><span style=\"color: #000000;\"><span lang=\"RO\">Campania \u201eNu e\u0219ti singur\u0103!\u201d, gestionat\u0103 de Agen\u021bia Na\u021bional\u0103 pentru Egalitate de \u0218anse \u00eentre Femei \u0219i B\u0103rba\u021bi (ANES), are drept scop promovarea <\/span><b><span lang=\"RO\">liniei telefonice\u00a00800.500.333<\/span><\/b><span lang=\"RO\">,\u00a0<b>apela<wbr \/>bil\u0103 gratuit<\/b>,\u00a0<b>24\/7<\/b><span style=\"color: #000000;\">, <\/span><\/span>dedicat\u0103 victimelor violentei domestice, discrimin\u0103rii pe criteriul de sex, discrimin\u0103rii multiple \u0219i traficului de persoane.<\/span><\/p><p><span style=\"color: #000000;\"><b><span lang=\"IT\">| ANES | 2025<\/span><\/b><\/span><\/p><\/div>\t\t\t\t\t\t\t\t<\/div>\n\t\t\t\t<\/div>\n\t\t\t\t<div class=\"elementor-element elementor-element-194aca9 elementor-widget elementor-widget-image\" data-id=\"194aca9\" data-element_type=\"widget\" data-e-type=\"widget\" data-widget_type=\"image.default\">\n\t\t\t\t<div class=\"elementor-widget-container\">\n\t\t\t\t\t\t\t\t\t\t\t\t\t\t\t<img fetchpriority=\"high\" decoding=\"async\" width=\"768\" height=\"1085\" src=\"https:\/\/www.upg-ploiesti.ro\/wp-content\/uploads\/2025\/07\/AFIS-A3-ANES-Nu-esti-singura_page-0001-768x1085.jpg\" class=\"attachment-medium_large size-medium_large wp-image-14569\" alt=\"\" srcset=\"https:\/\/www.upg-ploiesti.ro\/wp-content\/uploads\/2025\/07\/AFIS-A3-ANES-Nu-esti-singura_page-0001-768x1085.jpg 768w, https:\/\/www.upg-ploiesti.ro\/wp-content\/uploads\/2025\/07\/AFIS-A3-ANES-Nu-esti-singura_page-0001-212x300.jpg 212w, https:\/\/www.upg-ploiesti.ro\/wp-content\/uploads\/2025\/07\/AFIS-A3-ANES-Nu-esti-singura_page-0001-725x1024.jpg 725w, https:\/\/www.upg-ploiesti.ro\/wp-content\/uploads\/2025\/07\/AFIS-A3-ANES-Nu-esti-singura_page-0001-1087x1536.jpg 1087w, https:\/\/www.upg-ploiesti.ro\/wp-content\/uploads\/2025\/07\/AFIS-A3-ANES-Nu-esti-singura_page-0001-1449x2048.jpg 1449w, https:\/\/www.upg-ploiesti.ro\/wp-content\/uploads\/2025\/07\/AFIS-A3-ANES-Nu-esti-singura_page-0001.jpg 1755w\" sizes=\"(max-width: 768px) 100vw, 768px\" \/>\t\t\t\t\t\t\t\t\t\t\t\t\t\t\t<\/div>\n\t\t\t\t<\/div>\n\t\t\t\t<div class=\"elementor-element elementor-element-a765bfd elementor-widget-divider--view-line elementor-widget elementor-widget-divider\" data-id=\"a765bfd\" data-element_type=\"widget\" data-e-type=\"widget\" data-widget_type=\"divider.default\">\n\t\t\t\t<div class=\"elementor-widget-container\">\n\t\t\t\t\t\t\t<div class=\"elementor-divider\">\n\t\t\t<span class=\"elementor-divider-separator\">\n\t\t\t\t\t\t<\/span>\n\t\t<\/div>\n\t\t\t\t\t\t<\/div>\n\t\t\t\t<\/div>\n\t\t\t\t<div class=\"elementor-element elementor-element-04a65e3 elementor-widget elementor-widget-text-editor\" data-id=\"04a65e3\" data-element_type=\"widget\" data-e-type=\"widget\" data-widget_type=\"text-editor.default\">\n\t\t\t\t<div class=\"elementor-widget-container\">\n\t\t\t\t\t\t\t\t\t<ul><li style=\"list-style-type: none;\"><ul><li><span style=\"color: #333399;\"><a style=\"color: #333399;\" href=\"https:\/\/legislatie.just.ro\/Public\/DetaliiDocument\/166209\">LEGE nr. 23 din 9 martie 2015 pentru declararea zilei de 8 mai Ziua egalit\u0103\u0163ii de \u015fanse \u00eentre femei \u015fi b\u0103rba\u0163i<\/a><\/span><\/li><li><span style=\"color: #333399;\"><a style=\"color: #333399;\" href=\"https:\/\/legislatie.just.ro\/Public\/DetaliiDocument\/35778\">LEGE nr. 202 din 19 aprilie 2002 privind egalitatea de \u0219anse \u0219i de tratament \u00eentre femei \u0219i b\u0103rba\u021bi<\/a><\/span><\/li><li><span style=\"color: #333399;\"><a style=\"color: #333399;\" href=\"https:\/\/legislatie.just.ro\/Public\/DetaliiDocumentAfis\/275395\">HOT\u0102R\u00c2RE nr. 970 din 12 octombrie 2023pentru aprobarea Metodologiei privind prevenirea \u0219i combaterea h\u0103r\u021buirii pe criteriul de sex, precum \u0219i a h\u0103r\u021buirii morale la locul de munc\u0103<\/a><\/span><\/li><li><span style=\"color: #333399;\"><a style=\"color: #333399;\" href=\"http:\/\/www.upg-ploiesti.ro\/wp-content\/uploads\/2025\/04\/PLANUL-PENTRU-EGALITATE-DE-GEN.pdf\">PLANUL PENTRU EGALITATE DE GEN<\/a><\/span><\/li><li><span style=\"color: #333399;\"><a style=\"color: #333399;\" href=\"http:\/\/www.upg-ploiesti.ro\/wp-content\/uploads\/2025\/04\/03-UPG-Ghid-prevenirea-si-combaterea-hartuirii.pdf\">GHID privind prevenirea \u015fi combaterea h\u0103r\u0163uirii pe criteriul de sex, precum \u015fi a h\u0103r\u0163uirii morale la locul de munc\u0103<\/a><\/span><\/li><\/ul><\/li><\/ul>\t\t\t\t\t\t\t\t<\/div>\n\t\t\t\t<\/div>\n\t\t\t\t<div class=\"elementor-element elementor-element-339d64c elementor-widget elementor-widget-spacer\" data-id=\"339d64c\" data-element_type=\"widget\" data-e-type=\"widget\" data-widget_type=\"spacer.default\">\n\t\t\t\t<div class=\"elementor-widget-container\">\n\t\t\t\t\t\t\t<div class=\"elementor-spacer\">\n\t\t\t<div class=\"elementor-spacer-inner\"><\/div>\n\t\t<\/div>\n\t\t\t\t\t\t<\/div>\n\t\t\t\t<\/div>\n\t\t\t\t\t<\/div>\n\t\t\t\t<\/div>\n\t\t\t\t<\/div>\n\t\t","protected":false},"excerpt":{"rendered":"<p>Campania ,,Nu e\u0219ti singur\u0103!\u201d Campania \u201eNu e\u0219ti singur\u0103!\u201d, gestionat\u0103 de Agen\u021bia Na\u021bional\u0103 pentru Egalitate de \u0218anse \u00eentre Femei \u0219i B\u0103rba\u021bi (ANES), are drept scop promovarea liniei telefonice\u00a00800.500.333,\u00a0apelabil\u0103 gratuit,\u00a024\/7, dedicat\u0103 victimelor violentei domestice, discrimin\u0103rii pe criteriul de sex, discrimin\u0103rii multiple \u0219i traficului de persoane. | ANES | 2025 LEGE nr. 23 din 9 martie 2015 pentru declararea zilei de 8 mai Ziua egalit\u0103\u0163ii de \u015fanse \u00eentre femei \u015fi b\u0103rba\u0163i LEGE nr. 202 din 19 aprilie 2002 privind egalitatea de \u0219anse \u0219i de tratament \u00eentre femei \u0219i b\u0103rba\u021bi HOT\u0102R\u00c2RE nr. 970 din 12 octombrie 2023pentru aprobarea Metodologiei privind prevenirea \u0219i combaterea h\u0103r\u021buirii pe criteriul de sex, precum \u0219i a h\u0103r\u021buirii morale la locul de munc\u0103 PLANUL PENTRU EGALITATE DE GEN GHID privind prevenirea \u015fi combaterea h\u0103r\u0163uirii pe criteriul de sex, precum \u015fi a h\u0103r\u0163uirii morale la locul de munc\u0103<\/p>\n","protected":false},"author":1,"featured_media":0,"parent":0,"menu_order":0,"comment_status":"closed","ping_status":"closed","template":"","meta":{"_monsterinsights_skip_tracking":false,"_monsterinsights_sitenote_active":false,"_monsterinsights_sitenote_note":"","_monsterinsights_sitenote_category":0,"footnotes":""},"class_list":["post-12933","page","type-page","status-publish","hentry"],"_links":{"self":[{"href":"https:\/\/www.upg-ploiesti.ro\/index.php\/wp-json\/wp\/v2\/pages\/12933","targetHints":{"allow":["GET"]}}],"collection":[{"href":"https:\/\/www.upg-ploiesti.ro\/index.php\/wp-json\/wp\/v2\/pages"}],"about":[{"href":"https:\/\/www.upg-ploiesti.ro\/index.php\/wp-json\/wp\/v2\/types\/page"}],"author":[{"embeddable":true,"href":"https:\/\/www.upg-ploiesti.ro\/index.php\/wp-json\/wp\/v2\/users\/1"}],"replies":[{"embeddable":true,"href":"https:\/\/www.upg-ploiesti.ro\/index.php\/wp-json\/wp\/v2\/comments?post=12933"}],"version-history":[{"count":16,"href":"https:\/\/www.upg-ploiesti.ro\/index.php\/wp-json\/wp\/v2\/pages\/12933\/revisions"}],"predecessor-version":[{"id":14665,"href":"https:\/\/www.upg-ploiesti.ro\/index.php\/wp-json\/wp\/v2\/pages\/12933\/revisions\/14665"}],"wp:attachment":[{"href":"https:\/\/www.upg-ploiesti.ro\/index.php\/wp-json\/wp\/v2\/media?parent=12933"}],"curies":[{"name":"wp","href":"https:\/\/api.w.org\/{rel}","templated":true}]}}