{"id":13238,"date":"2025-05-14T09:47:26","date_gmt":"2025-05-14T09:47:26","guid":{"rendered":"https:\/\/www.upg-ploiesti.ro\/?page_id=13238"},"modified":"2025-05-14T12:01:03","modified_gmt":"2025-05-14T12:01:03","slug":"liga-studentilor-ploiesti","status":"publish","type":"page","link":"https:\/\/www.upg-ploiesti.ro\/index.php\/liga-studentilor-ploiesti\/","title":{"rendered":"Liga Studen\u021bilor Ploie\u0219ti"},"content":{"rendered":"\t\t<div data-elementor-type=\"wp-page\" data-elementor-id=\"13238\" class=\"elementor elementor-13238\">\n\t\t\t\t<div class=\"elementor-element elementor-element-f10be85 e-flex e-con-boxed wpr-particle-no wpr-jarallax-no wpr-parallax-no wpr-sticky-section-no e-con e-parent\" data-id=\"f10be85\" data-element_type=\"container\" data-e-type=\"container\">\n\t\t\t\t\t<div class=\"e-con-inner\">\n\t\t\t\t<div class=\"elementor-element elementor-element-01867c6 elementor-widget elementor-widget-spacer\" data-id=\"01867c6\" data-element_type=\"widget\" data-e-type=\"widget\" data-widget_type=\"spacer.default\">\n\t\t\t\t<div class=\"elementor-widget-container\">\n\t\t\t\t\t\t\t<div class=\"elementor-spacer\">\n\t\t\t<div class=\"elementor-spacer-inner\"><\/div>\n\t\t<\/div>\n\t\t\t\t\t\t<\/div>\n\t\t\t\t<\/div>\n\t\t\t\t<div class=\"elementor-element elementor-element-ca5532a elementor-widget elementor-widget-heading\" data-id=\"ca5532a\" data-element_type=\"widget\" data-e-type=\"widget\" data-widget_type=\"heading.default\">\n\t\t\t\t<div class=\"elementor-widget-container\">\n\t\t\t\t\t<h2 class=\"elementor-heading-title elementor-size-default\">Ce este Liga Studen\u021bilor din Centrul Universitar Ploie\u0219ti?<\/h2>\t\t\t\t<\/div>\n\t\t\t\t<\/div>\n\t\t\t\t\t<\/div>\n\t\t\t\t<\/div>\n\t\t<div class=\"elementor-element elementor-element-c6d442a e-flex e-con-boxed wpr-particle-no wpr-jarallax-no wpr-parallax-no wpr-sticky-section-no e-con e-parent\" data-id=\"c6d442a\" data-element_type=\"container\" data-e-type=\"container\">\n\t\t\t\t\t<div class=\"e-con-inner\">\n\t\t\t\t<div class=\"elementor-element elementor-element-eb179c6 elementor-widget elementor-widget-text-editor\" data-id=\"eb179c6\" data-element_type=\"widget\" data-e-type=\"widget\" data-widget_type=\"text-editor.default\">\n\t\t\t\t<div class=\"elementor-widget-container\">\n\t\t\t\t\t\t\t\t\t<p style=\"text-align: justify;\"><span style=\"color: #000000;\">O organiza\u0163ie apolitic\u0103, non-guvernamental\u0103 studen\u021beasc\u0103, ce urm\u0103re\u015fte totodat\u0103 \u015fi reprezentarea eficient\u0103 \u015fi corect\u0103 a studen\u0163ilor \u00een Consiliul Facult\u0103\u0163ilor, \u00een Senatul Universit\u0103\u0163ii \u0219i \u00een Consiliul de Administra\u021bie al UPG \u00een conformitate cu Carta Universitar\u0103, cu prevederile Legii \u00cenv\u0103\u0163\u0103m\u00e2ntului \u015fi Procesul de la Bologna, \u00eencuraj\u00e2nd astfel implicarea \u00een procesul decizional at\u00e2t la nivel local, c\u00e2t \u015fi la nivel na\u0163ional.\u200b<\/span><\/p>\t\t\t\t\t\t\t\t<\/div>\n\t\t\t\t<\/div>\n\t\t\t\t\t<\/div>\n\t\t\t\t<\/div>\n\t\t<div class=\"elementor-element elementor-element-ad63aa9 e-flex e-con-boxed wpr-particle-no wpr-jarallax-no wpr-parallax-no wpr-sticky-section-no e-con e-parent\" data-id=\"ad63aa9\" data-element_type=\"container\" data-e-type=\"container\">\n\t\t\t\t\t<div class=\"e-con-inner\">\n\t\t\t\t<div class=\"elementor-element elementor-element-4771534 elementor-widget-divider--view-line elementor-widget elementor-widget-divider\" data-id=\"4771534\" data-element_type=\"widget\" data-e-type=\"widget\" data-widget_type=\"divider.default\">\n\t\t\t\t<div class=\"elementor-widget-container\">\n\t\t\t\t\t\t\t<div class=\"elementor-divider\">\n\t\t\t<span class=\"elementor-divider-separator\">\n\t\t\t\t\t\t<\/span>\n\t\t<\/div>\n\t\t\t\t\t\t<\/div>\n\t\t\t\t<\/div>\n\t\t\t\t<div class=\"elementor-element elementor-element-38b00e7 elementor-widget elementor-widget-image-carousel\" data-id=\"38b00e7\" data-element_type=\"widget\" data-e-type=\"widget\" data-settings=\"{&quot;slides_to_show&quot;:&quot;1&quot;,&quot;navigation&quot;:&quot;none&quot;,&quot;autoplay&quot;:&quot;yes&quot;,&quot;pause_on_hover&quot;:&quot;yes&quot;,&quot;pause_on_interaction&quot;:&quot;yes&quot;,&quot;autoplay_speed&quot;:5000,&quot;infinite&quot;:&quot;yes&quot;,&quot;effect&quot;:&quot;slide&quot;,&quot;speed&quot;:500}\" data-widget_type=\"image-carousel.default\">\n\t\t\t\t<div class=\"elementor-widget-container\">\n\t\t\t\t\t\t\t<div class=\"elementor-image-carousel-wrapper swiper\" role=\"region\" aria-roledescription=\"carousel\" aria-label=\"Image Carousel\" dir=\"ltr\">\n\t\t\t<div class=\"elementor-image-carousel swiper-wrapper swiper-image-stretch\" aria-live=\"off\">\n\t\t\t\t\t\t\t\t<div class=\"swiper-slide\" role=\"group\" aria-roledescription=\"slide\" aria-label=\"1 of 5\"><figure class=\"swiper-slide-inner\"><img decoding=\"async\" class=\"swiper-slide-image\" src=\"https:\/\/www.upg-ploiesti.ro\/wp-content\/uploads\/2025\/05\/7b892f9f-4816-494f-a6f4-8e3e06d65819-1440x720.jpg\" alt=\"7b892f9f-4816-494f-a6f4-8e3e06d65819\" \/><\/figure><\/div><div class=\"swiper-slide\" role=\"group\" aria-roledescription=\"slide\" aria-label=\"2 of 5\"><figure class=\"swiper-slide-inner\"><img decoding=\"async\" class=\"swiper-slide-image\" src=\"https:\/\/www.upg-ploiesti.ro\/wp-content\/uploads\/2025\/05\/f1194f87-5c3a-4427-9786-682ecb11fc52-1440x720.jpg\" alt=\"f1194f87-5c3a-4427-9786-682ecb11fc52\" \/><\/figure><\/div><div class=\"swiper-slide\" role=\"group\" aria-roledescription=\"slide\" aria-label=\"3 of 5\"><figure class=\"swiper-slide-inner\"><img decoding=\"async\" class=\"swiper-slide-image\" src=\"https:\/\/www.upg-ploiesti.ro\/wp-content\/uploads\/2025\/05\/9275e127-a236-4819-a1c5-27bd76c05ea7-1440x720.jpg\" alt=\"9275e127-a236-4819-a1c5-27bd76c05ea7\" \/><\/figure><\/div><div class=\"swiper-slide\" role=\"group\" aria-roledescription=\"slide\" aria-label=\"4 of 5\"><figure class=\"swiper-slide-inner\"><img decoding=\"async\" class=\"swiper-slide-image\" src=\"https:\/\/www.upg-ploiesti.ro\/wp-content\/uploads\/2025\/05\/182ec049-bfea-44c0-b210-57d8836e1877-1440x720.jpg\" alt=\"182ec049-bfea-44c0-b210-57d8836e1877\" \/><\/figure><\/div><div class=\"swiper-slide\" role=\"group\" aria-roledescription=\"slide\" aria-label=\"5 of 5\"><figure class=\"swiper-slide-inner\"><img decoding=\"async\" class=\"swiper-slide-image\" src=\"https:\/\/www.upg-ploiesti.ro\/wp-content\/uploads\/2025\/05\/c2f41b9c-cd44-4402-a641-5e2284a6bf61-1440x720.jpg\" alt=\"c2f41b9c-cd44-4402-a641-5e2284a6bf61\" \/><\/figure><\/div>\t\t\t<\/div>\n\t\t\t\t\t\t\t\n\t\t\t\t\t\t\t\t\t<\/div>\n\t\t\t\t\t\t<\/div>\n\t\t\t\t<\/div>\n\t\t\t\t\t<\/div>\n\t\t\t\t<\/div>\n\t\t<div class=\"elementor-element elementor-element-4ad3fcb e-flex e-con-boxed wpr-particle-no wpr-jarallax-no wpr-parallax-no wpr-sticky-section-no e-con e-parent\" data-id=\"4ad3fcb\" data-element_type=\"container\" data-e-type=\"container\">\n\t\t\t\t\t<div class=\"e-con-inner\">\n\t\t\t\t<div class=\"elementor-element elementor-element-aeb7aa2 elementor-widget-divider--view-line elementor-widget elementor-widget-divider\" data-id=\"aeb7aa2\" data-element_type=\"widget\" data-e-type=\"widget\" data-widget_type=\"divider.default\">\n\t\t\t\t<div class=\"elementor-widget-container\">\n\t\t\t\t\t\t\t<div class=\"elementor-divider\">\n\t\t\t<span class=\"elementor-divider-separator\">\n\t\t\t\t\t\t<\/span>\n\t\t<\/div>\n\t\t\t\t\t\t<\/div>\n\t\t\t\t<\/div>\n\t\t\t\t\t<\/div>\n\t\t\t\t<\/div>\n\t\t<div class=\"elementor-element elementor-element-785fa4d e-flex e-con-boxed wpr-particle-no wpr-jarallax-no wpr-parallax-no wpr-sticky-section-no e-con e-parent\" data-id=\"785fa4d\" data-element_type=\"container\" data-e-type=\"container\">\n\t\t\t\t\t<div class=\"e-con-inner\">\n\t\t\t\t<div class=\"elementor-element elementor-element-16f47eb elementor-widget elementor-widget-text-editor\" data-id=\"16f47eb\" data-element_type=\"widget\" data-e-type=\"widget\" data-widget_type=\"text-editor.default\">\n\t\t\t\t<div class=\"elementor-widget-container\">\n\t\t\t\t\t\t\t\t\t<p style=\"text-align: justify;\"><span style=\"color: #000000;\">De asemenea, faciliteaz\u0103 preg\u0103tirea \u015fi implicarea studen\u0163ilor \u00een programe de tineret cu specific cultural, social, educa\u0163ional, sportiv \u015fi de divertisment, care gra\u0163ie componentei sale non-formale, completeaz\u0103 o serie de cuno\u015ftin\u0163e \u015fi \u00eencurajeaz\u0103 descoperirea, dezvoltarea abilit\u0103\u0163ilor de lucru \u00een echipe, dezvoltarea personal\u0103 \u015fi a competen\u0163elor de lider.\u200b\u200b<\/span><\/p>\n<p style=\"text-align: justify;\"><span style=\"color: #000000;\">\u00cen acela\u015fi timp, particip\u0103 la dezvoltarea leg\u0103turilor cu organiza\u0163iile de tineret din \u0163ar\u0103 \u015fi din str\u0103in\u0103tate, pe baza principiului solidarit\u0103\u0163ii, f\u0103r\u0103 niciun fel de interes politic, ideologic sau religios, care au ca scop ap\u0103rarea intereselor tinerilor.\u200b<\/span><\/p>\t\t\t\t\t\t\t\t<\/div>\n\t\t\t\t<\/div>\n\t\t\t\t\t<\/div>\n\t\t\t\t<\/div>\n\t\t<div class=\"elementor-element elementor-element-9a2a5c6 e-flex e-con-boxed wpr-particle-no wpr-jarallax-no wpr-parallax-no wpr-sticky-section-no e-con e-parent\" data-id=\"9a2a5c6\" data-element_type=\"container\" data-e-type=\"container\">\n\t\t\t\t\t<div class=\"e-con-inner\">\n\t\t\t\t<div class=\"elementor-element elementor-element-68699e3 elementor-widget-divider--view-line elementor-widget elementor-widget-divider\" data-id=\"68699e3\" data-element_type=\"widget\" data-e-type=\"widget\" data-widget_type=\"divider.default\">\n\t\t\t\t<div class=\"elementor-widget-container\">\n\t\t\t\t\t\t\t<div class=\"elementor-divider\">\n\t\t\t<span class=\"elementor-divider-separator\">\n\t\t\t\t\t\t<\/span>\n\t\t<\/div>\n\t\t\t\t\t\t<\/div>\n\t\t\t\t<\/div>\n\t\t\t\t\t<\/div>\n\t\t\t\t<\/div>\n\t\t<div class=\"elementor-element elementor-element-c192472 e-flex e-con-boxed wpr-particle-no wpr-jarallax-no wpr-parallax-no wpr-sticky-section-no e-con e-parent\" data-id=\"c192472\" data-element_type=\"container\" data-e-type=\"container\">\n\t\t\t\t\t<div class=\"e-con-inner\">\n\t\t\t\t<div class=\"elementor-element elementor-element-80a1750 elementor-widget elementor-widget-heading\" data-id=\"80a1750\" data-element_type=\"widget\" data-e-type=\"widget\" data-widget_type=\"heading.default\">\n\t\t\t\t<div class=\"elementor-widget-container\">\n\t\t\t\t\t<h3 class=\"elementor-heading-title elementor-size-default\">Contact:<\/h3>\t\t\t\t<\/div>\n\t\t\t\t<\/div>\n\t\t\t\t\t<\/div>\n\t\t\t\t<\/div>\n\t\t<div class=\"elementor-element elementor-element-50add97 e-flex e-con-boxed wpr-particle-no wpr-jarallax-no wpr-parallax-no wpr-sticky-section-no e-con e-parent\" data-id=\"50add97\" data-element_type=\"container\" data-e-type=\"container\">\n\t\t\t\t\t<div class=\"e-con-inner\">\n\t\t\t\t<div class=\"elementor-element elementor-element-7841496 elementor-widget elementor-widget-text-editor\" data-id=\"7841496\" data-element_type=\"widget\" data-e-type=\"widget\" data-widget_type=\"text-editor.default\">\n\t\t\t\t<div class=\"elementor-widget-container\">\n\t\t\t\t\t\t\t\t\t<p><span style=\"color: #000000;\">Instagram &#8211; <a href=\"https:\/\/www.instagram.com\/ligastudentilorploiesti?igsh=dDVoejZiZ3d0MjE3&amp;utm_source=qr\"><span style=\"color: #3366ff;\">https:\/\/www.instagram.com\/ligastudentilorploiesti\/<\/span><\/a><\/span><br \/><span style=\"color: #000000;\">Facebook &#8211; <a href=\"https:\/\/www.facebook.com\/share\/16ZRoMBEHe\/\"><span style=\"color: #3366ff;\">https:\/\/www.facebook.com\/ligastudentilorploiesti\/<\/span><\/a><\/span><br \/><span style=\"color: #000000;\">Tiktok &#8211; <a href=\"https:\/\/www.tiktok.com\/@ligastudentilor.ploiesti?_t=ZN-8wLSjwTwSRS&amp;_r=1\"><span style=\"color: #3366ff;\">https:\/\/www.tiktok.com\/@ligastudentilor.ploiesti\/<\/span><\/a><\/span><br \/><span style=\"color: #000000;\">E-mail &#8211; <span style=\"color: #3366ff;\">ligastudentilor.ploiesti@gmail.com<\/span><\/span><\/p>\t\t\t\t\t\t\t\t<\/div>\n\t\t\t\t<\/div>\n\t\t\t\t\t<\/div>\n\t\t\t\t<\/div>\n\t\t<div class=\"elementor-element elementor-element-dac412f e-flex e-con-boxed wpr-particle-no wpr-jarallax-no wpr-parallax-no wpr-sticky-section-no e-con e-parent\" data-id=\"dac412f\" data-element_type=\"container\" data-e-type=\"container\">\n\t\t\t\t\t<div class=\"e-con-inner\">\n\t\t\t\t<div class=\"elementor-element elementor-element-3ecd70a elementor-widget elementor-widget-spacer\" data-id=\"3ecd70a\" data-element_type=\"widget\" data-e-type=\"widget\" data-widget_type=\"spacer.default\">\n\t\t\t\t<div class=\"elementor-widget-container\">\n\t\t\t\t\t\t\t<div class=\"elementor-spacer\">\n\t\t\t<div class=\"elementor-spacer-inner\"><\/div>\n\t\t<\/div>\n\t\t\t\t\t\t<\/div>\n\t\t\t\t<\/div>\n\t\t\t\t\t<\/div>\n\t\t\t\t<\/div>\n\t\t\t\t<\/div>\n\t\t","protected":false},"excerpt":{"rendered":"<p>Ce este Liga Studen\u021bilor din Centrul Universitar Ploie\u0219ti? O organiza\u0163ie apolitic\u0103, non-guvernamental\u0103 studen\u021beasc\u0103, ce urm\u0103re\u015fte totodat\u0103 \u015fi reprezentarea eficient\u0103 \u015fi corect\u0103 a studen\u0163ilor \u00een Consiliul Facult\u0103\u0163ilor, \u00een Senatul Universit\u0103\u0163ii \u0219i \u00een Consiliul de Administra\u021bie al UPG \u00een conformitate cu Carta Universitar\u0103, cu prevederile Legii \u00cenv\u0103\u0163\u0103m\u00e2ntului \u015fi Procesul de la Bologna, \u00eencuraj\u00e2nd astfel implicarea \u00een procesul decizional at\u00e2t la nivel local, c\u00e2t \u015fi la nivel na\u0163ional.\u200b De asemenea, faciliteaz\u0103 preg\u0103tirea \u015fi implicarea studen\u0163ilor \u00een programe de tineret cu specific cultural, social, educa\u0163ional, sportiv \u015fi de divertisment, care gra\u0163ie componentei sale non-formale, completeaz\u0103 o serie de cuno\u015ftin\u0163e \u015fi \u00eencurajeaz\u0103 descoperirea, dezvoltarea abilit\u0103\u0163ilor de lucru \u00een echipe, dezvoltarea personal\u0103 \u015fi a competen\u0163elor de lider.\u200b\u200b \u00cen acela\u015fi timp, particip\u0103 la dezvoltarea leg\u0103turilor cu organiza\u0163iile de tineret din \u0163ar\u0103 \u015fi din str\u0103in\u0103tate, pe baza principiului solidarit\u0103\u0163ii, f\u0103r\u0103 niciun fel de interes politic, ideologic sau religios, care au ca scop ap\u0103rarea intereselor tinerilor.\u200b Contact: Instagram &#8211; https:\/\/www.instagram.com\/ligastudentilorploiesti\/Facebook &#8211; https:\/\/www.facebook.com\/ligastudentilorploiesti\/Tiktok &#8211; https:\/\/www.tiktok.com\/@ligastudentilor.ploiesti\/E-mail &#8211; ligastudentilor.ploiesti@gmail.com<\/p>\n","protected":false},"author":1,"featured_media":0,"parent":0,"menu_order":0,"comment_status":"closed","ping_status":"closed","template":"","meta":{"_monsterinsights_skip_tracking":false,"_monsterinsights_sitenote_active":false,"_monsterinsights_sitenote_note":"","_monsterinsights_sitenote_category":0,"footnotes":""},"class_list":["post-13238","page","type-page","status-publish","hentry"],"_links":{"self":[{"href":"https:\/\/www.upg-ploiesti.ro\/index.php\/wp-json\/wp\/v2\/pages\/13238","targetHints":{"allow":["GET"]}}],"collection":[{"href":"https:\/\/www.upg-ploiesti.ro\/index.php\/wp-json\/wp\/v2\/pages"}],"about":[{"href":"https:\/\/www.upg-ploiesti.ro\/index.php\/wp-json\/wp\/v2\/types\/page"}],"author":[{"embeddable":true,"href":"https:\/\/www.upg-ploiesti.ro\/index.php\/wp-json\/wp\/v2\/users\/1"}],"replies":[{"embeddable":true,"href":"https:\/\/www.upg-ploiesti.ro\/index.php\/wp-json\/wp\/v2\/comments?post=13238"}],"version-history":[{"count":28,"href":"https:\/\/www.upg-ploiesti.ro\/index.php\/wp-json\/wp\/v2\/pages\/13238\/revisions"}],"predecessor-version":[{"id":13279,"href":"https:\/\/www.upg-ploiesti.ro\/index.php\/wp-json\/wp\/v2\/pages\/13238\/revisions\/13279"}],"wp:attachment":[{"href":"https:\/\/www.upg-ploiesti.ro\/index.php\/wp-json\/wp\/v2\/media?parent=13238"}],"curies":[{"name":"wp","href":"https:\/\/api.w.org\/{rel}","templated":true}]}}