{"id":13361,"date":"2025-05-21T06:20:02","date_gmt":"2025-05-21T06:20:02","guid":{"rendered":"https:\/\/www.upg-ploiesti.ro\/?page_id=13361"},"modified":"2025-05-21T09:47:19","modified_gmt":"2025-05-21T09:47:19","slug":"spe-petroleum-gas-university-of-ploiesti-student-chapter","status":"publish","type":"page","link":"https:\/\/www.upg-ploiesti.ro\/index.php\/spe-petroleum-gas-university-of-ploiesti-student-chapter\/","title":{"rendered":"Petroleum-Gas University of Ploie\u0219ti SPE Student Chapter"},"content":{"rendered":"\t\t<div data-elementor-type=\"wp-page\" data-elementor-id=\"13361\" class=\"elementor elementor-13361\">\n\t\t\t\t<div class=\"elementor-element elementor-element-7d8dcb9 e-flex e-con-boxed wpr-particle-no wpr-jarallax-no wpr-parallax-no wpr-sticky-section-no e-con e-parent\" data-id=\"7d8dcb9\" data-element_type=\"container\" data-e-type=\"container\">\n\t\t\t\t\t<div class=\"e-con-inner\">\n\t\t\t\t<div class=\"elementor-element elementor-element-b4fab02 elementor-widget elementor-widget-spacer\" data-id=\"b4fab02\" data-element_type=\"widget\" data-e-type=\"widget\" data-widget_type=\"spacer.default\">\n\t\t\t\t<div class=\"elementor-widget-container\">\n\t\t\t\t\t\t\t<div class=\"elementor-spacer\">\n\t\t\t<div class=\"elementor-spacer-inner\"><\/div>\n\t\t<\/div>\n\t\t\t\t\t\t<\/div>\n\t\t\t\t<\/div>\n\t\t\t\t<div class=\"elementor-element elementor-element-929abeb elementor-widget elementor-widget-heading\" data-id=\"929abeb\" data-element_type=\"widget\" data-e-type=\"widget\" data-widget_type=\"heading.default\">\n\t\t\t\t<div class=\"elementor-widget-container\">\n\t\t\t\t\t<h2 class=\"elementor-heading-title elementor-size-default\">Echipa noastr\u0103<\/h2>\t\t\t\t<\/div>\n\t\t\t\t<\/div>\n\t\t\t\t<div class=\"elementor-element elementor-element-c4d1367 elementor-widget elementor-widget-image\" data-id=\"c4d1367\" data-element_type=\"widget\" data-e-type=\"widget\" data-widget_type=\"image.default\">\n\t\t\t\t<div class=\"elementor-widget-container\">\n\t\t\t\t\t\t\t\t\t\t\t\t\t\t\t<img fetchpriority=\"high\" decoding=\"async\" width=\"1024\" height=\"469\" src=\"https:\/\/www.upg-ploiesti.ro\/wp-content\/uploads\/2025\/05\/BOARD-2025-2026-1-1024x469.png\" class=\"attachment-large size-large wp-image-13368\" alt=\"\" srcset=\"https:\/\/www.upg-ploiesti.ro\/wp-content\/uploads\/2025\/05\/BOARD-2025-2026-1-1024x469.png 1024w, https:\/\/www.upg-ploiesti.ro\/wp-content\/uploads\/2025\/05\/BOARD-2025-2026-1-300x137.png 300w, https:\/\/www.upg-ploiesti.ro\/wp-content\/uploads\/2025\/05\/BOARD-2025-2026-1-768x352.png 768w, https:\/\/www.upg-ploiesti.ro\/wp-content\/uploads\/2025\/05\/BOARD-2025-2026-1-1536x703.png 1536w, https:\/\/www.upg-ploiesti.ro\/wp-content\/uploads\/2025\/05\/BOARD-2025-2026-1-2048x938.png 2048w\" sizes=\"(max-width: 1024px) 100vw, 1024px\" \/>\t\t\t\t\t\t\t\t\t\t\t\t\t\t\t<\/div>\n\t\t\t\t<\/div>\n\t\t\t\t<div class=\"elementor-element elementor-element-e431f2a elementor-widget elementor-widget-spacer\" data-id=\"e431f2a\" data-element_type=\"widget\" data-e-type=\"widget\" data-widget_type=\"spacer.default\">\n\t\t\t\t<div class=\"elementor-widget-container\">\n\t\t\t\t\t\t\t<div class=\"elementor-spacer\">\n\t\t\t<div class=\"elementor-spacer-inner\"><\/div>\n\t\t<\/div>\n\t\t\t\t\t\t<\/div>\n\t\t\t\t<\/div>\n\t\t\t\t\t<\/div>\n\t\t\t\t<\/div>\n\t\t<div class=\"elementor-element elementor-element-fa17943 e-flex e-con-boxed wpr-particle-no wpr-jarallax-no wpr-parallax-no wpr-sticky-section-no e-con e-parent\" data-id=\"fa17943\" data-element_type=\"container\" data-e-type=\"container\">\n\t\t\t\t\t<div class=\"e-con-inner\">\n\t\t\t\t<div class=\"elementor-element elementor-element-38a840d elementor-widget-divider--view-line elementor-widget elementor-widget-divider\" data-id=\"38a840d\" data-element_type=\"widget\" data-e-type=\"widget\" data-widget_type=\"divider.default\">\n\t\t\t\t<div class=\"elementor-widget-container\">\n\t\t\t\t\t\t\t<div class=\"elementor-divider\">\n\t\t\t<span class=\"elementor-divider-separator\">\n\t\t\t\t\t\t<\/span>\n\t\t<\/div>\n\t\t\t\t\t\t<\/div>\n\t\t\t\t<\/div>\n\t\t\t\t<div class=\"elementor-element elementor-element-37d514b elementor-widget elementor-widget-heading\" data-id=\"37d514b\" data-element_type=\"widget\" data-e-type=\"widget\" data-widget_type=\"heading.default\">\n\t\t\t\t<div class=\"elementor-widget-container\">\n\t\t\t\t\t<h2 class=\"elementor-heading-title elementor-size-default\">Ce este SPE?<\/h2>\t\t\t\t<\/div>\n\t\t\t\t<\/div>\n\t\t\t\t\t<\/div>\n\t\t\t\t<\/div>\n\t\t<div class=\"elementor-element elementor-element-469c06c e-flex e-con-boxed wpr-particle-no wpr-jarallax-no wpr-parallax-no wpr-sticky-section-no e-con e-parent\" data-id=\"469c06c\" data-element_type=\"container\" data-e-type=\"container\">\n\t\t\t\t\t<div class=\"e-con-inner\">\n\t\t\t\t<div class=\"elementor-element elementor-element-6beb0b1 elementor-widget elementor-widget-text-editor\" data-id=\"6beb0b1\" data-element_type=\"widget\" data-e-type=\"widget\" data-widget_type=\"text-editor.default\">\n\t\t\t\t<div class=\"elementor-widget-container\">\n\t\t\t\t\t\t\t\t\t<p style=\"text-align: justify;\">&emsp;<span style=\"color: #000000;\">Society of Petroleum Engineers (SPE) este o organiza\u021bie profesional\u0103 non-profit care reune\u0219te o comunitate global\u0103 de peste 153.000 de membri din 143 de \u021b\u0103ri, concentrat\u0103 pe dezvoltarea cuno\u0219tin\u021belor, tehnologiilor \u0219i inova\u021biilor din sectorul energetic, cu accent pe explorarea \u0219i produc\u021bia de petrol, gaze naturale \u0219i solu\u021bii energetice sustenabile.<\/span><\/p>\t\t\t\t\t\t\t\t<\/div>\n\t\t\t\t<\/div>\n\t\t\t\t\t<\/div>\n\t\t\t\t<\/div>\n\t\t<div class=\"elementor-element elementor-element-108abad e-flex e-con-boxed wpr-particle-no wpr-jarallax-no wpr-parallax-no wpr-sticky-section-no e-con e-parent\" data-id=\"108abad\" data-element_type=\"container\" data-e-type=\"container\">\n\t\t\t\t\t<div class=\"e-con-inner\">\n\t\t\t\t<div class=\"elementor-element elementor-element-39bd8d9 elementor-widget-divider--view-line elementor-widget elementor-widget-divider\" data-id=\"39bd8d9\" data-element_type=\"widget\" data-e-type=\"widget\" data-widget_type=\"divider.default\">\n\t\t\t\t<div class=\"elementor-widget-container\">\n\t\t\t\t\t\t\t<div class=\"elementor-divider\">\n\t\t\t<span class=\"elementor-divider-separator\">\n\t\t\t\t\t\t<\/span>\n\t\t<\/div>\n\t\t\t\t\t\t<\/div>\n\t\t\t\t<\/div>\n\t\t\t\t\t<\/div>\n\t\t\t\t<\/div>\n\t\t<div class=\"elementor-element elementor-element-8f898f4 e-flex e-con-boxed wpr-particle-no wpr-jarallax-no wpr-parallax-no wpr-sticky-section-no e-con e-parent\" data-id=\"8f898f4\" data-element_type=\"container\" data-e-type=\"container\">\n\t\t\t\t\t<div class=\"e-con-inner\">\n\t\t\t\t<div class=\"elementor-element elementor-element-579495b elementor-widget elementor-widget-image-carousel\" data-id=\"579495b\" data-element_type=\"widget\" data-e-type=\"widget\" data-settings=\"{&quot;slides_to_show&quot;:&quot;1&quot;,&quot;navigation&quot;:&quot;none&quot;,&quot;autoplay_speed&quot;:3500,&quot;autoplay&quot;:&quot;yes&quot;,&quot;pause_on_interaction&quot;:&quot;yes&quot;,&quot;infinite&quot;:&quot;yes&quot;,&quot;effect&quot;:&quot;slide&quot;,&quot;speed&quot;:500}\" data-widget_type=\"image-carousel.default\">\n\t\t\t\t<div class=\"elementor-widget-container\">\n\t\t\t\t\t\t\t<div class=\"elementor-image-carousel-wrapper swiper\" role=\"region\" aria-roledescription=\"carousel\" aria-label=\"Image Carousel\" dir=\"ltr\">\n\t\t\t<div class=\"elementor-image-carousel swiper-wrapper\" aria-live=\"off\">\n\t\t\t\t\t\t\t\t<div class=\"swiper-slide\" role=\"group\" aria-roledescription=\"slide\" aria-label=\"1 of 6\"><figure class=\"swiper-slide-inner\"><img decoding=\"async\" class=\"swiper-slide-image\" src=\"https:\/\/www.upg-ploiesti.ro\/wp-content\/uploads\/elementor\/thumbs\/6-scaled-r64hnoqcqztaep1px1infamts958y37cwz3uj9ci74.jpg\" alt=\"6\" \/><\/figure><\/div><div class=\"swiper-slide\" role=\"group\" aria-roledescription=\"slide\" aria-label=\"2 of 6\"><figure class=\"swiper-slide-inner\"><img decoding=\"async\" class=\"swiper-slide-image\" src=\"https:\/\/www.upg-ploiesti.ro\/wp-content\/uploads\/elementor\/thumbs\/5-scaled-r64hnkyzzno54976izw55bkzepns3asfkghwm5i2w0.jpg\" alt=\"5\" \/><\/figure><\/div><div class=\"swiper-slide\" role=\"group\" aria-roledescription=\"slide\" aria-label=\"3 of 6\"><figure class=\"swiper-slide-inner\"><img decoding=\"async\" class=\"swiper-slide-image\" src=\"https:\/\/www.upg-ploiesti.ro\/wp-content\/uploads\/elementor\/thumbs\/4-r64hni5hf5ka5fb9zgo9fualmk1og7h8k2jg6bm9eo.jpg\" alt=\"4\" \/><\/figure><\/div><div class=\"swiper-slide\" role=\"group\" aria-roledescription=\"slide\" aria-label=\"4 of 6\"><figure class=\"swiper-slide-inner\"><img decoding=\"async\" class=\"swiper-slide-image\" src=\"https:\/\/www.upg-ploiesti.ro\/wp-content\/uploads\/elementor\/thumbs\/3-r64hnh7n8bizttcn4y9mvcj5166b8idi7xvyp1nnkw.jpg\" alt=\"3\" \/><\/figure><\/div><div class=\"swiper-slide\" role=\"group\" aria-roledescription=\"slide\" aria-label=\"5 of 6\"><figure class=\"swiper-slide-inner\"><img decoding=\"async\" class=\"swiper-slide-image\" src=\"https:\/\/www.upg-ploiesti.ro\/wp-content\/uploads\/elementor\/thumbs\/2-r64hng9t1hhpi7e0afv0aurofsay0t9rvt8h7rp1r4.jpg\" alt=\"2\" \/><\/figure><\/div><div class=\"swiper-slide\" role=\"group\" aria-roledescription=\"slide\" aria-label=\"6 of 6\"><figure class=\"swiper-slide-inner\"><img decoding=\"async\" class=\"swiper-slide-image\" src=\"https:\/\/www.upg-ploiesti.ro\/wp-content\/uploads\/elementor\/thumbs\/1-scaled-r64hnciga5ck7rjgwe8i0vpu28th60uujamjanumg0.jpg\" alt=\"1\" \/><\/figure><\/div>\t\t\t<\/div>\n\t\t\t\t\t\t\t\n\t\t\t\t\t\t\t\t\t<\/div>\n\t\t\t\t\t\t<\/div>\n\t\t\t\t<\/div>\n\t\t\t\t\t<\/div>\n\t\t\t\t<\/div>\n\t\t<div class=\"elementor-element elementor-element-0dc5c30 e-flex e-con-boxed wpr-particle-no wpr-jarallax-no wpr-parallax-no wpr-sticky-section-no e-con e-parent\" data-id=\"0dc5c30\" data-element_type=\"container\" data-e-type=\"container\">\n\t\t\t\t\t<div class=\"e-con-inner\">\n\t\t\t\t<div class=\"elementor-element elementor-element-a9315b2 elementor-widget-divider--view-line elementor-widget elementor-widget-divider\" data-id=\"a9315b2\" data-element_type=\"widget\" data-e-type=\"widget\" data-widget_type=\"divider.default\">\n\t\t\t\t<div class=\"elementor-widget-container\">\n\t\t\t\t\t\t\t<div class=\"elementor-divider\">\n\t\t\t<span class=\"elementor-divider-separator\">\n\t\t\t\t\t\t<\/span>\n\t\t<\/div>\n\t\t\t\t\t\t<\/div>\n\t\t\t\t<\/div>\n\t\t\t\t\t<\/div>\n\t\t\t\t<\/div>\n\t\t<div class=\"elementor-element elementor-element-635f4be e-flex e-con-boxed wpr-particle-no wpr-jarallax-no wpr-parallax-no wpr-sticky-section-no e-con e-parent\" data-id=\"635f4be\" data-element_type=\"container\" data-e-type=\"container\">\n\t\t\t\t\t<div class=\"e-con-inner\">\n\t\t\t\t<div class=\"elementor-element elementor-element-a8ff855 elementor-widget elementor-widget-text-editor\" data-id=\"a8ff855\" data-element_type=\"widget\" data-e-type=\"widget\" data-widget_type=\"text-editor.default\">\n\t\t\t\t<div class=\"elementor-widget-container\">\n\t\t\t\t\t\t\t\t\t<p style=\"text-align: left;\"><span style=\"color: #000000;\">&emsp;<strong>Petroleum-Gas University of Ploiesti SPE Student Chapter<\/strong> a fost \u00eenfiin\u021bat \u00een anul 2000, fiind primul de acest fel din Rom\u00e2nia. \u00cen prezent, ne m\u00e2ndrim cu peste 400 de membri activi \u0219i suntem cel mai mare Student Chapter din \u021bar\u0103, dar \u0219i unul dintre cele mai mari din Europa. \u00cen Rom\u00e2nia exist\u0103 trei astfel de organiza\u021bii: la Ploie\u0219ti, Bucure\u0219ti \u0219i Ia\u0219i.<\/span><\/p>\n<p style=\"text-align: justify;\">&emsp;<span style=\"color: #000000;\">Echipa noastr\u0103 se remarc\u0103 prin implicarea activ\u0103 \u00een dezvoltarea profesional\u0103 a studen\u021bilor prin organizarea de evenimente tehnice, sesiuni de networking \u0219i \u00eent\u00e2lniri cu speciali\u0219ti din industrie.<\/span><\/p>\n<p style=\"text-align: left;\"><span style=\"color: #000000;\">&emsp;Misiunea noastr\u0103 este de a crea un mediu care sprijin\u0103 cre\u0219terea personal\u0103 \u0219i profesional\u0103 a membrilor, oferindu-le oportunit\u0103\u021bi reale de formare, specializare \u0219i conectare cu industria energiei.<\/span><\/p>\n<p style=\"text-align: left;\"><span style=\"color: #000000;\">&emsp;Membrii au \u0219ansa de a participa la conferin\u021be interna\u021bionale de prestigiu precum IPTC, OTC Asia, PetroBowl \u0219i diferite Paper Contests, reprezent\u00e2nd cu m\u00e2ndrie Universitatea Petrol-Gaze din Ploie\u0219ti pe plan global.<\/span><\/p>\n<p style=\"text-align: left;\"><span style=\"color: #000000;\">&emsp;Ne dedic\u0103m preg\u0103tirii unei noi genera\u021bii de ingineri, capabili s\u0103 contribuie activ la viitorul industriei energetice.<\/span><\/p>\t\t\t\t\t\t\t\t<\/div>\n\t\t\t\t<\/div>\n\t\t\t\t\t<\/div>\n\t\t\t\t<\/div>\n\t\t<div class=\"elementor-element elementor-element-ca6d815 e-flex e-con-boxed wpr-particle-no wpr-jarallax-no wpr-parallax-no wpr-sticky-section-no e-con e-parent\" data-id=\"ca6d815\" data-element_type=\"container\" data-e-type=\"container\">\n\t\t\t\t\t<div class=\"e-con-inner\">\n\t\t\t\t<div class=\"elementor-element elementor-element-55cc518 elementor-widget-divider--view-line elementor-widget elementor-widget-divider\" data-id=\"55cc518\" data-element_type=\"widget\" data-e-type=\"widget\" data-widget_type=\"divider.default\">\n\t\t\t\t<div class=\"elementor-widget-container\">\n\t\t\t\t\t\t\t<div class=\"elementor-divider\">\n\t\t\t<span class=\"elementor-divider-separator\">\n\t\t\t\t\t\t<\/span>\n\t\t<\/div>\n\t\t\t\t\t\t<\/div>\n\t\t\t\t<\/div>\n\t\t\t\t\t<\/div>\n\t\t\t\t<\/div>\n\t\t<div class=\"elementor-element elementor-element-e40de87 e-flex e-con-boxed wpr-particle-no wpr-jarallax-no wpr-parallax-no wpr-sticky-section-no e-con e-parent\" data-id=\"e40de87\" data-element_type=\"container\" data-e-type=\"container\">\n\t\t\t\t\t<div class=\"e-con-inner\">\n\t\t\t\t<div class=\"elementor-element elementor-element-0c0f937 elementor-widget elementor-widget-heading\" data-id=\"0c0f937\" data-element_type=\"widget\" data-e-type=\"widget\" data-widget_type=\"heading.default\">\n\t\t\t\t<div class=\"elementor-widget-container\">\n\t\t\t\t\t<h4 class=\"elementor-heading-title elementor-size-default\">Contact:<\/h4>\t\t\t\t<\/div>\n\t\t\t\t<\/div>\n\t\t\t\t\t<\/div>\n\t\t\t\t<\/div>\n\t\t<div class=\"elementor-element elementor-element-e587d4d e-flex e-con-boxed wpr-particle-no wpr-jarallax-no wpr-parallax-no wpr-sticky-section-no e-con e-parent\" data-id=\"e587d4d\" data-element_type=\"container\" data-e-type=\"container\">\n\t\t\t\t\t<div class=\"e-con-inner\">\n\t\t\t\t<div class=\"elementor-element elementor-element-5310c91 elementor-widget elementor-widget-text-editor\" data-id=\"5310c91\" data-element_type=\"widget\" data-e-type=\"widget\" data-widget_type=\"text-editor.default\">\n\t\t\t\t<div class=\"elementor-widget-container\">\n\t\t\t\t\t\t\t\t\t<p style=\"text-align: justify;\"><span style=\"color: #000000;\">Instagram \u2013 <a href=\"https:\/\/www.instagram.com\/spe.upgploiesti\/\"><span style=\"color: #3366ff;\">https:\/\/www.instagram.com\/spe.upgploiesti\/<\/span><\/a><br \/>Facebook \u2013 <a href=\"https:\/\/www.facebook.com\/SPEStudentChapterUPGPloiesti\"><span style=\"color: #3366ff;\">https:\/\/www.facebook.com\/SPEStudentChapterUPGPloiesti<\/span><\/a><br \/>LinkedIn &#8211; <a href=\"https:\/\/www.linkedin.com\/in\/speupgploiesti\/\"><span style=\"color: #3366ff;\">https:\/\/www.linkedin.com\/in\/speupgploiesti\/<\/span><\/a><br \/>E-mail &#8211; <span style=\"color: #3366ff;\"><a style=\"color: #3366ff;\" href=\"mailto:spe.upgploiesti@gmail.com\">spe.upgploiesti@gmail.com<\/a><\/span><br \/>Websites &#8211; <a href=\"http:\/\/spe.org\"><span style=\"color: #3366ff;\">spe.org<\/span><\/a><span style=\"color: #3366ff;\"><span style=\"color: #000000;\"> &amp;<\/span> <a style=\"color: #3366ff;\" href=\"https:\/\/www.speromania.org\/petroleum-gas-university-of-ploiesti-student-chapter\/\">https:\/\/www.speromania.org\/petroleum-gas-university-of-ploiesti-student-chapter\/<\/a><\/span><\/span><\/p>\t\t\t\t\t\t\t\t<\/div>\n\t\t\t\t<\/div>\n\t\t\t\t\t<\/div>\n\t\t\t\t<\/div>\n\t\t<div class=\"elementor-element elementor-element-c89cb6b e-flex e-con-boxed wpr-particle-no wpr-jarallax-no wpr-parallax-no wpr-sticky-section-no e-con e-parent\" data-id=\"c89cb6b\" data-element_type=\"container\" data-e-type=\"container\">\n\t\t\t\t\t<div class=\"e-con-inner\">\n\t\t\t\t<div class=\"elementor-element elementor-element-13ef662 elementor-widget elementor-widget-spacer\" data-id=\"13ef662\" data-element_type=\"widget\" data-e-type=\"widget\" data-widget_type=\"spacer.default\">\n\t\t\t\t<div class=\"elementor-widget-container\">\n\t\t\t\t\t\t\t<div class=\"elementor-spacer\">\n\t\t\t<div class=\"elementor-spacer-inner\"><\/div>\n\t\t<\/div>\n\t\t\t\t\t\t<\/div>\n\t\t\t\t<\/div>\n\t\t\t\t\t<\/div>\n\t\t\t\t<\/div>\n\t\t\t\t<\/div>\n\t\t","protected":false},"excerpt":{"rendered":"<p>Echipa noastr\u0103 Ce este SPE? &emsp;Society of Petroleum Engineers (SPE) este o organiza\u021bie profesional\u0103 non-profit care reune\u0219te o comunitate global\u0103 de peste 153.000 de membri din 143 de \u021b\u0103ri, concentrat\u0103 pe dezvoltarea cuno\u0219tin\u021belor, tehnologiilor \u0219i inova\u021biilor din sectorul energetic, cu accent pe explorarea \u0219i produc\u021bia de petrol, gaze naturale \u0219i solu\u021bii energetice sustenabile. &emsp;Petroleum-Gas University of Ploiesti SPE Student Chapter a fost \u00eenfiin\u021bat \u00een anul 2000, fiind primul de acest fel din Rom\u00e2nia. \u00cen prezent, ne m\u00e2ndrim cu peste 400 de membri activi \u0219i suntem cel mai mare Student Chapter din \u021bar\u0103, dar \u0219i unul dintre cele mai mari din Europa. \u00cen Rom\u00e2nia exist\u0103 trei astfel de organiza\u021bii: la Ploie\u0219ti, Bucure\u0219ti \u0219i Ia\u0219i. &emsp;Echipa noastr\u0103 se remarc\u0103 prin implicarea activ\u0103 \u00een dezvoltarea profesional\u0103 a studen\u021bilor prin organizarea de evenimente tehnice, sesiuni de networking \u0219i \u00eent\u00e2lniri cu speciali\u0219ti din industrie. &emsp;Misiunea noastr\u0103 este de a crea un mediu care sprijin\u0103 cre\u0219terea personal\u0103 \u0219i profesional\u0103 a membrilor, oferindu-le oportunit\u0103\u021bi reale de formare, specializare \u0219i conectare cu industria energiei. &emsp;Membrii au \u0219ansa de a participa la conferin\u021be interna\u021bionale de prestigiu precum IPTC, OTC Asia, PetroBowl \u0219i diferite Paper Contests, reprezent\u00e2nd cu m\u00e2ndrie Universitatea Petrol-Gaze din Ploie\u0219ti pe plan global. &emsp;Ne dedic\u0103m preg\u0103tirii unei noi genera\u021bii de ingineri, capabili s\u0103 contribuie activ la viitorul industriei energetice. Contact: Instagram \u2013 https:\/\/www.instagram.com\/spe.upgploiesti\/Facebook \u2013 https:\/\/www.facebook.com\/SPEStudentChapterUPGPloiestiLinkedIn &#8211; https:\/\/www.linkedin.com\/in\/speupgploiesti\/E-mail &#8211; spe.upgploiesti@gmail.comWebsites &#8211; spe.org &amp; https:\/\/www.speromania.org\/petroleum-gas-university-of-ploiesti-student-chapter\/<\/p>\n","protected":false},"author":1,"featured_media":0,"parent":0,"menu_order":0,"comment_status":"closed","ping_status":"closed","template":"","meta":{"_monsterinsights_skip_tracking":false,"_monsterinsights_sitenote_active":false,"_monsterinsights_sitenote_note":"","_monsterinsights_sitenote_category":0,"footnotes":""},"class_list":["post-13361","page","type-page","status-publish","hentry"],"_links":{"self":[{"href":"https:\/\/www.upg-ploiesti.ro\/index.php\/wp-json\/wp\/v2\/pages\/13361","targetHints":{"allow":["GET"]}}],"collection":[{"href":"https:\/\/www.upg-ploiesti.ro\/index.php\/wp-json\/wp\/v2\/pages"}],"about":[{"href":"https:\/\/www.upg-ploiesti.ro\/index.php\/wp-json\/wp\/v2\/types\/page"}],"author":[{"embeddable":true,"href":"https:\/\/www.upg-ploiesti.ro\/index.php\/wp-json\/wp\/v2\/users\/1"}],"replies":[{"embeddable":true,"href":"https:\/\/www.upg-ploiesti.ro\/index.php\/wp-json\/wp\/v2\/comments?post=13361"}],"version-history":[{"count":41,"href":"https:\/\/www.upg-ploiesti.ro\/index.php\/wp-json\/wp\/v2\/pages\/13361\/revisions"}],"predecessor-version":[{"id":13431,"href":"https:\/\/www.upg-ploiesti.ro\/index.php\/wp-json\/wp\/v2\/pages\/13361\/revisions\/13431"}],"wp:attachment":[{"href":"https:\/\/www.upg-ploiesti.ro\/index.php\/wp-json\/wp\/v2\/media?parent=13361"}],"curies":[{"name":"wp","href":"https:\/\/api.w.org\/{rel}","templated":true}]}}