{"id":16463,"date":"2026-02-05T10:07:47","date_gmt":"2026-02-05T10:07:47","guid":{"rendered":"https:\/\/www.upg-ploiesti.ro\/?page_id=16463"},"modified":"2026-02-06T08:32:40","modified_gmt":"2026-02-06T08:32:40","slug":"master-2026","status":"publish","type":"page","link":"https:\/\/www.upg-ploiesti.ro\/index.php\/master-2026\/","title":{"rendered":"Master 2026"},"content":{"rendered":"\t\t<div data-elementor-type=\"wp-page\" data-elementor-id=\"16463\" class=\"elementor elementor-16463\">\n\t\t\t\t<div class=\"elementor-element elementor-element-21efd05 e-flex e-con-boxed wpr-particle-no wpr-jarallax-no wpr-parallax-no wpr-sticky-section-no e-con e-parent\" data-id=\"21efd05\" data-element_type=\"container\" data-e-type=\"container\">\n\t\t\t\t\t<div class=\"e-con-inner\">\n\t\t\t\t<div class=\"elementor-element elementor-element-3517ef1 elementor-widget elementor-widget-spacer\" data-id=\"3517ef1\" data-element_type=\"widget\" data-e-type=\"widget\" data-widget_type=\"spacer.default\">\n\t\t\t\t<div class=\"elementor-widget-container\">\n\t\t\t\t\t\t\t<div class=\"elementor-spacer\">\n\t\t\t<div class=\"elementor-spacer-inner\"><\/div>\n\t\t<\/div>\n\t\t\t\t\t\t<\/div>\n\t\t\t\t<\/div>\n\t\t\t\t<div class=\"elementor-element elementor-element-ddd2ed3 elementor-widget elementor-widget-heading\" data-id=\"ddd2ed3\" data-element_type=\"widget\" data-e-type=\"widget\" data-widget_type=\"heading.default\">\n\t\t\t\t<div class=\"elementor-widget-container\">\n\t\t\t\t\t<h3 class=\"elementor-heading-title elementor-size-default\">Informa\u021bii utile master:<\/h3>\t\t\t\t<\/div>\n\t\t\t\t<\/div>\n\t\t\t\t\t<\/div>\n\t\t\t\t<\/div>\n\t\t<div class=\"elementor-element elementor-element-4e13b94 e-flex e-con-boxed wpr-particle-no wpr-jarallax-no wpr-parallax-no wpr-sticky-section-no e-con e-parent\" data-id=\"4e13b94\" data-element_type=\"container\" data-e-type=\"container\">\n\t\t\t\t\t<div class=\"e-con-inner\">\n\t\t\t\t<div class=\"elementor-element elementor-element-a2e9750 elementor-widget elementor-widget-text-editor\" data-id=\"a2e9750\" data-element_type=\"widget\" data-e-type=\"widget\" data-widget_type=\"text-editor.default\">\n\t\t\t\t<div class=\"elementor-widget-container\">\n\t\t\t\t\t\t\t\t\t<ul><li><strong><span style=\"color: #333399;\"><a style=\"color: #333399;\" href=\"https:\/\/www.upg-ploiesti.ro\/wp-content\/uploads\/2026\/02\/07-calendar_admitere_2026_iulie_masterat-dupa-SENAT.pdf\">CALENDAR ADMITERE MASTER IULIE 2026<\/a><\/span><\/strong><\/li><li><strong><span style=\"color: #333399;\"><a style=\"color: #333399;\" href=\"https:\/\/www.upg-ploiesti.ro\/wp-content\/uploads\/2026\/02\/10-calendar_admitere_2026_septembrie_masterat-dupa-SENAT.pdf\">CALENDAR ADMITERE MASTER SEPTEMBRIE 2026<\/a><\/span><\/strong><\/li><li><strong><span style=\"color: #333399;\">GHID ADMITERE ON-LINE<\/span><\/strong><\/li><li><strong><span style=\"color: #333399;\"><a style=\"color: #333399;\" href=\"http:\/\/www.upg-ploiesti.ro\/wp-content\/uploads\/2025\/03\/ANUNT-ROMANI-DE-PRETUTINDENI-1.pdf\">ANUNT ROM\u00c2NII DE PRETUTINDENI<\/a><\/span><\/strong><\/li><li><strong><span style=\"color: #333399;\"><a style=\"color: #333399;\" href=\"https:\/\/www.upg-ploiesti.ro\/wp-content\/uploads\/2025\/06\/Acte-admitere-masterat-UPG-2025.pdf\">ACTELE NECESARE PENTRU \u00ceNSCRIEREA LA CONCURSUL DE ADMITERE PENTRU STUDII UNIVERSITARE DE MASTERAT<\/a><\/span><\/strong><\/li><li><span style=\"color: #333399;\"><strong><a style=\"color: #333399;\" href=\"https:\/\/www.upg-ploiesti.ro\/wp-content\/uploads\/2026\/02\/R-04-02-METODOLOGIA-DE-ORGANIZARE-SI-DESFASURARE-A-CONCURSULUI-DE-ADMITERE-LA-STUDII-UNIVERSITARE-DE-MASTERAT-2026-1.pdf\">METODOLOGIA DE ORGANIZARE \u0218I DESF\u0102\u015eURARE A CONCURSULUI DE ADMITERE LA STUDII UNIVERSITARE DE MASTER 2026<\/a><\/strong><\/span><\/li><\/ul>\t\t\t\t\t\t\t\t<\/div>\n\t\t\t\t<\/div>\n\t\t\t\t\t<\/div>\n\t\t\t\t<\/div>\n\t\t<div class=\"elementor-element elementor-element-46be35f e-flex e-con-boxed wpr-particle-no wpr-jarallax-no wpr-parallax-no wpr-sticky-section-no e-con e-parent\" data-id=\"46be35f\" data-element_type=\"container\" data-e-type=\"container\">\n\t\t\t\t\t<div class=\"e-con-inner\">\n\t\t\t\t<div class=\"elementor-element elementor-element-7f310f6 elementor-widget elementor-widget-heading\" data-id=\"7f310f6\" data-element_type=\"widget\" data-e-type=\"widget\" data-widget_type=\"heading.default\">\n\t\t\t\t<div class=\"elementor-widget-container\">\n\t\t\t\t\t<h4 class=\"elementor-heading-title elementor-size-default\">Foarte Important - SUPORT TEHNIC ADMITERE (admitere.upg-ploiesti.ro)<\/h4>\t\t\t\t<\/div>\n\t\t\t\t<\/div>\n\t\t\t\t\t<\/div>\n\t\t\t\t<\/div>\n\t\t<div class=\"elementor-element elementor-element-2aeb567 e-flex e-con-boxed wpr-particle-no wpr-jarallax-no wpr-parallax-no wpr-sticky-section-no e-con e-parent\" data-id=\"2aeb567\" data-element_type=\"container\" data-e-type=\"container\">\n\t\t\t\t\t<div class=\"e-con-inner\">\n\t\t\t\t<div class=\"elementor-element elementor-element-2670cd2 elementor-widget elementor-widget-text-editor\" data-id=\"2670cd2\" data-element_type=\"widget\" data-e-type=\"widget\" data-widget_type=\"text-editor.default\">\n\t\t\t\t<div class=\"elementor-widget-container\">\n\t\t\t\t\t\t\t\t\t<ul><li style=\"text-align: left;\"><strong><span style=\"color: #0000ff;\">ime.admitere@upg-ploiesti.ro &#8211; FACULTATEA DE INGINERIE MECANIC\u0102 \u015eI ELECTRIC\u0102<\/span><\/strong><\/li><li style=\"text-align: left;\"><strong><span style=\"color: #ff9900;\">ipg.admitere@upg-ploiesti.ro &#8211; FACULTATEA DE INGINERIA PETROLULUI \u015eI GAZELOR<\/span><\/strong><\/li><li style=\"text-align: left;\"><strong><span style=\"color: #339966;\">tpp.admitere@upg-ploiesti.ro &#8211; FACULTATEA DE TEHNOLOGIA PETROLULUI \u0218I PETROCHIMIE<\/span><\/strong><\/li><li style=\"text-align: left;\"><strong><span style=\"color: #60359c;\">se.admitere@upg-ploiesti.ro &#8211; FACULTATEA DE \u015eTIIN\u0162E ECONOMICE<\/span><\/strong><\/li><li style=\"text-align: left;\"><strong><span style=\"color: #ff0000;\">ls.admitere@upg-ploiesti.ro &#8211; FACULTATEA DE LITERE \u0218I \u0218TIIN\u021aE<\/span><\/strong><\/li><\/ul>\t\t\t\t\t\t\t\t<\/div>\n\t\t\t\t<\/div>\n\t\t\t\t\t<\/div>\n\t\t\t\t<\/div>\n\t\t<div class=\"elementor-element elementor-element-86d3dea e-flex e-con-boxed wpr-particle-no wpr-jarallax-no wpr-parallax-no wpr-sticky-section-no e-con e-parent\" data-id=\"86d3dea\" data-element_type=\"container\" data-e-type=\"container\">\n\t\t\t\t\t<div class=\"e-con-inner\">\n\t\t\t\t<div class=\"elementor-element elementor-element-8069a96 elementor-widget-divider--view-line elementor-widget elementor-widget-divider\" data-id=\"8069a96\" data-element_type=\"widget\" data-e-type=\"widget\" data-widget_type=\"divider.default\">\n\t\t\t\t<div class=\"elementor-widget-container\">\n\t\t\t\t\t\t\t<div class=\"elementor-divider\">\n\t\t\t<span class=\"elementor-divider-separator\">\n\t\t\t\t\t\t<\/span>\n\t\t<\/div>\n\t\t\t\t\t\t<\/div>\n\t\t\t\t<\/div>\n\t\t\t\t\t<\/div>\n\t\t\t\t<\/div>\n\t\t<div class=\"elementor-element elementor-element-85ea7a4 e-grid e-con-full wpr-particle-no wpr-jarallax-no wpr-parallax-no wpr-sticky-section-no e-con e-parent\" data-id=\"85ea7a4\" data-element_type=\"container\" data-e-type=\"container\">\n\t\t\t\t<div class=\"elementor-element elementor-element-53189f7 elementor-widget elementor-widget-image\" data-id=\"53189f7\" data-element_type=\"widget\" data-e-type=\"widget\" data-widget_type=\"image.default\">\n\t\t\t\t<div class=\"elementor-widget-container\">\n\t\t\t\t\t\t\t\t\t\t\t\t\t\t\t<img fetchpriority=\"high\" decoding=\"async\" width=\"1024\" height=\"1024\" src=\"https:\/\/www.upg-ploiesti.ro\/wp-content\/uploads\/2025\/11\/ime-mas-1024x1024.jpg\" class=\"attachment-large size-large wp-image-16082\" alt=\"\" srcset=\"https:\/\/www.upg-ploiesti.ro\/wp-content\/uploads\/2025\/11\/ime-mas-1024x1024.jpg 1024w, https:\/\/www.upg-ploiesti.ro\/wp-content\/uploads\/2025\/11\/ime-mas-300x300.jpg 300w, https:\/\/www.upg-ploiesti.ro\/wp-content\/uploads\/2025\/11\/ime-mas-150x150.jpg 150w, https:\/\/www.upg-ploiesti.ro\/wp-content\/uploads\/2025\/11\/ime-mas-768x768.jpg 768w, https:\/\/www.upg-ploiesti.ro\/wp-content\/uploads\/2025\/11\/ime-mas-1536x1536.jpg 1536w, https:\/\/www.upg-ploiesti.ro\/wp-content\/uploads\/2025\/11\/ime-mas-2048x2048.jpg 2048w, https:\/\/www.upg-ploiesti.ro\/wp-content\/uploads\/2025\/11\/ime-mas-720x720.jpg 720w\" sizes=\"(max-width: 1024px) 100vw, 1024px\" \/>\t\t\t\t\t\t\t\t\t\t\t\t\t\t\t<\/div>\n\t\t\t\t<\/div>\n\t\t\t\t<div class=\"elementor-element elementor-element-ff2a282 elementor-widget elementor-widget-image\" data-id=\"ff2a282\" data-element_type=\"widget\" data-e-type=\"widget\" data-widget_type=\"image.default\">\n\t\t\t\t<div class=\"elementor-widget-container\">\n\t\t\t\t\t\t\t\t\t\t\t\t\t\t\t<img decoding=\"async\" width=\"1024\" height=\"1024\" src=\"https:\/\/www.upg-ploiesti.ro\/wp-content\/uploads\/2025\/11\/ipg-mas-1024x1024.jpg\" class=\"attachment-large size-large wp-image-16081\" alt=\"\" srcset=\"https:\/\/www.upg-ploiesti.ro\/wp-content\/uploads\/2025\/11\/ipg-mas-1024x1024.jpg 1024w, https:\/\/www.upg-ploiesti.ro\/wp-content\/uploads\/2025\/11\/ipg-mas-300x300.jpg 300w, https:\/\/www.upg-ploiesti.ro\/wp-content\/uploads\/2025\/11\/ipg-mas-150x150.jpg 150w, https:\/\/www.upg-ploiesti.ro\/wp-content\/uploads\/2025\/11\/ipg-mas-768x768.jpg 768w, https:\/\/www.upg-ploiesti.ro\/wp-content\/uploads\/2025\/11\/ipg-mas-1536x1536.jpg 1536w, https:\/\/www.upg-ploiesti.ro\/wp-content\/uploads\/2025\/11\/ipg-mas-2048x2048.jpg 2048w, https:\/\/www.upg-ploiesti.ro\/wp-content\/uploads\/2025\/11\/ipg-mas-720x720.jpg 720w\" sizes=\"(max-width: 1024px) 100vw, 1024px\" \/>\t\t\t\t\t\t\t\t\t\t\t\t\t\t\t<\/div>\n\t\t\t\t<\/div>\n\t\t\t\t<div class=\"elementor-element elementor-element-78834ac elementor-widget elementor-widget-image\" data-id=\"78834ac\" data-element_type=\"widget\" data-e-type=\"widget\" data-widget_type=\"image.default\">\n\t\t\t\t<div class=\"elementor-widget-container\">\n\t\t\t\t\t\t\t\t\t\t\t\t\t\t\t<img decoding=\"async\" width=\"1024\" height=\"1024\" src=\"https:\/\/www.upg-ploiesti.ro\/wp-content\/uploads\/2025\/11\/tpp-mas-1024x1024.jpg\" class=\"attachment-large size-large wp-image-16078\" alt=\"\" srcset=\"https:\/\/www.upg-ploiesti.ro\/wp-content\/uploads\/2025\/11\/tpp-mas-1024x1024.jpg 1024w, https:\/\/www.upg-ploiesti.ro\/wp-content\/uploads\/2025\/11\/tpp-mas-300x300.jpg 300w, https:\/\/www.upg-ploiesti.ro\/wp-content\/uploads\/2025\/11\/tpp-mas-150x150.jpg 150w, https:\/\/www.upg-ploiesti.ro\/wp-content\/uploads\/2025\/11\/tpp-mas-768x768.jpg 768w, https:\/\/www.upg-ploiesti.ro\/wp-content\/uploads\/2025\/11\/tpp-mas-1536x1536.jpg 1536w, https:\/\/www.upg-ploiesti.ro\/wp-content\/uploads\/2025\/11\/tpp-mas-2048x2048.jpg 2048w, https:\/\/www.upg-ploiesti.ro\/wp-content\/uploads\/2025\/11\/tpp-mas-720x720.jpg 720w\" sizes=\"(max-width: 1024px) 100vw, 1024px\" \/>\t\t\t\t\t\t\t\t\t\t\t\t\t\t\t<\/div>\n\t\t\t\t<\/div>\n\t\t\t\t<\/div>\n\t\t<div class=\"elementor-element elementor-element-d409c70 e-grid e-con-full wpr-particle-no wpr-jarallax-no wpr-parallax-no wpr-sticky-section-no e-con e-parent\" data-id=\"d409c70\" data-element_type=\"container\" data-e-type=\"container\">\n\t\t\t\t<div class=\"elementor-element elementor-element-1a2815a elementor-widget elementor-widget-image\" data-id=\"1a2815a\" data-element_type=\"widget\" data-e-type=\"widget\" data-widget_type=\"image.default\">\n\t\t\t\t<div class=\"elementor-widget-container\">\n\t\t\t\t\t\t\t\t\t\t\t\t\t\t\t<img decoding=\"async\" src=\"https:\/\/www.upg-ploiesti.ro\/wp-content\/uploads\/elementor\/thumbs\/ls-mas-rfbfo1x1ozvhn15ix812xqccamsn8m0unt68ujv6gg.jpg\" title=\"ls mas\" alt=\"ls mas\" loading=\"lazy\" \/>\t\t\t\t\t\t\t\t\t\t\t\t\t\t\t<\/div>\n\t\t\t\t<\/div>\n\t\t\t\t<div class=\"elementor-element elementor-element-fb823fb elementor-widget elementor-widget-image\" data-id=\"fb823fb\" data-element_type=\"widget\" data-e-type=\"widget\" data-widget_type=\"image.default\">\n\t\t\t\t<div class=\"elementor-widget-container\">\n\t\t\t\t\t\t\t\t\t\t\t\t\t\t\t<img decoding=\"async\" src=\"https:\/\/www.upg-ploiesti.ro\/wp-content\/uploads\/elementor\/thumbs\/se-mas-rfbfnrktlthc3bkjllk6oay9re7lvxvsydzwkiaicw.jpg\" title=\"se mas\" alt=\"se mas\" loading=\"lazy\" \/>\t\t\t\t\t\t\t\t\t\t\t\t\t\t\t<\/div>\n\t\t\t\t<\/div>\n\t\t\t\t<\/div>\n\t\t<div class=\"elementor-element elementor-element-f851e1e e-flex e-con-boxed wpr-particle-no wpr-jarallax-no wpr-parallax-no wpr-sticky-section-no e-con e-parent\" data-id=\"f851e1e\" data-element_type=\"container\" data-e-type=\"container\">\n\t\t\t\t\t<div class=\"e-con-inner\">\n\t\t\t\t<div class=\"elementor-element elementor-element-5009207 elementor-widget-divider--view-line elementor-widget elementor-widget-divider\" data-id=\"5009207\" data-element_type=\"widget\" data-e-type=\"widget\" data-widget_type=\"divider.default\">\n\t\t\t\t<div class=\"elementor-widget-container\">\n\t\t\t\t\t\t\t<div class=\"elementor-divider\">\n\t\t\t<span class=\"elementor-divider-separator\">\n\t\t\t\t\t\t<\/span>\n\t\t<\/div>\n\t\t\t\t\t\t<\/div>\n\t\t\t\t<\/div>\n\t\t\t\t\t<\/div>\n\t\t\t\t<\/div>\n\t\t<div class=\"elementor-element elementor-element-7279a10 e-flex e-con-boxed wpr-particle-no wpr-jarallax-no wpr-parallax-no wpr-sticky-section-no e-con e-child\" data-id=\"7279a10\" data-element_type=\"container\" data-e-type=\"container\">\n\t\t\t\t\t<div class=\"e-con-inner\">\n\t\t\t\t<div class=\"elementor-element elementor-element-c00c120 elementor-widget elementor-widget-heading\" data-id=\"c00c120\" data-element_type=\"widget\" data-e-type=\"widget\" data-widget_type=\"heading.default\">\n\t\t\t\t<div class=\"elementor-widget-container\">\n\t\t\t\t\t<h4 class=\"elementor-heading-title elementor-size-default\">OFERTA EDUCATIONALA UPG:<\/h4>\t\t\t\t<\/div>\n\t\t\t\t<\/div>\n\t\t<div class=\"elementor-element elementor-element-e5965ca e-grid e-con-full wpr-particle-no wpr-jarallax-no wpr-parallax-no wpr-sticky-section-no e-con e-child\" data-id=\"e5965ca\" data-element_type=\"container\" data-e-type=\"container\">\n\t\t\t\t<div class=\"elementor-element elementor-element-85b8e54 elementor-widget elementor-widget-text-editor\" data-id=\"85b8e54\" data-element_type=\"widget\" data-e-type=\"widget\" data-widget_type=\"text-editor.default\">\n\t\t\t\t<div class=\"elementor-widget-container\">\n\t\t\t\t\t\t\t\t\t<p><span style=\"color: #0000ff;\"><strong>FACULTATEA IPG<\/strong><\/span><\/p><ul><li><span style=\"color: #3366ff;\">PREZENTARE GENERALA<\/span><\/li><li><span style=\"color: #3366ff;\">PROGRAME DE STUDII<\/span><\/li><li><span style=\"color: #3366ff;\">OFERTA EDUCATIONALA<\/span><\/li><\/ul>\t\t\t\t\t\t\t\t<\/div>\n\t\t\t\t<\/div>\n\t\t\t\t<div class=\"elementor-element elementor-element-3633aca elementor-widget elementor-widget-text-editor\" data-id=\"3633aca\" data-element_type=\"widget\" data-e-type=\"widget\" data-widget_type=\"text-editor.default\">\n\t\t\t\t<div class=\"elementor-widget-container\">\n\t\t\t\t\t\t\t\t\t<p style=\"text-align: center;\"><span style=\"color: #ff9900;\"><strong>FACULTATEA IME<\/strong><\/span><\/p><ul><li><span style=\"color: #3366ff;\">PREZENTARE GENERALA<\/span><\/li><li><span style=\"color: #3366ff;\">PROGRAME DE STUDII<\/span><\/li><li><span style=\"color: #3366ff;\">OFERTA EDUCATIONALA<\/span><\/li><\/ul>\t\t\t\t\t\t\t\t<\/div>\n\t\t\t\t<\/div>\n\t\t\t\t<div class=\"elementor-element elementor-element-d2e170c elementor-widget elementor-widget-text-editor\" data-id=\"d2e170c\" data-element_type=\"widget\" data-e-type=\"widget\" data-widget_type=\"text-editor.default\">\n\t\t\t\t<div class=\"elementor-widget-container\">\n\t\t\t\t\t\t\t\t\t<p style=\"text-align: center;\"><span style=\"color: #339966;\"><strong>FACULTATEA TPP<\/strong><\/span><\/p><ul><li><span style=\"color: #3366ff;\">PREZENTARE GENERALA<\/span><\/li><li><span style=\"color: #3366ff;\">PROGRAME DE STUDII<\/span><\/li><li><span style=\"color: #3366ff;\">OFERTA EDUCATIONALA<\/span><\/li><\/ul>\t\t\t\t\t\t\t\t<\/div>\n\t\t\t\t<\/div>\n\t\t\t\t<div class=\"elementor-element elementor-element-58d8097 elementor-widget elementor-widget-text-editor\" data-id=\"58d8097\" data-element_type=\"widget\" data-e-type=\"widget\" data-widget_type=\"text-editor.default\">\n\t\t\t\t<div class=\"elementor-widget-container\">\n\t\t\t\t\t\t\t\t\t<p style=\"text-align: center;\"><span style=\"color: #60359c;\"><strong>FACULTATEA SE<\/strong><\/span><\/p><ul><li><span style=\"color: #3366ff;\">PREZENTARE GENERALA<\/span><\/li><li><span style=\"color: #3366ff;\">PROGRAME DE STUDII<\/span><\/li><li><span style=\"color: #3366ff;\">OFERTA EDUCATIONALA<\/span><\/li><\/ul>\t\t\t\t\t\t\t\t<\/div>\n\t\t\t\t<\/div>\n\t\t\t\t<\/div>\n\t\t\t\t<div class=\"elementor-element elementor-element-9e6bd62 elementor-widget elementor-widget-text-editor\" data-id=\"9e6bd62\" data-element_type=\"widget\" data-e-type=\"widget\" data-widget_type=\"text-editor.default\">\n\t\t\t\t<div class=\"elementor-widget-container\">\n\t\t\t\t\t\t\t\t\t<p style=\"text-align: center;\"><span style=\"color: #ff0000;\"><strong>FACULTATEA LS<\/strong><\/span><\/p><ul><li><span style=\"color: #3366ff;\">PREZENTARE GENERALA<\/span><\/li><li><span style=\"color: #3366ff;\">PROGRAME DE STUDII<\/span><ul><li><p><span style=\"color: #3366ff;\">TEMATICA PENTRU CONCURSUL DE ADMITERE\u00a0MASTER &#8211; DOMENIUL \u0218TIIN\u021aE ALE EDUCA\u021aIEI<\/span><\/p><\/li><li><p><span style=\"color: #3366ff;\">TEMATICA PENTRU CONCURSUL DE ADMITERE MASTER &#8211; DOMENIUL \u0218TIIN\u021aE ADMINISTRATIVE<\/span><\/p><\/li><li><p><span style=\"color: #3366ff;\">TEMATICA PENTRU CONCURSUL DE ADMITERE MASTER &#8211; DOMENIUL FILOLOGIE<\/span><\/p><\/li><li><span style=\"color: #3366ff;\">INFORMA\u021aII DESPRE CONCURS ADMITERE LA STUDII UNIVERSITARE DE MASTER &#8211; DOMENIUL INFORMATIC\u0102<\/span><\/li><\/ul><\/li><li><span style=\"color: #3366ff;\">OFERTA EDUCATIONALA<\/span><\/li><\/ul>\t\t\t\t\t\t\t\t<\/div>\n\t\t\t\t<\/div>\n\t\t\t\t\t<\/div>\n\t\t\t\t<\/div>\n\t\t\t\t<\/div>\n\t\t","protected":false},"excerpt":{"rendered":"<p>Informa\u021bii utile master: CALENDAR ADMITERE MASTER IULIE 2026 CALENDAR ADMITERE MASTER SEPTEMBRIE 2026 GHID ADMITERE ON-LINE ANUNT ROM\u00c2NII DE PRETUTINDENI ACTELE NECESARE PENTRU \u00ceNSCRIEREA LA CONCURSUL DE ADMITERE PENTRU STUDII UNIVERSITARE DE MASTERAT METODOLOGIA DE ORGANIZARE \u0218I DESF\u0102\u015eURARE A CONCURSULUI DE ADMITERE LA STUDII UNIVERSITARE DE MASTER 2026 Foarte Important &#8211; SUPORT TEHNIC ADMITERE (admitere.upg-ploiesti.ro) ime.admitere@upg-ploiesti.ro &#8211; FACULTATEA DE INGINERIE MECANIC\u0102 \u015eI ELECTRIC\u0102 ipg.admitere@upg-ploiesti.ro &#8211; FACULTATEA DE INGINERIA PETROLULUI \u015eI GAZELOR tpp.admitere@upg-ploiesti.ro &#8211; FACULTATEA DE TEHNOLOGIA PETROLULUI \u0218I PETROCHIMIE se.admitere@upg-ploiesti.ro &#8211; FACULTATEA DE \u015eTIIN\u0162E ECONOMICE ls.admitere@upg-ploiesti.ro &#8211; FACULTATEA DE LITERE \u0218I \u0218TIIN\u021aE OFERTA EDUCATIONALA UPG: FACULTATEA IPG PREZENTARE GENERALA PROGRAME DE STUDII OFERTA EDUCATIONALA FACULTATEA IME PREZENTARE GENERALA PROGRAME DE STUDII OFERTA EDUCATIONALA FACULTATEA TPP PREZENTARE GENERALA PROGRAME DE STUDII OFERTA EDUCATIONALA FACULTATEA SE PREZENTARE GENERALA PROGRAME DE STUDII OFERTA EDUCATIONALA FACULTATEA LS PREZENTARE GENERALA PROGRAME DE STUDII TEMATICA PENTRU CONCURSUL DE ADMITERE\u00a0MASTER &#8211; DOMENIUL \u0218TIIN\u021aE ALE EDUCA\u021aIEI TEMATICA PENTRU CONCURSUL DE ADMITERE MASTER &#8211; DOMENIUL \u0218TIIN\u021aE ADMINISTRATIVE TEMATICA PENTRU CONCURSUL DE ADMITERE MASTER &#8211; DOMENIUL FILOLOGIE INFORMA\u021aII DESPRE CONCURS ADMITERE LA STUDII UNIVERSITARE DE MASTER &#8211; DOMENIUL INFORMATIC\u0102 OFERTA EDUCATIONALA<\/p>\n","protected":false},"author":1,"featured_media":0,"parent":0,"menu_order":0,"comment_status":"closed","ping_status":"closed","template":"","meta":{"_monsterinsights_skip_tracking":false,"_monsterinsights_sitenote_active":false,"_monsterinsights_sitenote_note":"","_monsterinsights_sitenote_category":0,"footnotes":""},"class_list":["post-16463","page","type-page","status-publish","hentry"],"_links":{"self":[{"href":"https:\/\/www.upg-ploiesti.ro\/index.php\/wp-json\/wp\/v2\/pages\/16463","targetHints":{"allow":["GET"]}}],"collection":[{"href":"https:\/\/www.upg-ploiesti.ro\/index.php\/wp-json\/wp\/v2\/pages"}],"about":[{"href":"https:\/\/www.upg-ploiesti.ro\/index.php\/wp-json\/wp\/v2\/types\/page"}],"author":[{"embeddable":true,"href":"https:\/\/www.upg-ploiesti.ro\/index.php\/wp-json\/wp\/v2\/users\/1"}],"replies":[{"embeddable":true,"href":"https:\/\/www.upg-ploiesti.ro\/index.php\/wp-json\/wp\/v2\/comments?post=16463"}],"version-history":[{"count":7,"href":"https:\/\/www.upg-ploiesti.ro\/index.php\/wp-json\/wp\/v2\/pages\/16463\/revisions"}],"predecessor-version":[{"id":16484,"href":"https:\/\/www.upg-ploiesti.ro\/index.php\/wp-json\/wp\/v2\/pages\/16463\/revisions\/16484"}],"wp:attachment":[{"href":"https:\/\/www.upg-ploiesti.ro\/index.php\/wp-json\/wp\/v2\/media?parent=16463"}],"curies":[{"name":"wp","href":"https:\/\/api.w.org\/{rel}","templated":true}]}}