{"id":4676,"date":"2024-08-08T08:26:04","date_gmt":"2024-08-08T08:26:04","guid":{"rendered":"https:\/\/www.upg-ploiesti.ro\/?page_id=4676"},"modified":"2024-12-03T08:46:16","modified_gmt":"2024-12-03T08:46:16","slug":"baza-legala","status":"publish","type":"page","link":"https:\/\/www.upg-ploiesti.ro\/index.php\/acasa\/baza-legala\/","title":{"rendered":"Baza legal\u0103"},"content":{"rendered":"\t\t<div data-elementor-type=\"wp-page\" data-elementor-id=\"4676\" class=\"elementor elementor-4676\">\n\t\t\t\t\t\t<section class=\"elementor-section elementor-top-section elementor-element elementor-element-701b0cb4 elementor-section-height-min-height elementor-section-boxed elementor-section-height-default elementor-section-items-middle wpr-particle-no wpr-jarallax-no wpr-parallax-no wpr-sticky-section-no wpr-equal-height-no\" data-id=\"701b0cb4\" data-element_type=\"section\" data-e-type=\"section\">\n\t\t\t\t\t\t<div class=\"elementor-container elementor-column-gap-default\">\n\t\t\t\t\t<div class=\"elementor-column elementor-col-100 elementor-top-column elementor-element elementor-element-602bd269 ot-flex-column-vertical\" data-id=\"602bd269\" data-element_type=\"column\" data-e-type=\"column\">\n\t\t\t<div class=\"elementor-widget-wrap elementor-element-populated\">\n\t\t\t\t\t\t<div class=\"elementor-element elementor-element-32f7e77a elementor-widget elementor-widget-text-editor\" data-id=\"32f7e77a\" data-element_type=\"widget\" data-e-type=\"widget\" data-widget_type=\"text-editor.default\">\n\t\t\t\t<div class=\"elementor-widget-container\">\n\t\t\t\t\t\t\t\t\t\n<p style=\"text-indent: 30px;\">Universitatea Petrol-Gaze din Ploie\u015fti, institu\u0163ie de \u00eenv\u0103\u0163\u0103m\u00e2nt superior cu tradi\u021bie, a fost \u00eenfiin\u0163at\u0103 prin Decretul nr. 175, publicat \u00een <a href=\"http:\/\/www.upg-ploiesti.ro\/wp-content\/uploads\/2024\/11\/Monitorul_Oficial_26_oct_1948.pdf\"><span style=\"color: #3366ff;\">Monitorul Oficial al R.P.R. nr. 177 din 3 august 1948<\/span><\/a><span style=\"color: #333399;\">,<\/span> sub denumirea de Institutul de Petrol \u015fi Gaze din Bucure\u015fti. \u00cen anul 1973, conform <a href=\"http:\/\/www.upg-ploiesti.ro\/wp-content\/uploads\/2024\/11\/Monitorul_Oficial_30_dec_1973.pdf\"><span style=\"color: #3366ff;\">Decretului nr. 702 din 28 decembrie 1973 (Legea nr. 25\/1974)<\/span><\/a><span style=\"color: #333399;\">,<\/span> publicat \u00een Buletinul Oficial al R.S.R. din 30 decembrie 1973, Institutul de Petrol, Gaze \u015fi Geologie din Bucure\u015fti fuzioneaz\u0103 cu Institutul de Petrol din Ploie\u015fti, sub denumirea de Institutul de Petrol \u015fi Gaze, cu sediul \u00een Municipiul Ploie\u015fti. \u00cen prezent, institu\u021bia de \u00eenv\u0103\u021b\u0103m\u00e2nt superior func\u021bioneaz\u0103 sub numele de Universitatea Petrol-Gaze din Ploie\u015fti, conform <span style=\"color: #3366ff;\"><a style=\"color: #3366ff;\" href=\"http:\/\/www.upg-ploiesti.ro\/wp-content\/uploads\/2024\/11\/Monitorul_Oficial_11_ian_2001.pdf\">Hot\u0103r\u00e2rii Guvernului Rom\u00e2niei nr. 23 din 4 ianuarie 2001<\/a><\/span><span style=\"color: #333399;\">,<\/span> publicat\u0103 \u00een Monitorul Oficial al Rom\u00e2niei nr. 18 din 11 ianuarie 2001.<\/p>\n\t\t\t\t\t\t\t\t<\/div>\n\t\t\t\t<\/div>\n\t\t\t\t\t<\/div>\n\t\t<\/div>\n\t\t\t\t\t<\/div>\n\t\t<\/section>\n\t\t\t\t<\/div>\n\t\t","protected":false},"excerpt":{"rendered":"<p>Universitatea Petrol-Gaze din Ploie\u015fti, institu\u0163ie de \u00eenv\u0103\u0163\u0103m\u00e2nt superior cu tradi\u021bie, a fost \u00eenfiin\u0163at\u0103 prin Decretul nr. 175, publicat \u00een Monitorul Oficial al R.P.R. nr. 177 din 3 august 1948, sub denumirea de Institutul de Petrol \u015fi Gaze din Bucure\u015fti. \u00cen anul 1973, conform Decretului nr. 702 din 28 decembrie 1973 (Legea nr. 25\/1974), publicat \u00een Buletinul Oficial al R.S.R. din 30 decembrie 1973, Institutul de Petrol, Gaze \u015fi Geologie din Bucure\u015fti fuzioneaz\u0103 cu Institutul de Petrol din Ploie\u015fti, sub denumirea de Institutul de Petrol \u015fi Gaze, cu sediul \u00een Municipiul Ploie\u015fti. \u00cen prezent, institu\u021bia de \u00eenv\u0103\u021b\u0103m\u00e2nt superior func\u021bioneaz\u0103 sub numele de Universitatea Petrol-Gaze din Ploie\u015fti, conform Hot\u0103r\u00e2rii Guvernului Rom\u00e2niei nr. 23 din 4 ianuarie 2001, publicat\u0103 \u00een Monitorul Oficial al Rom\u00e2niei nr. 18 din 11 ianuarie 2001.<\/p>\n","protected":false},"author":1,"featured_media":0,"parent":320,"menu_order":1,"comment_status":"closed","ping_status":"closed","template":"","meta":{"_monsterinsights_skip_tracking":false,"_monsterinsights_sitenote_active":false,"_monsterinsights_sitenote_note":"","_monsterinsights_sitenote_category":0,"footnotes":""},"class_list":["post-4676","page","type-page","status-publish","hentry"],"_links":{"self":[{"href":"https:\/\/www.upg-ploiesti.ro\/index.php\/wp-json\/wp\/v2\/pages\/4676","targetHints":{"allow":["GET"]}}],"collection":[{"href":"https:\/\/www.upg-ploiesti.ro\/index.php\/wp-json\/wp\/v2\/pages"}],"about":[{"href":"https:\/\/www.upg-ploiesti.ro\/index.php\/wp-json\/wp\/v2\/types\/page"}],"author":[{"embeddable":true,"href":"https:\/\/www.upg-ploiesti.ro\/index.php\/wp-json\/wp\/v2\/users\/1"}],"replies":[{"embeddable":true,"href":"https:\/\/www.upg-ploiesti.ro\/index.php\/wp-json\/wp\/v2\/comments?post=4676"}],"version-history":[{"count":38,"href":"https:\/\/www.upg-ploiesti.ro\/index.php\/wp-json\/wp\/v2\/pages\/4676\/revisions"}],"predecessor-version":[{"id":12025,"href":"https:\/\/www.upg-ploiesti.ro\/index.php\/wp-json\/wp\/v2\/pages\/4676\/revisions\/12025"}],"up":[{"embeddable":true,"href":"https:\/\/www.upg-ploiesti.ro\/index.php\/wp-json\/wp\/v2\/pages\/320"}],"wp:attachment":[{"href":"https:\/\/www.upg-ploiesti.ro\/index.php\/wp-json\/wp\/v2\/media?parent=4676"}],"curies":[{"name":"wp","href":"https:\/\/api.w.org\/{rel}","templated":true}]}}