{"id":4697,"date":"2024-08-08T08:52:42","date_gmt":"2024-08-08T08:52:42","guid":{"rendered":"https:\/\/www.upg-ploiesti.ro\/?page_id=4697"},"modified":"2025-03-31T07:58:52","modified_gmt":"2025-03-31T07:58:52","slug":"carta-universitara","status":"publish","type":"page","link":"https:\/\/www.upg-ploiesti.ro\/index.php\/carta-universitara\/","title":{"rendered":"Carta universitar\u0103"},"content":{"rendered":"\t\t<div data-elementor-type=\"wp-page\" data-elementor-id=\"4697\" class=\"elementor elementor-4697\">\n\t\t\t\t\t\t<section class=\"elementor-section elementor-top-section elementor-element elementor-element-30e97c0b elementor-section-height-min-height elementor-section-boxed elementor-section-height-default elementor-section-items-middle wpr-particle-no wpr-jarallax-no wpr-parallax-no wpr-sticky-section-no\" data-id=\"30e97c0b\" data-element_type=\"section\" data-e-type=\"section\">\n\t\t\t\t\t\t<div class=\"elementor-container elementor-column-gap-default\">\n\t\t\t\t\t<div class=\"elementor-column elementor-col-100 elementor-top-column elementor-element elementor-element-49c353ea ot-flex-column-vertical\" data-id=\"49c353ea\" data-element_type=\"column\" data-e-type=\"column\">\n\t\t\t<div class=\"elementor-widget-wrap elementor-element-populated\">\n\t\t\t\t\t\t<div class=\"elementor-element elementor-element-2830f468 elementor-widget elementor-widget-text-editor\" data-id=\"2830f468\" data-element_type=\"widget\" data-e-type=\"widget\" data-widget_type=\"text-editor.default\">\n\t\t\t\t<div class=\"elementor-widget-container\">\n\t\t\t\t\t\t\t\t\t\n<p>Carta universitar\u0103 a Universit\u0103\u0163ii Petrol-Gaze din Ploie\u015fti a fost elaborat\u0103 \u00een conformitate cu Legea nr. 199\/2023.<\/p>\n\n<p>Pentru desc\u0103rcarea Cartei \u00een format pdf, face\u0163i clic <span style=\"color: #3366ff;\"><a style=\"color: #3366ff;\" href=\"http:\/\/www.upg-ploiesti.ro\/wp-content\/uploads\/2025\/03\/CARTA-UPG-Ploiesti-2025.pdf\">aici<\/a><\/span><span style=\"color: #333399;\">.<\/span><\/p>\n\t\t\t\t\t\t\t\t<\/div>\n\t\t\t\t<\/div>\n\t\t\t\t\t<\/div>\n\t\t<\/div>\n\t\t\t\t\t<\/div>\n\t\t<\/section>\n\t\t\t\t<\/div>\n\t\t","protected":false},"excerpt":{"rendered":"<p>Carta universitar\u0103 a Universit\u0103\u0163ii Petrol-Gaze din Ploie\u015fti a fost elaborat\u0103 \u00een conformitate cu Legea nr. 199\/2023. Pentru desc\u0103rcarea Cartei \u00een format pdf, face\u0163i clic aici.<\/p>\n","protected":false},"author":1,"featured_media":0,"parent":0,"menu_order":0,"comment_status":"closed","ping_status":"closed","template":"","meta":{"_monsterinsights_skip_tracking":false,"_monsterinsights_sitenote_active":false,"_monsterinsights_sitenote_note":"","_monsterinsights_sitenote_category":0,"footnotes":""},"class_list":["post-4697","page","type-page","status-publish","hentry"],"_links":{"self":[{"href":"https:\/\/www.upg-ploiesti.ro\/index.php\/wp-json\/wp\/v2\/pages\/4697","targetHints":{"allow":["GET"]}}],"collection":[{"href":"https:\/\/www.upg-ploiesti.ro\/index.php\/wp-json\/wp\/v2\/pages"}],"about":[{"href":"https:\/\/www.upg-ploiesti.ro\/index.php\/wp-json\/wp\/v2\/types\/page"}],"author":[{"embeddable":true,"href":"https:\/\/www.upg-ploiesti.ro\/index.php\/wp-json\/wp\/v2\/users\/1"}],"replies":[{"embeddable":true,"href":"https:\/\/www.upg-ploiesti.ro\/index.php\/wp-json\/wp\/v2\/comments?post=4697"}],"version-history":[{"count":18,"href":"https:\/\/www.upg-ploiesti.ro\/index.php\/wp-json\/wp\/v2\/pages\/4697\/revisions"}],"predecessor-version":[{"id":12180,"href":"https:\/\/www.upg-ploiesti.ro\/index.php\/wp-json\/wp\/v2\/pages\/4697\/revisions\/12180"}],"wp:attachment":[{"href":"https:\/\/www.upg-ploiesti.ro\/index.php\/wp-json\/wp\/v2\/media?parent=4697"}],"curies":[{"name":"wp","href":"https:\/\/api.w.org\/{rel}","templated":true}]}}