{"id":4706,"date":"2024-08-08T08:58:32","date_gmt":"2024-08-08T08:58:32","guid":{"rendered":"https:\/\/www.upg-ploiesti.ro\/?page_id=4706"},"modified":"2025-11-14T10:24:01","modified_gmt":"2025-11-14T10:24:01","slug":"consiliul-de-administratie","status":"publish","type":"page","link":"https:\/\/www.upg-ploiesti.ro\/index.php\/consiliul-de-administratie\/","title":{"rendered":"Consiliul de administra\u021bie"},"content":{"rendered":"\t\t<div data-elementor-type=\"wp-page\" data-elementor-id=\"4706\" class=\"elementor elementor-4706\">\n\t\t\t\t<div class=\"elementor-element elementor-element-f9fb240 e-flex e-con-boxed wpr-particle-no wpr-jarallax-no wpr-parallax-no wpr-sticky-section-no e-con e-parent\" data-id=\"f9fb240\" data-element_type=\"container\" data-e-type=\"container\">\n\t\t\t\t\t<div class=\"e-con-inner\">\n\t\t\t\t<div class=\"elementor-element elementor-element-d1eb802 elementor-align-center elementor-widget elementor-widget-ibutton\" data-id=\"d1eb802\" data-element_type=\"widget\" data-e-type=\"widget\" data-widget_type=\"ibutton.default\">\n\t\t\t\t<div class=\"elementor-widget-container\">\n\t\t\t\t\t\t\t<div class=\"ot-button\">\r\n\t\t\t<a href=\"http:\/\/www.upg-ploiesti.ro\/index.php\/hotarari-ale-consiliului-de-administratie-2025\/\" class=\"octf-btn octf-btn-dark\">Hot\u0103r\u00e2ri ale consiliului de administra\u021bie<\/a>\r\n\t    <\/div>\r\n\t    \t\t\t\t<\/div>\n\t\t\t\t<\/div>\n\t\t\t\t\t<\/div>\n\t\t\t\t<\/div>\n\t\t<div class=\"elementor-element elementor-element-73c0dd7 e-flex e-con-boxed wpr-particle-no wpr-jarallax-no wpr-parallax-no wpr-sticky-section-no e-con e-parent\" data-id=\"73c0dd7\" data-element_type=\"container\" data-e-type=\"container\">\n\t\t\t\t\t<div class=\"e-con-inner\">\n\t\t\t\t<div class=\"elementor-element elementor-element-db68d7e wpr-list-style-none elementor-widget elementor-widget-wpr-posts-timeline\" data-id=\"db68d7e\" data-element_type=\"widget\" data-e-type=\"widget\" data-settings=\"{&quot;animation_offset&quot;:150,&quot;aos_animation_duration&quot;:600}\" data-widget_type=\"wpr-posts-timeline.default\">\n\t\t\t\t<div class=\"elementor-widget-container\">\n\t\t\t\t\t\n\t\t<div class=\"wpr-wrapper wpr-vertical wpr-centered\">\n\t\t\t<div class=\"wpr-timeline-centered wpr-line wpr-both-sided-timeline\"><div class=\"wpr-middle-line\"><\/div><div class=\"wpr-timeline-fill\" data-layout=\"centered\"><\/div><article class=\"wpr-timeline-entry wpr-left-aligned elementor-repeater-item-74e95b1\" data-item-id=\"elementor-repeater-item-74e95b1\"><div class=\"wpr-timeline-entry-inner\"><div class=\"wpr-main-line-icon wpr-icon\"><\/div><div class=\"wpr-story-info-vertical wpr-data-wrap \"  data-aos=\"fade\" data-aos-left=\"\" data-aos-right=\"\" data-animation-offset=\"150\" data-animation-duration=\"600\"><div class=\"wpr-animation-wrap wpr-timeline-media\"><img fetchpriority=\"high\" decoding=\"async\" width=\"1500\" height=\"1700\" src=\"https:\/\/www.upg-ploiesti.ro\/wp-content\/uploads\/2024\/08\/IMG_1284.jpg\" class=\"attachment-full size-full\" alt=\"\" srcset=\"https:\/\/www.upg-ploiesti.ro\/wp-content\/uploads\/2024\/08\/IMG_1284.jpg 1500w, https:\/\/www.upg-ploiesti.ro\/wp-content\/uploads\/2024\/08\/IMG_1284-265x300.jpg 265w, https:\/\/www.upg-ploiesti.ro\/wp-content\/uploads\/2024\/08\/IMG_1284-904x1024.jpg 904w, https:\/\/www.upg-ploiesti.ro\/wp-content\/uploads\/2024\/08\/IMG_1284-768x870.jpg 768w, https:\/\/www.upg-ploiesti.ro\/wp-content\/uploads\/2024\/08\/IMG_1284-1355x1536.jpg 1355w\" sizes=\"(max-width: 1500px) 100vw, 1500px\" \/><\/div><div class=\"wpr-timeline-content-wrapper\"><div class=\"wpr-content-wrapper\"><div class=\"wpr-title-wrap\"><span class=\"wpr-title\">Alin Dini\u021b\u0103<\/span><\/div><div class=\"wpr-description\"><p>CONF. UNIV. DR. ING. - Rector<\/p><\/div><\/div><\/div><\/div>\n\t\t\t\t\t\t<\/div>\n\t\t\t\t<\/article><article class=\"wpr-timeline-entry wpr-right-aligned elementor-repeater-item-2ab5e70\" data-item-id=\"elementor-repeater-item-2ab5e70\"><div class=\"wpr-timeline-entry-inner\"><div class=\"wpr-main-line-icon wpr-icon\"><\/div><div class=\"wpr-story-info-vertical wpr-data-wrap \"  data-aos=\"fade\" data-aos-left=\"\" data-aos-right=\"\" data-animation-offset=\"150\" data-animation-duration=\"600\"><div class=\"wpr-animation-wrap wpr-timeline-media\"><img decoding=\"async\" width=\"1500\" height=\"1700\" src=\"https:\/\/www.upg-ploiesti.ro\/wp-content\/uploads\/2024\/08\/pop.jpg\" class=\"attachment-full size-full\" alt=\"\" srcset=\"https:\/\/www.upg-ploiesti.ro\/wp-content\/uploads\/2024\/08\/pop.jpg 1500w, https:\/\/www.upg-ploiesti.ro\/wp-content\/uploads\/2024\/08\/pop-265x300.jpg 265w, https:\/\/www.upg-ploiesti.ro\/wp-content\/uploads\/2024\/08\/pop-904x1024.jpg 904w, https:\/\/www.upg-ploiesti.ro\/wp-content\/uploads\/2024\/08\/pop-768x870.jpg 768w, https:\/\/www.upg-ploiesti.ro\/wp-content\/uploads\/2024\/08\/pop-1355x1536.jpg 1355w\" sizes=\"(max-width: 1500px) 100vw, 1500px\" \/><\/div><div class=\"wpr-timeline-content-wrapper\"><div class=\"wpr-content-wrapper\"><div class=\"wpr-title-wrap\"><span class=\"wpr-title\">Popovici Daniela Roxana<\/span><\/div><div class=\"wpr-description\"><p>PROF. UNIV. HABIL. DR. ING. - Prorector<\/p><\/div><\/div><\/div><\/div>\n\t\t\t\t\t\t<\/div>\n\t\t\t\t<\/article><article class=\"wpr-timeline-entry wpr-left-aligned elementor-repeater-item-7653aa5\" data-item-id=\"elementor-repeater-item-7653aa5\"><div class=\"wpr-timeline-entry-inner\"><div class=\"wpr-main-line-icon wpr-icon\"><\/div><div class=\"wpr-story-info-vertical wpr-data-wrap \"  data-aos=\"fade\" data-aos-left=\"\" data-aos-right=\"\" data-animation-offset=\"150\" data-animation-duration=\"600\"><div class=\"wpr-animation-wrap wpr-timeline-media\"><img decoding=\"async\" width=\"1500\" height=\"1700\" src=\"https:\/\/www.upg-ploiesti.ro\/wp-content\/uploads\/2024\/08\/brez.png\" class=\"attachment-full size-full\" alt=\"\" srcset=\"https:\/\/www.upg-ploiesti.ro\/wp-content\/uploads\/2024\/08\/brez.png 1500w, https:\/\/www.upg-ploiesti.ro\/wp-content\/uploads\/2024\/08\/brez-265x300.png 265w, https:\/\/www.upg-ploiesti.ro\/wp-content\/uploads\/2024\/08\/brez-904x1024.png 904w, https:\/\/www.upg-ploiesti.ro\/wp-content\/uploads\/2024\/08\/brez-768x870.png 768w, https:\/\/www.upg-ploiesti.ro\/wp-content\/uploads\/2024\/08\/brez-1355x1536.png 1355w\" sizes=\"(max-width: 1500px) 100vw, 1500px\" \/><\/div><div class=\"wpr-timeline-content-wrapper\"><div class=\"wpr-content-wrapper\"><div class=\"wpr-title-wrap\"><span class=\"wpr-title\">Brezoi Alina Gabriela<\/span><\/div><div class=\"wpr-description\"><p class=\"team-name\">CONF. UNIV. DR.- Prorector<\/p><\/div><\/div><\/div><\/div>\n\t\t\t\t\t\t<\/div>\n\t\t\t\t<\/article><article class=\"wpr-timeline-entry wpr-right-aligned elementor-repeater-item-5d031e0\" data-item-id=\"elementor-repeater-item-5d031e0\"><div class=\"wpr-timeline-entry-inner\"><div class=\"wpr-main-line-icon wpr-icon\"><\/div><div class=\"wpr-story-info-vertical wpr-data-wrap \"  data-aos=\"fade\" data-aos-left=\"\" data-aos-right=\"\" data-animation-offset=\"150\" data-animation-duration=\"600\"><div class=\"wpr-animation-wrap wpr-timeline-media\"><img loading=\"lazy\" decoding=\"async\" width=\"1500\" height=\"1700\" src=\"https:\/\/www.upg-ploiesti.ro\/wp-content\/uploads\/2024\/08\/drag.jpg\" class=\"attachment-full size-full\" alt=\"\" srcset=\"https:\/\/www.upg-ploiesti.ro\/wp-content\/uploads\/2024\/08\/drag.jpg 1500w, https:\/\/www.upg-ploiesti.ro\/wp-content\/uploads\/2024\/08\/drag-265x300.jpg 265w, https:\/\/www.upg-ploiesti.ro\/wp-content\/uploads\/2024\/08\/drag-904x1024.jpg 904w, https:\/\/www.upg-ploiesti.ro\/wp-content\/uploads\/2024\/08\/drag-768x870.jpg 768w, https:\/\/www.upg-ploiesti.ro\/wp-content\/uploads\/2024\/08\/drag-1355x1536.jpg 1355w\" sizes=\"(max-width: 1500px) 100vw, 1500px\" \/><\/div><div class=\"wpr-timeline-content-wrapper\"><div class=\"wpr-content-wrapper\"><div class=\"wpr-title-wrap\"><span class=\"wpr-title\">Dr\u0103gan \u0218tefan<\/span><\/div><div class=\"wpr-description\"><p>EC. - Director General Administrativ<\/p><\/div><\/div><\/div><\/div>\n\t\t\t\t\t\t<\/div>\n\t\t\t\t<\/article><\/div>    \n\t\t\t<\/div>\t\t\t\t<\/div>\n\t\t\t\t<\/div>\n\t\t\t\t<div class=\"elementor-element elementor-element-fec50b8 wpr-list-style-none elementor-widget elementor-widget-wpr-posts-timeline\" data-id=\"fec50b8\" data-element_type=\"widget\" data-e-type=\"widget\" data-settings=\"{&quot;animation_offset&quot;:150,&quot;aos_animation_duration&quot;:600}\" data-widget_type=\"wpr-posts-timeline.default\">\n\t\t\t\t<div class=\"elementor-widget-container\">\n\t\t\t\t\t\n\t\t<div class=\"wpr-wrapper wpr-vertical wpr-centered\">\n\t\t\t<div class=\"wpr-timeline-centered wpr-line wpr-both-sided-timeline\"><div class=\"wpr-middle-line\"><\/div><div class=\"wpr-timeline-fill\" data-layout=\"centered\"><\/div><article class=\"wpr-timeline-entry wpr-left-aligned elementor-repeater-item-74e95b1\" data-item-id=\"elementor-repeater-item-74e95b1\"><div class=\"wpr-timeline-entry-inner\"><div class=\"wpr-main-line-icon wpr-icon\"><\/div><div class=\"wpr-story-info-vertical wpr-data-wrap \"  data-aos=\"fade\" data-aos-left=\"\" data-aos-right=\"\" data-animation-offset=\"150\" data-animation-duration=\"600\"><div class=\"wpr-animation-wrap wpr-timeline-media\"><img loading=\"lazy\" decoding=\"async\" width=\"1500\" height=\"1700\" src=\"https:\/\/www.upg-ploiesti.ro\/wp-content\/uploads\/2024\/08\/rip.jpg\" class=\"attachment-full size-full\" alt=\"\" srcset=\"https:\/\/www.upg-ploiesti.ro\/wp-content\/uploads\/2024\/08\/rip.jpg 1500w, https:\/\/www.upg-ploiesti.ro\/wp-content\/uploads\/2024\/08\/rip-265x300.jpg 265w, https:\/\/www.upg-ploiesti.ro\/wp-content\/uploads\/2024\/08\/rip-904x1024.jpg 904w, https:\/\/www.upg-ploiesti.ro\/wp-content\/uploads\/2024\/08\/rip-768x870.jpg 768w, https:\/\/www.upg-ploiesti.ro\/wp-content\/uploads\/2024\/08\/rip-1355x1536.jpg 1355w\" sizes=\"(max-width: 1500px) 100vw, 1500px\" \/><\/div><div class=\"wpr-timeline-content-wrapper\"><div class=\"wpr-content-wrapper\"><div class=\"wpr-title-wrap\"><span class=\"wpr-title\">R\u00eepeanu R\u0103zvan George<\/span><\/div><div class=\"wpr-description\"><p class=\"team-name\">PROF. UNIV. HABIL. DR. ING. - Director CSUD<\/p><\/div><\/div><\/div><\/div>\n\t\t\t\t\t\t<\/div>\n\t\t\t\t<\/article><article class=\"wpr-timeline-entry wpr-right-aligned elementor-repeater-item-2ab5e70\" data-item-id=\"elementor-repeater-item-2ab5e70\"><div class=\"wpr-timeline-entry-inner\"><div class=\"wpr-main-line-icon wpr-icon\"><\/div><div class=\"wpr-story-info-vertical wpr-data-wrap \"  data-aos=\"fade\" data-aos-left=\"\" data-aos-right=\"\" data-animation-offset=\"150\" data-animation-duration=\"600\"><div class=\"wpr-animation-wrap wpr-timeline-media\"><img loading=\"lazy\" decoding=\"async\" width=\"1500\" height=\"1700\" src=\"https:\/\/www.upg-ploiesti.ro\/wp-content\/uploads\/2024\/08\/epa.jpg\" class=\"attachment-full size-full\" alt=\"\" srcset=\"https:\/\/www.upg-ploiesti.ro\/wp-content\/uploads\/2024\/08\/epa.jpg 1500w, https:\/\/www.upg-ploiesti.ro\/wp-content\/uploads\/2024\/08\/epa-265x300.jpg 265w, https:\/\/www.upg-ploiesti.ro\/wp-content\/uploads\/2024\/08\/epa-904x1024.jpg 904w, https:\/\/www.upg-ploiesti.ro\/wp-content\/uploads\/2024\/08\/epa-768x870.jpg 768w, https:\/\/www.upg-ploiesti.ro\/wp-content\/uploads\/2024\/08\/epa-1355x1536.jpg 1355w\" sizes=\"(max-width: 1500px) 100vw, 1500px\" \/><\/div><div class=\"wpr-timeline-content-wrapper\"><div class=\"wpr-content-wrapper\"><div class=\"wpr-title-wrap\"><span class=\"wpr-title\">Eparu Cristian Nicolae<\/span><\/div><div class=\"wpr-description\"><p class=\"team-name\">PROF. UNIV. HABIL. DR. ING. - DECAN FACULTATEA DE INGINERIA PETROLULUI \u015eI GAZELOR<\/p><\/div><\/div><\/div><\/div>\n\t\t\t\t\t\t<\/div>\n\t\t\t\t<\/article><article class=\"wpr-timeline-entry wpr-left-aligned elementor-repeater-item-7653aa5\" data-item-id=\"elementor-repeater-item-7653aa5\"><div class=\"wpr-timeline-entry-inner\"><div class=\"wpr-main-line-icon wpr-icon\"><\/div><div class=\"wpr-story-info-vertical wpr-data-wrap \"  data-aos=\"fade\" data-aos-left=\"\" data-aos-right=\"\" data-animation-offset=\"150\" data-animation-duration=\"600\"><div class=\"wpr-animation-wrap wpr-timeline-media\"><img loading=\"lazy\" decoding=\"async\" width=\"1500\" height=\"1700\" src=\"https:\/\/www.upg-ploiesti.ro\/wp-content\/uploads\/2024\/08\/bad.jpg\" class=\"attachment-full size-full\" alt=\"\" srcset=\"https:\/\/www.upg-ploiesti.ro\/wp-content\/uploads\/2024\/08\/bad.jpg 1500w, https:\/\/www.upg-ploiesti.ro\/wp-content\/uploads\/2024\/08\/bad-265x300.jpg 265w, https:\/\/www.upg-ploiesti.ro\/wp-content\/uploads\/2024\/08\/bad-904x1024.jpg 904w, https:\/\/www.upg-ploiesti.ro\/wp-content\/uploads\/2024\/08\/bad-768x870.jpg 768w, https:\/\/www.upg-ploiesti.ro\/wp-content\/uploads\/2024\/08\/bad-1355x1536.jpg 1355w\" sizes=\"(max-width: 1500px) 100vw, 1500px\" \/><\/div><div class=\"wpr-timeline-content-wrapper\"><div class=\"wpr-content-wrapper\"><div class=\"wpr-title-wrap\"><span class=\"wpr-title\">B\u0103dicioiu Marius<\/span><\/div><div class=\"wpr-description\"><p class=\"team-name\">CONF. UNIV. DR. ING. - DECAN FACULTATEA DE INGINERIE MECANIC\u0102 \u015eI ELECTRIC\u0102<\/p><\/div><\/div><\/div><\/div>\n\t\t\t\t\t\t<\/div>\n\t\t\t\t<\/article><article class=\"wpr-timeline-entry wpr-right-aligned elementor-repeater-item-5d031e0\" data-item-id=\"elementor-repeater-item-5d031e0\"><div class=\"wpr-timeline-entry-inner\"><div class=\"wpr-main-line-icon wpr-icon\"><\/div><div class=\"wpr-story-info-vertical wpr-data-wrap \"  data-aos=\"fade\" data-aos-left=\"\" data-aos-right=\"\" data-animation-offset=\"150\" data-animation-duration=\"600\"><div class=\"wpr-animation-wrap wpr-timeline-media\"><img loading=\"lazy\" decoding=\"async\" width=\"1500\" height=\"1700\" src=\"https:\/\/www.upg-ploiesti.ro\/wp-content\/uploads\/2024\/08\/dus.jpg\" class=\"attachment-full size-full\" alt=\"\" srcset=\"https:\/\/www.upg-ploiesti.ro\/wp-content\/uploads\/2024\/08\/dus.jpg 1500w, https:\/\/www.upg-ploiesti.ro\/wp-content\/uploads\/2024\/08\/dus-265x300.jpg 265w, https:\/\/www.upg-ploiesti.ro\/wp-content\/uploads\/2024\/08\/dus-904x1024.jpg 904w, https:\/\/www.upg-ploiesti.ro\/wp-content\/uploads\/2024\/08\/dus-768x870.jpg 768w, https:\/\/www.upg-ploiesti.ro\/wp-content\/uploads\/2024\/08\/dus-1355x1536.jpg 1355w\" sizes=\"(max-width: 1500px) 100vw, 1500px\" \/><\/div><div class=\"wpr-timeline-content-wrapper\"><div class=\"wpr-content-wrapper\"><div class=\"wpr-title-wrap\"><span class=\"wpr-title\">Du\u0219escu-Vasile Cristina Maria<\/span><\/div><div class=\"wpr-description\"><p class=\"team-name\">CONF. UNIV. DR. ING. - DECAN FACULTATEA DE TEHNOLOGIA PETROLULUI \u015eI PETROCHIMIE<\/p><\/div><\/div><\/div><\/div>\n\t\t\t\t\t\t<\/div>\n\t\t\t\t<\/article><\/div>    \n\t\t\t<\/div>\t\t\t\t<\/div>\n\t\t\t\t<\/div>\n\t\t\t\t<div class=\"elementor-element elementor-element-023f4fb wpr-list-style-none elementor-widget elementor-widget-wpr-posts-timeline\" data-id=\"023f4fb\" data-element_type=\"widget\" data-e-type=\"widget\" data-settings=\"{&quot;animation_offset&quot;:150,&quot;aos_animation_duration&quot;:600}\" data-widget_type=\"wpr-posts-timeline.default\">\n\t\t\t\t<div class=\"elementor-widget-container\">\n\t\t\t\t\t\n\t\t<div class=\"wpr-wrapper wpr-vertical wpr-centered\">\n\t\t\t<div class=\"wpr-timeline-centered wpr-line wpr-both-sided-timeline\"><div class=\"wpr-middle-line\"><\/div><div class=\"wpr-timeline-fill\" data-layout=\"centered\"><\/div><article class=\"wpr-timeline-entry wpr-left-aligned elementor-repeater-item-74e95b1\" data-item-id=\"elementor-repeater-item-74e95b1\"><div class=\"wpr-timeline-entry-inner\"><div class=\"wpr-main-line-icon wpr-icon\"><\/div><div class=\"wpr-story-info-vertical wpr-data-wrap \"  data-aos=\"fade\" data-aos-left=\"\" data-aos-right=\"\" data-animation-offset=\"150\" data-animation-duration=\"600\"><div class=\"wpr-animation-wrap wpr-timeline-media\"><img loading=\"lazy\" decoding=\"async\" width=\"1500\" height=\"1700\" src=\"https:\/\/www.upg-ploiesti.ro\/wp-content\/uploads\/2024\/08\/sud.jpg\" class=\"attachment-full size-full\" alt=\"\" srcset=\"https:\/\/www.upg-ploiesti.ro\/wp-content\/uploads\/2024\/08\/sud.jpg 1500w, https:\/\/www.upg-ploiesti.ro\/wp-content\/uploads\/2024\/08\/sud-265x300.jpg 265w, https:\/\/www.upg-ploiesti.ro\/wp-content\/uploads\/2024\/08\/sud-904x1024.jpg 904w, https:\/\/www.upg-ploiesti.ro\/wp-content\/uploads\/2024\/08\/sud-768x870.jpg 768w, https:\/\/www.upg-ploiesti.ro\/wp-content\/uploads\/2024\/08\/sud-1355x1536.jpg 1355w\" sizes=\"(max-width: 1500px) 100vw, 1500px\" \/><\/div><div class=\"wpr-timeline-content-wrapper\"><div class=\"wpr-content-wrapper\"><div class=\"wpr-title-wrap\"><span class=\"wpr-title\">Mihaela Suditu<\/span><\/div><div class=\"wpr-description\"><p class=\"team-name\">PROF. UNIV. DR. - DECAN FACLUTATEA DE LITERE \u015eI \u015eTIIN\u0162E<\/p><\/div><\/div><\/div><\/div>\n\t\t\t\t\t\t<\/div>\n\t\t\t\t<\/article><article class=\"wpr-timeline-entry wpr-right-aligned elementor-repeater-item-2ab5e70\" data-item-id=\"elementor-repeater-item-2ab5e70\"><div class=\"wpr-timeline-entry-inner\"><div class=\"wpr-main-line-icon wpr-icon\"><\/div><div class=\"wpr-story-info-vertical wpr-data-wrap \"  data-aos=\"fade\" data-aos-left=\"\" data-aos-right=\"\" data-animation-offset=\"150\" data-animation-duration=\"600\"><div class=\"wpr-animation-wrap wpr-timeline-media\"><img loading=\"lazy\" decoding=\"async\" width=\"1500\" height=\"1700\" src=\"https:\/\/www.upg-ploiesti.ro\/wp-content\/uploads\/2024\/08\/rad.jpg\" class=\"attachment-full size-full\" alt=\"\" srcset=\"https:\/\/www.upg-ploiesti.ro\/wp-content\/uploads\/2024\/08\/rad.jpg 1500w, https:\/\/www.upg-ploiesti.ro\/wp-content\/uploads\/2024\/08\/rad-265x300.jpg 265w, https:\/\/www.upg-ploiesti.ro\/wp-content\/uploads\/2024\/08\/rad-904x1024.jpg 904w, https:\/\/www.upg-ploiesti.ro\/wp-content\/uploads\/2024\/08\/rad-768x870.jpg 768w, https:\/\/www.upg-ploiesti.ro\/wp-content\/uploads\/2024\/08\/rad-1355x1536.jpg 1355w\" sizes=\"(max-width: 1500px) 100vw, 1500px\" \/><\/div><div class=\"wpr-timeline-content-wrapper\"><div class=\"wpr-content-wrapper\"><div class=\"wpr-title-wrap\"><span class=\"wpr-title\">R\u0103dulescu Irina Gabriela<\/span><\/div><div class=\"wpr-description\"><p class=\"team-name\">PROF. UNIV. DR. - DECAN FACULTATEA DE \u015eTIIN\u0162E ECONOMICE<\/p><\/div><\/div><\/div><\/div>\n\t\t\t\t\t\t<\/div>\n\t\t\t\t<\/article><article class=\"wpr-timeline-entry wpr-left-aligned elementor-repeater-item-7653aa5\" data-item-id=\"elementor-repeater-item-7653aa5\"><div class=\"wpr-timeline-entry-inner\"><div class=\"wpr-main-line-icon wpr-icon\"><\/div><div class=\"wpr-story-info-vertical wpr-data-wrap \"  data-aos=\"fade\" data-aos-left=\"\" data-aos-right=\"\" data-animation-offset=\"150\" data-animation-duration=\"600\"><div class=\"wpr-animation-wrap wpr-timeline-media\"><img loading=\"lazy\" decoding=\"async\" width=\"1500\" height=\"1700\" src=\"https:\/\/www.upg-ploiesti.ro\/wp-content\/uploads\/2024\/08\/ing-2.0.jpg\" class=\"attachment-full size-full\" alt=\"\" srcset=\"https:\/\/www.upg-ploiesti.ro\/wp-content\/uploads\/2024\/08\/ing-2.0.jpg 1500w, https:\/\/www.upg-ploiesti.ro\/wp-content\/uploads\/2024\/08\/ing-2.0-265x300.jpg 265w, https:\/\/www.upg-ploiesti.ro\/wp-content\/uploads\/2024\/08\/ing-2.0-904x1024.jpg 904w, https:\/\/www.upg-ploiesti.ro\/wp-content\/uploads\/2024\/08\/ing-2.0-768x870.jpg 768w, https:\/\/www.upg-ploiesti.ro\/wp-content\/uploads\/2024\/08\/ing-2.0-1355x1536.jpg 1355w\" sizes=\"(max-width: 1500px) 100vw, 1500px\" \/><\/div><div class=\"wpr-timeline-content-wrapper\"><div class=\"wpr-content-wrapper\"><div class=\"wpr-title-wrap\"><span class=\"wpr-title\">Echim-Vernescu Ingrid<\/span><\/div><div class=\"wpr-description\"><p>Student<\/p><\/div><\/div><\/div><\/div>\n\t\t\t\t\t\t<\/div>\n\t\t\t\t<\/article><\/div>    \n\t\t\t<\/div>\t\t\t\t<\/div>\n\t\t\t\t<\/div>\n\t\t\t\t\t<\/div>\n\t\t\t\t<\/div>\n\t\t\t\t<\/div>\n\t\t","protected":false},"excerpt":{"rendered":"<p>Hot\u0103r\u00e2ri ale consiliului de administra\u021bie Alin Dini\u021b\u0103 CONF. UNIV. DR. ING. &#8211; Rector Popovici Daniela Roxana PROF. UNIV. HABIL. DR. ING. &#8211; Prorector Brezoi Alina Gabriela CONF. UNIV. DR.- Prorector Dr\u0103gan \u0218tefan EC. &#8211; Director General Administrativ R\u00eepeanu R\u0103zvan George PROF. UNIV. HABIL. DR. ING. &#8211; Director CSUD Eparu Cristian Nicolae PROF. UNIV. HABIL. DR. ING. &#8211; DECAN FACULTATEA DE INGINERIA PETROLULUI \u015eI GAZELOR B\u0103dicioiu Marius CONF. UNIV. DR. ING. &#8211; DECAN FACULTATEA DE INGINERIE MECANIC\u0102 \u015eI ELECTRIC\u0102 Du\u0219escu-Vasile Cristina Maria CONF. UNIV. DR. ING. &#8211; DECAN FACULTATEA DE TEHNOLOGIA PETROLULUI \u015eI PETROCHIMIE Mihaela Suditu PROF. UNIV. DR. &#8211; DECAN FACLUTATEA DE LITERE \u015eI \u015eTIIN\u0162E R\u0103dulescu Irina Gabriela PROF. UNIV. DR. &#8211; DECAN FACULTATEA DE \u015eTIIN\u0162E ECONOMICE Echim-Vernescu Ingrid Student<\/p>\n","protected":false},"author":1,"featured_media":0,"parent":0,"menu_order":0,"comment_status":"closed","ping_status":"closed","template":"","meta":{"_monsterinsights_skip_tracking":false,"_monsterinsights_sitenote_active":false,"_monsterinsights_sitenote_note":"","_monsterinsights_sitenote_category":0,"footnotes":""},"class_list":["post-4706","page","type-page","status-publish","hentry"],"_links":{"self":[{"href":"https:\/\/www.upg-ploiesti.ro\/index.php\/wp-json\/wp\/v2\/pages\/4706","targetHints":{"allow":["GET"]}}],"collection":[{"href":"https:\/\/www.upg-ploiesti.ro\/index.php\/wp-json\/wp\/v2\/pages"}],"about":[{"href":"https:\/\/www.upg-ploiesti.ro\/index.php\/wp-json\/wp\/v2\/types\/page"}],"author":[{"embeddable":true,"href":"https:\/\/www.upg-ploiesti.ro\/index.php\/wp-json\/wp\/v2\/users\/1"}],"replies":[{"embeddable":true,"href":"https:\/\/www.upg-ploiesti.ro\/index.php\/wp-json\/wp\/v2\/comments?post=4706"}],"version-history":[{"count":35,"href":"https:\/\/www.upg-ploiesti.ro\/index.php\/wp-json\/wp\/v2\/pages\/4706\/revisions"}],"predecessor-version":[{"id":15868,"href":"https:\/\/www.upg-ploiesti.ro\/index.php\/wp-json\/wp\/v2\/pages\/4706\/revisions\/15868"}],"wp:attachment":[{"href":"https:\/\/www.upg-ploiesti.ro\/index.php\/wp-json\/wp\/v2\/media?parent=4706"}],"curies":[{"name":"wp","href":"https:\/\/api.w.org\/{rel}","templated":true}]}}