{"id":4714,"date":"2024-08-08T08:59:42","date_gmt":"2024-08-08T08:59:42","guid":{"rendered":"https:\/\/www.upg-ploiesti.ro\/?page_id=4714"},"modified":"2024-12-03T08:49:06","modified_gmt":"2024-12-03T08:49:06","slug":"organizarea-universitatii","status":"publish","type":"page","link":"https:\/\/www.upg-ploiesti.ro\/index.php\/organizarea-universitatii\/","title":{"rendered":"Organizare"},"content":{"rendered":"\t\t<div data-elementor-type=\"wp-page\" data-elementor-id=\"4714\" class=\"elementor elementor-4714\">\n\t\t\t\t<div class=\"elementor-element elementor-element-e7d6c4d e-grid e-con-boxed wpr-particle-no wpr-jarallax-no wpr-parallax-no wpr-sticky-section-no wpr-equal-height-no e-con e-parent\" data-id=\"e7d6c4d\" data-element_type=\"container\" data-e-type=\"container\">\n\t\t\t\t\t<div class=\"e-con-inner\">\n\t\t<div class=\"elementor-element elementor-element-bebf12a e-con-full e-flex wpr-particle-no wpr-jarallax-no wpr-parallax-no wpr-sticky-section-no wpr-equal-height-no e-con e-child\" data-id=\"bebf12a\" data-element_type=\"container\" data-e-type=\"container\">\n\t\t\t\t<div class=\"elementor-element elementor-element-0ea4978 elementor-widget elementor-widget-text-editor\" data-id=\"0ea4978\" data-element_type=\"widget\" data-e-type=\"widget\" data-widget_type=\"text-editor.default\">\n\t\t\t\t<div class=\"elementor-widget-container\">\n\t\t\t\t\t\t\t\t\t<div class=\"title\"><h2>Biblioteca<\/h2><\/div><div class=\"desc\"><p style=\"text-indent: 25px;\">Biblioteca Universit\u0103\u0163ii Petrol \u2013 Gaze din Ploie\u015fti a luat fiin\u0163\u0103 \u00een anul 1948 odat\u0103 cu apari\u0163ia Institutului de Petrol, Gaze \u015fi Geologie din Bucure\u015fti. Din anul 1967 Biblioteca func\u0163ioneaz\u0103 la Ploie\u015fti unde s-a mutat odat\u0103 cu prima facultate transferat\u0103 din Bucure\u015fti.<\/p><\/div>\t\t\t\t\t\t\t\t<\/div>\n\t\t\t\t<\/div>\n\t\t\t\t<div class=\"elementor-element elementor-element-ed9763e elementor-align-center elementor-widget elementor-widget-ibutton\" data-id=\"ed9763e\" data-element_type=\"widget\" data-e-type=\"widget\" data-widget_type=\"ibutton.default\">\n\t\t\t\t<div class=\"elementor-widget-container\">\n\t\t\t\t\t\t\t<div class=\"ot-button\">\r\n\t\t\t<a href=\"http:\/\/www.upg-ploiesti.ro\/index.php\/biblioteca\/\" class=\"octf-btn octf-btn-dark\">Detalii<\/a>\r\n\t    <\/div>\r\n\t    \t\t\t\t<\/div>\n\t\t\t\t<\/div>\n\t\t\t\t<\/div>\n\t\t\t\t<div class=\"elementor-element elementor-element-16398ff elementor-widget elementor-widget-image\" data-id=\"16398ff\" data-element_type=\"widget\" data-e-type=\"widget\" data-widget_type=\"image.default\">\n\t\t\t\t<div class=\"elementor-widget-container\">\n\t\t\t\t\t\t\t\t\t\t\t\t\t\t\t<img fetchpriority=\"high\" decoding=\"async\" width=\"1440\" height=\"720\" src=\"https:\/\/www.upg-ploiesti.ro\/wp-content\/uploads\/2024\/11\/education-learning-concept-with-opening-book-textbook-old-library-1440x720.jpg\" class=\"attachment-theratio-portfolio-thumbnail-gridx2 size-theratio-portfolio-thumbnail-gridx2 wp-image-11067\" alt=\"\" \/>\t\t\t\t\t\t\t\t\t\t\t\t\t\t\t<\/div>\n\t\t\t\t<\/div>\n\t\t\t\t\t<\/div>\n\t\t\t\t<\/div>\n\t\t<div class=\"elementor-element elementor-element-6e54a0e e-flex e-con-boxed wpr-particle-no wpr-jarallax-no wpr-parallax-no wpr-sticky-section-no wpr-equal-height-no e-con e-parent\" data-id=\"6e54a0e\" data-element_type=\"container\" data-e-type=\"container\">\n\t\t\t\t\t<div class=\"e-con-inner\">\n\t\t\t\t<div class=\"elementor-element elementor-element-fd25315 elementor-widget elementor-widget-spacer\" data-id=\"fd25315\" data-element_type=\"widget\" data-e-type=\"widget\" data-widget_type=\"spacer.default\">\n\t\t\t\t<div class=\"elementor-widget-container\">\n\t\t\t\t\t\t\t<div class=\"elementor-spacer\">\n\t\t\t<div class=\"elementor-spacer-inner\"><\/div>\n\t\t<\/div>\n\t\t\t\t\t\t<\/div>\n\t\t\t\t<\/div>\n\t\t\t\t\t<\/div>\n\t\t\t\t<\/div>\n\t\t<div class=\"elementor-element elementor-element-adcf6a0 e-grid e-con-boxed wpr-particle-no wpr-jarallax-no wpr-parallax-no wpr-sticky-section-no wpr-equal-height-no e-con e-parent\" data-id=\"adcf6a0\" data-element_type=\"container\" data-e-type=\"container\">\n\t\t\t\t\t<div class=\"e-con-inner\">\n\t\t\t\t<div class=\"elementor-element elementor-element-06762df elementor-widget elementor-widget-image\" data-id=\"06762df\" data-element_type=\"widget\" data-e-type=\"widget\" data-widget_type=\"image.default\">\n\t\t\t\t<div class=\"elementor-widget-container\">\n\t\t\t\t\t\t\t\t\t\t\t\t\t\t\t<img decoding=\"async\" width=\"1024\" height=\"576\" src=\"https:\/\/www.upg-ploiesti.ro\/wp-content\/uploads\/2024\/09\/calculator-top-bills-with-copy-space-scaled-1024x576.jpg\" class=\"attachment-large size-large wp-image-6147\" alt=\"\" srcset=\"https:\/\/www.upg-ploiesti.ro\/wp-content\/uploads\/2024\/09\/calculator-top-bills-with-copy-space-scaled-1024x576.jpg 1024w, https:\/\/www.upg-ploiesti.ro\/wp-content\/uploads\/2024\/09\/calculator-top-bills-with-copy-space-scaled-300x169.jpg 300w, https:\/\/www.upg-ploiesti.ro\/wp-content\/uploads\/2024\/09\/calculator-top-bills-with-copy-space-scaled-768x432.jpg 768w, https:\/\/www.upg-ploiesti.ro\/wp-content\/uploads\/2024\/09\/calculator-top-bills-with-copy-space-scaled-1536x864.jpg 1536w, https:\/\/www.upg-ploiesti.ro\/wp-content\/uploads\/2024\/09\/calculator-top-bills-with-copy-space-scaled-2048x1152.jpg 2048w\" sizes=\"(max-width: 1024px) 100vw, 1024px\" \/>\t\t\t\t\t\t\t\t\t\t\t\t\t\t\t<\/div>\n\t\t\t\t<\/div>\n\t\t<div class=\"elementor-element elementor-element-57947e4 e-con-full e-flex wpr-particle-no wpr-jarallax-no wpr-parallax-no wpr-sticky-section-no wpr-equal-height-no e-con e-child\" data-id=\"57947e4\" data-element_type=\"container\" data-e-type=\"container\">\n\t\t\t\t<div class=\"elementor-element elementor-element-38cd018 elementor-widget elementor-widget-text-editor\" data-id=\"38cd018\" data-element_type=\"widget\" data-e-type=\"widget\" data-widget_type=\"text-editor.default\">\n\t\t\t\t<div class=\"elementor-widget-container\">\n\t\t\t\t\t\t\t\t\t<div class=\"title\"><h2>Birou Achizitii, Servicii, Lucrari, Produse<\/h2><\/div><div class=\"desc\"><p>\u00a0<\/p><p style=\"text-indent: 25px;\">Biroul Achizi\u021bii\u00a0elaboreaz\u0103 \u0219i actualizeaz\u0103, pe baza necesit\u0103\u0163ilor transmise de celelalte compartimente, strategia de contractare \u015fi \u00a0programul anual al achizi\u0163iilor publice.<\/p><\/div>\t\t\t\t\t\t\t\t<\/div>\n\t\t\t\t<\/div>\n\t\t\t\t<div class=\"elementor-element elementor-element-74e6b03 elementor-align-center elementor-widget elementor-widget-ibutton\" data-id=\"74e6b03\" data-element_type=\"widget\" data-e-type=\"widget\" data-widget_type=\"ibutton.default\">\n\t\t\t\t<div class=\"elementor-widget-container\">\n\t\t\t\t\t\t\t<div class=\"ot-button\">\r\n\t\t\t<a href=\"http:\/\/www.upg-ploiesti.ro\/index.php\/achizitii-publice\/\" class=\"octf-btn octf-btn-dark\">Detalii<\/a>\r\n\t    <\/div>\r\n\t    \t\t\t\t<\/div>\n\t\t\t\t<\/div>\n\t\t\t\t<\/div>\n\t\t\t\t\t<\/div>\n\t\t\t\t<\/div>\n\t\t<div class=\"elementor-element elementor-element-df5ee1c e-flex e-con-boxed wpr-particle-no wpr-jarallax-no wpr-parallax-no wpr-sticky-section-no wpr-equal-height-no e-con e-parent\" data-id=\"df5ee1c\" data-element_type=\"container\" data-e-type=\"container\">\n\t\t\t\t\t<div class=\"e-con-inner\">\n\t\t\t\t<div class=\"elementor-element elementor-element-759a71e elementor-widget elementor-widget-spacer\" data-id=\"759a71e\" data-element_type=\"widget\" data-e-type=\"widget\" data-widget_type=\"spacer.default\">\n\t\t\t\t<div class=\"elementor-widget-container\">\n\t\t\t\t\t\t\t<div class=\"elementor-spacer\">\n\t\t\t<div class=\"elementor-spacer-inner\"><\/div>\n\t\t<\/div>\n\t\t\t\t\t\t<\/div>\n\t\t\t\t<\/div>\n\t\t\t\t\t<\/div>\n\t\t\t\t<\/div>\n\t\t<div class=\"elementor-element elementor-element-463e8b5 e-grid e-con-boxed wpr-particle-no wpr-jarallax-no wpr-parallax-no wpr-sticky-section-no wpr-equal-height-no e-con e-parent\" data-id=\"463e8b5\" data-element_type=\"container\" data-e-type=\"container\">\n\t\t\t\t\t<div class=\"e-con-inner\">\n\t\t<div class=\"elementor-element elementor-element-264985c e-con-full e-flex wpr-particle-no wpr-jarallax-no wpr-parallax-no wpr-sticky-section-no wpr-equal-height-no e-con e-child\" data-id=\"264985c\" data-element_type=\"container\" data-e-type=\"container\">\n\t\t<div class=\"elementor-element elementor-element-5046605 e-con-full e-flex wpr-particle-no wpr-jarallax-no wpr-parallax-no wpr-sticky-section-no wpr-equal-height-no e-con e-child\" data-id=\"5046605\" data-element_type=\"container\" data-e-type=\"container\">\n\t\t\t\t<div class=\"elementor-element elementor-element-e6fc13c elementor-widget elementor-widget-text-editor\" data-id=\"e6fc13c\" data-element_type=\"widget\" data-e-type=\"widget\" data-widget_type=\"text-editor.default\">\n\t\t\t\t<div class=\"elementor-widget-container\">\n\t\t\t\t\t\t\t\t\t<div class=\"title\">\n<h2>Biroul Tehnologia Informatiei si Comunicatii<\/h2>\n<\/div>\n<div class=\"desc\">\n<div class=\"widget gsc-box-info content-align-left\">\n<div class=\"clearfix\">\n<div class=\"content text-dark\">\n<div class=\"content-inner\">\n<div class=\"desc\"><p style=\"text-indent: 25px;\"> Biroul Tehnologia Informa\u0163iei \u015fi Comunica\u0163iiare are ca scop dezvoltarea \u015fi administrarea re\u0163elei de calculatoare a Universit\u0103\u0163ii. Prin intermediul re\u0163elei se asigur\u0103 accesul la resurse informatice pentru personalul didactic, administrativ \u015fi pentru studen\u0163i.<\/div>\n<\/div>\n<\/div>\n<\/div>\n<\/div>\n<\/div>\t\t\t\t\t\t\t\t<\/div>\n\t\t\t\t<\/div>\n\t\t\t\t<\/div>\n\t\t\t\t<div class=\"elementor-element elementor-element-c7f8ece elementor-align-center elementor-widget elementor-widget-ibutton\" data-id=\"c7f8ece\" data-element_type=\"widget\" data-e-type=\"widget\" data-widget_type=\"ibutton.default\">\n\t\t\t\t<div class=\"elementor-widget-container\">\n\t\t\t\t\t\t\t<div class=\"ot-button\">\r\n\t\t\t<a href=\"https:\/\/dtic.upg-ploiesti.ro\/\" class=\"octf-btn octf-btn-dark\">Detalii<\/a>\r\n\t    <\/div>\r\n\t    \t\t\t\t<\/div>\n\t\t\t\t<\/div>\n\t\t\t\t<\/div>\n\t\t\t\t<div class=\"elementor-element elementor-element-c93556c elementor-widget elementor-widget-image\" data-id=\"c93556c\" data-element_type=\"widget\" data-e-type=\"widget\" data-widget_type=\"image.default\">\n\t\t\t\t<div class=\"elementor-widget-container\">\n\t\t\t\t\t\t\t\t\t\t\t\t\t\t\t<img decoding=\"async\" width=\"579\" height=\"309\" src=\"https:\/\/www.upg-ploiesti.ro\/wp-content\/uploads\/2024\/11\/Untitled.png\" class=\"attachment-theratio-portfolio-thumbnail-gridx2 size-theratio-portfolio-thumbnail-gridx2 wp-image-11080\" alt=\"\" srcset=\"https:\/\/www.upg-ploiesti.ro\/wp-content\/uploads\/2024\/11\/Untitled.png 579w, https:\/\/www.upg-ploiesti.ro\/wp-content\/uploads\/2024\/11\/Untitled-300x160.png 300w\" sizes=\"(max-width: 579px) 100vw, 579px\" \/>\t\t\t\t\t\t\t\t\t\t\t\t\t\t\t<\/div>\n\t\t\t\t<\/div>\n\t\t\t\t\t<\/div>\n\t\t\t\t<\/div>\n\t\t\t\t<\/div>\n\t\t","protected":false},"excerpt":{"rendered":"<p>Biblioteca Biblioteca Universit\u0103\u0163ii Petrol \u2013 Gaze din Ploie\u015fti a luat fiin\u0163\u0103 \u00een anul 1948 odat\u0103 cu apari\u0163ia Institutului de Petrol, Gaze \u015fi Geologie din Bucure\u015fti. Din anul 1967 Biblioteca func\u0163ioneaz\u0103 la Ploie\u015fti unde s-a mutat odat\u0103 cu prima facultate transferat\u0103 din Bucure\u015fti. Detalii Birou Achizitii, Servicii, Lucrari, Produse \u00a0 Biroul Achizi\u021bii\u00a0elaboreaz\u0103 \u0219i actualizeaz\u0103, pe baza necesit\u0103\u0163ilor transmise de celelalte compartimente, strategia de contractare \u015fi \u00a0programul anual al achizi\u0163iilor publice. Detalii Biroul Tehnologia Informatiei si Comunicatii Biroul Tehnologia Informa\u0163iei \u015fi Comunica\u0163iiare are ca scop dezvoltarea \u015fi administrarea re\u0163elei de calculatoare a Universit\u0103\u0163ii. Prin intermediul re\u0163elei se asigur\u0103 accesul la resurse informatice pentru personalul didactic, administrativ \u015fi pentru studen\u0163i. Detalii<\/p>\n","protected":false},"author":1,"featured_media":0,"parent":0,"menu_order":0,"comment_status":"closed","ping_status":"closed","template":"","meta":{"_monsterinsights_skip_tracking":false,"_monsterinsights_sitenote_active":false,"_monsterinsights_sitenote_note":"","_monsterinsights_sitenote_category":0,"footnotes":""},"class_list":["post-4714","page","type-page","status-publish","hentry"],"_links":{"self":[{"href":"https:\/\/www.upg-ploiesti.ro\/index.php\/wp-json\/wp\/v2\/pages\/4714","targetHints":{"allow":["GET"]}}],"collection":[{"href":"https:\/\/www.upg-ploiesti.ro\/index.php\/wp-json\/wp\/v2\/pages"}],"about":[{"href":"https:\/\/www.upg-ploiesti.ro\/index.php\/wp-json\/wp\/v2\/types\/page"}],"author":[{"embeddable":true,"href":"https:\/\/www.upg-ploiesti.ro\/index.php\/wp-json\/wp\/v2\/users\/1"}],"replies":[{"embeddable":true,"href":"https:\/\/www.upg-ploiesti.ro\/index.php\/wp-json\/wp\/v2\/comments?post=4714"}],"version-history":[{"count":18,"href":"https:\/\/www.upg-ploiesti.ro\/index.php\/wp-json\/wp\/v2\/pages\/4714\/revisions"}],"predecessor-version":[{"id":12032,"href":"https:\/\/www.upg-ploiesti.ro\/index.php\/wp-json\/wp\/v2\/pages\/4714\/revisions\/12032"}],"wp:attachment":[{"href":"https:\/\/www.upg-ploiesti.ro\/index.php\/wp-json\/wp\/v2\/media?parent=4714"}],"curies":[{"name":"wp","href":"https:\/\/api.w.org\/{rel}","templated":true}]}}