{"id":4726,"date":"2024-08-08T09:02:19","date_gmt":"2024-08-08T09:02:19","guid":{"rendered":"https:\/\/www.upg-ploiesti.ro\/?page_id=4726"},"modified":"2025-03-31T11:08:48","modified_gmt":"2025-03-31T11:08:48","slug":"plan-strategic","status":"publish","type":"page","link":"https:\/\/www.upg-ploiesti.ro\/index.php\/plan-strategic\/","title":{"rendered":"Plan strategic"},"content":{"rendered":"\t\t<div data-elementor-type=\"wp-page\" data-elementor-id=\"4726\" class=\"elementor elementor-4726\">\n\t\t\t\t<div class=\"elementor-element elementor-element-149ecb9 e-flex e-con-boxed wpr-particle-no wpr-jarallax-no wpr-parallax-no wpr-sticky-section-no wpr-equal-height-no e-con e-parent\" data-id=\"149ecb9\" data-element_type=\"container\" data-e-type=\"container\">\n\t\t\t\t\t<div class=\"e-con-inner\">\n\t\t\t\t<div class=\"elementor-element elementor-element-c4668ae elementor-widget elementor-widget-spacer\" data-id=\"c4668ae\" data-element_type=\"widget\" data-e-type=\"widget\" data-widget_type=\"spacer.default\">\n\t\t\t\t<div class=\"elementor-widget-container\">\n\t\t\t\t\t\t\t<div class=\"elementor-spacer\">\n\t\t\t<div class=\"elementor-spacer-inner\"><\/div>\n\t\t<\/div>\n\t\t\t\t\t\t<\/div>\n\t\t\t\t<\/div>\n\t\t\t\t<div class=\"elementor-element elementor-element-cec929d elementor-widget elementor-widget-text-editor\" data-id=\"cec929d\" data-element_type=\"widget\" data-e-type=\"widget\" data-widget_type=\"text-editor.default\">\n\t\t\t\t<div class=\"elementor-widget-container\">\n\t\t\t\t\t\t\t\t\t<p><span style=\"color: #000000;\">Planul strategic al Universit\u0103\u0163ii PETROL-GAZE din Ploie\u015fti stabile\u015fte principalele direc\u0163ii de dezvoltare institu\u0163ional\u0103, ac\u0163iunile \u015fi m\u0103surile care vor fi intreprinse, menite s\u0103 conduc\u0103 la o desf\u0103\u015furare corespunz\u0103toare a activit\u0103\u0163ii academice, administrativ-financiare \u015fi sociale din universitate. Planul strategic se alc\u0103tuie\u015fte \u00een concordan\u0163\u0103 cu Strategia na\u0163ional\u0103 pe termen mediu \u015fi lung a Rom\u00e2niei \u00een domeniul educa\u0163iei.<\/span><\/p><p><span style=\"color: #000000;\">Planul strategic al Universit\u0103\u0163ii Petrol-Gaze din Ploie\u015fti se elaboreaz\u0103 pentru perioade de 4 ani, \u00een armonie cu planurile strategice ale facult\u0103\u0163ilor.<\/span><\/p><ul><li><span style=\"color: #3366ff;\"><a style=\"color: #3366ff;\" href=\"http:\/\/www.upg-ploiesti.ro\/wp-content\/uploads\/2025\/03\/Plan-Strategic-2024-2029.pdf\">Plan strategic 2024 &#8211; 2029<\/a><\/span><\/li><li><span style=\"color: #3366ff;\"><a style=\"color: #3366ff;\" href=\"http:\/\/www.upg-ploiesti.ro\/wp-content\/uploads\/2025\/03\/Plan-strategic-2020-2024.pdf\">Plan strategic 2020 &#8211; 2024<\/a><\/span><\/li><li><span style=\"color: #3366ff;\"><a style=\"color: #3366ff;\" href=\"http:\/\/www.upg-ploiesti.ro\/wp-content\/uploads\/2025\/03\/Plan_strategic_2016-2020.pdf\">Plan strategic 2016 &#8211; 2020<\/a><\/span><\/li><li><span style=\"color: #3366ff;\"><a style=\"color: #3366ff;\" href=\"http:\/\/www.upg-ploiesti.ro\/wp-content\/uploads\/2025\/03\/plan_strategic_2012_2016_1364305032.pdf\">Plan strategic 2012 &#8211; 2016<\/a><\/span><\/li><li><span style=\"color: #3366ff;\"><a style=\"color: #3366ff;\" href=\"http:\/\/www.upg-ploiesti.ro\/wp-content\/uploads\/2025\/03\/plan_strategic_2007_2011_1309779132.pdf\">Plan strategic 2007-2011<\/a><\/span><\/li><\/ul>\t\t\t\t\t\t\t\t<\/div>\n\t\t\t\t<\/div>\n\t\t\t\t\t<\/div>\n\t\t\t\t<\/div>\n\t\t\t\t<\/div>\n\t\t","protected":false},"excerpt":{"rendered":"<p>Planul strategic al Universit\u0103\u0163ii PETROL-GAZE din Ploie\u015fti stabile\u015fte principalele direc\u0163ii de dezvoltare institu\u0163ional\u0103, ac\u0163iunile \u015fi m\u0103surile care vor fi intreprinse, menite s\u0103 conduc\u0103 la o desf\u0103\u015furare corespunz\u0103toare a activit\u0103\u0163ii academice, administrativ-financiare \u015fi sociale din universitate. Planul strategic se alc\u0103tuie\u015fte \u00een concordan\u0163\u0103 cu Strategia na\u0163ional\u0103 pe termen mediu \u015fi lung a Rom\u00e2niei \u00een domeniul educa\u0163iei. Planul strategic al Universit\u0103\u0163ii Petrol-Gaze din Ploie\u015fti se elaboreaz\u0103 pentru perioade de 4 ani, \u00een armonie cu planurile strategice ale facult\u0103\u0163ilor. Plan strategic 2024 &#8211; 2029 Plan strategic 2020 &#8211; 2024 Plan strategic 2016 &#8211; 2020 Plan strategic 2012 &#8211; 2016 Plan strategic 2007-2011<\/p>\n","protected":false},"author":1,"featured_media":0,"parent":0,"menu_order":0,"comment_status":"closed","ping_status":"closed","template":"","meta":{"_monsterinsights_skip_tracking":false,"_monsterinsights_sitenote_active":false,"_monsterinsights_sitenote_note":"","_monsterinsights_sitenote_category":0,"footnotes":""},"class_list":["post-4726","page","type-page","status-publish","hentry"],"_links":{"self":[{"href":"https:\/\/www.upg-ploiesti.ro\/index.php\/wp-json\/wp\/v2\/pages\/4726","targetHints":{"allow":["GET"]}}],"collection":[{"href":"https:\/\/www.upg-ploiesti.ro\/index.php\/wp-json\/wp\/v2\/pages"}],"about":[{"href":"https:\/\/www.upg-ploiesti.ro\/index.php\/wp-json\/wp\/v2\/types\/page"}],"author":[{"embeddable":true,"href":"https:\/\/www.upg-ploiesti.ro\/index.php\/wp-json\/wp\/v2\/users\/1"}],"replies":[{"embeddable":true,"href":"https:\/\/www.upg-ploiesti.ro\/index.php\/wp-json\/wp\/v2\/comments?post=4726"}],"version-history":[{"count":11,"href":"https:\/\/www.upg-ploiesti.ro\/index.php\/wp-json\/wp\/v2\/pages\/4726\/revisions"}],"predecessor-version":[{"id":12408,"href":"https:\/\/www.upg-ploiesti.ro\/index.php\/wp-json\/wp\/v2\/pages\/4726\/revisions\/12408"}],"wp:attachment":[{"href":"https:\/\/www.upg-ploiesti.ro\/index.php\/wp-json\/wp\/v2\/media?parent=4726"}],"curies":[{"name":"wp","href":"https:\/\/api.w.org\/{rel}","templated":true}]}}