{"id":4763,"date":"2024-08-08T09:25:28","date_gmt":"2024-08-08T09:25:28","guid":{"rendered":"https:\/\/www.upg-ploiesti.ro\/?page_id=4763"},"modified":"2025-09-02T08:56:56","modified_gmt":"2025-09-02T08:56:56","slug":"certificatul-iso-9001-al-upg","status":"publish","type":"page","link":"https:\/\/www.upg-ploiesti.ro\/index.php\/certificatul-iso-9001-al-upg\/","title":{"rendered":"CERTIFICATUL ISO 9001 AL UPG"},"content":{"rendered":"\t\t<div data-elementor-type=\"wp-page\" data-elementor-id=\"4763\" class=\"elementor elementor-4763\">\n\t\t\t\t<div class=\"elementor-element elementor-element-3cb6529 e-flex e-con-boxed wpr-particle-no wpr-jarallax-no wpr-parallax-no wpr-sticky-section-no e-con e-parent\" data-id=\"3cb6529\" data-element_type=\"container\" data-e-type=\"container\">\n\t\t\t\t\t<div class=\"e-con-inner\">\n\t\t\t\t<div class=\"elementor-element elementor-element-a70ca84 elementor-widget elementor-widget-text-editor\" data-id=\"a70ca84\" data-element_type=\"widget\" data-e-type=\"widget\" data-widget_type=\"text-editor.default\">\n\t\t\t\t<div class=\"elementor-widget-container\">\n\t\t\t\t\t\t\t\t\t<p>Certificarea Sistemului de Management al Calit\u0103\u0163ii \u00een conformitate cu standardele interna\u0163ionale ISO 9001:2015\u00a0 acord\u0103 o mai mare \u00eencredere clien\u0163ilor c\u0103 procesele desf\u0103\u015furate \u00een cadrul universit\u0103\u0163ii sunt \u0163inute sub control \u015fi c\u0103 aceste procese sunt \u00eembun\u0103t\u0103\u0163ite continuu \u0163in\u00e2nd cont de cerin\u0163ele legale \u015fi de reglementare impuse \u015fi de criteriile de evaluare impuse de Metodologia ARACIS.<\/p><ul><li><a href=\"https:\/\/www.upg-ploiesti.ro\/wp-content\/uploads\/2025\/09\/Certificat-ISO-9001-2015.pdf\"><span style=\"color: #333399;\">Certificat ISO 9001.2015 UPG.pdf<\/span><\/a><\/li><li><span style=\"color: #333399;\"><a style=\"color: #333399;\" href=\"http:\/\/www.upg-ploiesti.ro\/wp-content\/uploads\/2024\/09\/Marca-certificare-ISO-9001-2015-AEROQ.pdf\">Marca certificare ISO 9001-2015 AEROQ.pdf<\/a><\/span><\/li><\/ul>\t\t\t\t\t\t\t\t<\/div>\n\t\t\t\t<\/div>\n\t\t\t\t<div class=\"elementor-element elementor-element-177262e elementor-widget elementor-widget-image\" data-id=\"177262e\" data-element_type=\"widget\" data-e-type=\"widget\" data-widget_type=\"image.default\">\n\t\t\t\t<div class=\"elementor-widget-container\">\n\t\t\t\t\t\t\t\t\t\t\t\t\t\t\t<img decoding=\"async\" width=\"168\" height=\"167\" src=\"https:\/\/www.upg-ploiesti.ro\/wp-content\/uploads\/2024\/09\/Marca-certificare-ISO-9001-2015-AEROQ.jpg\" class=\"attachment-large size-large wp-image-5819\" alt=\"\" srcset=\"https:\/\/www.upg-ploiesti.ro\/wp-content\/uploads\/2024\/09\/Marca-certificare-ISO-9001-2015-AEROQ.jpg 168w, https:\/\/www.upg-ploiesti.ro\/wp-content\/uploads\/2024\/09\/Marca-certificare-ISO-9001-2015-AEROQ-150x150.jpg 150w\" sizes=\"(max-width: 168px) 100vw, 168px\" \/>\t\t\t\t\t\t\t\t\t\t\t\t\t\t\t<\/div>\n\t\t\t\t<\/div>\n\t\t\t\t\t<\/div>\n\t\t\t\t<\/div>\n\t\t<div class=\"elementor-element elementor-element-cea9d07 e-flex e-con-boxed wpr-particle-no wpr-jarallax-no wpr-parallax-no wpr-sticky-section-no e-con e-parent\" data-id=\"cea9d07\" data-element_type=\"container\" data-e-type=\"container\">\n\t\t\t\t\t<div class=\"e-con-inner\">\n\t\t\t\t<div class=\"elementor-element elementor-element-5216aa6 elementor-widget elementor-widget-spacer\" data-id=\"5216aa6\" data-element_type=\"widget\" data-e-type=\"widget\" data-widget_type=\"spacer.default\">\n\t\t\t\t<div class=\"elementor-widget-container\">\n\t\t\t\t\t\t\t<div class=\"elementor-spacer\">\n\t\t\t<div class=\"elementor-spacer-inner\"><\/div>\n\t\t<\/div>\n\t\t\t\t\t\t<\/div>\n\t\t\t\t<\/div>\n\t\t\t\t\t<\/div>\n\t\t\t\t<\/div>\n\t\t\t\t<\/div>\n\t\t","protected":false},"excerpt":{"rendered":"<p>Certificarea Sistemului de Management al Calit\u0103\u0163ii \u00een conformitate cu standardele interna\u0163ionale ISO 9001:2015\u00a0 acord\u0103 o mai mare \u00eencredere clien\u0163ilor c\u0103 procesele desf\u0103\u015furate \u00een cadrul universit\u0103\u0163ii sunt \u0163inute sub control \u015fi c\u0103 aceste procese sunt \u00eembun\u0103t\u0103\u0163ite continuu \u0163in\u00e2nd cont de cerin\u0163ele legale \u015fi de reglementare impuse \u015fi de criteriile de evaluare impuse de Metodologia ARACIS. Certificat ISO 9001.2015 UPG.pdf Marca certificare ISO 9001-2015 AEROQ.pdf<\/p>\n","protected":false},"author":1,"featured_media":0,"parent":0,"menu_order":0,"comment_status":"closed","ping_status":"closed","template":"","meta":{"_monsterinsights_skip_tracking":false,"_monsterinsights_sitenote_active":false,"_monsterinsights_sitenote_note":"","_monsterinsights_sitenote_category":0,"footnotes":""},"class_list":["post-4763","page","type-page","status-publish","hentry"],"_links":{"self":[{"href":"https:\/\/www.upg-ploiesti.ro\/index.php\/wp-json\/wp\/v2\/pages\/4763","targetHints":{"allow":["GET"]}}],"collection":[{"href":"https:\/\/www.upg-ploiesti.ro\/index.php\/wp-json\/wp\/v2\/pages"}],"about":[{"href":"https:\/\/www.upg-ploiesti.ro\/index.php\/wp-json\/wp\/v2\/types\/page"}],"author":[{"embeddable":true,"href":"https:\/\/www.upg-ploiesti.ro\/index.php\/wp-json\/wp\/v2\/users\/1"}],"replies":[{"embeddable":true,"href":"https:\/\/www.upg-ploiesti.ro\/index.php\/wp-json\/wp\/v2\/comments?post=4763"}],"version-history":[{"count":16,"href":"https:\/\/www.upg-ploiesti.ro\/index.php\/wp-json\/wp\/v2\/pages\/4763\/revisions"}],"predecessor-version":[{"id":14815,"href":"https:\/\/www.upg-ploiesti.ro\/index.php\/wp-json\/wp\/v2\/pages\/4763\/revisions\/14815"}],"wp:attachment":[{"href":"https:\/\/www.upg-ploiesti.ro\/index.php\/wp-json\/wp\/v2\/media?parent=4763"}],"curies":[{"name":"wp","href":"https:\/\/api.w.org\/{rel}","templated":true}]}}