{"id":4765,"date":"2024-08-08T09:25:40","date_gmt":"2024-08-08T09:25:40","guid":{"rendered":"https:\/\/www.upg-ploiesti.ro\/?page_id=4765"},"modified":"2024-11-28T10:32:45","modified_gmt":"2024-11-28T10:32:45","slug":"politica","status":"publish","type":"page","link":"https:\/\/www.upg-ploiesti.ro\/index.php\/politica\/","title":{"rendered":"POLITICA"},"content":{"rendered":"\t\t<div data-elementor-type=\"wp-page\" data-elementor-id=\"4765\" class=\"elementor elementor-4765\">\n\t\t\t\t<div class=\"elementor-element elementor-element-0666d1d e-flex e-con-boxed wpr-particle-no wpr-jarallax-no wpr-parallax-no wpr-sticky-section-no e-con e-parent\" data-id=\"0666d1d\" data-element_type=\"container\" data-e-type=\"container\">\n\t\t\t\t\t<div class=\"e-con-inner\">\n\t\t\t\t<div class=\"elementor-element elementor-element-4eedabb elementor-widget elementor-widget-text-editor\" data-id=\"4eedabb\" data-element_type=\"widget\" data-e-type=\"widget\" data-widget_type=\"text-editor.default\">\n\t\t\t\t<div class=\"elementor-widget-container\">\n\t\t\t\t\t\t\t\t\t<p>Politica \u00een domeniul calit\u0103\u0163ii este o component\u0103 a sistemului de politici al Universit\u0103\u0163ii Petrol-Gaze din Ploie\u015fti \u015fi eviden\u0163iaz\u0103 punctul de vedere al tuturor membrilor organiza\u0163iei asupra calit\u0103\u0163ii.<\/p><ul><li><span style=\"color: #333399;\"><a style=\"color: #333399;\" href=\"http:\/\/www.upg-ploiesti.ro\/wp-content\/uploads\/2024\/09\/POLITICA-IN-DOMENIUL-CALITATII_Ed.8_2023.pdf\">POLITICA IN DOMENIUL CALITATII_Ed.8_2023.pdf<\/a><\/span><\/li><li><span style=\"color: #333399;\"><a style=\"color: #333399;\" href=\"http:\/\/www.upg-ploiesti.ro\/wp-content\/uploads\/2024\/09\/POLITICA_SECURITATE-1.pdf\">Politica securitatii informatice<\/a><\/span><\/li><li><span style=\"color: #333399;\"><a style=\"color: #333399;\" href=\"http:\/\/www.upg-ploiesti.ro\/wp-content\/uploads\/2024\/09\/strategie_internationalizare_varianta-finala.pdf\">STRATEGIA DE INTERNA\u021aIONALIZARE A UNIVERSIT\u0102\u021aII PETROL-GAZE DIN PLOIE\u0218TI<\/a><\/span><\/li><\/ul>\t\t\t\t\t\t\t\t<\/div>\n\t\t\t\t<\/div>\n\t\t\t\t\t<\/div>\n\t\t\t\t<\/div>\n\t\t<div class=\"elementor-element elementor-element-e9ab7e8 e-flex e-con-boxed wpr-particle-no wpr-jarallax-no wpr-parallax-no wpr-sticky-section-no e-con e-parent\" data-id=\"e9ab7e8\" data-element_type=\"container\" data-e-type=\"container\">\n\t\t\t\t\t<div class=\"e-con-inner\">\n\t\t\t\t<div class=\"elementor-element elementor-element-39f85e5 elementor-widget elementor-widget-spacer\" data-id=\"39f85e5\" data-element_type=\"widget\" data-e-type=\"widget\" data-widget_type=\"spacer.default\">\n\t\t\t\t<div class=\"elementor-widget-container\">\n\t\t\t\t\t\t\t<div class=\"elementor-spacer\">\n\t\t\t<div class=\"elementor-spacer-inner\"><\/div>\n\t\t<\/div>\n\t\t\t\t\t\t<\/div>\n\t\t\t\t<\/div>\n\t\t\t\t\t<\/div>\n\t\t\t\t<\/div>\n\t\t\t\t<\/div>\n\t\t","protected":false},"excerpt":{"rendered":"<p>Politica \u00een domeniul calit\u0103\u0163ii este o component\u0103 a sistemului de politici al Universit\u0103\u0163ii Petrol-Gaze din Ploie\u015fti \u015fi eviden\u0163iaz\u0103 punctul de vedere al tuturor membrilor organiza\u0163iei asupra calit\u0103\u0163ii. POLITICA IN DOMENIUL CALITATII_Ed.8_2023.pdf Politica securitatii informatice STRATEGIA DE INTERNA\u021aIONALIZARE A UNIVERSIT\u0102\u021aII PETROL-GAZE DIN PLOIE\u0218TI<\/p>\n","protected":false},"author":1,"featured_media":0,"parent":0,"menu_order":0,"comment_status":"closed","ping_status":"closed","template":"","meta":{"_monsterinsights_skip_tracking":false,"_monsterinsights_sitenote_active":false,"_monsterinsights_sitenote_note":"","_monsterinsights_sitenote_category":0,"footnotes":""},"class_list":["post-4765","page","type-page","status-publish","hentry"],"_links":{"self":[{"href":"https:\/\/www.upg-ploiesti.ro\/index.php\/wp-json\/wp\/v2\/pages\/4765","targetHints":{"allow":["GET"]}}],"collection":[{"href":"https:\/\/www.upg-ploiesti.ro\/index.php\/wp-json\/wp\/v2\/pages"}],"about":[{"href":"https:\/\/www.upg-ploiesti.ro\/index.php\/wp-json\/wp\/v2\/types\/page"}],"author":[{"embeddable":true,"href":"https:\/\/www.upg-ploiesti.ro\/index.php\/wp-json\/wp\/v2\/users\/1"}],"replies":[{"embeddable":true,"href":"https:\/\/www.upg-ploiesti.ro\/index.php\/wp-json\/wp\/v2\/comments?post=4765"}],"version-history":[{"count":7,"href":"https:\/\/www.upg-ploiesti.ro\/index.php\/wp-json\/wp\/v2\/pages\/4765\/revisions"}],"predecessor-version":[{"id":5840,"href":"https:\/\/www.upg-ploiesti.ro\/index.php\/wp-json\/wp\/v2\/pages\/4765\/revisions\/5840"}],"wp:attachment":[{"href":"https:\/\/www.upg-ploiesti.ro\/index.php\/wp-json\/wp\/v2\/media?parent=4765"}],"curies":[{"name":"wp","href":"https:\/\/api.w.org\/{rel}","templated":true}]}}