{"id":4767,"date":"2024-08-08T09:26:25","date_gmt":"2024-08-08T09:26:25","guid":{"rendered":"https:\/\/www.upg-ploiesti.ro\/?page_id=4767"},"modified":"2026-02-04T08:31:09","modified_gmt":"2026-02-04T08:31:09","slug":"serviciul-de-management-al-calitatii-smcu","status":"publish","type":"page","link":"https:\/\/www.upg-ploiesti.ro\/index.php\/serviciul-de-management-al-calitatii-smcu\/","title":{"rendered":"DEPARTAMENTUL DE MANAGEMENT AL CALITATII (DMCU)"},"content":{"rendered":"\t\t<div data-elementor-type=\"wp-page\" data-elementor-id=\"4767\" class=\"elementor elementor-4767\">\n\t\t\t\t<div class=\"elementor-element elementor-element-aa3913b e-flex e-con-boxed wpr-particle-no wpr-jarallax-no wpr-parallax-no wpr-sticky-section-no wpr-equal-height-no e-con e-parent\" data-id=\"aa3913b\" data-element_type=\"container\" data-e-type=\"container\">\n\t\t\t\t\t<div class=\"e-con-inner\">\n\t\t\t\t<div class=\"elementor-element elementor-element-57c0912 elementor-widget elementor-widget-spacer\" data-id=\"57c0912\" data-element_type=\"widget\" data-e-type=\"widget\" data-widget_type=\"spacer.default\">\n\t\t\t\t<div class=\"elementor-widget-container\">\n\t\t\t\t\t\t\t<div class=\"elementor-spacer\">\n\t\t\t<div class=\"elementor-spacer-inner\"><\/div>\n\t\t<\/div>\n\t\t\t\t\t\t<\/div>\n\t\t\t\t<\/div>\n\t\t\t\t<div class=\"elementor-element elementor-element-fd79103 elementor-widget elementor-widget-text-editor\" data-id=\"fd79103\" data-element_type=\"widget\" data-e-type=\"widget\" data-widget_type=\"text-editor.default\">\n\t\t\t\t<div class=\"elementor-widget-container\">\n\t\t\t\t\t\t\t\t\t<div>La nivelul UPG, prin decizie a Rectorului \u015fi cu aprobarea Senatului , au fost \u00eenfiin\u0163ate \u015fi func\u0163ioneaz\u0103 din 2005 urm\u0103toarele structuri organizatorice specifice managementului calit\u0103\u0163ii:<\/div><ul><li>Comisia pentru evaluarea \u015fi asigurarea calit\u0103\u0163ii \u00een UPG din Ploie\u015fti (CEACU),<\/li><li>Departamentul de Management al Calit\u0103\u0163ii (DMCU).<\/li><li>Comisia de Monitorizare Interna (CMI)<\/li><\/ul><ul><li style=\"list-style-type: none;\"><ul><li><span style=\"color: #3366ff;\"><a style=\"color: #3366ff;\" href=\"https:\/\/www.upg-ploiesti.ro\/wp-content\/uploads\/2026\/02\/PROGRAM-AUDITURI-INTERNE-2026.pdf\">PROGRAM AUDITURI INTERNE 2026<\/a><\/span><\/li><li><span style=\"color: #3366ff;\"><a style=\"color: #3366ff;\" href=\"https:\/\/www.upg-ploiesti.ro\/wp-content\/uploads\/2025\/12\/Program-de-instruire-perfectionare-2026.pdf\">Program de instruire perfectionare 2026<\/a><\/span><\/li><li><span style=\"color: #3366ff;\"><a style=\"color: #3366ff;\" href=\"http:\/\/www.upg-ploiesti.ro\/wp-content\/uploads\/2025\/04\/PROGRAM-AUDITURI-INTERNE-2025.pdf\">PROGRAM AUDITURI INTERNE 2025<\/a><\/span><\/li><li><span style=\"color: #333399;\"><span style=\"color: #3366ff;\"><a style=\"color: #3366ff;\" href=\"http:\/\/www.upg-ploiesti.ro\/wp-content\/uploads\/2025\/04\/Program-anual-de-instruire-perfectionare-2025.pdf\">Program anual de instruire-perfectionare 2025<\/a><\/span><\/span><\/li><li><span style=\"color: #3366ff;\"><a style=\"color: #3366ff;\" href=\"http:\/\/www.upg-ploiesti.ro\/wp-content\/uploads\/2025\/04\/PROGRAM-AUDITURI-INTERNE-2024.pdf\">PROGRAM AUDITURI INTERNE 2024<\/a><\/span><\/li><li><span style=\"color: #3366ff;\"><a style=\"color: #3366ff;\" href=\"http:\/\/www.upg-ploiesti.ro\/wp-content\/uploads\/2025\/04\/Program-anual-de-instruire_perfectionare-2024.pdf\">Program anual de instruire_perfectionare 2024<\/a><\/span><\/li><li><span style=\"color: #3366ff;\"><a style=\"color: #3366ff;\" href=\"http:\/\/www.upg-ploiesti.ro\/wp-content\/uploads\/2024\/09\/Program-de-audituri-interne-pentru-anul-2023.pdf\">Program de audituri interne pentru anul 2023<\/a><\/span><\/li><li><span style=\"color: #3366ff;\"><a style=\"color: #3366ff;\" href=\"http:\/\/www.upg-ploiesti.ro\/wp-content\/uploads\/2024\/09\/Program-anual-de-instruire_perfectionare-2022-2023.pdf\">Program anual de instruire_perfectionare 2022-2023<\/a><\/span><\/li><li><span style=\"color: #3366ff;\"><a style=\"color: #3366ff;\" href=\"http:\/\/www.upg-ploiesti.ro\/wp-content\/uploads\/2024\/09\/Program-de-audituri-interne-2022.pdf\">Program de audituri interne 2022<\/a><\/span><\/li><li><span style=\"color: #3366ff;\"><a style=\"color: #3366ff;\" href=\"http:\/\/www.upg-ploiesti.ro\/wp-content\/uploads\/2024\/09\/Program-anual-de-instruire_perfectionare-2021-2022.pdf\">Program anual de instruire_perfectionare 2021-2022<\/a><\/span><\/li><li><span style=\"color: #3366ff;\"><a style=\"color: #3366ff;\" href=\"http:\/\/www.upg-ploiesti.ro\/wp-content\/uploads\/2024\/09\/Decizie-numire-AUDITORI-INTERNI.pdf\">Decizie numire AUDITORI INTERNI<\/a><\/span><\/li><\/ul><\/li><\/ul>\t\t\t\t\t\t\t\t<\/div>\n\t\t\t\t<\/div>\n\t\t\t\t<div class=\"elementor-element elementor-element-7e97d79 elementor-widget elementor-widget-spacer\" data-id=\"7e97d79\" data-element_type=\"widget\" data-e-type=\"widget\" data-widget_type=\"spacer.default\">\n\t\t\t\t<div class=\"elementor-widget-container\">\n\t\t\t\t\t\t\t<div class=\"elementor-spacer\">\n\t\t\t<div class=\"elementor-spacer-inner\"><\/div>\n\t\t<\/div>\n\t\t\t\t\t\t<\/div>\n\t\t\t\t<\/div>\n\t\t\t\t\t<\/div>\n\t\t\t\t<\/div>\n\t\t\t\t<\/div>\n\t\t","protected":false},"excerpt":{"rendered":"<p>La nivelul UPG, prin decizie a Rectorului \u015fi cu aprobarea Senatului , au fost \u00eenfiin\u0163ate \u015fi func\u0163ioneaz\u0103 din 2005 urm\u0103toarele structuri organizatorice specifice managementului calit\u0103\u0163ii: Comisia pentru evaluarea \u015fi asigurarea calit\u0103\u0163ii \u00een UPG din Ploie\u015fti (CEACU), Departamentul de Management al Calit\u0103\u0163ii (DMCU). Comisia de Monitorizare Interna (CMI) PROGRAM AUDITURI INTERNE 2026 Program de instruire perfectionare 2026 PROGRAM AUDITURI INTERNE 2025 Program anual de instruire-perfectionare 2025 PROGRAM AUDITURI INTERNE 2024 Program anual de instruire_perfectionare 2024 Program de audituri interne pentru anul 2023 Program anual de instruire_perfectionare 2022-2023 Program de audituri interne 2022 Program anual de instruire_perfectionare 2021-2022 Decizie numire AUDITORI INTERNI<\/p>\n","protected":false},"author":1,"featured_media":0,"parent":0,"menu_order":0,"comment_status":"closed","ping_status":"closed","template":"","meta":{"_monsterinsights_skip_tracking":false,"_monsterinsights_sitenote_active":false,"_monsterinsights_sitenote_note":"","_monsterinsights_sitenote_category":0,"footnotes":""},"class_list":["post-4767","page","type-page","status-publish","hentry"],"_links":{"self":[{"href":"https:\/\/www.upg-ploiesti.ro\/index.php\/wp-json\/wp\/v2\/pages\/4767","targetHints":{"allow":["GET"]}}],"collection":[{"href":"https:\/\/www.upg-ploiesti.ro\/index.php\/wp-json\/wp\/v2\/pages"}],"about":[{"href":"https:\/\/www.upg-ploiesti.ro\/index.php\/wp-json\/wp\/v2\/types\/page"}],"author":[{"embeddable":true,"href":"https:\/\/www.upg-ploiesti.ro\/index.php\/wp-json\/wp\/v2\/users\/1"}],"replies":[{"embeddable":true,"href":"https:\/\/www.upg-ploiesti.ro\/index.php\/wp-json\/wp\/v2\/comments?post=4767"}],"version-history":[{"count":18,"href":"https:\/\/www.upg-ploiesti.ro\/index.php\/wp-json\/wp\/v2\/pages\/4767\/revisions"}],"predecessor-version":[{"id":16452,"href":"https:\/\/www.upg-ploiesti.ro\/index.php\/wp-json\/wp\/v2\/pages\/4767\/revisions\/16452"}],"wp:attachment":[{"href":"https:\/\/www.upg-ploiesti.ro\/index.php\/wp-json\/wp\/v2\/media?parent=4767"}],"curies":[{"name":"wp","href":"https:\/\/api.w.org\/{rel}","templated":true}]}}