{"id":4772,"date":"2024-08-08T09:29:51","date_gmt":"2024-08-08T09:29:51","guid":{"rendered":"https:\/\/www.upg-ploiesti.ro\/?page_id=4772"},"modified":"2025-12-18T07:53:18","modified_gmt":"2025-12-18T07:53:18","slug":"comisia-de-monitorizare-interna-cmi","status":"publish","type":"page","link":"https:\/\/www.upg-ploiesti.ro\/index.php\/comisia-de-monitorizare-interna-cmi\/","title":{"rendered":"COMISIA DE MONITORIZARE INTERNA (CMI)"},"content":{"rendered":"\t\t<div data-elementor-type=\"wp-page\" data-elementor-id=\"4772\" class=\"elementor elementor-4772\">\n\t\t\t\t<div class=\"elementor-element elementor-element-987e433 e-flex e-con-boxed wpr-particle-no wpr-jarallax-no wpr-parallax-no wpr-sticky-section-no wpr-equal-height-no e-con e-parent\" data-id=\"987e433\" data-element_type=\"container\" data-e-type=\"container\">\n\t\t\t\t\t<div class=\"e-con-inner\">\n\t\t\t\t<div class=\"elementor-element elementor-element-0b6fe9e elementor-widget elementor-widget-spacer\" data-id=\"0b6fe9e\" data-element_type=\"widget\" data-e-type=\"widget\" data-widget_type=\"spacer.default\">\n\t\t\t\t<div class=\"elementor-widget-container\">\n\t\t\t\t\t\t\t<div class=\"elementor-spacer\">\n\t\t\t<div class=\"elementor-spacer-inner\"><\/div>\n\t\t<\/div>\n\t\t\t\t\t\t<\/div>\n\t\t\t\t<\/div>\n\t\t\t\t<div class=\"elementor-element elementor-element-8f3dda6 elementor-widget elementor-widget-text-editor\" data-id=\"8f3dda6\" data-element_type=\"widget\" data-e-type=\"widget\" data-widget_type=\"text-editor.default\">\n\t\t\t\t<div class=\"elementor-widget-container\">\n\t\t\t\t\t\t\t\t\t<p>\u00a0 La nivelul UPG, prin decizie a Rectorului \u015fi cu aprobarea Senatului , au fost \u00eenfiin\u0163ate \u015fi func\u0163ioneaz\u0103 din 2005 urm\u0103toarele structuri organizatorice specifice managementului calit\u0103\u0163ii:<\/p><ul><li>Comisia pentru evaluarea \u015fi asigurarea calit\u0103\u0163ii \u00een UPG din Ploie\u015fti (CEACU),<\/li><li>Departamentul de Management al Calit\u0103\u0163ii (DMCU).<\/li><li>Comisia de Monitorizare Interna (CMI)<\/li><\/ul><p><span style=\"color: #333399;\"><a style=\"color: #333399;\" href=\"http:\/\/www.upg-ploiesti.ro\/wp-content\/uploads\/2024\/09\/Decizie-numire-COMISIE-DE-MONITORIZARE-2023.pdf\">Decizie numire COMISIE DE MONITORIZARE 2023<\/a><\/span><\/p>\t\t\t\t\t\t\t\t<\/div>\n\t\t\t\t<\/div>\n\t\t\t\t\t<\/div>\n\t\t\t\t<\/div>\n\t\t\t\t<\/div>\n\t\t","protected":false},"excerpt":{"rendered":"<p>\u00a0 La nivelul UPG, prin decizie a Rectorului \u015fi cu aprobarea Senatului , au fost \u00eenfiin\u0163ate \u015fi func\u0163ioneaz\u0103 din 2005 urm\u0103toarele structuri organizatorice specifice managementului calit\u0103\u0163ii: Comisia pentru evaluarea \u015fi asigurarea calit\u0103\u0163ii \u00een UPG din Ploie\u015fti (CEACU), Departamentul de Management al Calit\u0103\u0163ii (DMCU). Comisia de Monitorizare Interna (CMI) Decizie numire COMISIE DE MONITORIZARE 2023<\/p>\n","protected":false},"author":1,"featured_media":0,"parent":0,"menu_order":0,"comment_status":"closed","ping_status":"closed","template":"","meta":{"_monsterinsights_skip_tracking":false,"_monsterinsights_sitenote_active":false,"_monsterinsights_sitenote_note":"","_monsterinsights_sitenote_category":0,"footnotes":""},"class_list":["post-4772","page","type-page","status-publish","hentry"],"_links":{"self":[{"href":"https:\/\/www.upg-ploiesti.ro\/index.php\/wp-json\/wp\/v2\/pages\/4772","targetHints":{"allow":["GET"]}}],"collection":[{"href":"https:\/\/www.upg-ploiesti.ro\/index.php\/wp-json\/wp\/v2\/pages"}],"about":[{"href":"https:\/\/www.upg-ploiesti.ro\/index.php\/wp-json\/wp\/v2\/types\/page"}],"author":[{"embeddable":true,"href":"https:\/\/www.upg-ploiesti.ro\/index.php\/wp-json\/wp\/v2\/users\/1"}],"replies":[{"embeddable":true,"href":"https:\/\/www.upg-ploiesti.ro\/index.php\/wp-json\/wp\/v2\/comments?post=4772"}],"version-history":[{"count":7,"href":"https:\/\/www.upg-ploiesti.ro\/index.php\/wp-json\/wp\/v2\/pages\/4772\/revisions"}],"predecessor-version":[{"id":16216,"href":"https:\/\/www.upg-ploiesti.ro\/index.php\/wp-json\/wp\/v2\/pages\/4772\/revisions\/16216"}],"wp:attachment":[{"href":"https:\/\/www.upg-ploiesti.ro\/index.php\/wp-json\/wp\/v2\/media?parent=4772"}],"curies":[{"name":"wp","href":"https:\/\/api.w.org\/{rel}","templated":true}]}}