{"id":4776,"date":"2024-08-08T09:30:36","date_gmt":"2024-08-08T09:30:36","guid":{"rendered":"https:\/\/www.upg-ploiesti.ro\/?page_id=4776"},"modified":"2026-02-02T12:34:50","modified_gmt":"2026-02-02T12:34:50","slug":"proceduri-de-sistem","status":"publish","type":"page","link":"https:\/\/www.upg-ploiesti.ro\/index.php\/proceduri-de-sistem\/","title":{"rendered":"PROCEDURI DE SISTEM SI PROCEDURI OPERATIONALE"},"content":{"rendered":"\t\t<div data-elementor-type=\"wp-page\" data-elementor-id=\"4776\" class=\"elementor elementor-4776\">\n\t\t\t\t<div class=\"elementor-element elementor-element-322dac9 e-flex e-con-boxed wpr-particle-no wpr-jarallax-no wpr-parallax-no wpr-sticky-section-no e-con e-parent\" data-id=\"322dac9\" data-element_type=\"container\" data-e-type=\"container\">\n\t\t\t\t\t<div class=\"e-con-inner\">\n\t\t\t\t<div class=\"elementor-element elementor-element-dd1c9bf elementor-widget elementor-widget-spacer\" data-id=\"dd1c9bf\" data-element_type=\"widget\" data-e-type=\"widget\" data-widget_type=\"spacer.default\">\n\t\t\t\t<div class=\"elementor-widget-container\">\n\t\t\t\t\t\t\t<div class=\"elementor-spacer\">\n\t\t\t<div class=\"elementor-spacer-inner\"><\/div>\n\t\t<\/div>\n\t\t\t\t\t\t<\/div>\n\t\t\t\t<\/div>\n\t\t\t\t<div class=\"elementor-element elementor-element-8ddf1b5 elementor-widget elementor-widget-text-editor\" data-id=\"8ddf1b5\" data-element_type=\"widget\" data-e-type=\"widget\" data-widget_type=\"text-editor.default\">\n\t\t\t\t<div class=\"elementor-widget-container\">\n\t\t\t\t\t\t\t\t\t<p>Universitatea Petrol-Gaze din Ploie\u015fti beneficiaz\u0103 de un Sistem de Management al Calit\u0103\u0163ii documentat. Procedurile de sistem \u015fi cele opera\u0163ionale reprezint\u0103 modalit\u0103\u0163ile de desf\u0103\u015furare a activit\u0103\u0163ilor\/proceselor\u00a0specifice organiza\u0163iei.<\/p><ul><li style=\"list-style-type: none;\"><ul><li><span style=\"color: #3366ff;\"><a style=\"color: #3366ff;\" href=\"http:\/\/www.upg-ploiesti.ro\/wp-content\/uploads\/2024\/09\/PS-01.pdf\">PS 01<\/a><\/span><\/li><li><span style=\"color: #3366ff;\"><a style=\"color: #3366ff;\" href=\"http:\/\/www.upg-ploiesti.ro\/wp-content\/uploads\/2024\/09\/3.-PS-02_Audituri-interne-Ed.4.pdf\">PS 02<\/a><\/span><\/li><li><span style=\"color: #3366ff;\"><a style=\"color: #3366ff;\" href=\"http:\/\/www.upg-ploiesti.ro\/wp-content\/uploads\/2024\/09\/PS-03.pdf\">PS 03<\/a><\/span><\/li><li><span style=\"color: #3366ff;\"><a style=\"color: #3366ff;\" href=\"http:\/\/www.upg-ploiesti.ro\/wp-content\/uploads\/2024\/09\/PS-04.pdf\">PS 04<\/a><\/span><\/li><li><span style=\"color: #3366ff;\"><a style=\"color: #3366ff;\" href=\"http:\/\/www.upg-ploiesti.ro\/wp-content\/uploads\/2024\/09\/4.-PS-05_Managementul-riscului-Ed.4.pdf\">PS 05<\/a><\/span><\/li><li><span style=\"color: #3366ff;\"><a style=\"color: #3366ff;\" href=\"http:\/\/www.upg-ploiesti.ro\/wp-content\/uploads\/2024\/09\/PS-06.pdf\">PS 06<\/a><\/span><\/li><\/ul><\/li><\/ul><div><div>\u00a0<\/div><ul><li style=\"list-style-type: none;\"><ul><li><span style=\"color: #3366ff;\"><a style=\"color: #3366ff;\" href=\"https:\/\/www.upg-ploiesti.ro\/wp-content\/uploads\/2026\/02\/Procedura-ALOP_2026-1.pdf\">PO 06-16<\/a><\/span> &#8211; Procedur\u0103 opera\u021bional\u0103 privind Angajarea, Lichidarea, Ordonan\u021barea \u0219i Plata cheltuielilor, precum \u0219i organizarea, eviden\u021ba \u0219i raportarea Angajamentelor Bugetare \u0219i Legale \u00een Universitatea Petrol-Gaze din Ploie\u0219ti<\/li><\/ul><\/li><\/ul><\/div>\t\t\t\t\t\t\t\t<\/div>\n\t\t\t\t<\/div>\n\t\t\t\t<div class=\"elementor-element elementor-element-f3a96ea elementor-widget elementor-widget-spacer\" data-id=\"f3a96ea\" data-element_type=\"widget\" data-e-type=\"widget\" data-widget_type=\"spacer.default\">\n\t\t\t\t<div class=\"elementor-widget-container\">\n\t\t\t\t\t\t\t<div class=\"elementor-spacer\">\n\t\t\t<div class=\"elementor-spacer-inner\"><\/div>\n\t\t<\/div>\n\t\t\t\t\t\t<\/div>\n\t\t\t\t<\/div>\n\t\t\t\t\t<\/div>\n\t\t\t\t<\/div>\n\t\t\t\t<\/div>\n\t\t","protected":false},"excerpt":{"rendered":"<p>Universitatea Petrol-Gaze din Ploie\u015fti beneficiaz\u0103 de un Sistem de Management al Calit\u0103\u0163ii documentat. Procedurile de sistem \u015fi cele opera\u0163ionale reprezint\u0103 modalit\u0103\u0163ile de desf\u0103\u015furare a activit\u0103\u0163ilor\/proceselor\u00a0specifice organiza\u0163iei. PS 01 PS 02 PS 03 PS 04 PS 05 PS 06 \u00a0 PO 06-16 &#8211; Procedur\u0103 opera\u021bional\u0103 privind Angajarea, Lichidarea, Ordonan\u021barea \u0219i Plata cheltuielilor, precum \u0219i organizarea, eviden\u021ba \u0219i raportarea Angajamentelor Bugetare \u0219i Legale \u00een Universitatea Petrol-Gaze din Ploie\u0219ti<\/p>\n","protected":false},"author":1,"featured_media":0,"parent":0,"menu_order":0,"comment_status":"closed","ping_status":"closed","template":"","meta":{"_monsterinsights_skip_tracking":false,"_monsterinsights_sitenote_active":false,"_monsterinsights_sitenote_note":"","_monsterinsights_sitenote_category":0,"footnotes":""},"class_list":["post-4776","page","type-page","status-publish","hentry"],"_links":{"self":[{"href":"https:\/\/www.upg-ploiesti.ro\/index.php\/wp-json\/wp\/v2\/pages\/4776","targetHints":{"allow":["GET"]}}],"collection":[{"href":"https:\/\/www.upg-ploiesti.ro\/index.php\/wp-json\/wp\/v2\/pages"}],"about":[{"href":"https:\/\/www.upg-ploiesti.ro\/index.php\/wp-json\/wp\/v2\/types\/page"}],"author":[{"embeddable":true,"href":"https:\/\/www.upg-ploiesti.ro\/index.php\/wp-json\/wp\/v2\/users\/1"}],"replies":[{"embeddable":true,"href":"https:\/\/www.upg-ploiesti.ro\/index.php\/wp-json\/wp\/v2\/comments?post=4776"}],"version-history":[{"count":17,"href":"https:\/\/www.upg-ploiesti.ro\/index.php\/wp-json\/wp\/v2\/pages\/4776\/revisions"}],"predecessor-version":[{"id":16418,"href":"https:\/\/www.upg-ploiesti.ro\/index.php\/wp-json\/wp\/v2\/pages\/4776\/revisions\/16418"}],"wp:attachment":[{"href":"https:\/\/www.upg-ploiesti.ro\/index.php\/wp-json\/wp\/v2\/media?parent=4776"}],"curies":[{"name":"wp","href":"https:\/\/api.w.org\/{rel}","templated":true}]}}