{"id":4780,"date":"2024-08-08T09:33:06","date_gmt":"2024-08-08T09:33:06","guid":{"rendered":"https:\/\/www.upg-ploiesti.ro\/?page_id=4780"},"modified":"2024-11-28T10:35:04","modified_gmt":"2024-11-28T10:35:04","slug":"proceduri-pcue","status":"publish","type":"page","link":"https:\/\/www.upg-ploiesti.ro\/index.php\/proceduri-pcue\/","title":{"rendered":"PROCEDURI PCUE"},"content":{"rendered":"\t\t<div data-elementor-type=\"wp-page\" data-elementor-id=\"4780\" class=\"elementor elementor-4780\">\n\t\t\t\t<div class=\"elementor-element elementor-element-78c3cee e-flex e-con-boxed wpr-particle-no wpr-jarallax-no wpr-parallax-no wpr-sticky-section-no wpr-equal-height-no e-con e-parent\" data-id=\"78c3cee\" data-element_type=\"container\" data-e-type=\"container\">\n\t\t\t\t\t<div class=\"e-con-inner\">\n\t\t\t\t<div class=\"elementor-element elementor-element-7df2448 elementor-widget elementor-widget-text-editor\" data-id=\"7df2448\" data-element_type=\"widget\" data-e-type=\"widget\" data-widget_type=\"text-editor.default\">\n\t\t\t\t<div class=\"elementor-widget-container\">\n\t\t\t\t\t\t\t\t\t<p>Proceduri:<\/p><ul><li><span style=\"color: #333399;\"><a style=\"color: #333399;\" href=\"http:\/\/www.upg-ploiesti.ro\/index.php\/procedura-privind-recunoasterea-automata-calitatii-de-conducator-de-doctorat\/\">Procedur\u0103 privind recunoa\u0219terea automat\u0103 a calit\u0103\u021bii de conduc\u0103tor de doctorat ob\u021binut\u0103 \u00een institu\u021bii de \u00eenv\u0103\u021b\u0103m\u00e2nt universitar acreditate din str\u0103in\u0103tate<\/a><\/span><\/li><li><span style=\"color: #333399;\"><a style=\"color: #333399;\" href=\"http:\/\/www.upg-ploiesti.ro\/index.php\/procedura-privind-recunoasterea-automata-functiilor-didactice-din-invatamantul-universitar-obtinute\/\">Procedur\u0103 privind recunoa\u0219terea automat\u0103\u00a0a func\u021biilor didactice din \u00eenv\u0103\u021b\u0103m\u00e2ntul universitar ob\u021binute \u00een institu\u021bii de \u00eenv\u0103\u021b\u0103m\u00e2nt universitar acreditate din str\u0103in\u0103tate<\/a><\/span><\/li><li><span style=\"color: #333399;\"><a style=\"color: #333399;\" href=\"http:\/\/www.upg-ploiesti.ro\/index.php\/procedura-privind-recunoasterea-automata-titlului-de-doctor-si-diplomei-de-doctor-obtinute\/\">Procedur\u0103 privind recunoa\u0219terea automat\u0103 a titlului de doctor \u0219i a diplomei de doctor ob\u021binute \u00een institu\u021bii de \u00eenv\u0103\u021b\u0103m\u00e2nt universitar acreditate din str\u0103in\u0103tate<\/a><\/span><\/li><\/ul>\t\t\t\t\t\t\t\t<\/div>\n\t\t\t\t<\/div>\n\t\t\t\t\t<\/div>\n\t\t\t\t<\/div>\n\t\t\t\t<\/div>\n\t\t","protected":false},"excerpt":{"rendered":"<p>Proceduri: Procedur\u0103 privind recunoa\u0219terea automat\u0103 a calit\u0103\u021bii de conduc\u0103tor de doctorat ob\u021binut\u0103 \u00een institu\u021bii de \u00eenv\u0103\u021b\u0103m\u00e2nt universitar acreditate din str\u0103in\u0103tate Procedur\u0103 privind recunoa\u0219terea automat\u0103\u00a0a func\u021biilor didactice din \u00eenv\u0103\u021b\u0103m\u00e2ntul universitar ob\u021binute \u00een institu\u021bii de \u00eenv\u0103\u021b\u0103m\u00e2nt universitar acreditate din str\u0103in\u0103tate Procedur\u0103 privind recunoa\u0219terea automat\u0103 a titlului de doctor \u0219i a diplomei de doctor ob\u021binute \u00een institu\u021bii de \u00eenv\u0103\u021b\u0103m\u00e2nt universitar acreditate din str\u0103in\u0103tate<\/p>\n","protected":false},"author":1,"featured_media":0,"parent":0,"menu_order":0,"comment_status":"closed","ping_status":"closed","template":"","meta":{"_monsterinsights_skip_tracking":false,"_monsterinsights_sitenote_active":false,"_monsterinsights_sitenote_note":"","_monsterinsights_sitenote_category":0,"footnotes":""},"class_list":["post-4780","page","type-page","status-publish","hentry"],"_links":{"self":[{"href":"https:\/\/www.upg-ploiesti.ro\/index.php\/wp-json\/wp\/v2\/pages\/4780","targetHints":{"allow":["GET"]}}],"collection":[{"href":"https:\/\/www.upg-ploiesti.ro\/index.php\/wp-json\/wp\/v2\/pages"}],"about":[{"href":"https:\/\/www.upg-ploiesti.ro\/index.php\/wp-json\/wp\/v2\/types\/page"}],"author":[{"embeddable":true,"href":"https:\/\/www.upg-ploiesti.ro\/index.php\/wp-json\/wp\/v2\/users\/1"}],"replies":[{"embeddable":true,"href":"https:\/\/www.upg-ploiesti.ro\/index.php\/wp-json\/wp\/v2\/comments?post=4780"}],"version-history":[{"count":13,"href":"https:\/\/www.upg-ploiesti.ro\/index.php\/wp-json\/wp\/v2\/pages\/4780\/revisions"}],"predecessor-version":[{"id":5952,"href":"https:\/\/www.upg-ploiesti.ro\/index.php\/wp-json\/wp\/v2\/pages\/4780\/revisions\/5952"}],"wp:attachment":[{"href":"https:\/\/www.upg-ploiesti.ro\/index.php\/wp-json\/wp\/v2\/media?parent=4780"}],"curies":[{"name":"wp","href":"https:\/\/api.w.org\/{rel}","templated":true}]}}