{"id":4790,"date":"2024-08-08T09:35:49","date_gmt":"2024-08-08T09:35:49","guid":{"rendered":"https:\/\/www.upg-ploiesti.ro\/?page_id=4790"},"modified":"2024-11-28T10:42:33","modified_gmt":"2024-11-28T10:42:33","slug":"pregatirea-in-domeniul-situatiilor-de-urgenta","status":"publish","type":"page","link":"https:\/\/www.upg-ploiesti.ro\/index.php\/pregatirea-in-domeniul-situatiilor-de-urgenta\/","title":{"rendered":"PREGATIREA IN DOMENIUL SITUATIILOR DE URGENTA"},"content":{"rendered":"\t\t<div data-elementor-type=\"wp-page\" data-elementor-id=\"4790\" class=\"elementor elementor-4790\">\n\t\t\t\t<div class=\"elementor-element elementor-element-512848f e-flex e-con-boxed wpr-particle-no wpr-jarallax-no wpr-parallax-no wpr-sticky-section-no e-con e-parent\" data-id=\"512848f\" data-element_type=\"container\" data-e-type=\"container\">\n\t\t\t\t\t<div class=\"e-con-inner\">\n\t\t\t\t<div class=\"elementor-element elementor-element-edf067d elementor-widget elementor-widget-spacer\" data-id=\"edf067d\" data-element_type=\"widget\" data-e-type=\"widget\" data-widget_type=\"spacer.default\">\n\t\t\t\t<div class=\"elementor-widget-container\">\n\t\t\t\t\t\t\t<div class=\"elementor-spacer\">\n\t\t\t<div class=\"elementor-spacer-inner\"><\/div>\n\t\t<\/div>\n\t\t\t\t\t\t<\/div>\n\t\t\t\t<\/div>\n\t\t\t\t\t<\/div>\n\t\t\t\t<\/div>\n\t\t<div class=\"elementor-element elementor-element-149ce75 e-flex e-con-boxed wpr-particle-no wpr-jarallax-no wpr-parallax-no wpr-sticky-section-no e-con e-parent\" data-id=\"149ce75\" data-element_type=\"container\" data-e-type=\"container\">\n\t\t\t\t\t<div class=\"e-con-inner\">\n\t\t\t\t<div class=\"elementor-element elementor-element-f13e651 elementor-widget elementor-widget-text-editor\" data-id=\"f13e651\" data-element_type=\"widget\" data-e-type=\"widget\" data-widget_type=\"text-editor.default\">\n\t\t\t\t<div class=\"elementor-widget-container\">\n\t\t\t\t\t\t\t\t\t<ul><li><span style=\"color: #333399;\"><a style=\"color: #333399;\" href=\"http:\/\/www.upg-ploiesti.ro\/wp-content\/uploads\/2024\/09\/Instructiuni_SEISM.pdf\">MASURI\/ACTIUNI IN TIMPUL PRODUCERII SEISMULUI<\/a><\/span><\/li><\/ul>\t\t\t\t\t\t\t\t<\/div>\n\t\t\t\t<\/div>\n\t\t\t\t\t<\/div>\n\t\t\t\t<\/div>\n\t\t<div class=\"elementor-element elementor-element-00a1d66 e-flex e-con-boxed wpr-particle-no wpr-jarallax-no wpr-parallax-no wpr-sticky-section-no e-con e-parent\" data-id=\"00a1d66\" data-element_type=\"container\" data-e-type=\"container\">\n\t\t\t\t\t<div class=\"e-con-inner\">\n\t\t\t\t<div class=\"elementor-element elementor-element-a79d1da elementor-widget-divider--view-line elementor-widget elementor-widget-divider\" data-id=\"a79d1da\" data-element_type=\"widget\" data-e-type=\"widget\" data-widget_type=\"divider.default\">\n\t\t\t\t<div class=\"elementor-widget-container\">\n\t\t\t\t\t\t\t<div class=\"elementor-divider\">\n\t\t\t<span class=\"elementor-divider-separator\">\n\t\t\t\t\t\t<\/span>\n\t\t<\/div>\n\t\t\t\t\t\t<\/div>\n\t\t\t\t<\/div>\n\t\t\t\t\t<\/div>\n\t\t\t\t<\/div>\n\t\t<div class=\"elementor-element elementor-element-fc814f8 e-flex e-con-boxed wpr-particle-no wpr-jarallax-no wpr-parallax-no wpr-sticky-section-no e-con e-parent\" data-id=\"fc814f8\" data-element_type=\"container\" data-e-type=\"container\">\n\t\t\t\t\t<div class=\"e-con-inner\">\n\t\t\t\t<div class=\"elementor-element elementor-element-074b17e elementor-widget elementor-widget-text-editor\" data-id=\"074b17e\" data-element_type=\"widget\" data-e-type=\"widget\" data-widget_type=\"text-editor.default\">\n\t\t\t\t<div class=\"elementor-widget-container\">\n\t\t\t\t\t\t\t\t\t<ul><li><span style=\"color: #333399;\"><a style=\"color: #333399;\" href=\"http:\/\/www.upg-ploiesti.ro\/wp-content\/uploads\/2024\/09\/Pliant_cutremur.pdf\">CUM S\u0102 TE PROTEJEZI \u015eI S\u0102 INTERVII \u00ceN CAZ DE CUTREMUR<\/a><\/span><\/li><\/ul>\t\t\t\t\t\t\t\t<\/div>\n\t\t\t\t<\/div>\n\t\t\t\t<div class=\"elementor-element elementor-element-c25b406 elementor-widget-divider--view-line elementor-widget elementor-widget-divider\" data-id=\"c25b406\" data-element_type=\"widget\" data-e-type=\"widget\" data-widget_type=\"divider.default\">\n\t\t\t\t<div class=\"elementor-widget-container\">\n\t\t\t\t\t\t\t<div class=\"elementor-divider\">\n\t\t\t<span class=\"elementor-divider-separator\">\n\t\t\t\t\t\t<\/span>\n\t\t<\/div>\n\t\t\t\t\t\t<\/div>\n\t\t\t\t<\/div>\n\t\t\t\t\t<\/div>\n\t\t\t\t<\/div>\n\t\t<div class=\"elementor-element elementor-element-5086d86 e-flex e-con-boxed wpr-particle-no wpr-jarallax-no wpr-parallax-no wpr-sticky-section-no e-con e-parent\" data-id=\"5086d86\" data-element_type=\"container\" data-e-type=\"container\">\n\t\t\t\t\t<div class=\"e-con-inner\">\n\t\t\t\t<div class=\"elementor-element elementor-element-f1c29f9 elementor-widget elementor-widget-text-editor\" data-id=\"f1c29f9\" data-element_type=\"widget\" data-e-type=\"widget\" data-widget_type=\"text-editor.default\">\n\t\t\t\t<div class=\"elementor-widget-container\">\n\t\t\t\t\t\t\t\t\t<p><strong>Materiale instruire &#8211;\u00a0 situatii de urgenta 2014:<\/strong><\/p><ul><li><span style=\"color: #333399;\"><a style=\"color: #333399;\" href=\"http:\/\/www.upg-ploiesti.ro\/wp-content\/uploads\/2024\/09\/Db_stingatoare.pdf\">STING\u0102TOARE DE INCENDIU<\/a><\/span><\/li><li><span style=\"color: #333399;\"><a style=\"color: #333399;\" href=\"http:\/\/www.upg-ploiesti.ro\/wp-content\/uploads\/2024\/09\/OMECT_3946_01.06.2001_norme.pdf\">NORME DE PREVENIRE SI STINGERE A INCENDIILOR &#8211; ordinul nr: 3946 din 01.06.2001<\/a><\/span><\/li><li><span style=\"color: #333399;\"><a style=\"color: #333399;\" href=\"http:\/\/www.upg-ploiesti.ro\/wp-content\/uploads\/2024\/09\/OMAI-nr-163-din-2007.pdf\">ORDIN Nr. 163 din 28 februarie 2007 pentru aprobarea Normelor generale de aparare \u00eempotriva incendiilor<\/a><\/span><\/li><li><span style=\"color: #333399;\"><a style=\"color: #333399;\" href=\"http:\/\/www.upg-ploiesti.ro\/wp-content\/uploads\/2024\/09\/ORDIN_712.pdf\">ORDIN nr. 712 din 23 iunie 2005 pentru aprobarea Dispozitiilor generale privind instruirea salariatilor in domeniul situatiilor de urgenta<\/a><\/span><\/li><\/ul>\t\t\t\t\t\t\t\t<\/div>\n\t\t\t\t<\/div>\n\t\t\t\t\t<\/div>\n\t\t\t\t<\/div>\n\t\t<div class=\"elementor-element elementor-element-6e5e431 e-flex e-con-boxed wpr-particle-no wpr-jarallax-no wpr-parallax-no wpr-sticky-section-no e-con e-parent\" data-id=\"6e5e431\" data-element_type=\"container\" data-e-type=\"container\">\n\t\t\t\t\t<div class=\"e-con-inner\">\n\t\t\t\t<div class=\"elementor-element elementor-element-67e437b elementor-widget elementor-widget-spacer\" data-id=\"67e437b\" data-element_type=\"widget\" data-e-type=\"widget\" data-widget_type=\"spacer.default\">\n\t\t\t\t<div class=\"elementor-widget-container\">\n\t\t\t\t\t\t\t<div class=\"elementor-spacer\">\n\t\t\t<div class=\"elementor-spacer-inner\"><\/div>\n\t\t<\/div>\n\t\t\t\t\t\t<\/div>\n\t\t\t\t<\/div>\n\t\t\t\t\t<\/div>\n\t\t\t\t<\/div>\n\t\t\t\t<\/div>\n\t\t","protected":false},"excerpt":{"rendered":"<p>MASURI\/ACTIUNI IN TIMPUL PRODUCERII SEISMULUI CUM S\u0102 TE PROTEJEZI \u015eI S\u0102 INTERVII \u00ceN CAZ DE CUTREMUR Materiale instruire &#8211;\u00a0 situatii de urgenta 2014: STING\u0102TOARE DE INCENDIU NORME DE PREVENIRE SI STINGERE A INCENDIILOR &#8211; ordinul nr: 3946 din 01.06.2001 ORDIN Nr. 163 din 28 februarie 2007 pentru aprobarea Normelor generale de aparare \u00eempotriva incendiilor ORDIN nr. 712 din 23 iunie 2005 pentru aprobarea Dispozitiilor generale privind instruirea salariatilor in domeniul situatiilor de urgenta<\/p>\n","protected":false},"author":1,"featured_media":0,"parent":0,"menu_order":0,"comment_status":"closed","ping_status":"closed","template":"","meta":{"_monsterinsights_skip_tracking":false,"_monsterinsights_sitenote_active":false,"_monsterinsights_sitenote_note":"","_monsterinsights_sitenote_category":0,"footnotes":""},"class_list":["post-4790","page","type-page","status-publish","hentry"],"_links":{"self":[{"href":"https:\/\/www.upg-ploiesti.ro\/index.php\/wp-json\/wp\/v2\/pages\/4790","targetHints":{"allow":["GET"]}}],"collection":[{"href":"https:\/\/www.upg-ploiesti.ro\/index.php\/wp-json\/wp\/v2\/pages"}],"about":[{"href":"https:\/\/www.upg-ploiesti.ro\/index.php\/wp-json\/wp\/v2\/types\/page"}],"author":[{"embeddable":true,"href":"https:\/\/www.upg-ploiesti.ro\/index.php\/wp-json\/wp\/v2\/users\/1"}],"replies":[{"embeddable":true,"href":"https:\/\/www.upg-ploiesti.ro\/index.php\/wp-json\/wp\/v2\/comments?post=4790"}],"version-history":[{"count":4,"href":"https:\/\/www.upg-ploiesti.ro\/index.php\/wp-json\/wp\/v2\/pages\/4790\/revisions"}],"predecessor-version":[{"id":6406,"href":"https:\/\/www.upg-ploiesti.ro\/index.php\/wp-json\/wp\/v2\/pages\/4790\/revisions\/6406"}],"wp:attachment":[{"href":"https:\/\/www.upg-ploiesti.ro\/index.php\/wp-json\/wp\/v2\/media?parent=4790"}],"curies":[{"name":"wp","href":"https:\/\/api.w.org\/{rel}","templated":true}]}}