{"id":4806,"date":"2024-08-08T09:37:08","date_gmt":"2024-08-08T09:37:08","guid":{"rendered":"https:\/\/www.upg-ploiesti.ro\/?page_id=4806"},"modified":"2025-08-07T08:21:24","modified_gmt":"2025-08-07T08:21:24","slug":"patrimoniu","status":"publish","type":"page","link":"https:\/\/www.upg-ploiesti.ro\/index.php\/patrimoniu\/","title":{"rendered":"PATRIMONIU"},"content":{"rendered":"\t\t<div data-elementor-type=\"wp-page\" data-elementor-id=\"4806\" class=\"elementor elementor-4806\">\n\t\t\t\t<div class=\"elementor-element elementor-element-5324ea8 e-flex e-con-boxed wpr-particle-no wpr-jarallax-no wpr-parallax-no wpr-sticky-section-no wpr-equal-height-no e-con e-parent\" data-id=\"5324ea8\" data-element_type=\"container\" data-e-type=\"container\">\n\t\t\t\t\t<div class=\"e-con-inner\">\n\t\t\t\t<div class=\"elementor-element elementor-element-0ec9be9 elementor-widget elementor-widget-spacer\" data-id=\"0ec9be9\" data-element_type=\"widget\" data-e-type=\"widget\" data-widget_type=\"spacer.default\">\n\t\t\t\t<div class=\"elementor-widget-container\">\n\t\t\t\t\t\t\t<div class=\"elementor-spacer\">\n\t\t\t<div class=\"elementor-spacer-inner\"><\/div>\n\t\t<\/div>\n\t\t\t\t\t\t<\/div>\n\t\t\t\t<\/div>\n\t\t\t\t<div class=\"elementor-element elementor-element-004958f elementor-widget elementor-widget-text-editor\" data-id=\"004958f\" data-element_type=\"widget\" data-e-type=\"widget\" data-widget_type=\"text-editor.default\">\n\t\t\t\t<div class=\"elementor-widget-container\">\n\t\t\t\t\t\t\t\t\t<ul><li><span style=\"color: #333399;\"><a style=\"color: #333399;\" href=\"http:\/\/www.upg-ploiesti.ro\/wp-content\/uploads\/2024\/09\/R_20._Regulament_organizare_functionare_Patrimoniu_UPG.pdf\">Regulamentul de organizare \u015fi func\u0163ionare a Biroului Patrimoniu din cadrul Universit\u0103\u0163ii Petrol-Gaze din Ploie\u015fti<\/a><\/span><\/li><\/ul><p><strong>Tabel centralizator\u00a0cu:<\/strong><\/p><ul><li><a href=\"https:\/\/www.upg-ploiesti.ro\/wp-content\/uploads\/2025\/08\/doc00815120250807112329-1.pdf\"><span style=\"color: #333399;\">mijloace fixe propuse pentru scoaterea din func\u021bionare\/declasare<\/span><\/a><\/li><li><a href=\"https:\/\/www.upg-ploiesti.ro\/wp-content\/uploads\/2025\/08\/doc00815220250807112553-1.pdf\"><span style=\"color: #333399;\">obiecte de inventar propuse pentru scoaterea din func\u021bionare\/declasare<\/span><\/a><\/li><\/ul>\t\t\t\t\t\t\t\t<\/div>\n\t\t\t\t<\/div>\n\t\t\t\t\t<\/div>\n\t\t\t\t<\/div>\n\t\t<div class=\"elementor-element elementor-element-a1d08f6 e-flex e-con-boxed wpr-particle-no wpr-jarallax-no wpr-parallax-no wpr-sticky-section-no wpr-equal-height-no e-con e-parent\" data-id=\"a1d08f6\" data-element_type=\"container\" data-e-type=\"container\">\n\t\t\t\t\t<div class=\"e-con-inner\">\n\t\t\t\t<div class=\"elementor-element elementor-element-67c2233 elementor-widget elementor-widget-spacer\" data-id=\"67c2233\" data-element_type=\"widget\" data-e-type=\"widget\" data-widget_type=\"spacer.default\">\n\t\t\t\t<div class=\"elementor-widget-container\">\n\t\t\t\t\t\t\t<div class=\"elementor-spacer\">\n\t\t\t<div class=\"elementor-spacer-inner\"><\/div>\n\t\t<\/div>\n\t\t\t\t\t\t<\/div>\n\t\t\t\t<\/div>\n\t\t\t\t\t<\/div>\n\t\t\t\t<\/div>\n\t\t\t\t<\/div>\n\t\t","protected":false},"excerpt":{"rendered":"<p>Regulamentul de organizare \u015fi func\u0163ionare a Biroului Patrimoniu din cadrul Universit\u0103\u0163ii Petrol-Gaze din Ploie\u015fti Tabel centralizator\u00a0cu: mijloace fixe propuse pentru scoaterea din func\u021bionare\/declasare obiecte de inventar propuse pentru scoaterea din func\u021bionare\/declasare<\/p>\n","protected":false},"author":1,"featured_media":0,"parent":0,"menu_order":0,"comment_status":"closed","ping_status":"closed","template":"","meta":{"_monsterinsights_skip_tracking":false,"_monsterinsights_sitenote_active":false,"_monsterinsights_sitenote_note":"","_monsterinsights_sitenote_category":0,"footnotes":""},"class_list":["post-4806","page","type-page","status-publish","hentry"],"_links":{"self":[{"href":"https:\/\/www.upg-ploiesti.ro\/index.php\/wp-json\/wp\/v2\/pages\/4806","targetHints":{"allow":["GET"]}}],"collection":[{"href":"https:\/\/www.upg-ploiesti.ro\/index.php\/wp-json\/wp\/v2\/pages"}],"about":[{"href":"https:\/\/www.upg-ploiesti.ro\/index.php\/wp-json\/wp\/v2\/types\/page"}],"author":[{"embeddable":true,"href":"https:\/\/www.upg-ploiesti.ro\/index.php\/wp-json\/wp\/v2\/users\/1"}],"replies":[{"embeddable":true,"href":"https:\/\/www.upg-ploiesti.ro\/index.php\/wp-json\/wp\/v2\/comments?post=4806"}],"version-history":[{"count":16,"href":"https:\/\/www.upg-ploiesti.ro\/index.php\/wp-json\/wp\/v2\/pages\/4806\/revisions"}],"predecessor-version":[{"id":14733,"href":"https:\/\/www.upg-ploiesti.ro\/index.php\/wp-json\/wp\/v2\/pages\/4806\/revisions\/14733"}],"wp:attachment":[{"href":"https:\/\/www.upg-ploiesti.ro\/index.php\/wp-json\/wp\/v2\/media?parent=4806"}],"curies":[{"name":"wp","href":"https:\/\/api.w.org\/{rel}","templated":true}]}}