{"id":4813,"date":"2024-08-08T09:38:10","date_gmt":"2024-08-08T09:38:10","guid":{"rendered":"https:\/\/www.upg-ploiesti.ro\/?page_id=4813"},"modified":"2025-04-23T06:40:33","modified_gmt":"2025-04-23T06:40:33","slug":"alegeri","status":"publish","type":"page","link":"https:\/\/www.upg-ploiesti.ro\/index.php\/alegeri\/","title":{"rendered":"ALEGERI"},"content":{"rendered":"\t\t<div data-elementor-type=\"wp-page\" data-elementor-id=\"4813\" class=\"elementor elementor-4813\">\n\t\t\t\t<div class=\"elementor-element elementor-element-070b389 e-flex e-con-boxed wpr-particle-no wpr-jarallax-no wpr-parallax-no wpr-sticky-section-no wpr-equal-height-no e-con e-parent\" data-id=\"070b389\" data-element_type=\"container\" data-e-type=\"container\">\n\t\t\t\t\t<div class=\"e-con-inner\">\n\t\t\t\t<div class=\"elementor-element elementor-element-79aae4b elementor-widget elementor-widget-spacer\" data-id=\"79aae4b\" data-element_type=\"widget\" data-e-type=\"widget\" data-widget_type=\"spacer.default\">\n\t\t\t\t<div class=\"elementor-widget-container\">\n\t\t\t\t\t\t\t<div class=\"elementor-spacer\">\n\t\t\t<div class=\"elementor-spacer-inner\"><\/div>\n\t\t<\/div>\n\t\t\t\t\t\t<\/div>\n\t\t\t\t<\/div>\n\t\t\t\t<div class=\"elementor-element elementor-element-9e4432b elementor-widget elementor-widget-iaccordions\" data-id=\"9e4432b\" data-element_type=\"widget\" data-e-type=\"widget\" data-widget_type=\"iaccordions.default\">\n\t\t\t\t<div class=\"elementor-widget-container\">\n\t\t\t\t\t\r\n\t\t<div class=\"ot-accordions\">\r\n\t\t\t\t\t\t<div class=\"acc-item\">\r\n\t\t\t\t<div class=\"acc-toggle flex-middle\" data-default=\"yes\">ALEGERI PARTIALE 2025 \r\n\t\t\t\t\t\t\t\t\t\t\t\t\t\t\t\t\t\t<span class=\"down\"><svg class=\"e-font-icon-svg e-fas-plus\" viewBox=\"0 0 448 512\" xmlns=\"http:\/\/www.w3.org\/2000\/svg\"><path d=\"M416 208H272V64c0-17.67-14.33-32-32-32h-32c-17.67 0-32 14.33-32 32v144H32c-17.67 0-32 14.33-32 32v32c0 17.67 14.33 32 32 32h144v144c0 17.67 14.33 32 32 32h32c17.67 0 32-14.33 32-32V304h144c17.67 0 32-14.33 32-32v-32c0-17.67-14.33-32-32-32z\"><\/path><\/svg><\/span>\r\n\t\t\t\t\t\t\t<span class=\"up\"><svg class=\"e-font-icon-svg e-far-window-minimize\" viewBox=\"0 0 512 512\" xmlns=\"http:\/\/www.w3.org\/2000\/svg\"><path d=\"M480 480H32c-17.7 0-32-14.3-32-32s14.3-32 32-32h448c17.7 0 32 14.3 32 32s-14.3 32-32 32z\"><\/path><\/svg><\/span>\r\n\t\t\t\t\t\t\t\t\t\t\t\t\t\t\t<\/div>\r\n\t\t\t\t<div class=\"acc-content\">\r\n\t\t\t\t\t<ul><li style=\"list-style-type: none;\"><ul><li><span style=\"color: #ff0000;\"><a style=\"color: #ff0000;\" href=\"http:\/\/www.upg-ploiesti.ro\/wp-content\/uploads\/2025\/04\/Rezultate-alegeri-studenti_Consiliul-Facultatii-11-4.pdf\">REPREZEN\u021aATII STUDEN\u021aILOR \u00ceN CONSILIUL FACULT\u0102\u021aILOR LA NIVELUL UNIVERSIT\u0102\u021aII PETROL-GAZE DIN PLOIE\u0218TI<\/a><\/span><\/li><li><span style=\"color: #ff0000;\"><a style=\"color: #ff0000;\" href=\"http:\/\/www.upg-ploiesti.ro\/wp-content\/uploads\/2025\/04\/Rezultate-alegeri-studenti_Senat-11-4.pdf\">REPREZEN\u021aATII STUDEN\u021aILOR \u00ceN SENAT LA NIVELUL UNIVERSIT\u0102\u021aII PETROL-GAZE DIN PLOIE\u0218TI<\/a><\/span><\/li><li><span style=\"color: #000080;\"><a style=\"color: #000080;\" href=\"http:\/\/www.upg-ploiesti.ro\/wp-content\/uploads\/2025\/04\/Centralizator-consiliu-dep-ipg-10.04.pdf\">REZULTATELE ALEGERILOR PAR\u021aIALE Departamentul de Geologie Petroliera si Inginerie de Z\u0103c\u0103m\u00e2nt - consiliul departamentului<\/a><\/span><\/li><li><span style=\"color: #000080;\"><a style=\"color: #000080;\" href=\"http:\/\/www.upg-ploiesti.ro\/wp-content\/uploads\/2025\/04\/Rezultate-alegeri-PARTIALE-cf_cadre_didactice.pdf\">REZULTATELE ALEGERILOR REPREZENTAN\u0162ILOR CADRELOR DIDACTICE \u00ceN CONSILIUL FACULTATII\u2013 ALEGERI PAR\u021aIALE APRILIE 2025<\/a><\/span><\/li><li><span style=\"color: #000080;\"><a style=\"color: #000080;\" href=\"http:\/\/www.upg-ploiesti.ro\/wp-content\/uploads\/2025\/04\/Centralizator-DD-ipg-3.04.2025.pdf\">REZULTATELE ALEGERILOR PAR\u021aIALE LA NIVELUL DEPARTAMENTELOR DIN UNIVERSITATEA PETROL-GAZE DIN PLOIE\u0218TI DIN DATA DE 03.04.2025<\/a><\/span><\/li><li><span style=\"color: #333399;\"><a style=\"color: #333399;\" href=\"http:\/\/www.upg-ploiesti.ro\/wp-content\/uploads\/2025\/04\/Anunt-DD-ipg.pdf\">Anun\u0163 privitor la alegerile par\u021biale pentru func\u021bia de Director de Departament \u00een Universitatea Petrol-Gaze din Ploie\u015fti<\/a><\/span><\/li><\/ul><\/li><\/ul><p><strong>CANDIDA\u021aI:\u00a0\u00a0<\/strong><\/p><ul><li style=\"list-style-type: none;\"><ul><li><strong>Facultatea de Ingineria Petrolului \u015fi Gazelor:<\/strong><ul><li>Director Departament Geologie Petrolier\u0103 \u015fi Inginerie de Z\u0103c\u0103m\u00e2nt<\/li><li>sef lucr. univ. dr. ing. Neagu Daniela-Doina:<ol><li><span style=\"color: #333399;\"><a style=\"color: #333399;\" href=\"http:\/\/www.upg-ploiesti.ro\/wp-content\/uploads\/2025\/04\/Depunere-candidatura_director-departament-GPIZ.pdf\">depunere candidatur\u0103<\/a><\/span><\/li><li><span style=\"color: #333399;\"><a style=\"color: #333399;\" href=\"http:\/\/www.upg-ploiesti.ro\/wp-content\/uploads\/2025\/04\/CV_Neagu-Daniela_26.03.2025.pdf\">curriculum vitae<\/a><\/span><\/li><li><span style=\"color: #333399;\"><a style=\"color: #333399;\" href=\"http:\/\/www.upg-ploiesti.ro\/wp-content\/uploads\/2025\/04\/LL_Neagu-Daniela_26.03.2025.pdf\">lista de lucr\u0103ri<\/a><\/span><\/li><li><span style=\"color: #333399;\"><a style=\"color: #333399;\" href=\"http:\/\/www.upg-ploiesti.ro\/wp-content\/uploads\/2025\/04\/Plan-Managerial_Neagu-Daniela_26.03.2025.pdf\">planul managerial<\/a><\/span><\/li><\/ol><\/li><\/ul><\/li><\/ul><\/li><\/ul><p><strong>CALENDAR:<\/strong><\/p><ul><li style=\"list-style-type: none;\"><ul><li><span style=\"color: #333399;\"><a style=\"color: #333399;\" href=\"http:\/\/www.upg-ploiesti.ro\/wp-content\/uploads\/2025\/04\/anunt-alegeri-director-departament-IPG.pdf\">Graficul alegerilor par\u021biale pentru func\u021bia de director al Departamentului de Geologia Petrolului \u0219i Inginerie de Z\u0103c\u0103m\u00e2nt, Facultatea de Ingineria Petrolului \u0219i Gazelor<\/a><\/span><\/li><li><span style=\"color: #333399;\"><a style=\"color: #333399;\" href=\"http:\/\/www.upg-ploiesti.ro\/wp-content\/uploads\/2025\/04\/program-alegeri-partiale-cadre-didactice.pdf\">ALEGEREA REPREZENTAN\u0162ILOR CADRELOR DIDACTICE \u00ceN VEDEREA COMPLET\u0102RII LOCURILOR VACANTE \u00ceN CONSILIILOR FACULT\u0102\u021aILOR \u015eI SENATULUI UNIVERSITAR<\/a><\/span><\/li><li><span style=\"color: #333399;\"><a style=\"color: #333399;\" href=\"http:\/\/www.upg-ploiesti.ro\/wp-content\/uploads\/2025\/04\/program-alegeri-partiale-studenti.pdf\">ALEGEREA REPREZENTAN\u0162ILOR STUDEN\u0162ILOR \u00ceN VEDEREA COMPLET\u0102RII LOCURILOR VACANTE \u00ceN CONSILIILOR FACULT\u0102\u021aILOR \u015eI SENATULUI UNIVERSITAR<\/a><\/span><\/li><\/ul><\/li><\/ul>\t\t\t\t<\/div>\r\n\t\t\t<\/div>\r\n\t\t\t\t    <\/div>\r\n\r\n\t    \t\t\t\t<\/div>\n\t\t\t\t<\/div>\n\t\t\t\t<div class=\"elementor-element elementor-element-218c95b elementor-widget elementor-widget-spacer\" data-id=\"218c95b\" data-element_type=\"widget\" data-e-type=\"widget\" data-widget_type=\"spacer.default\">\n\t\t\t\t<div class=\"elementor-widget-container\">\n\t\t\t\t\t\t\t<div class=\"elementor-spacer\">\n\t\t\t<div class=\"elementor-spacer-inner\"><\/div>\n\t\t<\/div>\n\t\t\t\t\t\t<\/div>\n\t\t\t\t<\/div>\n\t\t\t\t\t<\/div>\n\t\t\t\t<\/div>\n\t\t\t\t<\/div>\n\t\t","protected":false},"excerpt":{"rendered":"<p>ALEGERI PARTIALE 2025 REPREZEN\u021aATII STUDEN\u021aILOR \u00ceN CONSILIUL FACULT\u0102\u021aILOR LA NIVELUL UNIVERSIT\u0102\u021aII PETROL-GAZE DIN PLOIE\u0218TI REPREZEN\u021aATII STUDEN\u021aILOR \u00ceN SENAT LA NIVELUL UNIVERSIT\u0102\u021aII PETROL-GAZE DIN PLOIE\u0218TI REZULTATELE ALEGERILOR PAR\u021aIALE Departamentul de Geologie Petroliera si Inginerie de Z\u0103c\u0103m\u00e2nt &#8211; consiliul departamentului REZULTATELE ALEGERILOR REPREZENTAN\u0162ILOR CADRELOR DIDACTICE \u00ceN CONSILIUL FACULTATII\u2013 ALEGERI PAR\u021aIALE APRILIE 2025 REZULTATELE ALEGERILOR PAR\u021aIALE LA NIVELUL DEPARTAMENTELOR DIN UNIVERSITATEA PETROL-GAZE DIN PLOIE\u0218TI DIN DATA DE 03.04.2025 Anun\u0163 privitor la alegerile par\u021biale pentru func\u021bia de Director de Departament \u00een Universitatea Petrol-Gaze din Ploie\u015fti CANDIDA\u021aI:\u00a0\u00a0 Facultatea de Ingineria Petrolului \u015fi Gazelor: Director Departament Geologie Petrolier\u0103 \u015fi Inginerie de Z\u0103c\u0103m\u00e2nt sef lucr. univ. dr. ing. Neagu Daniela-Doina: depunere candidatur\u0103 curriculum vitae lista de lucr\u0103ri planul managerial CALENDAR: Graficul alegerilor par\u021biale pentru func\u021bia de director al Departamentului de Geologia Petrolului \u0219i Inginerie de Z\u0103c\u0103m\u00e2nt, Facultatea de Ingineria Petrolului \u0219i Gazelor ALEGEREA REPREZENTAN\u0162ILOR CADRELOR DIDACTICE \u00ceN VEDEREA COMPLET\u0102RII LOCURILOR VACANTE \u00ceN CONSILIILOR FACULT\u0102\u021aILOR \u015eI SENATULUI UNIVERSITAR ALEGEREA REPREZENTAN\u0162ILOR STUDEN\u0162ILOR \u00ceN VEDEREA COMPLET\u0102RII LOCURILOR VACANTE \u00ceN CONSILIILOR FACULT\u0102\u021aILOR \u015eI SENATULUI UNIVERSITAR<\/p>\n","protected":false},"author":1,"featured_media":0,"parent":0,"menu_order":0,"comment_status":"closed","ping_status":"closed","template":"","meta":{"_monsterinsights_skip_tracking":false,"_monsterinsights_sitenote_active":false,"_monsterinsights_sitenote_note":"","_monsterinsights_sitenote_category":0,"footnotes":""},"class_list":["post-4813","page","type-page","status-publish","hentry"],"_links":{"self":[{"href":"https:\/\/www.upg-ploiesti.ro\/index.php\/wp-json\/wp\/v2\/pages\/4813","targetHints":{"allow":["GET"]}}],"collection":[{"href":"https:\/\/www.upg-ploiesti.ro\/index.php\/wp-json\/wp\/v2\/pages"}],"about":[{"href":"https:\/\/www.upg-ploiesti.ro\/index.php\/wp-json\/wp\/v2\/types\/page"}],"author":[{"embeddable":true,"href":"https:\/\/www.upg-ploiesti.ro\/index.php\/wp-json\/wp\/v2\/users\/1"}],"replies":[{"embeddable":true,"href":"https:\/\/www.upg-ploiesti.ro\/index.php\/wp-json\/wp\/v2\/comments?post=4813"}],"version-history":[{"count":10,"href":"https:\/\/www.upg-ploiesti.ro\/index.php\/wp-json\/wp\/v2\/pages\/4813\/revisions"}],"predecessor-version":[{"id":12803,"href":"https:\/\/www.upg-ploiesti.ro\/index.php\/wp-json\/wp\/v2\/pages\/4813\/revisions\/12803"}],"wp:attachment":[{"href":"https:\/\/www.upg-ploiesti.ro\/index.php\/wp-json\/wp\/v2\/media?parent=4813"}],"curies":[{"name":"wp","href":"https:\/\/api.w.org\/{rel}","templated":true}]}}