{"id":4823,"date":"2024-08-08T09:39:21","date_gmt":"2024-08-08T09:39:21","guid":{"rendered":"https:\/\/www.upg-ploiesti.ro\/?page_id=4823"},"modified":"2025-05-26T11:09:24","modified_gmt":"2025-05-26T11:09:24","slug":"datele-de-contact","status":"publish","type":"page","link":"https:\/\/www.upg-ploiesti.ro\/index.php\/datele-de-contact\/","title":{"rendered":"DATELE DE CONTACT"},"content":{"rendered":"\t\t<div data-elementor-type=\"wp-page\" data-elementor-id=\"4823\" class=\"elementor elementor-4823\">\n\t\t\t\t<div class=\"elementor-element elementor-element-8cbdc5c e-flex e-con-boxed wpr-particle-no wpr-jarallax-no wpr-parallax-no wpr-sticky-section-no wpr-equal-height-no e-con e-parent\" data-id=\"8cbdc5c\" data-element_type=\"container\" data-e-type=\"container\">\n\t\t\t\t\t<div class=\"e-con-inner\">\n\t\t\t\t<div class=\"elementor-element elementor-element-36d4391 elementor-widget elementor-widget-spacer\" data-id=\"36d4391\" data-element_type=\"widget\" data-e-type=\"widget\" data-widget_type=\"spacer.default\">\n\t\t\t\t<div class=\"elementor-widget-container\">\n\t\t\t\t\t\t\t<div class=\"elementor-spacer\">\n\t\t\t<div class=\"elementor-spacer-inner\"><\/div>\n\t\t<\/div>\n\t\t\t\t\t\t<\/div>\n\t\t\t\t<\/div>\n\t\t\t\t\t<\/div>\n\t\t\t\t<\/div>\n\t\t<div class=\"elementor-element elementor-element-cb52f48 e-flex e-con-boxed wpr-particle-no wpr-jarallax-no wpr-parallax-no wpr-sticky-section-no wpr-equal-height-no e-con e-parent\" data-id=\"cb52f48\" data-element_type=\"container\" data-e-type=\"container\">\n\t\t\t\t\t<div class=\"e-con-inner\">\n\t\t\t\t<div class=\"elementor-element elementor-element-31bd79b elementor-widget elementor-widget-text-editor\" data-id=\"31bd79b\" data-element_type=\"widget\" data-e-type=\"widget\" data-widget_type=\"text-editor.default\">\n\t\t\t\t<div class=\"elementor-widget-container\">\n\t\t\t\t\t\t\t\t\t<p style=\"text-align: left;\"><span style=\"color: #000000;\"><strong>UNIVERSITATEA PETROL &#8211; GAZE DIN PLOIESTI:\u00a0<\/strong><\/span><\/p><p style=\"text-align: left;\"><span style=\"color: #000000;\"><strong>Adresa:<\/strong> B-dul Bucure\u015fti, nr. 39 , cod 100520, Ploie\u015fti, Rom\u00e2nia, PO BOX 52<\/span><\/p><p style=\"text-align: left;\"><span style=\"color: #000000;\"><strong>Rectorat Fix : <\/strong>0244 575 292<\/span><\/p><p style=\"text-align: left;\"><span style=\"color: #000000;\"><strong>Centrala:\u00a0<\/strong> <strong>Tel.:<\/strong> + 40 &#8211; 244.573 171, 0244 575 600, 0244 573 433, 0244 575 302, 0244 575 555, 0244 575 568\u00a0<\/span><\/p><p style=\"text-align: left;\"><span style=\"color: #000000;\">\u00a0 \u00a0 \u00a0 \u00a0 \u00a0 \u00a0 \u00a0 \u00a0 <strong>\u00a0 \u00a0Fax:<\/strong> + 40 &#8211; 244.575 847, 0244 575 312<\/span><\/p><p style=\"text-align: left;\"><span style=\"color: #000000;\"><strong>Acasa<\/strong> &#8211; <a style=\"color: #000000;\" href=\"http:\/\/www.upg-ploiesti.ro\/\">http:\/\/www.upg-ploiesti.ro<\/a><\/span><\/p>\t\t\t\t\t\t\t\t<\/div>\n\t\t\t\t<\/div>\n\t\t\t\t\t<\/div>\n\t\t\t\t<\/div>\n\t\t<div class=\"elementor-element elementor-element-77171e9 e-flex e-con-boxed wpr-particle-no wpr-jarallax-no wpr-parallax-no wpr-sticky-section-no wpr-equal-height-no e-con e-parent\" data-id=\"77171e9\" data-element_type=\"container\" data-e-type=\"container\">\n\t\t\t\t\t<div class=\"e-con-inner\">\n\t\t\t\t<div class=\"elementor-element elementor-element-a54b13f elementor-widget elementor-widget-spacer\" data-id=\"a54b13f\" data-element_type=\"widget\" data-e-type=\"widget\" data-widget_type=\"spacer.default\">\n\t\t\t\t<div class=\"elementor-widget-container\">\n\t\t\t\t\t\t\t<div class=\"elementor-spacer\">\n\t\t\t<div class=\"elementor-spacer-inner\"><\/div>\n\t\t<\/div>\n\t\t\t\t\t\t<\/div>\n\t\t\t\t<\/div>\n\t\t\t\t\t<\/div>\n\t\t\t\t<\/div>\n\t\t\t\t<\/div>\n\t\t","protected":false},"excerpt":{"rendered":"<p>UNIVERSITATEA PETROL &#8211; GAZE DIN PLOIESTI:\u00a0 Adresa: B-dul Bucure\u015fti, nr. 39 , cod 100520, Ploie\u015fti, Rom\u00e2nia, PO BOX 52 Rectorat Fix : 0244 575 292 Centrala:\u00a0 Tel.: + 40 &#8211; 244.573 171, 0244 575 600, 0244 573 433, 0244 575 302, 0244 575 555, 0244 575 568\u00a0 \u00a0 \u00a0 \u00a0 \u00a0 \u00a0 \u00a0 \u00a0 \u00a0 \u00a0 \u00a0Fax: + 40 &#8211; 244.575 847, 0244 575 312 Acasa &#8211; https:\/\/www.upg-ploiesti.ro<\/p>\n","protected":false},"author":1,"featured_media":0,"parent":0,"menu_order":0,"comment_status":"closed","ping_status":"closed","template":"","meta":{"_monsterinsights_skip_tracking":false,"_monsterinsights_sitenote_active":false,"_monsterinsights_sitenote_note":"","_monsterinsights_sitenote_category":0,"footnotes":""},"class_list":["post-4823","page","type-page","status-publish","hentry"],"_links":{"self":[{"href":"https:\/\/www.upg-ploiesti.ro\/index.php\/wp-json\/wp\/v2\/pages\/4823","targetHints":{"allow":["GET"]}}],"collection":[{"href":"https:\/\/www.upg-ploiesti.ro\/index.php\/wp-json\/wp\/v2\/pages"}],"about":[{"href":"https:\/\/www.upg-ploiesti.ro\/index.php\/wp-json\/wp\/v2\/types\/page"}],"author":[{"embeddable":true,"href":"https:\/\/www.upg-ploiesti.ro\/index.php\/wp-json\/wp\/v2\/users\/1"}],"replies":[{"embeddable":true,"href":"https:\/\/www.upg-ploiesti.ro\/index.php\/wp-json\/wp\/v2\/comments?post=4823"}],"version-history":[{"count":16,"href":"https:\/\/www.upg-ploiesti.ro\/index.php\/wp-json\/wp\/v2\/pages\/4823\/revisions"}],"predecessor-version":[{"id":13584,"href":"https:\/\/www.upg-ploiesti.ro\/index.php\/wp-json\/wp\/v2\/pages\/4823\/revisions\/13584"}],"wp:attachment":[{"href":"https:\/\/www.upg-ploiesti.ro\/index.php\/wp-json\/wp\/v2\/media?parent=4823"}],"curies":[{"name":"wp","href":"https:\/\/api.w.org\/{rel}","templated":true}]}}