{"id":4863,"date":"2024-08-08T09:50:03","date_gmt":"2024-08-08T09:50:03","guid":{"rendered":"https:\/\/www.upg-ploiesti.ro\/?page_id=4863"},"modified":"2025-05-09T10:39:10","modified_gmt":"2025-05-09T10:39:10","slug":"invatamant-la-distanta-si-cu-frecventa-redusa","status":"publish","type":"page","link":"https:\/\/www.upg-ploiesti.ro\/index.php\/invatamant-la-distanta-si-cu-frecventa-redusa\/","title":{"rendered":"INVATAMANT LA DISTANTA SI CU FRECVENTA REDUSA"},"content":{"rendered":"\t\t<div data-elementor-type=\"wp-page\" data-elementor-id=\"4863\" class=\"elementor elementor-4863\">\n\t\t\t\t<div class=\"elementor-element elementor-element-684de2b e-flex e-con-boxed wpr-particle-no wpr-jarallax-no wpr-parallax-no wpr-sticky-section-no wpr-equal-height-no e-con e-parent\" data-id=\"684de2b\" data-element_type=\"container\" data-e-type=\"container\">\n\t\t\t\t\t<div class=\"e-con-inner\">\n\t\t\t\t<div class=\"elementor-element elementor-element-a8cfdf4 elementor-widget elementor-widget-text-editor\" data-id=\"a8cfdf4\" data-element_type=\"widget\" data-e-type=\"widget\" data-widget_type=\"text-editor.default\">\n\t\t\t\t<div class=\"elementor-widget-container\">\n\t\t\t\t\t\t\t\t\t<h3 class=\"title\"><strong>Mesajul directorului:<\/strong><\/h3><p>\u00cenv\u0103\u0163\u0103m\u00e2ntul la distan\u0163\u0103 (ID) \u015fi \u00cenv\u0103\u0163\u0103m\u00e2ntul cu frecven\u0163\u0103 redus\u0103 (IFR) reprezint\u0103 o alternativ\u0103 a \u00eenv\u0103\u0163\u0103m\u00e2ntului la forma de zi, alternativ\u0103 care permite efectuarea de studii universitare f\u0103r\u0103 a \u00eentrerupe activitatea social\u0103 \u015fi\/sau profesional\u0103. Departamentul de \u00cenv\u0103\u0163\u0103m\u00e2nt la Distan\u0163\u0103 \u015fi cu Frecven\u0163\u0103 Redus\u0103 (DIDFR) se ocup\u0103 cu ini\u0163ierea, dezvoltarea \u015fi managementul programelor de studii la aceste forme de \u00eenv\u0103\u0163\u0103m\u00e2nt, \u00een cooperare cu facult\u0103\u0163ile universit\u0103\u0163ii, astfel \u00eenc\u00e2t s\u0103 se asigure programe de instruire valoroase din punct de vedere \u015ftiin\u0163ific \u015fi metodologic, la acela\u015fi nivel cu cele de la forma de zi.<\/p>\t\t\t\t\t\t\t\t<\/div>\n\t\t\t\t<\/div>\n\t\t\t\t\t<\/div>\n\t\t\t\t<\/div>\n\t\t<div class=\"elementor-element elementor-element-efe4b99 e-flex e-con-boxed wpr-particle-no wpr-jarallax-no wpr-parallax-no wpr-sticky-section-no wpr-equal-height-no e-con e-parent\" data-id=\"efe4b99\" data-element_type=\"container\" data-e-type=\"container\">\n\t\t\t\t\t<div class=\"e-con-inner\">\n\t\t<div class=\"elementor-element elementor-element-da0c4ff e-con-full e-flex wpr-particle-no wpr-jarallax-no wpr-parallax-no wpr-sticky-section-no wpr-equal-height-no e-con e-child\" data-id=\"da0c4ff\" data-element_type=\"container\" data-e-type=\"container\">\n\t\t\t\t<div class=\"elementor-element elementor-element-2b64ca9 elementor-widget elementor-widget-ibutton\" data-id=\"2b64ca9\" data-element_type=\"widget\" data-e-type=\"widget\" data-widget_type=\"ibutton.default\">\n\t\t\t\t<div class=\"elementor-widget-container\">\n\t\t\t\t\t\t\t<div class=\"ot-button\">\r\n\t\t\t<a href=\"http:\/\/idfr.upg-ploiesti.ro\/\" class=\"octf-btn octf-btn-dark\">Pagina departamentului<\/a>\r\n\t    <\/div>\r\n\t    \t\t\t\t<\/div>\n\t\t\t\t<\/div>\n\t\t\t\t<div class=\"elementor-element elementor-element-55d59c4 elementor-widget elementor-widget-text-editor\" data-id=\"55d59c4\" data-element_type=\"widget\" data-e-type=\"widget\" data-widget_type=\"text-editor.default\">\n\t\t\t\t<div class=\"elementor-widget-container\">\n\t\t\t\t\t\t\t\t\t<div class=\"widget gsc-heading align-left style-1 text-dark \"><h3 class=\"title\" style=\"text-align: left;\"><strong>Date de contact:<\/strong><\/h3><div class=\"title-desc\" style=\"text-align: left;\"><strong>Tel.<\/strong>: +40-244 573 171, int 228<br \/><strong>Tel\/Fax<\/strong>: +40-244 597 359<br \/><strong>Corpul I, parter<\/strong><br \/><strong>E-mail<\/strong>: didfr@upg-ploiesti.ro<\/div><\/div>\t\t\t\t\t\t\t\t<\/div>\n\t\t\t\t<\/div>\n\t\t\t\t<\/div>\n\t\t<div class=\"elementor-element elementor-element-d595978 e-con-full e-flex wpr-particle-no wpr-jarallax-no wpr-parallax-no wpr-sticky-section-no wpr-equal-height-no e-con e-child\" data-id=\"d595978\" data-element_type=\"container\" data-e-type=\"container\">\n\t\t\t\t<div class=\"elementor-element elementor-element-e47fe76 elementor-widget elementor-widget-image\" data-id=\"e47fe76\" data-element_type=\"widget\" data-e-type=\"widget\" data-widget_type=\"image.default\">\n\t\t\t\t<div class=\"elementor-widget-container\">\n\t\t\t\t\t\t\t\t\t\t\t\t\t\t\t<img fetchpriority=\"high\" decoding=\"async\" width=\"1024\" height=\"450\" src=\"https:\/\/www.upg-ploiesti.ro\/wp-content\/uploads\/2024\/09\/uXqFxD-ebgr1szj3dg-maroquotidien-plus-scaled-1024x450.jpg\" class=\"attachment-large size-large wp-image-7400\" alt=\"\" srcset=\"https:\/\/www.upg-ploiesti.ro\/wp-content\/uploads\/2024\/09\/uXqFxD-ebgr1szj3dg-maroquotidien-plus-scaled-1024x450.jpg 1024w, https:\/\/www.upg-ploiesti.ro\/wp-content\/uploads\/2024\/09\/uXqFxD-ebgr1szj3dg-maroquotidien-plus-scaled-300x132.jpg 300w, https:\/\/www.upg-ploiesti.ro\/wp-content\/uploads\/2024\/09\/uXqFxD-ebgr1szj3dg-maroquotidien-plus-scaled-768x338.jpg 768w, https:\/\/www.upg-ploiesti.ro\/wp-content\/uploads\/2024\/09\/uXqFxD-ebgr1szj3dg-maroquotidien-plus-scaled-1536x676.jpg 1536w, https:\/\/www.upg-ploiesti.ro\/wp-content\/uploads\/2024\/09\/uXqFxD-ebgr1szj3dg-maroquotidien-plus-scaled-2048x901.jpg 2048w\" sizes=\"(max-width: 1024px) 100vw, 1024px\" \/>\t\t\t\t\t\t\t\t\t\t\t\t\t\t\t<\/div>\n\t\t\t\t<\/div>\n\t\t\t\t<\/div>\n\t\t\t\t\t<\/div>\n\t\t\t\t<\/div>\n\t\t\t\t<\/div>\n\t\t","protected":false},"excerpt":{"rendered":"<p>Mesajul directorului: \u00cenv\u0103\u0163\u0103m\u00e2ntul la distan\u0163\u0103 (ID) \u015fi \u00cenv\u0103\u0163\u0103m\u00e2ntul cu frecven\u0163\u0103 redus\u0103 (IFR) reprezint\u0103 o alternativ\u0103 a \u00eenv\u0103\u0163\u0103m\u00e2ntului la forma de zi, alternativ\u0103 care permite efectuarea de studii universitare f\u0103r\u0103 a \u00eentrerupe activitatea social\u0103 \u015fi\/sau profesional\u0103. Departamentul de \u00cenv\u0103\u0163\u0103m\u00e2nt la Distan\u0163\u0103 \u015fi cu Frecven\u0163\u0103 Redus\u0103 (DIDFR) se ocup\u0103 cu ini\u0163ierea, dezvoltarea \u015fi managementul programelor de studii la aceste forme de \u00eenv\u0103\u0163\u0103m\u00e2nt, \u00een cooperare cu facult\u0103\u0163ile universit\u0103\u0163ii, astfel \u00eenc\u00e2t s\u0103 se asigure programe de instruire valoroase din punct de vedere \u015ftiin\u0163ific \u015fi metodologic, la acela\u015fi nivel cu cele de la forma de zi. Pagina departamentului Date de contact: Tel.: +40-244 573 171, int 228Tel\/Fax: +40-244 597 359Corpul I, parterE-mail: didfr@upg-ploiesti.ro<\/p>\n","protected":false},"author":1,"featured_media":0,"parent":0,"menu_order":0,"comment_status":"closed","ping_status":"closed","template":"","meta":{"_monsterinsights_skip_tracking":false,"_monsterinsights_sitenote_active":false,"_monsterinsights_sitenote_note":"","_monsterinsights_sitenote_category":0,"footnotes":""},"class_list":["post-4863","page","type-page","status-publish","hentry"],"_links":{"self":[{"href":"https:\/\/www.upg-ploiesti.ro\/index.php\/wp-json\/wp\/v2\/pages\/4863","targetHints":{"allow":["GET"]}}],"collection":[{"href":"https:\/\/www.upg-ploiesti.ro\/index.php\/wp-json\/wp\/v2\/pages"}],"about":[{"href":"https:\/\/www.upg-ploiesti.ro\/index.php\/wp-json\/wp\/v2\/types\/page"}],"author":[{"embeddable":true,"href":"https:\/\/www.upg-ploiesti.ro\/index.php\/wp-json\/wp\/v2\/users\/1"}],"replies":[{"embeddable":true,"href":"https:\/\/www.upg-ploiesti.ro\/index.php\/wp-json\/wp\/v2\/comments?post=4863"}],"version-history":[{"count":7,"href":"https:\/\/www.upg-ploiesti.ro\/index.php\/wp-json\/wp\/v2\/pages\/4863\/revisions"}],"predecessor-version":[{"id":7413,"href":"https:\/\/www.upg-ploiesti.ro\/index.php\/wp-json\/wp\/v2\/pages\/4863\/revisions\/7413"}],"wp:attachment":[{"href":"https:\/\/www.upg-ploiesti.ro\/index.php\/wp-json\/wp\/v2\/media?parent=4863"}],"curies":[{"name":"wp","href":"https:\/\/api.w.org\/{rel}","templated":true}]}}