{"id":4874,"date":"2024-08-08T09:52:45","date_gmt":"2024-08-08T09:52:45","guid":{"rendered":"https:\/\/www.upg-ploiesti.ro\/?page_id=4874"},"modified":"2025-10-13T07:03:18","modified_gmt":"2025-10-13T07:03:18","slug":"departamentul-de-cercetare","status":"publish","type":"page","link":"https:\/\/www.upg-ploiesti.ro\/index.php\/departamentul-de-cercetare\/","title":{"rendered":"DEPARTAMENTUL DE CERCETARE"},"content":{"rendered":"\t\t<div data-elementor-type=\"wp-page\" data-elementor-id=\"4874\" class=\"elementor elementor-4874\">\n\t\t\t\t<div class=\"elementor-element elementor-element-39073dd e-flex e-con-boxed wpr-particle-no wpr-jarallax-no wpr-parallax-no wpr-sticky-section-no wpr-equal-height-no e-con e-parent\" data-id=\"39073dd\" data-element_type=\"container\" data-e-type=\"container\">\n\t\t\t\t\t<div class=\"e-con-inner\">\n\t\t\t\t<div class=\"elementor-element elementor-element-6a44099 elementor-widget elementor-widget-toggle\" data-id=\"6a44099\" data-element_type=\"widget\" data-e-type=\"widget\" data-widget_type=\"toggle.default\">\n\t\t\t\t<div class=\"elementor-widget-container\">\n\t\t\t\t\t\t\t<div class=\"elementor-toggle\">\n\t\t\t\t\t\t\t<div class=\"elementor-toggle-item\">\n\t\t\t\t\t<div id=\"elementor-tab-title-1111\" class=\"elementor-tab-title\" data-tab=\"1\" role=\"button\" aria-controls=\"elementor-tab-content-1111\" aria-expanded=\"false\">\n\t\t\t\t\t\t\t\t\t\t\t\t<span class=\"elementor-toggle-icon elementor-toggle-icon-left\" aria-hidden=\"true\">\n\t\t\t\t\t\t\t\t\t\t\t\t\t\t\t<span class=\"elementor-toggle-icon-closed\"><svg class=\"e-font-icon-svg e-fas-caret-right\" viewBox=\"0 0 192 512\" xmlns=\"http:\/\/www.w3.org\/2000\/svg\"><path d=\"M0 384.662V127.338c0-17.818 21.543-26.741 34.142-14.142l128.662 128.662c7.81 7.81 7.81 20.474 0 28.284L34.142 398.804C21.543 411.404 0 402.48 0 384.662z\"><\/path><\/svg><\/span>\n\t\t\t\t\t\t\t\t<span class=\"elementor-toggle-icon-opened\"><svg class=\"elementor-toggle-icon-opened e-font-icon-svg e-fas-caret-up\" viewBox=\"0 0 320 512\" xmlns=\"http:\/\/www.w3.org\/2000\/svg\"><path d=\"M288.662 352H31.338c-17.818 0-26.741-21.543-14.142-34.142l128.662-128.662c7.81-7.81 20.474-7.81 28.284 0l128.662 128.662c12.6 12.599 3.676 34.142-14.142 34.142z\"><\/path><\/svg><\/span>\n\t\t\t\t\t\t\t\t\t\t\t\t\t<\/span>\n\t\t\t\t\t\t\t\t\t\t\t\t<a class=\"elementor-toggle-title\" tabindex=\"0\">Prezentare<\/a>\n\t\t\t\t\t<\/div>\n\n\t\t\t\t\t<div id=\"elementor-tab-content-1111\" class=\"elementor-tab-content elementor-clearfix\" data-tab=\"1\" role=\"region\" aria-labelledby=\"elementor-tab-title-1111\"><p>Universitatea Petrol-Gaze din Ploiesti este o institu\u0163ie de stat cu atribu\u0163ii \u00een domeniul \u00eenv\u0103\u0163\u0103m\u00e2ntului superior \u015fi al cercet\u0103rii \u015ftiin\u0163ifice. \u00cen acest context, misiunea cercet\u0103rii \u015ftiin\u0163ifice este de a contribui la:<br \/><strong>(a)<\/strong> inovarea \u00een domeniul cercet\u0103rii, dezvolt\u0103rii tehnologice \u015fi transferului de cuno\u015ftin\u0163e;<br \/><strong>(b)<\/strong> formarea \u015fi dezvoltarea resurselor umane implicate \u00een cercetare.<br \/>\u00cen acest cadru, universitatea \u00ee\u015fi propune ca &#8220;produsele sale&#8221; diplomele universitare, cunoa\u015fterea \u015ftiin\u0163ific\u0103 \u015fi cercetarea \u015ftiin\u0163ific\u0103 care poart\u0103 &#8220;marca&#8221; UPG s\u0103 devin\u0103 tot mai prestigioase, respectiv s\u0103 se bucure de recunoa\u015ftere (ceea ce \u00eenseamn\u0103 s\u0103 fie preferate \u00een fa\u0163a altora) at\u00e2t pe pia\u0163a muncii c\u00e2t \u015fi \u00een sistemul academic, \u00een comunitatea local\u0103, regional\u0103, na\u0163ional\u0103 si interna\u0163ional\u0103.<br \/>Universitatea Petrol \u2013 Gaze din Ploie\u015fti a fost acreditat\u0103 ca institu\u0163ie component\u0103 a sistemului de cercetare &#8211; dezvoltare de interes na\u0163ional, prin decizia nr. 9673 \/ 17.06.2008 emis\u0103 de CNCSIS. Decizia a fost dat\u0103 \u00een baza evalu\u0103rii activit\u0103\u0163ii de cercetare desf\u0103\u015furat\u0103 \u00een perioada 2003\u20112007 de c\u0103tre cadrele didactice din universitate.<\/p><\/div>\n\t\t\t\t<\/div>\n\t\t\t\t\t\t\t<div class=\"elementor-toggle-item\">\n\t\t\t\t\t<div id=\"elementor-tab-title-1112\" class=\"elementor-tab-title\" data-tab=\"2\" role=\"button\" aria-controls=\"elementor-tab-content-1112\" aria-expanded=\"false\">\n\t\t\t\t\t\t\t\t\t\t\t\t<span class=\"elementor-toggle-icon elementor-toggle-icon-left\" aria-hidden=\"true\">\n\t\t\t\t\t\t\t\t\t\t\t\t\t\t\t<span class=\"elementor-toggle-icon-closed\"><svg class=\"e-font-icon-svg e-fas-caret-right\" viewBox=\"0 0 192 512\" xmlns=\"http:\/\/www.w3.org\/2000\/svg\"><path d=\"M0 384.662V127.338c0-17.818 21.543-26.741 34.142-14.142l128.662 128.662c7.81 7.81 7.81 20.474 0 28.284L34.142 398.804C21.543 411.404 0 402.48 0 384.662z\"><\/path><\/svg><\/span>\n\t\t\t\t\t\t\t\t<span class=\"elementor-toggle-icon-opened\"><svg class=\"elementor-toggle-icon-opened e-font-icon-svg e-fas-caret-up\" viewBox=\"0 0 320 512\" xmlns=\"http:\/\/www.w3.org\/2000\/svg\"><path d=\"M288.662 352H31.338c-17.818 0-26.741-21.543-14.142-34.142l128.662-128.662c7.81-7.81 20.474-7.81 28.284 0l128.662 128.662c12.6 12.599 3.676 34.142-14.142 34.142z\"><\/path><\/svg><\/span>\n\t\t\t\t\t\t\t\t\t\t\t\t\t<\/span>\n\t\t\t\t\t\t\t\t\t\t\t\t<a class=\"elementor-toggle-title\" tabindex=\"0\">Coordonate \u0219i structur\u0103<\/a>\n\t\t\t\t\t<\/div>\n\n\t\t\t\t\t<div id=\"elementor-tab-content-1112\" class=\"elementor-tab-content elementor-clearfix\" data-tab=\"2\" role=\"region\" aria-labelledby=\"elementor-tab-title-1112\"><p>Loca\u0163ie: corpul G al UPG, GP6A.<br \/>Web : http:\/\/www.upg-ploiesti.ro\/departamentul-de-cercetare\/<\/p><p>Boz\u00eentan Mariana \u2013 Referent de specialitate<br \/>Tel. +40 244 573171; e-mail: mariana.bozintan@upg-ploiesti.ro<\/p><p>Constantin Ioana-Catalina \u2013 Referent de specialitate<br \/>Tel. +40 244 573171; e-mail: catalina.ionescu@upg-ploiesti.ro<\/p><\/div>\n\t\t\t\t<\/div>\n\t\t\t\t\t\t\t\t<\/div>\n\t\t\t\t\t\t<\/div>\n\t\t\t\t<\/div>\n\t\t\t\t\t<\/div>\n\t\t\t\t<\/div>\n\t\t<div class=\"elementor-element elementor-element-a4aa8a8 e-flex e-con-boxed wpr-particle-no wpr-jarallax-no wpr-parallax-no wpr-sticky-section-no wpr-equal-height-no e-con e-parent\" data-id=\"a4aa8a8\" data-element_type=\"container\" data-e-type=\"container\">\n\t\t\t\t\t<div class=\"e-con-inner\">\n\t\t\t\t<div class=\"elementor-element elementor-element-e093087 elementor-widget elementor-widget-text-editor\" data-id=\"e093087\" data-element_type=\"widget\" data-e-type=\"widget\" data-widget_type=\"text-editor.default\">\n\t\t\t\t<div class=\"elementor-widget-container\">\n\t\t\t\t\t\t\t\t\t<h4 align=\"center\"><strong><a href=\"http:\/\/www.upg-ploiesti.ro\/wp-content\/uploads\/2024\/09\/Lista-de-Brevete-2015-2022.pdf\">LISTA DE BREVETE \u0218I INVEN\u021aII (2015-2022)<\/a><\/strong><\/h4>\t\t\t\t\t\t\t\t<\/div>\n\t\t\t\t<\/div>\n\t\t\t\t\t<\/div>\n\t\t\t\t<\/div>\n\t\t<div class=\"elementor-element elementor-element-1460dd6 e-flex e-con-boxed wpr-particle-no wpr-jarallax-no wpr-parallax-no wpr-sticky-section-no wpr-equal-height-no e-con e-parent\" data-id=\"1460dd6\" data-element_type=\"container\" data-e-type=\"container\">\n\t\t\t\t\t<div class=\"e-con-inner\">\n\t\t\t\t<div class=\"elementor-element elementor-element-8211390 elementor-widget elementor-widget-text-editor\" data-id=\"8211390\" data-element_type=\"widget\" data-e-type=\"widget\" data-widget_type=\"text-editor.default\">\n\t\t\t\t<div class=\"elementor-widget-container\">\n\t\t\t\t\t\t\t\t\t<p><span style=\"color: #333399;\"><a style=\"color: #333399;\" href=\"https:\/\/uefiscdi.gov.ro\/scientometrie-baze-de-date\"><strong>Scientometrie-Baze de date<\/strong><\/a><\/span><\/p>\t\t\t\t\t\t\t\t<\/div>\n\t\t\t\t<\/div>\n\t\t\t\t\t<\/div>\n\t\t\t\t<\/div>\n\t\t\t\t<\/div>\n\t\t","protected":false},"excerpt":{"rendered":"<p>Prezentare Universitatea Petrol-Gaze din Ploiesti este o institu\u0163ie de stat cu atribu\u0163ii \u00een domeniul \u00eenv\u0103\u0163\u0103m\u00e2ntului superior \u015fi al cercet\u0103rii \u015ftiin\u0163ifice. \u00cen acest context, misiunea cercet\u0103rii \u015ftiin\u0163ifice este de a contribui la:(a) inovarea \u00een domeniul cercet\u0103rii, dezvolt\u0103rii tehnologice \u015fi transferului de cuno\u015ftin\u0163e;(b) formarea \u015fi dezvoltarea resurselor umane implicate \u00een cercetare.\u00cen acest cadru, universitatea \u00ee\u015fi propune ca &#8220;produsele sale&#8221; diplomele universitare, cunoa\u015fterea \u015ftiin\u0163ific\u0103 \u015fi cercetarea \u015ftiin\u0163ific\u0103 care poart\u0103 &#8220;marca&#8221; UPG s\u0103 devin\u0103 tot mai prestigioase, respectiv s\u0103 se bucure de recunoa\u015ftere (ceea ce \u00eenseamn\u0103 s\u0103 fie preferate \u00een fa\u0163a altora) at\u00e2t pe pia\u0163a muncii c\u00e2t \u015fi \u00een sistemul academic, \u00een comunitatea local\u0103, regional\u0103, na\u0163ional\u0103 si interna\u0163ional\u0103.Universitatea Petrol \u2013 Gaze din Ploie\u015fti a fost acreditat\u0103 ca institu\u0163ie component\u0103 a sistemului de cercetare &#8211; dezvoltare de interes na\u0163ional, prin decizia nr. 9673 \/ 17.06.2008 emis\u0103 de CNCSIS. Decizia a fost dat\u0103 \u00een baza evalu\u0103rii activit\u0103\u0163ii de cercetare desf\u0103\u015furat\u0103 \u00een perioada 2003\u20112007 de c\u0103tre cadrele didactice din universitate. Coordonate \u0219i structur\u0103 Loca\u0163ie: corpul G al UPG, GP6A.Web : https:\/\/www.upg-ploiesti.ro\/departamentul-de-cercetare\/ Boz\u00eentan Mariana \u2013 Referent de specialitateTel. +40 244 573171; e-mail: mariana.bozintan@upg-ploiesti.ro Constantin Ioana-Catalina \u2013 Referent de specialitateTel. +40 244 573171; e-mail: catalina.ionescu@upg-ploiesti.ro LISTA DE BREVETE \u0218I INVEN\u021aII (2015-2022) Scientometrie-Baze de date<\/p>\n","protected":false},"author":1,"featured_media":0,"parent":0,"menu_order":0,"comment_status":"closed","ping_status":"closed","template":"","meta":{"_monsterinsights_skip_tracking":false,"_monsterinsights_sitenote_active":false,"_monsterinsights_sitenote_note":"","_monsterinsights_sitenote_category":0,"footnotes":""},"class_list":["post-4874","page","type-page","status-publish","hentry"],"_links":{"self":[{"href":"https:\/\/www.upg-ploiesti.ro\/index.php\/wp-json\/wp\/v2\/pages\/4874","targetHints":{"allow":["GET"]}}],"collection":[{"href":"https:\/\/www.upg-ploiesti.ro\/index.php\/wp-json\/wp\/v2\/pages"}],"about":[{"href":"https:\/\/www.upg-ploiesti.ro\/index.php\/wp-json\/wp\/v2\/types\/page"}],"author":[{"embeddable":true,"href":"https:\/\/www.upg-ploiesti.ro\/index.php\/wp-json\/wp\/v2\/users\/1"}],"replies":[{"embeddable":true,"href":"https:\/\/www.upg-ploiesti.ro\/index.php\/wp-json\/wp\/v2\/comments?post=4874"}],"version-history":[{"count":10,"href":"https:\/\/www.upg-ploiesti.ro\/index.php\/wp-json\/wp\/v2\/pages\/4874\/revisions"}],"predecessor-version":[{"id":15539,"href":"https:\/\/www.upg-ploiesti.ro\/index.php\/wp-json\/wp\/v2\/pages\/4874\/revisions\/15539"}],"wp:attachment":[{"href":"https:\/\/www.upg-ploiesti.ro\/index.php\/wp-json\/wp\/v2\/media?parent=4874"}],"curies":[{"name":"wp","href":"https:\/\/api.w.org\/{rel}","templated":true}]}}