{"id":4876,"date":"2024-08-08T09:52:56","date_gmt":"2024-08-08T09:52:56","guid":{"rendered":"https:\/\/www.upg-ploiesti.ro\/?page_id=4876"},"modified":"2025-05-09T10:40:20","modified_gmt":"2025-05-09T10:40:20","slug":"centre-de-cercetare","status":"publish","type":"page","link":"https:\/\/www.upg-ploiesti.ro\/index.php\/centre-de-cercetare\/","title":{"rendered":"CENTRE DE CERCETARE"},"content":{"rendered":"\t\t<div data-elementor-type=\"wp-page\" data-elementor-id=\"4876\" class=\"elementor elementor-4876\">\n\t\t\t\t<div class=\"elementor-element elementor-element-0470d4e e-flex e-con-boxed wpr-particle-no wpr-jarallax-no wpr-parallax-no wpr-sticky-section-no wpr-equal-height-no e-con e-parent\" data-id=\"0470d4e\" data-element_type=\"container\" data-e-type=\"container\">\n\t\t\t\t\t<div class=\"e-con-inner\">\n\t\t\t\t<div class=\"elementor-element elementor-element-f17fe5b elementor-widget elementor-widget-spacer\" data-id=\"f17fe5b\" data-element_type=\"widget\" data-e-type=\"widget\" data-widget_type=\"spacer.default\">\n\t\t\t\t<div class=\"elementor-widget-container\">\n\t\t\t\t\t\t\t<div class=\"elementor-spacer\">\n\t\t\t<div class=\"elementor-spacer-inner\"><\/div>\n\t\t<\/div>\n\t\t\t\t\t\t<\/div>\n\t\t\t\t<\/div>\n\t\t\t\t<div class=\"elementor-element elementor-element-f723951 elementor-widget elementor-widget-text-editor\" data-id=\"f723951\" data-element_type=\"widget\" data-e-type=\"widget\" data-widget_type=\"text-editor.default\">\n\t\t\t\t<div class=\"elementor-widget-container\">\n\t\t\t\t\t\t\t\t\t<p>\u00cen Universitatea Petrol \u2013 Gaze din Ploie\u015fti func\u0163ioneaz\u0103 9 centre de cercetare, grupate \u00een general \u00een jurul unor departamente apar\u0163in\u00e2nd celor cinci facult\u0103\u0163i din universitate:<\/p><ol><li style=\"list-style-type: none;\"><ol><li>Centru regional de determinare a performan\u021belor \u0219i monitorizare a st\u0103rii tehnice a materialului tubular utilizat \u00een industria petrolier\u0103<\/li><li>Centru de cercetare pentru evaluarea structurilor industriale \u0219i a caracteristcilor fizico-mecanice ale materialelor metalice \u0219i nemetalice led (examin\u0103ri distructive)<\/li><li>Centrul de Modelare Statistic\u0103 Interdisciplinar\u0103<\/li><li>Centru de studii si cercetari juridice si socio-administrative<\/li><li>Centrul de cercetare \u00een Studii Literare, Lingvistic\u0103, Teoria Criticii \u0219i Culturii<\/li><li>Centrul Limbi straine<\/li><li>Centrul de Cercetare CerTIMF \u2013 Liviu Librescu<\/li><li>Centrul De Studii \u0218i Cercet\u0103ri Economice<\/li><li>Centrul de cercet\u0103ri avansate \u00een automatiz\u0103ri, calculatoare \u0219i electronic\u0103<\/li><\/ol><\/li><\/ol>\t\t\t\t\t\t\t\t<\/div>\n\t\t\t\t<\/div>\n\t\t\t\t<div class=\"elementor-element elementor-element-eb7a6ce elementor-widget elementor-widget-spacer\" data-id=\"eb7a6ce\" data-element_type=\"widget\" data-e-type=\"widget\" data-widget_type=\"spacer.default\">\n\t\t\t\t<div class=\"elementor-widget-container\">\n\t\t\t\t\t\t\t<div class=\"elementor-spacer\">\n\t\t\t<div class=\"elementor-spacer-inner\"><\/div>\n\t\t<\/div>\n\t\t\t\t\t\t<\/div>\n\t\t\t\t<\/div>\n\t\t\t\t\t<\/div>\n\t\t\t\t<\/div>\n\t\t\t\t<\/div>\n\t\t","protected":false},"excerpt":{"rendered":"<p>\u00cen Universitatea Petrol \u2013 Gaze din Ploie\u015fti func\u0163ioneaz\u0103 9 centre de cercetare, grupate \u00een general \u00een jurul unor departamente apar\u0163in\u00e2nd celor cinci facult\u0103\u0163i din universitate: Centru regional de determinare a performan\u021belor \u0219i monitorizare a st\u0103rii tehnice a materialului tubular utilizat \u00een industria petrolier\u0103 Centru de cercetare pentru evaluarea structurilor industriale \u0219i a caracteristcilor fizico-mecanice ale materialelor metalice \u0219i nemetalice led (examin\u0103ri distructive) Centrul de Modelare Statistic\u0103 Interdisciplinar\u0103 Centru de studii si cercetari juridice si socio-administrative Centrul de cercetare \u00een Studii Literare, Lingvistic\u0103, Teoria Criticii \u0219i Culturii Centrul Limbi straine Centrul de Cercetare CerTIMF \u2013 Liviu Librescu Centrul De Studii \u0218i Cercet\u0103ri Economice Centrul de cercet\u0103ri avansate \u00een automatiz\u0103ri, calculatoare \u0219i electronic\u0103<\/p>\n","protected":false},"author":1,"featured_media":0,"parent":0,"menu_order":0,"comment_status":"closed","ping_status":"closed","template":"","meta":{"_monsterinsights_skip_tracking":false,"_monsterinsights_sitenote_active":false,"_monsterinsights_sitenote_note":"","_monsterinsights_sitenote_category":0,"footnotes":""},"class_list":["post-4876","page","type-page","status-publish","hentry"],"_links":{"self":[{"href":"https:\/\/www.upg-ploiesti.ro\/index.php\/wp-json\/wp\/v2\/pages\/4876","targetHints":{"allow":["GET"]}}],"collection":[{"href":"https:\/\/www.upg-ploiesti.ro\/index.php\/wp-json\/wp\/v2\/pages"}],"about":[{"href":"https:\/\/www.upg-ploiesti.ro\/index.php\/wp-json\/wp\/v2\/types\/page"}],"author":[{"embeddable":true,"href":"https:\/\/www.upg-ploiesti.ro\/index.php\/wp-json\/wp\/v2\/users\/1"}],"replies":[{"embeddable":true,"href":"https:\/\/www.upg-ploiesti.ro\/index.php\/wp-json\/wp\/v2\/comments?post=4876"}],"version-history":[{"count":7,"href":"https:\/\/www.upg-ploiesti.ro\/index.php\/wp-json\/wp\/v2\/pages\/4876\/revisions"}],"predecessor-version":[{"id":12622,"href":"https:\/\/www.upg-ploiesti.ro\/index.php\/wp-json\/wp\/v2\/pages\/4876\/revisions\/12622"}],"wp:attachment":[{"href":"https:\/\/www.upg-ploiesti.ro\/index.php\/wp-json\/wp\/v2\/media?parent=4876"}],"curies":[{"name":"wp","href":"https:\/\/api.w.org\/{rel}","templated":true}]}}