{"id":4880,"date":"2024-08-08T09:53:48","date_gmt":"2024-08-08T09:53:48","guid":{"rendered":"https:\/\/www.upg-ploiesti.ro\/?page_id=4880"},"modified":"2025-05-09T10:40:49","modified_gmt":"2025-05-09T10:40:49","slug":"clasificare-reviste","status":"publish","type":"page","link":"https:\/\/www.upg-ploiesti.ro\/index.php\/clasificare-reviste\/","title":{"rendered":"CLASIFICARE REVISTE"},"content":{"rendered":"\t\t<div data-elementor-type=\"wp-page\" data-elementor-id=\"4880\" class=\"elementor elementor-4880\">\n\t\t\t\t<div class=\"elementor-element elementor-element-37c9527 e-flex e-con-boxed wpr-particle-no wpr-jarallax-no wpr-parallax-no wpr-sticky-section-no wpr-equal-height-no e-con e-parent\" data-id=\"37c9527\" data-element_type=\"container\" data-e-type=\"container\">\n\t\t\t\t\t<div class=\"e-con-inner\">\n\t\t\t\t<div class=\"elementor-element elementor-element-117487b elementor-widget elementor-widget-text-editor\" data-id=\"117487b\" data-element_type=\"widget\" data-e-type=\"widget\" data-widget_type=\"text-editor.default\">\n\t\t\t\t<div class=\"elementor-widget-container\">\n\t\t\t\t\t\t\t\t\t<p><span style=\"color: #800000;\"><b><i>NEW:\u00a0<\/i><\/b><\/span>Web of Science Core Collection (<span style=\"color: #333399;\"><a style=\"color: #333399;\" href=\"https:\/\/uefiscdi.gov.ro\/scientometrie-reviste\" target=\"_blank\" rel=\"noopener\">reviste indexate\/cotate ISI<\/a><\/span>;\u00a0<span style=\"color: #333399;\"><a style=\"color: #333399;\" href=\"https:\/\/uefiscdi.gov.ro\/scientometrie-reviste#ref2020\" target=\"_blank\" rel=\"noopener\">reviste indexate ESCI<\/a><\/span>-Emerging Sources Citation Index, conferin\u0163e ISI, c\u0103r\u0163i ISI);<\/p><p><span style=\"color: #800000;\"><b><i>NEW:<\/i><\/b>\u00a0<\/span><b><span style=\"color: #800000;\">JCR 2019<\/span>\u00a0<\/b>(edi\u0163ia iunie 2020):\u00a0<span style=\"color: #333399;\"><a style=\"color: #333399;\" href=\"https:\/\/uefiscdi.gov.ro\/resource-821887-ais.2019.cuartile-q-.xlsx?&wtok=&wtkps=XU5LEoIwDL1L14oJBVvDxhM4zngCpMWpvzqUgsJwd0s3flZ5yfvklbSm0REn5oxihaMMiAl\/ftpTf7nUg+NQNWg77aV6VUsvBIhyiW0v7XCc9UjMzDMkIPIZpcS2LSvKQI2Rv30vQWxIImyKaQoHQUypx31\/WHEBqUwl5DKGBOnnssAMJYcUJMSfeXTt\/jwYqv8KQ5Vex3YB3azyV53Y5pR4XRtXKZN0RvdJ2bSmsldWTG8=&wchk=24da313b9ee3bcf80778b483dcb1189185034911\" target=\"_blank\" rel=\"nofollow noopener\" data-saferedirecturl=\"https:\/\/www.google.com\/url?q=https:\/\/uefiscdi.gov.ro\/resource-821887-ais.2019.cuartile-q-.xlsx?%26wtok%3D%26wtkps%3DXU5LEoIwDL1L14oJBVvDxhM4zngCpMWpvzqUgsJwd0s3flZ5yfvklbSm0REn5oxihaMMiAl\/ftpTf7nUg%2BNQNWg77aV6VUsvBIhyiW0v7XCc9UjMzDMkIPIZpcS2LSvKQI2Rv30vQWxIImyKaQoHQUypx31\/WHEBqUwl5DKGBOnnssAMJYcUJMSfeXTt\/jwYqv8KQ5Vex3YB3azyV53Y5pR4XRtXKZN0RvdJ2bSmsldWTG8%3D%26wchk%3D24da313b9ee3bcf80778b483dcb1189185034911&source=gmail&ust=1595655946557000&usg=AFQjCNF6JkfQxxW70yO9Kj0_SW80EKUkqA\">AIS<\/a> <\/span>(parol\u0103 tabel: uefiscdi), <span style=\"color: #333399;\"><a style=\"color: #333399;\" href=\"http:\/\/www.upg-ploiesti.ro\/wp-content\/uploads\/2024\/09\/SRI_2019.xlsx\">Scor Relativ de Influen\u0163\u0103<\/a><\/span>, Factor de Impact,<span style=\"color: #333399;\"> <a style=\"color: #333399;\" href=\"http:\/\/www.upg-ploiesti.ro\/wp-content\/uploads\/2024\/09\/RIF_2019.xlsx\">Factor Relativ de Impact<\/a><\/span>)<\/p>\t\t\t\t\t\t\t\t<\/div>\n\t\t\t\t<\/div>\n\t\t\t\t\t<\/div>\n\t\t\t\t<\/div>\n\t\t<div class=\"elementor-element elementor-element-381134b e-flex e-con-boxed wpr-particle-no wpr-jarallax-no wpr-parallax-no wpr-sticky-section-no wpr-equal-height-no e-con e-parent\" data-id=\"381134b\" data-element_type=\"container\" data-e-type=\"container\">\n\t\t\t\t\t<div class=\"e-con-inner\">\n\t\t\t\t<div class=\"elementor-element elementor-element-e7a9282 elementor-widget-divider--view-line elementor-widget elementor-widget-divider\" data-id=\"e7a9282\" data-element_type=\"widget\" data-e-type=\"widget\" data-widget_type=\"divider.default\">\n\t\t\t\t<div class=\"elementor-widget-container\">\n\t\t\t\t\t\t\t<div class=\"elementor-divider\">\n\t\t\t<span class=\"elementor-divider-separator\">\n\t\t\t\t\t\t<\/span>\n\t\t<\/div>\n\t\t\t\t\t\t<\/div>\n\t\t\t\t<\/div>\n\t\t\t\t\t<\/div>\n\t\t\t\t<\/div>\n\t\t<div class=\"elementor-element elementor-element-a347520 e-flex e-con-boxed wpr-particle-no wpr-jarallax-no wpr-parallax-no wpr-sticky-section-no wpr-equal-height-no e-con e-parent\" data-id=\"a347520\" data-element_type=\"container\" data-e-type=\"container\">\n\t\t\t\t\t<div class=\"e-con-inner\">\n\t\t\t\t<div class=\"elementor-element elementor-element-5996b77 elementor-widget elementor-widget-text-editor\" data-id=\"5996b77\" data-element_type=\"widget\" data-e-type=\"widget\" data-widget_type=\"text-editor.default\">\n\t\t\t\t<div class=\"elementor-widget-container\">\n\t\t\t\t\t\t\t\t\t<div>Lista revistelor cotate ISI<\/div><div><div><div><span style=\"color: #333399;\"><a style=\"color: #333399;\" href=\"https:\/\/jcr.clarivate.com\/JCRLandingPageAction.action?Init=Yes&SrcApp=IC2LS&SID=J1-NiKex2B4UQr8KUyymyKBFkXYW5U3A6oWtc-18x2dx2FuSwx2B4eq2syix2BC4bxxs5fRAx3Dx3DDr2c7mZ2EimGF1dn3CzCegx3Dx3D-WwpRYkX4Gz8e7T4uNl5SUQx3Dx3D-wBEj1mx2B0mykql8H4kstFLwx3Dx3D\">Journal Citation Reports<\/a><\/span><\/div><div>\u00a0<\/div><div>Lista continand Scorul Relativ de Influenta al revistelor,\u00a0 aparuta in 2019\u00a0dar cu referire la ceea ce s-a publicat in 2018:\u00a0<\/div><ul><li>\u00a0JCR 2018\u00a0(edi\u0163ia iunie 2019):<span style=\"color: #333399;\">\u00a0<a style=\"color: #333399;\" href=\"https:\/\/www.uefiscdi.gov.ro\/resource-828068?&wtok=&wtkps=XY5dDoIwEITvss+Kbfkryx2IiSdAWqDyU6EFIsa7W\/DB6Ntk9pvZyTHCp8EQYbFNayDNUoM+glECnAoIAqtMcl3LpJpELcYhVnHf6Qez5ChnWTTrkUY3O9R24ymCgk8Dpf7uxAhC3Pvz5eTHhHHGSci3A3Ps1znQgHKfMMLJngr3VPaXoW7OL8jccLl\/dKrTYmqlp8fKm2SpTCGUNyu5ePloVaFbSF9v&wchk=24fb216169fd7021944ab96e1b2ec90f4ab8a47f\" target=\"_blank\" rel=\"noopener\">AIS<\/a><\/span>\u00a0(parol\u0103 tabel: uefiscdi)\/<span style=\"color: #333399;\"><a style=\"color: #333399;\" href=\"https:\/\/www.uefiscdi.gov.ro\/resource-828022?&wtok=&wtkps=XY5dDoIwEITvss+Kbfkryx2IiSdAWqDyU6EFIsa7W\/DB6Ntk9pvZyTHCp8EQYbFNayDNUoM+glECnAoIAqtMcl3LpJpELcYhVnHf6Qez5ChnWTTrkUY3O9R24ymCgk8Dpf7uxAhC3Pvz5eTHhHHGSci3A3Ps1znQgHKfMMLJngr3VPaXoW7OL8jccLl\/dKrTYmqlp8fKm2SpTCGUNyu5ePloVaFbSF9v&wchk=24fb216169fd7021944ab96e1b2ec90f4ab8a47f\" target=\"_blank\" rel=\"noopener\">Scor Relativ de Influen\u0163<span style=\"color: #333399;\">\u0103<\/span><\/a>,<\/span> Factor de Impact\/<span style=\"color: #333399;\"><a style=\"color: #333399;\" href=\"https:\/\/www.uefiscdi.gov.ro\/resource-828027?&wtok=&wtkps=XY5dDoIwEITvss+Kbfkryx2IiSdAWqDyU6EFIsa7W\/DB6Ntk9pvZyTHCp8EQYbFNayDNUoM+glECnAoIAqtMcl3LpJpELcYhVnHf6Qez5ChnWTTrkUY3O9R24ymCgk8Dpf7uxAhC3Pvz5eTHhHHGSci3A3Ps1znQgHKfMMLJngr3VPaXoW7OL8jccLl\/dKrTYmqlp8fKm2SpTCGUNyu5ePloVaFbSF9v&wchk=24fb216169fd7021944ab96e1b2ec90f4ab8a47f\" target=\"_blank\" rel=\"noopener\">Factor Relativ de Impact<\/a><\/span>)<\/li><\/ul><\/div><\/div>\t\t\t\t\t\t\t\t<\/div>\n\t\t\t\t<\/div>\n\t\t\t\t<div class=\"elementor-element elementor-element-e4b90fd elementor-widget-divider--view-line elementor-widget elementor-widget-divider\" data-id=\"e4b90fd\" data-element_type=\"widget\" data-e-type=\"widget\" data-widget_type=\"divider.default\">\n\t\t\t\t<div class=\"elementor-widget-container\">\n\t\t\t\t\t\t\t<div class=\"elementor-divider\">\n\t\t\t<span class=\"elementor-divider-separator\">\n\t\t\t\t\t\t<\/span>\n\t\t<\/div>\n\t\t\t\t\t\t<\/div>\n\t\t\t\t<\/div>\n\t\t\t\t\t<\/div>\n\t\t\t\t<\/div>\n\t\t<div class=\"elementor-element elementor-element-30cc73a e-flex e-con-boxed wpr-particle-no wpr-jarallax-no wpr-parallax-no wpr-sticky-section-no wpr-equal-height-no e-con e-parent\" data-id=\"30cc73a\" data-element_type=\"container\" data-e-type=\"container\">\n\t\t\t\t\t<div class=\"e-con-inner\">\n\t\t\t\t<div class=\"elementor-element elementor-element-b6e14d5 elementor-widget elementor-widget-text-editor\" data-id=\"b6e14d5\" data-element_type=\"widget\" data-e-type=\"widget\" data-widget_type=\"text-editor.default\">\n\t\t\t\t<div class=\"elementor-widget-container\">\n\t\t\t\t\t\t\t\t\t<p><span style=\"color: #333399;\"><a style=\"color: #333399;\" href=\"http:\/\/www.upg-ploiesti.ro\/wp-content\/uploads\/2024\/09\/calculSRI.2018.pdf\">Lista continand Scorul Relativ de Influenta al revistelor, aparuta in 2018 dar cu referire la ceea ce s-a publicat in 2017<\/a><\/span><\/p><div>Lista reviste romanesti indexate ISI<\/div><div>Lista reviste clasificate ERIH<\/div><div>Reviste clasificate de UEFISCDI \u00een zona galben\u0103 \u0219i zona ro\u0219ie, \u00een func\u0163ie de scorul de influen\u0163\u0103 (AIS) \u2013 2014<\/div><div>Reviste clasificate de UEFISCDI \u00een zona galben\u0103 \u0219i zona ro\u0219ie, \u00een func\u0163ie de factorul de impact (IF) \u2013 2014<\/div><div>Reviste clasificate de UEFISCDI \u00een zona galben\u0103 \u0219i zona ro\u0219ie, \u00een func\u0163ie de scorul de influen\u0163\u0103 (AIS) \u2013 2013<\/div><div>Reviste clasificate de UEFISCDI \u00een zona galben\u0103 \u0219i zona ro\u0219ie, \u00een func\u0163ie de factorul de impact (IF) \u2013 2013<\/div><div>Reviste clasificate de UEFISCDI \u00een zona galben\u0103 \u0219i zona ro\u0219ie, \u00een func\u0163ie de scorul de influen\u0163\u0103 (AIS) \u2013 2012<\/div><div>Reviste clasificate de UEFISCDI \u00een zona galben\u0103 \u0219i zona ro\u0219ie, \u00een func\u0163ie de scorul de influen\u0163\u0103 (AIS) \u2013 2011<\/div><div>Reviste\u00a0<em>Science Citation Index Expanded\u00a0<\/em>clasificate de UEFISCDI \u00een zona galben\u0103 \u0219i zona ro\u0219ie, \u00een func\u0163ie de factorul de impact (IF) \u2013 2010<\/div><div>Reviste\u00a0<em>Social Sciences Citation Index<\/em>\u00a0clasificate de UEFISCDI \u00een zona galben\u0103 \u0219i zona ro\u0219ie, \u00een func\u0163ie de factorul de impact (IF) \u2013 2010<\/div>\t\t\t\t\t\t\t\t<\/div>\n\t\t\t\t<\/div>\n\t\t\t\t\t<\/div>\n\t\t\t\t<\/div>\n\t\t\t\t<\/div>\n\t\t","protected":false},"excerpt":{"rendered":"<p>NEW:\u00a0Web of Science Core Collection (reviste indexate\/cotate ISI;\u00a0reviste indexate ESCI-Emerging Sources Citation Index, conferin\u0163e ISI, c\u0103r\u0163i ISI); NEW:\u00a0JCR 2019\u00a0(edi\u0163ia iunie 2020):\u00a0AIS (parol\u0103 tabel: uefiscdi), Scor Relativ de Influen\u0163\u0103, Factor de Impact, Factor Relativ de Impact) Lista revistelor cotate ISIJournal Citation Reports\u00a0Lista continand Scorul Relativ de Influenta al revistelor,\u00a0 aparuta in 2019\u00a0dar cu referire la ceea ce s-a publicat in 2018:\u00a0 \u00a0JCR 2018\u00a0(edi\u0163ia iunie 2019):\u00a0AIS\u00a0(parol\u0103 tabel: uefiscdi)\/Scor Relativ de Influen\u0163\u0103, Factor de Impact\/Factor Relativ de Impact) Lista continand Scorul Relativ de Influenta al revistelor, aparuta in 2018 dar cu referire la ceea ce s-a publicat in 2017 Lista reviste romanesti indexate ISILista reviste clasificate ERIHReviste clasificate de UEFISCDI \u00een zona galben\u0103 \u0219i zona ro\u0219ie, \u00een func\u0163ie de scorul de influen\u0163\u0103 (AIS) \u2013 2014Reviste clasificate de UEFISCDI \u00een zona galben\u0103 \u0219i zona ro\u0219ie, \u00een func\u0163ie de factorul de impact (IF) \u2013 2014Reviste clasificate de UEFISCDI \u00een zona galben\u0103 \u0219i zona ro\u0219ie, \u00een func\u0163ie de scorul de influen\u0163\u0103 (AIS) \u2013 2013Reviste clasificate de UEFISCDI \u00een zona galben\u0103 \u0219i zona ro\u0219ie, \u00een func\u0163ie de factorul de impact (IF) \u2013 2013Reviste clasificate de UEFISCDI \u00een zona galben\u0103 \u0219i zona ro\u0219ie, \u00een func\u0163ie de scorul de influen\u0163\u0103 (AIS) \u2013 2012Reviste clasificate de UEFISCDI \u00een zona galben\u0103 \u0219i zona ro\u0219ie, \u00een func\u0163ie de scorul de influen\u0163\u0103 (AIS) \u2013 2011Reviste\u00a0Science Citation Index Expanded\u00a0clasificate de UEFISCDI \u00een zona galben\u0103 \u0219i zona ro\u0219ie, \u00een func\u0163ie de factorul de impact (IF) \u2013 2010Reviste\u00a0Social Sciences Citation Index\u00a0clasificate de UEFISCDI \u00een zona galben\u0103 \u0219i zona ro\u0219ie, \u00een func\u0163ie de factorul de impact (IF) \u2013 2010<\/p>\n","protected":false},"author":1,"featured_media":0,"parent":0,"menu_order":0,"comment_status":"closed","ping_status":"closed","template":"","meta":{"_monsterinsights_skip_tracking":false,"_monsterinsights_sitenote_active":false,"_monsterinsights_sitenote_note":"","_monsterinsights_sitenote_category":0,"footnotes":""},"class_list":["post-4880","page","type-page","status-publish","hentry"],"_links":{"self":[{"href":"https:\/\/www.upg-ploiesti.ro\/index.php\/wp-json\/wp\/v2\/pages\/4880","targetHints":{"allow":["GET"]}}],"collection":[{"href":"https:\/\/www.upg-ploiesti.ro\/index.php\/wp-json\/wp\/v2\/pages"}],"about":[{"href":"https:\/\/www.upg-ploiesti.ro\/index.php\/wp-json\/wp\/v2\/types\/page"}],"author":[{"embeddable":true,"href":"https:\/\/www.upg-ploiesti.ro\/index.php\/wp-json\/wp\/v2\/users\/1"}],"replies":[{"embeddable":true,"href":"https:\/\/www.upg-ploiesti.ro\/index.php\/wp-json\/wp\/v2\/comments?post=4880"}],"version-history":[{"count":7,"href":"https:\/\/www.upg-ploiesti.ro\/index.php\/wp-json\/wp\/v2\/pages\/4880\/revisions"}],"predecessor-version":[{"id":7473,"href":"https:\/\/www.upg-ploiesti.ro\/index.php\/wp-json\/wp\/v2\/pages\/4880\/revisions\/7473"}],"wp:attachment":[{"href":"https:\/\/www.upg-ploiesti.ro\/index.php\/wp-json\/wp\/v2\/media?parent=4880"}],"curies":[{"name":"wp","href":"https:\/\/api.w.org\/{rel}","templated":true}]}}