{"id":4888,"date":"2024-08-08T09:54:46","date_gmt":"2024-08-08T09:54:46","guid":{"rendered":"https:\/\/www.upg-ploiesti.ro\/?page_id=4888"},"modified":"2025-09-05T07:57:17","modified_gmt":"2025-09-05T07:57:17","slug":"buletine-jurnale-stiintifice","status":"publish","type":"page","link":"https:\/\/www.upg-ploiesti.ro\/index.php\/buletine-jurnale-stiintifice\/","title":{"rendered":"BULETINE\/JURNALE STIINTIFICE"},"content":{"rendered":"\t\t<div data-elementor-type=\"wp-page\" data-elementor-id=\"4888\" class=\"elementor elementor-4888\">\n\t\t\t\t<div class=\"elementor-element elementor-element-5454470 e-flex e-con-boxed wpr-particle-no wpr-jarallax-no wpr-parallax-no wpr-sticky-section-no wpr-equal-height-no e-con e-parent\" data-id=\"5454470\" data-element_type=\"container\" data-e-type=\"container\">\n\t\t\t\t\t<div class=\"e-con-inner\">\n\t\t\t\t<div class=\"elementor-element elementor-element-7b959f8 elementor-widget elementor-widget-spacer\" data-id=\"7b959f8\" data-element_type=\"widget\" data-e-type=\"widget\" data-widget_type=\"spacer.default\">\n\t\t\t\t<div class=\"elementor-widget-container\">\n\t\t\t\t\t\t\t<div class=\"elementor-spacer\">\n\t\t\t<div class=\"elementor-spacer-inner\"><\/div>\n\t\t<\/div>\n\t\t\t\t\t\t<\/div>\n\t\t\t\t<\/div>\n\t\t\t\t<div class=\"elementor-element elementor-element-0892271 elementor-widget elementor-widget-text-editor\" data-id=\"0892271\" data-element_type=\"widget\" data-e-type=\"widget\" data-widget_type=\"text-editor.default\">\n\t\t\t\t<div class=\"elementor-widget-container\">\n\t\t\t\t\t\t\t\t\t<p>1. <strong>Romanian Journal of Petroleum &amp; Gas Technology<\/strong><\/p><p>Mai multe detalii pe<span style=\"color: #333399;\">\u00a0<a style=\"color: #333399;\" href=\"http:\/\/jpgt.upg-ploiesti.ro\/\">http:\/\/jpgt.upg-ploiesti.ro\/<\/a><\/span><\/p><p>2. <strong>Economic Insights &#8211; Trends and Challenges (Titlul anterior: Buletinul Universit\u0103\u0163ii Petrol-Gaze din Ploie\u015fti, Seria \u015etiin\u0163e Economice) &#8211; Categoria CNCSIS: B+(2007-2011)<\/strong><\/p><p>Mai multe detalii pe <span style=\"color: #333399;\"><a style=\"color: #333399;\" href=\"https:\/\/upg-bulletin-se.ro\/\">https:\/\/upg-bulletin-se.ro\/<\/a><\/span><\/p><p>3.\u00a0<strong>Central European Journal of Geography and Sustainable Development (CEJGSD)<\/strong><\/p><p>Mai multe detalii pe <a href=\"https:\/\/cejgsd.org\/\"><span style=\"color: #333399;\">https:\/\/cejgsd.org\/<\/span><\/a><\/p><p>4. <strong>Buletinul Universit\u0103\u0163ii Petrol-Gaze din Ploie\u015fti, Seria \u015etiin\u0163ele Educa\u0163iei\u00a0 &#8211; Categoria CNCSIS: B+\/Journal of Educational Sciences and Psychology.<\/strong><\/p><p>Mai multe detalii <span style=\"color: #333399;\">pe\u00a0<a style=\"color: #333399;\" href=\"http:\/\/jesp.upg-ploiesti.ro\/\">http:\/\/jesp.upg-ploiesti.ro<\/a><\/span><\/p><p>5. <strong>Buletinul Universit\u0103\u0163ii Petrol-Gaze din Ploie\u015fti, Seria Filologie\u00a0 &#8211; Categoria CNCSIS: B+ \/ Word and Text &#8211; A Journal of Literary Studies and Linguistics.<\/strong><\/p><p>Mai multe detalii pe\u00a0<span style=\"color: #333399;\"><a style=\"color: #333399;\" href=\"http:\/\/jlsl.upg-ploiesti.ro\/\">http:\/\/jlsl.upg-ploiesti.ro<\/a><\/span><\/p><p>6. <strong>Jus et Civitas.\u00a0A Journal of Social and Legal Studies<\/strong><\/p><p>Mai multe detalii pe\u00a0<span style=\"color: #333399;\"><a style=\"color: #333399;\" href=\"http:\/\/jetc.upg-ploiesti.ro\/\">http:\/\/jetc.upg-ploiesti.ro\/\u00a0<\/a><\/span><\/p><p>7. <strong>JOURNAL OF LAW AND ADMINISTRATIVE SCIENCES<\/strong><\/p><p>Mai multe detalii pe<span style=\"color: #333399;\"><a style=\"color: #333399;\" href=\"http:\/\/jolas.ro\/\">http:\/\/jolas.ro\/<\/a><\/span><\/p>\t\t\t\t\t\t\t\t<\/div>\n\t\t\t\t<\/div>\n\t\t\t\t<div class=\"elementor-element elementor-element-6f1e9a8 elementor-widget elementor-widget-spacer\" data-id=\"6f1e9a8\" data-element_type=\"widget\" data-e-type=\"widget\" data-widget_type=\"spacer.default\">\n\t\t\t\t<div class=\"elementor-widget-container\">\n\t\t\t\t\t\t\t<div class=\"elementor-spacer\">\n\t\t\t<div class=\"elementor-spacer-inner\"><\/div>\n\t\t<\/div>\n\t\t\t\t\t\t<\/div>\n\t\t\t\t<\/div>\n\t\t\t\t\t<\/div>\n\t\t\t\t<\/div>\n\t\t\t\t<\/div>\n\t\t","protected":false},"excerpt":{"rendered":"<p>1. Romanian Journal of Petroleum &amp; Gas Technology Mai multe detalii pe\u00a0http:\/\/jpgt.upg-ploiesti.ro\/ 2. Economic Insights &#8211; Trends and Challenges (Titlul anterior: Buletinul Universit\u0103\u0163ii Petrol-Gaze din Ploie\u015fti, Seria \u015etiin\u0163e Economice) &#8211; Categoria CNCSIS: B+(2007-2011) Mai multe detalii pe https:\/\/upg-bulletin-se.ro\/ 3.\u00a0Central European Journal of Geography and Sustainable Development (CEJGSD) Mai multe detalii pe https:\/\/cejgsd.org\/ 4. Buletinul Universit\u0103\u0163ii Petrol-Gaze din Ploie\u015fti, Seria \u015etiin\u0163ele Educa\u0163iei\u00a0 &#8211; Categoria CNCSIS: B+\/Journal of Educational Sciences and Psychology. Mai multe detalii pe\u00a0http:\/\/jesp.upg-ploiesti.ro 5. Buletinul Universit\u0103\u0163ii Petrol-Gaze din Ploie\u015fti, Seria Filologie\u00a0 &#8211; Categoria CNCSIS: B+ \/ Word and Text &#8211; A Journal of Literary Studies and Linguistics. Mai multe detalii pe\u00a0http:\/\/jlsl.upg-ploiesti.ro 6. Jus et Civitas.\u00a0A Journal of Social and Legal Studies Mai multe detalii pe\u00a0http:\/\/jetc.upg-ploiesti.ro\/\u00a0 7. JOURNAL OF LAW AND ADMINISTRATIVE SCIENCES Mai multe detalii pehttp:\/\/jolas.ro\/<\/p>\n","protected":false},"author":1,"featured_media":0,"parent":0,"menu_order":0,"comment_status":"closed","ping_status":"closed","template":"","meta":{"_monsterinsights_skip_tracking":false,"_monsterinsights_sitenote_active":false,"_monsterinsights_sitenote_note":"","_monsterinsights_sitenote_category":0,"footnotes":""},"class_list":["post-4888","page","type-page","status-publish","hentry"],"_links":{"self":[{"href":"https:\/\/www.upg-ploiesti.ro\/index.php\/wp-json\/wp\/v2\/pages\/4888","targetHints":{"allow":["GET"]}}],"collection":[{"href":"https:\/\/www.upg-ploiesti.ro\/index.php\/wp-json\/wp\/v2\/pages"}],"about":[{"href":"https:\/\/www.upg-ploiesti.ro\/index.php\/wp-json\/wp\/v2\/types\/page"}],"author":[{"embeddable":true,"href":"https:\/\/www.upg-ploiesti.ro\/index.php\/wp-json\/wp\/v2\/users\/1"}],"replies":[{"embeddable":true,"href":"https:\/\/www.upg-ploiesti.ro\/index.php\/wp-json\/wp\/v2\/comments?post=4888"}],"version-history":[{"count":19,"href":"https:\/\/www.upg-ploiesti.ro\/index.php\/wp-json\/wp\/v2\/pages\/4888\/revisions"}],"predecessor-version":[{"id":14983,"href":"https:\/\/www.upg-ploiesti.ro\/index.php\/wp-json\/wp\/v2\/pages\/4888\/revisions\/14983"}],"wp:attachment":[{"href":"https:\/\/www.upg-ploiesti.ro\/index.php\/wp-json\/wp\/v2\/media?parent=4888"}],"curies":[{"name":"wp","href":"https:\/\/api.w.org\/{rel}","templated":true}]}}