{"id":4922,"date":"2024-08-09T06:33:53","date_gmt":"2024-08-09T06:33:53","guid":{"rendered":"https:\/\/www.upg-ploiesti.ro\/?page_id=4922"},"modified":"2024-11-28T10:50:29","modified_gmt":"2024-11-28T10:50:29","slug":"baza-sportiva-clubul-sportiv-universitar","status":"publish","type":"page","link":"https:\/\/www.upg-ploiesti.ro\/index.php\/baza-sportiva-clubul-sportiv-universitar\/","title":{"rendered":"BAZA SPORTIVA \/ CLUBUL SPORTIV UNIVERSITAR"},"content":{"rendered":"\t\t<div data-elementor-type=\"wp-page\" data-elementor-id=\"4922\" class=\"elementor elementor-4922\">\n\t\t\t\t<div class=\"elementor-element elementor-element-543bede e-flex e-con-boxed wpr-particle-no wpr-jarallax-no wpr-parallax-no wpr-sticky-section-no wpr-equal-height-no e-con e-parent\" data-id=\"543bede\" data-element_type=\"container\" data-e-type=\"container\">\n\t\t\t\t\t<div class=\"e-con-inner\">\n\t\t\t\t<div class=\"elementor-element elementor-element-feed470 elementor-widget elementor-widget-heading\" data-id=\"feed470\" data-element_type=\"widget\" data-e-type=\"widget\" data-widget_type=\"heading.default\">\n\t\t\t\t<div class=\"elementor-widget-container\">\n\t\t\t\t\t<h2 class=\"elementor-heading-title elementor-size-default\">Baza sportiv\u0103<\/h2>\t\t\t\t<\/div>\n\t\t\t\t<\/div>\n\t\t<div class=\"elementor-element elementor-element-6da203f e-grid e-con-full wpr-particle-no wpr-jarallax-no wpr-parallax-no wpr-sticky-section-no wpr-equal-height-no e-con e-child\" data-id=\"6da203f\" data-element_type=\"container\" data-e-type=\"container\">\n\t\t<div class=\"elementor-element elementor-element-ffb5f72 e-con-full e-flex wpr-particle-no wpr-jarallax-no wpr-parallax-no wpr-sticky-section-no wpr-equal-height-no e-con e-child\" data-id=\"ffb5f72\" data-element_type=\"container\" data-e-type=\"container\">\n\t\t\t\t<div class=\"elementor-element elementor-element-233ece1 elementor-widget elementor-widget-text-editor\" data-id=\"233ece1\" data-element_type=\"widget\" data-e-type=\"widget\" data-widget_type=\"text-editor.default\">\n\t\t\t\t<div class=\"elementor-widget-container\">\n\t\t\t\t\t\t\t\t\t<p>Baza sportiv\u0103 a universit\u0103\u0163ii cuprinde<\/p><ul><li>1 sala de jocuri sportive, 30\/l8 m, cu toate dot\u0103rile necesare;<\/li><li>1 teren de handbal, 40\/20m, acoperit cu asfalt;<\/li><li>2 terenuri minifotbal, 40\/20m, acoperite cu asfalt pe care sunt trasate terenuri pentru jocurile de fotbal, tenis, baschet, volei \u015fi pist\u0103 de atletism (1 tur = 200m);<\/li><li>1 groap\u0103 de nisip pentru s\u0103rituri;<\/li><li>1 sal\u0103 de fitness 15\/7 m, echipat\u0103 cu aparate pentru dezvoltarea diferitelor grupe musculare;<\/li><li>1 sal\u0103 de \u015fah dotat\u0103 cu 8 mese pentru jocul de \u015fah, table sau rummy;<\/li><li>1 teren 30\/l 5 m (neamenajat).<\/li><\/ul>\t\t\t\t\t\t\t\t<\/div>\n\t\t\t\t<\/div>\n\t\t\t\t<\/div>\n\t\t\t\t<div class=\"elementor-element elementor-element-42e34e5 elementor-widget__width-auto elementor-widget elementor-widget-image-carousel\" data-id=\"42e34e5\" data-element_type=\"widget\" data-e-type=\"widget\" data-settings=\"{&quot;slides_to_show&quot;:&quot;2&quot;,&quot;navigation&quot;:&quot;none&quot;,&quot;autoplay&quot;:&quot;yes&quot;,&quot;pause_on_hover&quot;:&quot;yes&quot;,&quot;pause_on_interaction&quot;:&quot;yes&quot;,&quot;autoplay_speed&quot;:5000,&quot;infinite&quot;:&quot;yes&quot;,&quot;speed&quot;:500}\" data-widget_type=\"image-carousel.default\">\n\t\t\t\t<div class=\"elementor-widget-container\">\n\t\t\t\t\t\t\t<div class=\"elementor-image-carousel-wrapper swiper\" role=\"region\" aria-roledescription=\"carousel\" aria-label=\"Image Carousel\" dir=\"ltr\">\n\t\t\t<div class=\"elementor-image-carousel swiper-wrapper swiper-image-stretch\" aria-live=\"off\">\n\t\t\t\t\t\t\t\t<div class=\"swiper-slide\" role=\"group\" aria-roledescription=\"slide\" aria-label=\"1 of 3\"><figure class=\"swiper-slide-inner\"><img decoding=\"async\" class=\"swiper-slide-image\" src=\"https:\/\/www.upg-ploiesti.ro\/wp-content\/uploads\/2024\/10\/campus_11.jpg\" alt=\"campus_(11)\" \/><\/figure><\/div><div class=\"swiper-slide\" role=\"group\" aria-roledescription=\"slide\" aria-label=\"2 of 3\"><figure class=\"swiper-slide-inner\"><img decoding=\"async\" class=\"swiper-slide-image\" src=\"https:\/\/www.upg-ploiesti.ro\/wp-content\/uploads\/2024\/10\/campus_14.jpg\" alt=\"campus_(14)\" \/><\/figure><\/div><div class=\"swiper-slide\" role=\"group\" aria-roledescription=\"slide\" aria-label=\"3 of 3\"><figure class=\"swiper-slide-inner\"><img decoding=\"async\" class=\"swiper-slide-image\" src=\"https:\/\/www.upg-ploiesti.ro\/wp-content\/uploads\/2024\/10\/campus_2.jpg\" alt=\"campus_(2)\" \/><\/figure><\/div>\t\t\t<\/div>\n\t\t\t\t\t\t\t\n\t\t\t\t\t\t\t\t\t<\/div>\n\t\t\t\t\t\t<\/div>\n\t\t\t\t<\/div>\n\t\t\t\t<\/div>\n\t\t\t\t<div class=\"elementor-element elementor-element-fc1fc63 elementor-widget-divider--view-line elementor-widget elementor-widget-divider\" data-id=\"fc1fc63\" data-element_type=\"widget\" data-e-type=\"widget\" data-widget_type=\"divider.default\">\n\t\t\t\t<div class=\"elementor-widget-container\">\n\t\t\t\t\t\t\t<div class=\"elementor-divider\">\n\t\t\t<span class=\"elementor-divider-separator\">\n\t\t\t\t\t\t<\/span>\n\t\t<\/div>\n\t\t\t\t\t\t<\/div>\n\t\t\t\t<\/div>\n\t\t\t\t<div class=\"elementor-element elementor-element-d3bd2da elementor-widget elementor-widget-heading\" data-id=\"d3bd2da\" data-element_type=\"widget\" data-e-type=\"widget\" data-widget_type=\"heading.default\">\n\t\t\t\t<div class=\"elementor-widget-container\">\n\t\t\t\t\t<h2 class=\"elementor-heading-title elementor-size-default\">Clubul Sportiv Universitar:<\/h2>\t\t\t\t<\/div>\n\t\t\t\t<\/div>\n\t\t\t\t<div class=\"elementor-element elementor-element-52430e7 elementor-widget elementor-widget-text-editor\" data-id=\"52430e7\" data-element_type=\"widget\" data-e-type=\"widget\" data-widget_type=\"text-editor.default\">\n\t\t\t\t<div class=\"elementor-widget-container\">\n\t\t\t\t\t\t\t\t\t<ul><li><span style=\"color: #333399;\"><a style=\"color: #333399;\" href=\"http:\/\/www.upg-ploiesti.ro\/wp-content\/uploads\/2024\/10\/60966615_2274389715962124_3952168737582350336_o.jpg\">S-au \u00eencheiat Campionatele Nationale Universitare de Atletism!<\/a><\/span><ul><li>Studentul Facult\u0103\u021bii de Inginerie Mecanic\u0103 \u0219i Electric\u0103 \u0219i sportivul Clubului Sportiv Universitar Ploiesti, Adrian \u015eu\u015fnea, a ob\u021binut urm\u0103toarele performan\u021be : locul V \u00een proba de aruncare a ciocanului, locul V \u00een proba de aruncare a discului \u0219i locul VII \u00een proba de aruncare a greut\u0103\u021bii! A\u0219adar, viitorul inginer adaug\u0103 noi performante \u00een palmaresul sportiv deloc de neglijat, al Facult\u0103\u021bii IME\/ UPG Ploie\u0219ti!<\/li><\/ul><\/li><li>Dragi studen\u021bi,, upegisti&#8221; va invit \u00een aceast\u0103 sear\u0103 la Sala Sporturilor Olimpia sa sus\u021binem \u00eempreun\u0103 echipa de baschet a\u00a0<span style=\"color: #333399;\"><a style=\"color: #333399;\" href=\"http:\/\/www.upg-ploiesti.ro\/wp-content\/uploads\/2024\/10\/71935023_2531075156960244_2828530229805318144_o.jpg\">Clubului Sportiv Universitar<\/a><\/span>\u00a0(UPG Ploie\u0219ti! ). Imi doresc ca tribuna sa fie plina de studen\u021bi forajisti, economi\u0219ti, chimi\u0219ti, lingvisti, informaticieni etc., sa facem echip\u0103, sa ne sus\u021binem sportivii care ne reprezinta universitatea! Sportul ne une\u0219te, sportul ne face mai puternici si mai buni! Succes CSU, \u00cempreun\u0103 Pentru UPG!<\/li><li>S a \u00eencheiat Campionatul National de Fotbal pe Centre Universitare! Echipa reprezentativ\u0103 de fotbal a UPG Ploiesti a ob\u021binut locul al III lea, medalie de bronz! Mul\u021bumim b\u0103ie\u021bi! Bravo Liga Studen\u021bilor! Organizare impecabil\u0103, premii consistente, fair play, atmosfer\u0103 studen\u021beasc\u0103&#8230;.<ul><li><span style=\"color: #333399;\"><a style=\"color: #333399;\" href=\"https:\/\/www.facebook.com\/mirela.dulgheru.3\/videos\/2490077241060036\/\">https:\/\/www.facebook.com\/mirela.dulgheru.3\/videos\/2490077241060036\/<\/a><\/span><\/li><\/ul><\/li><li>Printre colinde, preg\u0103tiri de s\u0103rb\u0103tori, mai dam o fuga \u0219i pe la c\u00e2te un concurs de atletism,<ul><li>Cupa de Iarn\u0103, unde\u00a0<span style=\"color: #333399;\"><a style=\"color: #333399;\" href=\"http:\/\/www.upg-ploiesti.ro\/wp-content\/uploads\/2024\/10\/47683399_2023061224428309_3375706159917826048_o.jpg\">studentul nostru Susnea Adrian ( IME),<\/a><\/span> legitimat la CSU Ploie\u0219ti, a ocupat\u00a0<span style=\"color: #333399;\"><a style=\"color: #333399;\" href=\"http:\/\/www.upg-ploiesti.ro\/wp-content\/uploads\/2024\/10\/47683402_2023061381094960_4690039635089293312_o.jpg\">locul al II lea<\/a><\/span>\u00a0la proba de aruncarea greut\u0103\u021bii cu un nou record personal!<\/li><\/ul><\/li><li><span style=\"color: #333399;\"><a style=\"color: #333399;\" href=\"http:\/\/www.upg-ploiesti.ro\/wp-content\/uploads\/2024\/10\/78526362_2444145825833746_4176348060290383872_o.jpg\">CSU Ploiesti Basketball<\/a><\/span><\/li><li><span style=\"color: #333399;\"><a style=\"color: #333399;\" href=\"http:\/\/www.upg-ploiesti.ro\/wp-content\/uploads\/2024\/10\/75412130_2434141113500884_6256975328237846528_o.jpg\">CSU Ploie\u0219ti \u00eencheie prima zi a turneului U18 de la Media\u0219 cu bilan\u021b perfect!<\/a><\/span><ul><li>A doua partid\u0103 disputat\u0103 de universitarii ploie\u0219teni a fost c\u00e2\u0219tigat\u0103 categoric, scor 112-77, \u00een fa\u021ba celor de la Tg. Jiu.<\/li><\/ul><\/li><li><span style=\"color: #333399;\"><a style=\"color: #333399;\" href=\"http:\/\/www.upg-ploiesti.ro\/wp-content\/uploads\/2024\/10\/74490721_2434805163434479_7564254195071582208_o.jpg\">CSU Ploie\u0219ti Basketball U18 se \u00eentoarce acas\u0103 de la Media\u0219 cu trei victorii<\/a><\/span><ul><li>Universitarii ploie\u0219teni au c\u00e2\u0219tigat \u0219i ultimul meci al grupei C, disputat chiar \u00een fa\u021ba gazdelor, 88-80, bif\u00e2nd astfel un procentaj perfect:<br \/>3\ufe0f\u20e3 partide = 3\ufe0f\u20e3 victorii<\/li><\/ul><\/li><li>Mul\u021bumesc din suflet partenerilor no\u0219tri care ne au sprijinit in campania de promovare a UPG din Ploie\u0219ti! Din data de 10 Mai \u0219i pana astazi acest\u00a0<span style=\"color: #333399;\"><a style=\"color: #333399;\" href=\"http:\/\/www.upg-ploiesti.ro\/wp-content\/uploads\/2024\/10\/75419120_2616301505104275_1066507746158837760_o.jpg\">autobuz colantat<\/a><\/span>\u00a0a circulat pe toate traseele. Va mul\u021bumim ca a\u021bi acceptat sa c\u0103l\u0103tori\u021bi \u00eempreun\u0103 cu noi spre cunoa\u0219tere! ,,\u00a0<span style=\"color: #333399;\"><a style=\"color: #333399;\" href=\"http:\/\/www.upg-ploiesti.ro\/wp-content\/uploads\/2024\/10\/75594493_2616301435104282_1769507692520407040_o.jpg\">Autobuzul studentiei<\/a><\/span>\u00a0&#8221; este primul care intra \u00een sesiune&#8230; pentru el se nume\u0219te decolantare&#8230;<\/li><\/ul>\t\t\t\t\t\t\t\t<\/div>\n\t\t\t\t<\/div>\n\t\t\t\t\t<\/div>\n\t\t\t\t<\/div>\n\t\t\t\t<\/div>\n\t\t","protected":false},"excerpt":{"rendered":"<p>Baza sportiv\u0103 Baza sportiv\u0103 a universit\u0103\u0163ii cuprinde 1 sala de jocuri sportive, 30\/l8 m, cu toate dot\u0103rile necesare; 1 teren de handbal, 40\/20m, acoperit cu asfalt; 2 terenuri minifotbal, 40\/20m, acoperite cu asfalt pe care sunt trasate terenuri pentru jocurile de fotbal, tenis, baschet, volei \u015fi pist\u0103 de atletism (1 tur = 200m); 1 groap\u0103 de nisip pentru s\u0103rituri; 1 sal\u0103 de fitness 15\/7 m, echipat\u0103 cu aparate pentru dezvoltarea diferitelor grupe musculare; 1 sal\u0103 de \u015fah dotat\u0103 cu 8 mese pentru jocul de \u015fah, table sau rummy; 1 teren 30\/l 5 m (neamenajat). Clubul Sportiv Universitar: S-au \u00eencheiat Campionatele Nationale Universitare de Atletism! Studentul Facult\u0103\u021bii de Inginerie Mecanic\u0103 \u0219i Electric\u0103 \u0219i sportivul Clubului Sportiv Universitar Ploiesti, Adrian \u015eu\u015fnea, a ob\u021binut urm\u0103toarele performan\u021be : locul V \u00een proba de aruncare a ciocanului, locul V \u00een proba de aruncare a discului \u0219i locul VII \u00een proba de aruncare a greut\u0103\u021bii! A\u0219adar, viitorul inginer adaug\u0103 noi performante \u00een palmaresul sportiv deloc de neglijat, al Facult\u0103\u021bii IME\/ UPG Ploie\u0219ti! Dragi studen\u021bi,, upegisti&#8221; va invit \u00een aceast\u0103 sear\u0103 la Sala Sporturilor Olimpia sa sus\u021binem \u00eempreun\u0103 echipa de baschet a\u00a0Clubului Sportiv Universitar\u00a0(UPG Ploie\u0219ti! ). Imi doresc ca tribuna sa fie plina de studen\u021bi forajisti, economi\u0219ti, chimi\u0219ti, lingvisti, informaticieni etc., sa facem echip\u0103, sa ne sus\u021binem sportivii care ne reprezinta universitatea! Sportul ne une\u0219te, sportul ne face mai puternici si mai buni! Succes CSU, \u00cempreun\u0103 Pentru UPG! S a \u00eencheiat Campionatul National de Fotbal pe Centre Universitare! Echipa reprezentativ\u0103 de fotbal a UPG Ploiesti a ob\u021binut locul al III lea, medalie de bronz! Mul\u021bumim b\u0103ie\u021bi! Bravo Liga Studen\u021bilor! Organizare impecabil\u0103, premii consistente, fair play, atmosfer\u0103 studen\u021beasc\u0103&#8230;. https:\/\/www.facebook.com\/mirela.dulgheru.3\/videos\/2490077241060036\/ Printre colinde, preg\u0103tiri de s\u0103rb\u0103tori, mai dam o fuga \u0219i pe la c\u00e2te un concurs de atletism, Cupa de Iarn\u0103, unde\u00a0studentul nostru Susnea Adrian ( IME), legitimat la CSU Ploie\u0219ti, a ocupat\u00a0locul al II lea\u00a0la proba de aruncarea greut\u0103\u021bii cu un nou record personal! CSU Ploiesti Basketball CSU Ploie\u0219ti \u00eencheie prima zi a turneului U18 de la Media\u0219 cu bilan\u021b perfect! A doua partid\u0103 disputat\u0103 de universitarii ploie\u0219teni a fost c\u00e2\u0219tigat\u0103 categoric, scor 112-77, \u00een fa\u021ba celor de la Tg. Jiu. CSU Ploie\u0219ti Basketball U18 se \u00eentoarce acas\u0103 de la Media\u0219 cu trei victorii Universitarii ploie\u0219teni au c\u00e2\u0219tigat \u0219i ultimul meci al grupei C, disputat chiar \u00een fa\u021ba gazdelor, 88-80, bif\u00e2nd astfel un procentaj perfect:3\ufe0f\u20e3 partide = 3\ufe0f\u20e3 victorii Mul\u021bumesc din suflet partenerilor no\u0219tri care ne au sprijinit in campania de promovare a UPG din Ploie\u0219ti! Din data de 10 Mai \u0219i pana astazi acest\u00a0autobuz colantat\u00a0a circulat pe toate traseele. Va mul\u021bumim ca a\u021bi acceptat sa c\u0103l\u0103tori\u021bi \u00eempreun\u0103 cu noi spre cunoa\u0219tere! ,,\u00a0Autobuzul studentiei\u00a0&#8221; este primul care intra \u00een sesiune&#8230; pentru el se nume\u0219te decolantare&#8230;<\/p>\n","protected":false},"author":1,"featured_media":0,"parent":0,"menu_order":0,"comment_status":"closed","ping_status":"closed","template":"","meta":{"_monsterinsights_skip_tracking":false,"_monsterinsights_sitenote_active":false,"_monsterinsights_sitenote_note":"","_monsterinsights_sitenote_category":0,"footnotes":""},"class_list":["post-4922","page","type-page","status-publish","hentry"],"_links":{"self":[{"href":"https:\/\/www.upg-ploiesti.ro\/index.php\/wp-json\/wp\/v2\/pages\/4922","targetHints":{"allow":["GET"]}}],"collection":[{"href":"https:\/\/www.upg-ploiesti.ro\/index.php\/wp-json\/wp\/v2\/pages"}],"about":[{"href":"https:\/\/www.upg-ploiesti.ro\/index.php\/wp-json\/wp\/v2\/types\/page"}],"author":[{"embeddable":true,"href":"https:\/\/www.upg-ploiesti.ro\/index.php\/wp-json\/wp\/v2\/users\/1"}],"replies":[{"embeddable":true,"href":"https:\/\/www.upg-ploiesti.ro\/index.php\/wp-json\/wp\/v2\/comments?post=4922"}],"version-history":[{"count":16,"href":"https:\/\/www.upg-ploiesti.ro\/index.php\/wp-json\/wp\/v2\/pages\/4922\/revisions"}],"predecessor-version":[{"id":8404,"href":"https:\/\/www.upg-ploiesti.ro\/index.php\/wp-json\/wp\/v2\/pages\/4922\/revisions\/8404"}],"wp:attachment":[{"href":"https:\/\/www.upg-ploiesti.ro\/index.php\/wp-json\/wp\/v2\/media?parent=4922"}],"curies":[{"name":"wp","href":"https:\/\/api.w.org\/{rel}","templated":true}]}}