{"id":4928,"date":"2024-08-09T06:34:42","date_gmt":"2024-08-09T06:34:42","guid":{"rendered":"https:\/\/www.upg-ploiesti.ro\/?page_id=4928"},"modified":"2025-05-12T12:10:53","modified_gmt":"2025-05-12T12:10:53","slug":"biroul-de-politie","status":"publish","type":"page","link":"https:\/\/www.upg-ploiesti.ro\/index.php\/biroul-de-politie\/","title":{"rendered":"BIROUL DE POLITIE"},"content":{"rendered":"\t\t<div data-elementor-type=\"wp-page\" data-elementor-id=\"4928\" class=\"elementor elementor-4928\">\n\t\t\t\t<div class=\"elementor-element elementor-element-848932c e-flex e-con-boxed wpr-particle-no wpr-jarallax-no wpr-parallax-no wpr-sticky-section-no wpr-equal-height-no e-con e-parent\" data-id=\"848932c\" data-element_type=\"container\" data-e-type=\"container\">\n\t\t\t\t\t<div class=\"e-con-inner\">\n\t\t<div class=\"elementor-element elementor-element-00c8855 e-con-full e-flex wpr-particle-no wpr-jarallax-no wpr-parallax-no wpr-sticky-section-no wpr-equal-height-no e-con e-child\" data-id=\"00c8855\" data-element_type=\"container\" data-e-type=\"container\">\n\t\t\t\t<div class=\"elementor-element elementor-element-ffb5ef8 elementor-widget elementor-widget-text-editor\" data-id=\"ffb5ef8\" data-element_type=\"widget\" data-e-type=\"widget\" data-widget_type=\"text-editor.default\">\n\t\t\t\t<div class=\"elementor-widget-container\">\n\t\t\t\t\t\t\t\t\t<p><span style=\"color: #000000;\"><strong>Biroul de Poli\u0163ie<\/strong><\/span><\/p><p><span style=\"color: #000000;\"><strong>Biroul de Poli\u0163ie pentru Centrul Universitar Ploie\u015fti<\/strong><\/span><\/p><p><span style=\"color: #000000;\"><strong>Biroul de Poli\u0163ie al Centrului Universitar Ploie\u015fti<\/strong>\u00a0desf\u0103\u015foar\u0103 activit\u0103\u0163i specific poli\u0163iene\u015fti pe raza campusului Universit\u0103\u0163ii Petrol-Gaze din Ploie\u015fti, av\u00e2nd drept prioritate asigurarea unui climat de ordine \u015fi lini\u015fte public\u0103, activit\u0103\u0163i de poli\u0163ie rutier\u0103, eviden\u0163a popula\u0163iei, precum \u015fi prevenirea \u015fi combaterea faptelor penale pe linie de poli\u0163ie judiciar\u0103.<\/span><\/p><p><span style=\"color: #000000;\"><strong>Loca\u0163ie<\/strong>\u00a0: C\u0103min nr. 3, camerele 1 \u015fi 2<\/span><\/p><p><span style=\"color: #000000;\"><strong>Telefoane<\/strong>:\u00a00733 233 234 (permanent)<\/span><\/p><p><span style=\"color: #000000;\">\u00a0\u00a0 \u00a0 \u00a0 \u00a0 \u00a0 \u00a0 \u00a0 \u00a0 \u00a0 \u00a0 0244 302 371 (prin centrala Poli\u0163iei)\u00a0\u00a0\u00a0\u00a0\u00a0\u00a0\u00a0\u00a0\u00a0<\/span><\/p><p><span style=\"color: #000000;\">\u00a0\u00a0 \u00a0 \u00a0 \u00a0 \u00a0 \u00a0 \u00a0 \u00a0 \u00a0 \u00a0 0244 573 171, int. 177 (prin centrala UPG din Ploie\u015fti)<\/span><\/p><p><span style=\"color: #000000;\"><strong>e-mail:\u00a0<\/strong>politia.campus@upg-ploiesti.ro<\/span><\/p><p><span style=\"color: #000000;\"><strong>Persoane de contact<\/strong>\u00a0:\u00a0 \u00a0\u00a0<strong>Comisar Sef de Politie Viorel Marina<\/strong>\u00a0\u2013 \u015feful Biroului<\/span><\/p><p><span style=\"color: #000000;\">\u00a0 \u00a0 \u00a0 \u00a0 \u00a0 \u00a0 \u00a0 \u00a0 \u00a0 \u00a0 \u00a0 \u00a0 \u00a0 \u00a0 \u00a0 \u00a0 \u00a0 \u00a0 \u00a0 \u00a0 \u00a0 \u00a0 <strong>Agent \u0218ef Principal de\u00a0Poli\u021bie Costin Pandelache<\/strong>\u00a0\u2013 poli\u0163ist de proximitate<\/span><\/p><p><span style=\"color: #000000;\"><strong>APEL DE URGENTA\u00a0: 112 \u2013 poli\u0163ie, pompieri, salvare<\/strong><\/span><\/p>\t\t\t\t\t\t\t\t<\/div>\n\t\t\t\t<\/div>\n\t\t\t\t<\/div>\n\t\t<div class=\"elementor-element elementor-element-812f646 e-con-full e-flex wpr-particle-no wpr-jarallax-no wpr-parallax-no wpr-sticky-section-no wpr-equal-height-no e-con e-child\" data-id=\"812f646\" data-element_type=\"container\" data-e-type=\"container\">\n\t\t\t\t<div class=\"elementor-element elementor-element-d1813c6 elementor-absolute elementor-widget elementor-widget-image-carousel\" data-id=\"d1813c6\" data-element_type=\"widget\" data-e-type=\"widget\" data-settings=\"{&quot;slides_to_show&quot;:&quot;1&quot;,&quot;navigation&quot;:&quot;none&quot;,&quot;autoplay_speed&quot;:9000,&quot;_position&quot;:&quot;absolute&quot;,&quot;autoplay&quot;:&quot;yes&quot;,&quot;pause_on_hover&quot;:&quot;yes&quot;,&quot;pause_on_interaction&quot;:&quot;yes&quot;,&quot;infinite&quot;:&quot;yes&quot;,&quot;effect&quot;:&quot;slide&quot;,&quot;speed&quot;:500}\" data-widget_type=\"image-carousel.default\">\n\t\t\t\t<div class=\"elementor-widget-container\">\n\t\t\t\t\t\t\t<div class=\"elementor-image-carousel-wrapper swiper\" role=\"region\" aria-roledescription=\"carousel\" aria-label=\"Image Carousel\" dir=\"ltr\">\n\t\t\t<div class=\"elementor-image-carousel swiper-wrapper swiper-image-stretch\" aria-live=\"off\">\n\t\t\t\t\t\t\t\t<div class=\"swiper-slide\" role=\"group\" aria-roledescription=\"slide\" aria-label=\"1 of 3\"><figure class=\"swiper-slide-inner\"><img decoding=\"async\" class=\"swiper-slide-image\" src=\"https:\/\/www.upg-ploiesti.ro\/wp-content\/uploads\/2024\/10\/100L4571.jpg\" alt=\"100L4571\" \/><\/figure><\/div><div class=\"swiper-slide\" role=\"group\" aria-roledescription=\"slide\" aria-label=\"2 of 3\"><figure class=\"swiper-slide-inner\"><img decoding=\"async\" class=\"swiper-slide-image\" src=\"https:\/\/www.upg-ploiesti.ro\/wp-content\/uploads\/2024\/10\/masini-noi-de-politie2.jpg\" alt=\"masini-noi-de-politie2\" \/><\/figure><\/div><div class=\"swiper-slide\" role=\"group\" aria-roledescription=\"slide\" aria-label=\"3 of 3\"><figure class=\"swiper-slide-inner\"><img decoding=\"async\" class=\"swiper-slide-image\" src=\"https:\/\/www.upg-ploiesti.ro\/wp-content\/uploads\/2024\/10\/big_foto_pt_p22_-_politisti_de_ordine_publica.jpg\" alt=\"big_foto_pt_p22_-_poli\u021bi\u0219ti_de_ordine_public\u0103\" \/><\/figure><\/div>\t\t\t<\/div>\n\t\t\t\t\t\t\t\n\t\t\t\t\t\t\t\t\t<\/div>\n\t\t\t\t\t\t<\/div>\n\t\t\t\t<\/div>\n\t\t\t\t<\/div>\n\t\t\t\t\t<\/div>\n\t\t\t\t<\/div>\n\t\t<div class=\"elementor-element elementor-element-d30a61a e-flex e-con-boxed wpr-particle-no wpr-jarallax-no wpr-parallax-no wpr-sticky-section-no wpr-equal-height-no e-con e-parent\" data-id=\"d30a61a\" data-element_type=\"container\" data-e-type=\"container\">\n\t\t\t\t\t<div class=\"e-con-inner\">\n\t\t\t\t<div class=\"elementor-element elementor-element-b224a1c elementor-widget-divider--view-line elementor-widget elementor-widget-divider\" data-id=\"b224a1c\" data-element_type=\"widget\" data-e-type=\"widget\" data-widget_type=\"divider.default\">\n\t\t\t\t<div class=\"elementor-widget-container\">\n\t\t\t\t\t\t\t<div class=\"elementor-divider\">\n\t\t\t<span class=\"elementor-divider-separator\">\n\t\t\t\t\t\t<\/span>\n\t\t<\/div>\n\t\t\t\t\t\t<\/div>\n\t\t\t\t<\/div>\n\t\t\t\t\t<\/div>\n\t\t\t\t<\/div>\n\t\t<div class=\"elementor-element elementor-element-9368245 e-flex e-con-boxed wpr-particle-no wpr-jarallax-no wpr-parallax-no wpr-sticky-section-no wpr-equal-height-no e-con e-parent\" data-id=\"9368245\" data-element_type=\"container\" data-e-type=\"container\">\n\t\t\t\t\t<div class=\"e-con-inner\">\n\t\t\t\t<div class=\"elementor-element elementor-element-39dcde1 elementor-widget elementor-widget-text-editor\" data-id=\"39dcde1\" data-element_type=\"widget\" data-e-type=\"widget\" data-widget_type=\"text-editor.default\">\n\t\t\t\t<div class=\"elementor-widget-container\">\n\t\t\t\t\t\t\t\t\t<h6><strong>Informa\u0163ii utile<\/strong><\/h6><ul><li><span style=\"color: #333399;\"><strong><a style=\"color: #333399;\" href=\"http:\/\/www.upg-ploiesti.ro\/wp-content\/uploads\/2024\/10\/Atentie_la_buzunare.pdf\">Aten\u0163ie la buzunare<\/a><\/strong><\/span><\/li><li><span style=\"color: #333399;\"><strong><a style=\"color: #333399;\" href=\"http:\/\/www.upg-ploiesti.ro\/wp-content\/uploads\/2024\/10\/Despre_agresiune.pdf\">Despre agresiune<\/a><\/strong><\/span><\/li><li><span style=\"color: #333399;\"><strong><a style=\"color: #333399;\" href=\"http:\/\/www.upg-ploiesti.ro\/wp-content\/uploads\/2024\/10\/Despre_consumul_de_droguri.pdf\">Despre consumul de droguri<\/a><\/strong><\/span><\/li><li><span style=\"color: #333399;\"><strong><a style=\"color: #333399;\" href=\"http:\/\/www.upg-ploiesti.ro\/wp-content\/uploads\/2024\/10\/Despre_furturi_auto.pdf\">Despre furturi auto<\/a><\/strong><\/span><\/li><li><span style=\"color: #333399;\"><strong><a style=\"color: #333399;\" href=\"http:\/\/www.upg-ploiesti.ro\/wp-content\/uploads\/2024\/10\/Infractiuni_diverse.pdf\">Infrac\u0163iuni diverse<\/a><\/strong><\/span><\/li><\/ul>\t\t\t\t\t\t\t\t<\/div>\n\t\t\t\t<\/div>\n\t\t\t\t\t<\/div>\n\t\t\t\t<\/div>\n\t\t\t\t<\/div>\n\t\t","protected":false},"excerpt":{"rendered":"<p>Biroul de Poli\u0163ie Biroul de Poli\u0163ie pentru Centrul Universitar Ploie\u015fti Biroul de Poli\u0163ie al Centrului Universitar Ploie\u015fti\u00a0desf\u0103\u015foar\u0103 activit\u0103\u0163i specific poli\u0163iene\u015fti pe raza campusului Universit\u0103\u0163ii Petrol-Gaze din Ploie\u015fti, av\u00e2nd drept prioritate asigurarea unui climat de ordine \u015fi lini\u015fte public\u0103, activit\u0103\u0163i de poli\u0163ie rutier\u0103, eviden\u0163a popula\u0163iei, precum \u015fi prevenirea \u015fi combaterea faptelor penale pe linie de poli\u0163ie judiciar\u0103. Loca\u0163ie\u00a0: C\u0103min nr. 3, camerele 1 \u015fi 2 Telefoane:\u00a00733 233 234 (permanent) \u00a0\u00a0 \u00a0 \u00a0 \u00a0 \u00a0 \u00a0 \u00a0 \u00a0 \u00a0 \u00a0 0244 302 371 (prin centrala Poli\u0163iei)\u00a0\u00a0\u00a0\u00a0\u00a0\u00a0\u00a0\u00a0\u00a0 \u00a0\u00a0 \u00a0 \u00a0 \u00a0 \u00a0 \u00a0 \u00a0 \u00a0 \u00a0 \u00a0 0244 573 171, int. 177 (prin centrala UPG din Ploie\u015fti) e-mail:\u00a0politia.campus@upg-ploiesti.ro Persoane de contact\u00a0:\u00a0 \u00a0\u00a0Comisar Sef de Politie Viorel Marina\u00a0\u2013 \u015feful Biroului \u00a0 \u00a0 \u00a0 \u00a0 \u00a0 \u00a0 \u00a0 \u00a0 \u00a0 \u00a0 \u00a0 \u00a0 \u00a0 \u00a0 \u00a0 \u00a0 \u00a0 \u00a0 \u00a0 \u00a0 \u00a0 \u00a0 Agent \u0218ef Principal de\u00a0Poli\u021bie Costin Pandelache\u00a0\u2013 poli\u0163ist de proximitate APEL DE URGENTA\u00a0: 112 \u2013 poli\u0163ie, pompieri, salvare Informa\u0163ii utile Aten\u0163ie la buzunare Despre agresiune Despre consumul de droguri Despre furturi auto Infrac\u0163iuni diverse<\/p>\n","protected":false},"author":1,"featured_media":0,"parent":0,"menu_order":0,"comment_status":"closed","ping_status":"closed","template":"","meta":{"_monsterinsights_skip_tracking":false,"_monsterinsights_sitenote_active":false,"_monsterinsights_sitenote_note":"","_monsterinsights_sitenote_category":0,"footnotes":""},"class_list":["post-4928","page","type-page","status-publish","hentry"],"_links":{"self":[{"href":"https:\/\/www.upg-ploiesti.ro\/index.php\/wp-json\/wp\/v2\/pages\/4928","targetHints":{"allow":["GET"]}}],"collection":[{"href":"https:\/\/www.upg-ploiesti.ro\/index.php\/wp-json\/wp\/v2\/pages"}],"about":[{"href":"https:\/\/www.upg-ploiesti.ro\/index.php\/wp-json\/wp\/v2\/types\/page"}],"author":[{"embeddable":true,"href":"https:\/\/www.upg-ploiesti.ro\/index.php\/wp-json\/wp\/v2\/users\/1"}],"replies":[{"embeddable":true,"href":"https:\/\/www.upg-ploiesti.ro\/index.php\/wp-json\/wp\/v2\/comments?post=4928"}],"version-history":[{"count":16,"href":"https:\/\/www.upg-ploiesti.ro\/index.php\/wp-json\/wp\/v2\/pages\/4928\/revisions"}],"predecessor-version":[{"id":13145,"href":"https:\/\/www.upg-ploiesti.ro\/index.php\/wp-json\/wp\/v2\/pages\/4928\/revisions\/13145"}],"wp:attachment":[{"href":"https:\/\/www.upg-ploiesti.ro\/index.php\/wp-json\/wp\/v2\/media?parent=4928"}],"curies":[{"name":"wp","href":"https:\/\/api.w.org\/{rel}","templated":true}]}}