{"id":4930,"date":"2024-08-09T06:34:54","date_gmt":"2024-08-09T06:34:54","guid":{"rendered":"https:\/\/www.upg-ploiesti.ro\/?page_id=4930"},"modified":"2025-05-09T10:42:41","modified_gmt":"2025-05-09T10:42:41","slug":"alumni","status":"publish","type":"page","link":"https:\/\/www.upg-ploiesti.ro\/index.php\/alumni\/","title":{"rendered":"ALUMNI"},"content":{"rendered":"\t\t<div data-elementor-type=\"wp-page\" data-elementor-id=\"4930\" class=\"elementor elementor-4930\">\n\t\t\t\t<div class=\"elementor-element elementor-element-0a890a3 e-flex e-con-boxed wpr-particle-no wpr-jarallax-no wpr-parallax-no wpr-sticky-section-no wpr-equal-height-no e-con e-parent\" data-id=\"0a890a3\" data-element_type=\"container\" data-e-type=\"container\">\n\t\t\t\t\t<div class=\"e-con-inner\">\n\t\t<div class=\"elementor-element elementor-element-a0e0b1a e-con-full e-flex wpr-particle-no wpr-jarallax-no wpr-parallax-no wpr-sticky-section-no wpr-equal-height-no e-con e-child\" data-id=\"a0e0b1a\" data-element_type=\"container\" data-e-type=\"container\">\n\t\t\t\t<div class=\"elementor-element elementor-element-bbb8e77 elementor-widget elementor-widget-image\" data-id=\"bbb8e77\" data-element_type=\"widget\" data-e-type=\"widget\" data-widget_type=\"image.default\">\n\t\t\t\t<div class=\"elementor-widget-container\">\n\t\t\t\t\t\t\t\t\t\t\t\t\t\t\t<img fetchpriority=\"high\" decoding=\"async\" width=\"724\" height=\"1024\" src=\"https:\/\/www.upg-ploiesti.ro\/wp-content\/uploads\/2024\/10\/COMUNI_2-724x1024.jpg\" class=\"attachment-large size-large wp-image-8626\" alt=\"\" srcset=\"https:\/\/www.upg-ploiesti.ro\/wp-content\/uploads\/2024\/10\/COMUNI_2-724x1024.jpg 724w, https:\/\/www.upg-ploiesti.ro\/wp-content\/uploads\/2024\/10\/COMUNI_2-212x300.jpg 212w, https:\/\/www.upg-ploiesti.ro\/wp-content\/uploads\/2024\/10\/COMUNI_2-768x1087.jpg 768w, https:\/\/www.upg-ploiesti.ro\/wp-content\/uploads\/2024\/10\/COMUNI_2-1085x1536.jpg 1085w, https:\/\/www.upg-ploiesti.ro\/wp-content\/uploads\/2024\/10\/COMUNI_2.jpg 1240w\" sizes=\"(max-width: 724px) 100vw, 724px\" \/>\t\t\t\t\t\t\t\t\t\t\t\t\t\t\t<\/div>\n\t\t\t\t<\/div>\n\t\t<div class=\"elementor-element elementor-element-acbc009 e-con-full e-flex wpr-particle-no wpr-jarallax-no wpr-parallax-no wpr-sticky-section-no wpr-equal-height-no e-con e-child\" data-id=\"acbc009\" data-element_type=\"container\" data-e-type=\"container\">\n\t\t<div class=\"elementor-element elementor-element-3f3cc52 e-con-full e-flex wpr-particle-no wpr-jarallax-no wpr-parallax-no wpr-sticky-section-no wpr-equal-height-no e-con e-child\" data-id=\"3f3cc52\" data-element_type=\"container\" data-e-type=\"container\">\n\t\t\t\t<div class=\"elementor-element elementor-element-1fdc29d elementor-widget elementor-widget-image\" data-id=\"1fdc29d\" data-element_type=\"widget\" data-e-type=\"widget\" data-widget_type=\"image.default\">\n\t\t\t\t<div class=\"elementor-widget-container\">\n\t\t\t\t\t\t\t\t\t\t\t\t\t\t\t<img decoding=\"async\" width=\"1240\" height=\"1755\" src=\"https:\/\/www.upg-ploiesti.ro\/wp-content\/uploads\/2024\/10\/COMUNI_1.jpg\" class=\"attachment-full size-full wp-image-8625\" alt=\"\" srcset=\"https:\/\/www.upg-ploiesti.ro\/wp-content\/uploads\/2024\/10\/COMUNI_1.jpg 1240w, https:\/\/www.upg-ploiesti.ro\/wp-content\/uploads\/2024\/10\/COMUNI_1-212x300.jpg 212w, https:\/\/www.upg-ploiesti.ro\/wp-content\/uploads\/2024\/10\/COMUNI_1-724x1024.jpg 724w, https:\/\/www.upg-ploiesti.ro\/wp-content\/uploads\/2024\/10\/COMUNI_1-768x1087.jpg 768w, https:\/\/www.upg-ploiesti.ro\/wp-content\/uploads\/2024\/10\/COMUNI_1-1085x1536.jpg 1085w\" sizes=\"(max-width: 1240px) 100vw, 1240px\" \/>\t\t\t\t\t\t\t\t\t\t\t\t\t\t\t<\/div>\n\t\t\t\t<\/div>\n\t\t\t\t<\/div>\n\t\t\t\t<\/div>\n\t\t\t\t<\/div>\n\t\t\t\t\t<\/div>\n\t\t\t\t<\/div>\n\t\t<div class=\"elementor-element elementor-element-157650c e-flex e-con-boxed wpr-particle-no wpr-jarallax-no wpr-parallax-no wpr-sticky-section-no wpr-equal-height-no e-con e-parent\" data-id=\"157650c\" data-element_type=\"container\" data-e-type=\"container\">\n\t\t\t\t\t<div class=\"e-con-inner\">\n\t\t<div class=\"elementor-element elementor-element-c55df97 e-con-full e-flex wpr-particle-no wpr-jarallax-no wpr-parallax-no wpr-sticky-section-no wpr-equal-height-no e-con e-child\" data-id=\"c55df97\" data-element_type=\"container\" data-e-type=\"container\">\n\t\t\t\t<div class=\"elementor-element elementor-element-797a803 elementor-widget elementor-widget-image\" data-id=\"797a803\" data-element_type=\"widget\" data-e-type=\"widget\" data-widget_type=\"image.default\">\n\t\t\t\t<div class=\"elementor-widget-container\">\n\t\t\t\t\t\t\t\t\t\t\t\t\t\t\t<img decoding=\"async\" width=\"1240\" height=\"1755\" src=\"https:\/\/www.upg-ploiesti.ro\/wp-content\/uploads\/2024\/10\/COMUNI_3.jpg\" class=\"attachment-full size-full wp-image-8627\" alt=\"\" srcset=\"https:\/\/www.upg-ploiesti.ro\/wp-content\/uploads\/2024\/10\/COMUNI_3.jpg 1240w, https:\/\/www.upg-ploiesti.ro\/wp-content\/uploads\/2024\/10\/COMUNI_3-212x300.jpg 212w, https:\/\/www.upg-ploiesti.ro\/wp-content\/uploads\/2024\/10\/COMUNI_3-724x1024.jpg 724w, https:\/\/www.upg-ploiesti.ro\/wp-content\/uploads\/2024\/10\/COMUNI_3-768x1087.jpg 768w, https:\/\/www.upg-ploiesti.ro\/wp-content\/uploads\/2024\/10\/COMUNI_3-1085x1536.jpg 1085w\" sizes=\"(max-width: 1240px) 100vw, 1240px\" \/>\t\t\t\t\t\t\t\t\t\t\t\t\t\t\t<\/div>\n\t\t\t\t<\/div>\n\t\t\t\t<\/div>\n\t\t\t\t\t<\/div>\n\t\t\t\t<\/div>\n\t\t<div class=\"elementor-element elementor-element-e55ceee e-flex e-con-boxed wpr-particle-no wpr-jarallax-no wpr-parallax-no wpr-sticky-section-no wpr-equal-height-no e-con e-parent\" data-id=\"e55ceee\" data-element_type=\"container\" data-e-type=\"container\">\n\t\t\t\t\t<div class=\"e-con-inner\">\n\t\t\t\t<div class=\"elementor-element elementor-element-6553d43 elementor-widget elementor-widget-image\" data-id=\"6553d43\" data-element_type=\"widget\" data-e-type=\"widget\" data-widget_type=\"image.default\">\n\t\t\t\t<div class=\"elementor-widget-container\">\n\t\t\t\t\t\t\t\t\t\t\t\t\t\t\t<img loading=\"lazy\" decoding=\"async\" width=\"2560\" height=\"1703\" src=\"https:\/\/www.upg-ploiesti.ro\/wp-content\/uploads\/2024\/10\/CasaDeEvenimente-7-of-228-scaled.jpg\" class=\"attachment-full size-full wp-image-8624\" alt=\"\" srcset=\"https:\/\/www.upg-ploiesti.ro\/wp-content\/uploads\/2024\/10\/CasaDeEvenimente-7-of-228-scaled.jpg 2560w, https:\/\/www.upg-ploiesti.ro\/wp-content\/uploads\/2024\/10\/CasaDeEvenimente-7-of-228-scaled-300x200.jpg 300w, https:\/\/www.upg-ploiesti.ro\/wp-content\/uploads\/2024\/10\/CasaDeEvenimente-7-of-228-scaled-1024x681.jpg 1024w, https:\/\/www.upg-ploiesti.ro\/wp-content\/uploads\/2024\/10\/CasaDeEvenimente-7-of-228-scaled-768x511.jpg 768w, https:\/\/www.upg-ploiesti.ro\/wp-content\/uploads\/2024\/10\/CasaDeEvenimente-7-of-228-scaled-1536x1022.jpg 1536w, https:\/\/www.upg-ploiesti.ro\/wp-content\/uploads\/2024\/10\/CasaDeEvenimente-7-of-228-scaled-2048x1362.jpg 2048w\" sizes=\"(max-width: 2560px) 100vw, 2560px\" \/>\t\t\t\t\t\t\t\t\t\t\t\t\t\t\t<\/div>\n\t\t\t\t<\/div>\n\t\t\t\t\t<\/div>\n\t\t\t\t<\/div>\n\t\t<div class=\"elementor-element elementor-element-2da613b e-flex e-con-boxed wpr-particle-no wpr-jarallax-no wpr-parallax-no wpr-sticky-section-no wpr-equal-height-no e-con e-parent\" data-id=\"2da613b\" data-element_type=\"container\" data-e-type=\"container\">\n\t\t\t\t\t<div class=\"e-con-inner\">\n\t\t\t\t<div class=\"elementor-element elementor-element-b040f8d elementor-widget elementor-widget-text-editor\" data-id=\"b040f8d\" data-element_type=\"widget\" data-e-type=\"widget\" data-widget_type=\"text-editor.default\">\n\t\t\t\t<div class=\"elementor-widget-container\">\n\t\t\t\t\t\t\t\t\t<p><span style=\"color: #000000;\">ALUMNI reprezint\u0103 asocia\u0163ia absolven\u0163ilor Universit\u0103\u0163ii Petrol-Gaze din Ploie\u015fti.<\/span><br \/><span style=\"color: #000000;\">ALUMNI are ca obiectiv facilitarea comunic\u0103rii \u00eentre to\u0163i membrii asocia\u0163iei, din \u0163ar\u0103 \u015fi din str\u0103in\u0103tate.<\/span><br \/><span style=\"color: #000000;\">Pot fi membri ALUMNI to\u0163i absolven\u0163ii programelor de licen\u0163\u0103 \u015fi masterat ai Universit\u0103\u0163ii Petrol-Gaze din Ploie\u015fti, indiferent de anul absolvirii sau de specialitatea absolvit\u0103.<\/span><\/p><ul><li><strong><span style=\"color: #333399;\"><a style=\"color: #333399;\" title=\"ALUMNI\" href=\"http:\/\/allumni.upg-ploiesti.ro\/\">Click aici pentru a accesa pagina ALUMNI<\/a><\/span><\/strong><\/li><li><a href=\"http:\/\/www.upg-ploiesti.ro\/index.php\/asociatia-alumni\/\"><strong><span style=\"color: #333399;\">ASOCIATIA ALUMNI<\/span><\/strong><\/a><\/li><\/ul>\t\t\t\t\t\t\t\t<\/div>\n\t\t\t\t<\/div>\n\t\t\t\t\t<\/div>\n\t\t\t\t<\/div>\n\t\t\t\t<\/div>\n\t\t","protected":false},"excerpt":{"rendered":"<p>ALUMNI reprezint\u0103 asocia\u0163ia absolven\u0163ilor Universit\u0103\u0163ii Petrol-Gaze din Ploie\u015fti.ALUMNI are ca obiectiv facilitarea comunic\u0103rii \u00eentre to\u0163i membrii asocia\u0163iei, din \u0163ar\u0103 \u015fi din str\u0103in\u0103tate.Pot fi membri ALUMNI to\u0163i absolven\u0163ii programelor de licen\u0163\u0103 \u015fi masterat ai Universit\u0103\u0163ii Petrol-Gaze din Ploie\u015fti, indiferent de anul absolvirii sau de specialitatea absolvit\u0103. Click aici pentru a accesa pagina ALUMNI ASOCIATIA ALUMNI<\/p>\n","protected":false},"author":1,"featured_media":0,"parent":0,"menu_order":0,"comment_status":"closed","ping_status":"closed","template":"","meta":{"_monsterinsights_skip_tracking":false,"_monsterinsights_sitenote_active":false,"_monsterinsights_sitenote_note":"","_monsterinsights_sitenote_category":0,"footnotes":""},"class_list":["post-4930","page","type-page","status-publish","hentry"],"_links":{"self":[{"href":"https:\/\/www.upg-ploiesti.ro\/index.php\/wp-json\/wp\/v2\/pages\/4930","targetHints":{"allow":["GET"]}}],"collection":[{"href":"https:\/\/www.upg-ploiesti.ro\/index.php\/wp-json\/wp\/v2\/pages"}],"about":[{"href":"https:\/\/www.upg-ploiesti.ro\/index.php\/wp-json\/wp\/v2\/types\/page"}],"author":[{"embeddable":true,"href":"https:\/\/www.upg-ploiesti.ro\/index.php\/wp-json\/wp\/v2\/users\/1"}],"replies":[{"embeddable":true,"href":"https:\/\/www.upg-ploiesti.ro\/index.php\/wp-json\/wp\/v2\/comments?post=4930"}],"version-history":[{"count":7,"href":"https:\/\/www.upg-ploiesti.ro\/index.php\/wp-json\/wp\/v2\/pages\/4930\/revisions"}],"predecessor-version":[{"id":8635,"href":"https:\/\/www.upg-ploiesti.ro\/index.php\/wp-json\/wp\/v2\/pages\/4930\/revisions\/8635"}],"wp:attachment":[{"href":"https:\/\/www.upg-ploiesti.ro\/index.php\/wp-json\/wp\/v2\/media?parent=4930"}],"curies":[{"name":"wp","href":"https:\/\/api.w.org\/{rel}","templated":true}]}}