{"id":4938,"date":"2024-08-09T06:35:56","date_gmt":"2024-08-09T06:35:56","guid":{"rendered":"https:\/\/www.upg-ploiesti.ro\/?page_id=4938"},"modified":"2026-03-18T07:15:47","modified_gmt":"2026-03-18T07:15:47","slug":"taxe-scolare-si-administrative","status":"publish","type":"page","link":"https:\/\/www.upg-ploiesti.ro\/index.php\/taxe-scolare-si-administrative\/","title":{"rendered":"TAXE SCOLARE SI ADMINISTRATIVE"},"content":{"rendered":"\t\t<div data-elementor-type=\"wp-page\" data-elementor-id=\"4938\" class=\"elementor elementor-4938\">\n\t\t\t\t<div class=\"elementor-element elementor-element-8a086a0 e-flex e-con-boxed wpr-particle-no wpr-jarallax-no wpr-parallax-no wpr-sticky-section-no wpr-equal-height-no e-con e-parent\" data-id=\"8a086a0\" data-element_type=\"container\" data-e-type=\"container\">\n\t\t\t\t\t<div class=\"e-con-inner\">\n\t\t\t\t<div class=\"elementor-element elementor-element-5a07ada elementor-widget elementor-widget-spacer\" data-id=\"5a07ada\" data-element_type=\"widget\" data-e-type=\"widget\" data-widget_type=\"spacer.default\">\n\t\t\t\t<div class=\"elementor-widget-container\">\n\t\t\t\t\t\t\t<div class=\"elementor-spacer\">\n\t\t\t<div class=\"elementor-spacer-inner\"><\/div>\n\t\t<\/div>\n\t\t\t\t\t\t<\/div>\n\t\t\t\t<\/div>\n\t\t\t\t<div class=\"elementor-element elementor-element-fad3ab0 elementor-widget elementor-widget-text-editor\" data-id=\"fad3ab0\" data-element_type=\"widget\" data-e-type=\"widget\" data-widget_type=\"text-editor.default\">\n\t\t\t\t<div class=\"elementor-widget-container\">\n\t\t\t\t\t\t\t\t\t<div id=\"block-gavias-emon-page-title\" class=\"block block-core block-page-title-block no-title\"><h5><span style=\"color: #000000;\"><strong>Taxe \u015fcolare \u015fi administrative<\/strong><\/span><\/h5><p style=\"padding-left: 40px;\"><span style=\"color: #000000;\">Taxe \u015fcolare \u015fi administrative se stabilesc la debutul fiec\u0103rui an universitar.<\/span><\/p><p style=\"padding-left: 40px;\"><span style=\"color: #000000;\">Sunt aprobate de Consiliul de Administra\u0163ie al Universit\u0103\u0163ii Petrol-Gaze din Ploie\u015fti, iar validarea final\u0103 este dat\u0103 de Senatul universitar.<\/span><\/p><p style=\"padding-left: 40px;\"><span style=\"color: #000000;\">Contul actual al UPG pentru incasarea taxelor de scolarizare este <strong>RO52TREZ52120F330500XXXX<\/strong> deschis la Trezoreria Ploiesti.<\/span><\/p><p style=\"padding-left: 40px;\"><span style=\"color: #000000;\">Conturi pentru incasarea taxei de scolarizare :<\/span><\/p><p style=\"padding-left: 40px;\"><span style=\"color: #000000;\">Titular : <strong>UPG Ploiesti<\/strong><\/span><\/p><p>\u00a0 \u00a0 \u00a0 \u00a0 \u00a0 <span style=\"color: #000000;\"><strong>CUI BENEFICIAR UPG: <span style=\"color: #ff0000;\">2844790<\/span><\/strong><\/span><\/p><p style=\"padding-left: 40px;\"><span style=\"color: #000000;\"><strong>Conturi in LEI :<\/strong><\/span><\/p><p style=\"padding-left: 80px;\"><span style=\"color: #000000;\">RO52TREZ52120F330500XXXX deschis la Trezoreria Ploiesti<\/span><\/p><p style=\"padding-left: 80px;\"><span style=\"color: #000000;\">RO70RNCB0205044868940001 deschis la BCR Ploiesti<\/span><\/p><p style=\"padding-left: 40px;\"><span style=\"color: #000000;\"><strong>Conturi in EUR<\/strong>\u00a0&#8211; pentru studentii straini :<\/span><\/p><p style=\"padding-left: 80px;\"><span style=\"color: #000000;\">RO43RNCB0205044868940002 deschis la BCR Ploiesti cod SWIFT : RNCBROBU<\/span><\/p><p style=\"padding-left: 80px;\"><span style=\"color: #000000;\">RO80BRDE300SV39543213000 deschis la BRD Ploiesti cod SWIFT : BRDEROBU<\/span><\/p><p style=\"padding-left: 40px;\"><span style=\"color: #000000;\">Taxele sunt valabile pe parcursul \u00eentregului an universitar:<\/span><\/p><ul><li style=\"list-style-type: none;\"><ul><li><span style=\"color: #3366ff;\"><strong><a style=\"color: #3366ff;\" href=\"https:\/\/www.upg-ploiesti.ro\/wp-content\/uploads\/2026\/03\/Cuantum-taxe-2026-2027.pdf\">Cuantum taxe \u0219colare \u00een anul universitar 2026 \u2013 2027<\/a><\/strong><\/span><\/li><li><span style=\"color: #3366ff;\"><strong><a style=\"color: #3366ff;\" href=\"https:\/\/www.upg-ploiesti.ro\/wp-content\/uploads\/2025\/09\/Taxe-scolare-2025-2026_25092025.pdf\">Cuantum taxe \u0219colare \u00een anul universitar 2025 \u2013 2026<\/a><\/strong><\/span><\/li><li><span style=\"color: #3366ff;\"><a style=\"color: #3366ff;\" href=\"https:\/\/www.upg-ploiesti.ro\/wp-content\/uploads\/2025\/09\/TAXE-SCOLARIZARE-UPG-2024-2025-ok-revizuite.pdf\"><strong>Cuantum taxe \u0219colare \u00een anul universitar 2024 \u2013 2025<\/strong><\/a><\/span><\/li><\/ul><\/li><\/ul><ul><li style=\"list-style-type: none;\"><ul><li style=\"list-style-type: none;\"><ul><li><span style=\"color: #3366ff;\"><a style=\"color: #3366ff;\" href=\"http:\/\/www.upg-ploiesti.ro\/wp-content\/uploads\/2024\/10\/05-TAXE-UPG-2023-2024_final-2-2.pdf\"><strong>Taxe UPG 2023 &#8211; 2024<\/strong><\/a><\/span><\/li><li><span style=\"color: #3366ff;\"><strong><a style=\"color: #3366ff;\" href=\"http:\/\/www.upg-ploiesti.ro\/wp-content\/uploads\/2024\/10\/TAXE-UPG-2022-2023-1.pdf\">Taxe UPG 2022 &#8211; 2023<\/a><\/strong><\/span><\/li><li><span style=\"color: #3366ff;\"><strong><a style=\"color: #3366ff;\" href=\"http:\/\/www.upg-ploiesti.ro\/wp-content\/uploads\/2024\/10\/6.-Taxe-UPG-2021-2022-site.pdf\">Taxe UPG 2021 &#8211; 2022<\/a><\/strong><\/span><\/li><li><span style=\"color: #3366ff;\"><strong><a style=\"color: #3366ff;\" href=\"http:\/\/www.upg-ploiesti.ro\/wp-content\/uploads\/2024\/10\/5.-Taxe-UPG-2020-2021.pdf\">Taxe UPG 2020 &#8211; 2021<\/a><\/strong><\/span><\/li><li><span style=\"color: #3366ff;\"><strong><a style=\"color: #3366ff;\" href=\"http:\/\/www.upg-ploiesti.ro\/wp-content\/uploads\/2024\/10\/Taxe-2019-2020-site.pdf\">Taxe UPG 2019 &#8211; 2020<\/a><\/strong><\/span><\/li><li><span style=\"color: #3366ff;\"><strong><a style=\"color: #3366ff;\" href=\"http:\/\/www.upg-ploiesti.ro\/wp-content\/uploads\/2024\/10\/4.-Taxe-scolare-si-administrative-UPG-2018-2019-BUN.pdf\">Taxe UPG 2018\u00a0&#8211; 2019<\/a><\/strong><\/span><\/li><\/ul><\/li><\/ul><\/li><\/ul><\/div><article class=\"node node--type-studenti node--view-mode-full clearfix\" role=\"article\" data-history-node-id=\"139\"><div class=\"node__content clearfix\"><div>\u00a0<\/div><\/div><\/article>\t\t\t\t\t\t\t\t<\/div>\n\t\t\t\t<\/div>\n\t\t\t\t<div class=\"elementor-element elementor-element-3dc569a elementor-widget elementor-widget-spacer\" data-id=\"3dc569a\" data-element_type=\"widget\" data-e-type=\"widget\" data-widget_type=\"spacer.default\">\n\t\t\t\t<div class=\"elementor-widget-container\">\n\t\t\t\t\t\t\t<div class=\"elementor-spacer\">\n\t\t\t<div class=\"elementor-spacer-inner\"><\/div>\n\t\t<\/div>\n\t\t\t\t\t\t<\/div>\n\t\t\t\t<\/div>\n\t\t\t\t\t<\/div>\n\t\t\t\t<\/div>\n\t\t\t\t<\/div>\n\t\t","protected":false},"excerpt":{"rendered":"<p>Taxe \u015fcolare \u015fi administrative Taxe \u015fcolare \u015fi administrative se stabilesc la debutul fiec\u0103rui an universitar. Sunt aprobate de Consiliul de Administra\u0163ie al Universit\u0103\u0163ii Petrol-Gaze din Ploie\u015fti, iar validarea final\u0103 este dat\u0103 de Senatul universitar. Contul actual al UPG pentru incasarea taxelor de scolarizare este RO52TREZ52120F330500XXXX deschis la Trezoreria Ploiesti. Conturi pentru incasarea taxei de scolarizare : Titular : UPG Ploiesti \u00a0 \u00a0 \u00a0 \u00a0 \u00a0 CUI BENEFICIAR UPG: 2844790 Conturi in LEI : RO52TREZ52120F330500XXXX deschis la Trezoreria Ploiesti RO70RNCB0205044868940001 deschis la BCR Ploiesti Conturi in EUR\u00a0&#8211; pentru studentii straini : RO43RNCB0205044868940002 deschis la BCR Ploiesti cod SWIFT : RNCBROBU RO80BRDE300SV39543213000 deschis la BRD Ploiesti cod SWIFT : BRDEROBU Taxele sunt valabile pe parcursul \u00eentregului an universitar: Cuantum taxe \u0219colare \u00een anul universitar 2026 \u2013 2027 Cuantum taxe \u0219colare \u00een anul universitar 2025 \u2013 2026 Cuantum taxe \u0219colare \u00een anul universitar 2024 \u2013 2025 Taxe UPG 2023 &#8211; 2024 Taxe UPG 2022 &#8211; 2023 Taxe UPG 2021 &#8211; 2022 Taxe UPG 2020 &#8211; 2021 Taxe UPG 2019 &#8211; 2020 Taxe UPG 2018\u00a0&#8211; 2019 \u00a0<\/p>\n","protected":false},"author":1,"featured_media":0,"parent":0,"menu_order":0,"comment_status":"closed","ping_status":"closed","template":"","meta":{"_monsterinsights_skip_tracking":false,"_monsterinsights_sitenote_active":false,"_monsterinsights_sitenote_note":"","_monsterinsights_sitenote_category":0,"footnotes":""},"class_list":["post-4938","page","type-page","status-publish","hentry"],"_links":{"self":[{"href":"https:\/\/www.upg-ploiesti.ro\/index.php\/wp-json\/wp\/v2\/pages\/4938","targetHints":{"allow":["GET"]}}],"collection":[{"href":"https:\/\/www.upg-ploiesti.ro\/index.php\/wp-json\/wp\/v2\/pages"}],"about":[{"href":"https:\/\/www.upg-ploiesti.ro\/index.php\/wp-json\/wp\/v2\/types\/page"}],"author":[{"embeddable":true,"href":"https:\/\/www.upg-ploiesti.ro\/index.php\/wp-json\/wp\/v2\/users\/1"}],"replies":[{"embeddable":true,"href":"https:\/\/www.upg-ploiesti.ro\/index.php\/wp-json\/wp\/v2\/comments?post=4938"}],"version-history":[{"count":28,"href":"https:\/\/www.upg-ploiesti.ro\/index.php\/wp-json\/wp\/v2\/pages\/4938\/revisions"}],"predecessor-version":[{"id":16750,"href":"https:\/\/www.upg-ploiesti.ro\/index.php\/wp-json\/wp\/v2\/pages\/4938\/revisions\/16750"}],"wp:attachment":[{"href":"https:\/\/www.upg-ploiesti.ro\/index.php\/wp-json\/wp\/v2\/media?parent=4938"}],"curies":[{"name":"wp","href":"https:\/\/api.w.org\/{rel}","templated":true}]}}