{"id":5929,"date":"2024-09-04T08:14:41","date_gmt":"2024-09-04T08:14:41","guid":{"rendered":"https:\/\/www.upg-ploiesti.ro\/?page_id=5929"},"modified":"2024-09-04T08:21:47","modified_gmt":"2024-09-04T08:21:47","slug":"procedura-privind-recunoasterea-automata-calitatii-de-conducator-de-doctorat","status":"publish","type":"page","link":"https:\/\/www.upg-ploiesti.ro\/index.php\/procedura-privind-recunoasterea-automata-calitatii-de-conducator-de-doctorat\/","title":{"rendered":"Procedur\u0103 privind recunoa\u0219terea automat\u0103 a calit\u0103\u021bii de conduc\u0103tor de doctorat"},"content":{"rendered":"\t\t<div data-elementor-type=\"wp-page\" data-elementor-id=\"5929\" class=\"elementor elementor-5929\">\n\t\t\t\t<div class=\"elementor-element elementor-element-30030ec e-flex e-con-boxed wpr-particle-no wpr-jarallax-no wpr-parallax-no wpr-sticky-section-no wpr-equal-height-no e-con e-parent\" data-id=\"30030ec\" data-element_type=\"container\" data-e-type=\"container\">\n\t\t\t\t\t<div class=\"e-con-inner\">\n\t\t\t\t<div class=\"elementor-element elementor-element-57edfa8 elementor-widget elementor-widget-text-editor\" data-id=\"57edfa8\" data-element_type=\"widget\" data-e-type=\"widget\" data-widget_type=\"text-editor.default\">\n\t\t\t\t<div class=\"elementor-widget-container\">\n\t\t\t\t\t\t\t\t\t<p><strong>Descriere:<\/strong>\u00a0<\/p><ul><li>Prezenta procedur\u0103 reglementeaz\u0103 recunoa\u0219terea automat\u0103 la nivelul Universit\u0103\u021bii Petrol-Gaze din Ploie\u0219ti, \u00een calitate de IOSUD, a calit\u0103\u021bii de conduc\u0103tor de doctorat \u0219i a drepturilor conferite de aceast\u0103 calitate, \u00een vederea afilierii la \u0219coala\/\u0219colile doctorale din cadrul Universit\u0103\u021bii Petrol-Gaze din Ploie\u0219ti.<\/li><li>Prevederile prezentei proceduri se aplic\u0103 cet\u0103\u021benilor rom\u00e2ni, cet\u0103\u021benilor din state membre ale Uniunii Europene, ale Spa\u021biului Economic European, ale Confedera\u021biei Elve\u021biene, precum \u0219i cet\u0103\u021benilor din state ter\u021be.<\/li><li>Procesul de recunoa\u0219tere a calit\u0103\u021bii de conduc\u0103tor de doctorat sau a abilit\u0103rii ob\u021binute \u00een institu\u021bii acreditate de \u00eenv\u0103\u021b\u0103m\u00e2nt superior din state membre ale Uniunii Europene, ale Spa\u021biului Economic European, ale Confedera\u021biei Elve\u021biene \u0219i \u00een universit\u0103\u021bi de prestigiu din alte state prev\u0103zute \u00een Lista universit\u0103\u021bilor de prestigiu din alte state se organizeaz\u0103 \u0219i se desf\u0103\u0219oar\u0103 \u00een cadrul \u0218colii Doctorale a Universit\u0103\u021bii Petrol-Gaze din Ploie\u0219ti.<\/li><li>Doar \u00een cazul exercit\u0103rii temporare, se aplic\u0103 direct dispozi\u021biile din Legea nr.200\/2004 \u0219i Art. 296 din Legea Educa\u021biei Na\u021bionale nr.1\/2011:<ul><li>(1) Posturile didactice rezervate, vacante ori temporar vacante sunt acoperite cu prioritate de personalul didactic titular al institu\u0163iei ori de personalul didactic asociat, prin plata cu ora, conform prezentei legi.<\/li><li>(2) Angajarea speciali\u015ftilor cu valoare \u015ftiin\u0163ific\u0103 \u015fi profesional\u0103 recunoscut\u0103 \u00een domeniu din \u0163ar\u0103 sau din str\u0103in\u0103tate, \u00een calitate de cadre didactice asociate invitate, se avizeaz\u0103 de c\u0103tre consiliul departamentului \u015fi se aprob\u0103 de consiliul de administra\u0163ie.<\/li><\/ul><\/li><li>Exercitarea drepturilor conferite de calitatea de conduc\u0103tor de doctorat \u0219i ocuparea unei func\u021bii didactice \u00een sistemul rom\u00e2nesc de \u00eenv\u0103\u021b\u0103m\u00e2nt superior se realizeaz\u0103 conform normelor legale \u00een vigoare.<\/li><\/ul>\t\t\t\t\t\t\t\t<\/div>\n\t\t\t\t<\/div>\n\t\t\t\t\t<\/div>\n\t\t\t\t<\/div>\n\t\t<div class=\"elementor-element elementor-element-652a767 e-flex e-con-boxed wpr-particle-no wpr-jarallax-no wpr-parallax-no wpr-sticky-section-no wpr-equal-height-no e-con e-parent\" data-id=\"652a767\" data-element_type=\"container\" data-e-type=\"container\">\n\t\t\t\t\t<div class=\"e-con-inner\">\n\t\t\t\t<div class=\"elementor-element elementor-element-edb4687 elementor-widget-divider--view-line elementor-widget elementor-widget-divider\" data-id=\"edb4687\" data-element_type=\"widget\" data-e-type=\"widget\" data-widget_type=\"divider.default\">\n\t\t\t\t<div class=\"elementor-widget-container\">\n\t\t\t\t\t\t\t<div class=\"elementor-divider\">\n\t\t\t<span class=\"elementor-divider-separator\">\n\t\t\t\t\t\t<\/span>\n\t\t<\/div>\n\t\t\t\t\t\t<\/div>\n\t\t\t\t<\/div>\n\t\t\t\t\t<\/div>\n\t\t\t\t<\/div>\n\t\t<div class=\"elementor-element elementor-element-1eb4357 e-flex e-con-boxed wpr-particle-no wpr-jarallax-no wpr-parallax-no wpr-sticky-section-no wpr-equal-height-no e-con e-parent\" data-id=\"1eb4357\" data-element_type=\"container\" data-e-type=\"container\">\n\t\t\t\t\t<div class=\"e-con-inner\">\n\t\t\t\t<div class=\"elementor-element elementor-element-bc1a612 elementor-widget elementor-widget-text-editor\" data-id=\"bc1a612\" data-element_type=\"widget\" data-e-type=\"widget\" data-widget_type=\"text-editor.default\">\n\t\t\t\t<div class=\"elementor-widget-container\">\n\t\t\t\t\t\t\t\t\t<p><strong>\u00a0 \u00a0Cale de atac:<\/strong><\/p><ul><li>Contesta\u021bia se transmite electronic la universitate. Ulterior decizia definitiv\u0103 a universit\u0103\u021bii poate fi atacat\u0103 la instan\u021bele de judecat\u0103.\u00a0<\/li><\/ul>\t\t\t\t\t\t\t\t<\/div>\n\t\t\t\t<\/div>\n\t\t\t\t<div class=\"elementor-element elementor-element-e7ebc8a elementor-widget-divider--view-line elementor-widget elementor-widget-divider\" data-id=\"e7ebc8a\" data-element_type=\"widget\" data-e-type=\"widget\" data-widget_type=\"divider.default\">\n\t\t\t\t<div class=\"elementor-widget-container\">\n\t\t\t\t\t\t\t<div class=\"elementor-divider\">\n\t\t\t<span class=\"elementor-divider-separator\">\n\t\t\t\t\t\t<\/span>\n\t\t<\/div>\n\t\t\t\t\t\t<\/div>\n\t\t\t\t<\/div>\n\t\t\t\t<div class=\"elementor-element elementor-element-9bacfb9 elementor-widget elementor-widget-text-editor\" data-id=\"9bacfb9\" data-element_type=\"widget\" data-e-type=\"widget\" data-widget_type=\"text-editor.default\">\n\t\t\t\t<div class=\"elementor-widget-container\">\n\t\t\t\t\t\t\t\t\t<p><strong>Procedura complet\u0103:<\/strong><\/p><ul><li><span style=\"color: #333399;\"><a style=\"color: #333399;\" href=\"http:\/\/www.upg-ploiesti.ro\/wp-content\/uploads\/2024\/09\/R07.01_PROCEDURA_RECUNOASTERE_ABILITARE-1.pdf\">R 07-01 PROCEDUR\u0102 PRIVIND RECUNOA\u0218TEREA AUTOMAT\u0102 DE C\u0102TRE UNIVERSITATEA PETROL-GAZE DIN PLOIE\u0218TI A CALIT\u0102\u021aII DE CONDUC\u0102TOR DE DOCTORAT OB\u021aINUT\u0102 \u00ceN INSTITU\u021aII DE \u00ceNV\u0102\u021a\u0102M\u00c2NT UNIVERSITAR ACREDITATE DIN STR\u0102IN\u0102TATE<\/a><\/span><\/li><\/ul>\t\t\t\t\t\t\t\t<\/div>\n\t\t\t\t<\/div>\n\t\t\t\t<div class=\"elementor-element elementor-element-ea97833 elementor-widget-divider--view-line elementor-widget elementor-widget-divider\" data-id=\"ea97833\" data-element_type=\"widget\" data-e-type=\"widget\" data-widget_type=\"divider.default\">\n\t\t\t\t<div class=\"elementor-widget-container\">\n\t\t\t\t\t\t\t<div class=\"elementor-divider\">\n\t\t\t<span class=\"elementor-divider-separator\">\n\t\t\t\t\t\t<\/span>\n\t\t<\/div>\n\t\t\t\t\t\t<\/div>\n\t\t\t\t<\/div>\n\t\t\t\t<div class=\"elementor-element elementor-element-e9ced7f elementor-widget elementor-widget-text-editor\" data-id=\"e9ced7f\" data-element_type=\"widget\" data-e-type=\"widget\" data-widget_type=\"text-editor.default\">\n\t\t\t\t<div class=\"elementor-widget-container\">\n\t\t\t\t\t\t\t\t\t<p><strong>\u00a0Link de acces PCUe:<\/strong><\/p><ul><li>Procedura pentru Echivalarea\/recunoa\u015fterea diplomelor de doctorat poate fi consultat\u0103 \u015fi prin <span style=\"color: #333399;\"><a style=\"color: #333399;\" href=\"https:\/\/edirect.e-guvernare.ro\/Admin\/Proceduri\/ProceduraVizualizare.aspx?IdInregistrare=896140&amp;IdOperatiune=2\" target=\"_blank\" rel=\"noopener\">Punctul de Contact Unic Electronic.<\/a><\/span><\/li><\/ul>\t\t\t\t\t\t\t\t<\/div>\n\t\t\t\t<\/div>\n\t\t\t\t\t<\/div>\n\t\t\t\t<\/div>\n\t\t\t\t<\/div>\n\t\t","protected":false},"excerpt":{"rendered":"<p>Descriere:\u00a0 Prezenta procedur\u0103 reglementeaz\u0103 recunoa\u0219terea automat\u0103 la nivelul Universit\u0103\u021bii Petrol-Gaze din Ploie\u0219ti, \u00een calitate de IOSUD, a calit\u0103\u021bii de conduc\u0103tor de doctorat \u0219i a drepturilor conferite de aceast\u0103 calitate, \u00een vederea afilierii la \u0219coala\/\u0219colile doctorale din cadrul Universit\u0103\u021bii Petrol-Gaze din Ploie\u0219ti. Prevederile prezentei proceduri se aplic\u0103 cet\u0103\u021benilor rom\u00e2ni, cet\u0103\u021benilor din state membre ale Uniunii Europene, ale Spa\u021biului Economic European, ale Confedera\u021biei Elve\u021biene, precum \u0219i cet\u0103\u021benilor din state ter\u021be. Procesul de recunoa\u0219tere a calit\u0103\u021bii de conduc\u0103tor de doctorat sau a abilit\u0103rii ob\u021binute \u00een institu\u021bii acreditate de \u00eenv\u0103\u021b\u0103m\u00e2nt superior din state membre ale Uniunii Europene, ale Spa\u021biului Economic European, ale Confedera\u021biei Elve\u021biene \u0219i \u00een universit\u0103\u021bi de prestigiu din alte state prev\u0103zute \u00een Lista universit\u0103\u021bilor de prestigiu din alte state se organizeaz\u0103 \u0219i se desf\u0103\u0219oar\u0103 \u00een cadrul \u0218colii Doctorale a Universit\u0103\u021bii Petrol-Gaze din Ploie\u0219ti. Doar \u00een cazul exercit\u0103rii temporare, se aplic\u0103 direct dispozi\u021biile din Legea nr.200\/2004 \u0219i Art. 296 din Legea Educa\u021biei Na\u021bionale nr.1\/2011: (1) Posturile didactice rezervate, vacante ori temporar vacante sunt acoperite cu prioritate de personalul didactic titular al institu\u0163iei ori de personalul didactic asociat, prin plata cu ora, conform prezentei legi. (2) Angajarea speciali\u015ftilor cu valoare \u015ftiin\u0163ific\u0103 \u015fi profesional\u0103 recunoscut\u0103 \u00een domeniu din \u0163ar\u0103 sau din str\u0103in\u0103tate, \u00een calitate de cadre didactice asociate invitate, se avizeaz\u0103 de c\u0103tre consiliul departamentului \u015fi se aprob\u0103 de consiliul de administra\u0163ie. Exercitarea drepturilor conferite de calitatea de conduc\u0103tor de doctorat \u0219i ocuparea unei func\u021bii didactice \u00een sistemul rom\u00e2nesc de \u00eenv\u0103\u021b\u0103m\u00e2nt superior se realizeaz\u0103 conform normelor legale \u00een vigoare. \u00a0 \u00a0Cale de atac: Contesta\u021bia se transmite electronic la universitate. Ulterior decizia definitiv\u0103 a universit\u0103\u021bii poate fi atacat\u0103 la instan\u021bele de judecat\u0103.\u00a0 Procedura complet\u0103: R 07-01 PROCEDUR\u0102 PRIVIND RECUNOA\u0218TEREA AUTOMAT\u0102 DE C\u0102TRE UNIVERSITATEA PETROL-GAZE DIN PLOIE\u0218TI A CALIT\u0102\u021aII DE CONDUC\u0102TOR DE DOCTORAT OB\u021aINUT\u0102 \u00ceN INSTITU\u021aII DE \u00ceNV\u0102\u021a\u0102M\u00c2NT UNIVERSITAR ACREDITATE DIN STR\u0102IN\u0102TATE \u00a0Link de acces PCUe: Procedura pentru Echivalarea\/recunoa\u015fterea diplomelor de doctorat poate fi consultat\u0103 \u015fi prin Punctul de Contact Unic Electronic.<\/p>\n","protected":false},"author":1,"featured_media":0,"parent":0,"menu_order":0,"comment_status":"closed","ping_status":"closed","template":"","meta":{"_monsterinsights_skip_tracking":false,"_monsterinsights_sitenote_active":false,"_monsterinsights_sitenote_note":"","_monsterinsights_sitenote_category":0,"footnotes":""},"class_list":["post-5929","page","type-page","status-publish","hentry"],"_links":{"self":[{"href":"https:\/\/www.upg-ploiesti.ro\/index.php\/wp-json\/wp\/v2\/pages\/5929","targetHints":{"allow":["GET"]}}],"collection":[{"href":"https:\/\/www.upg-ploiesti.ro\/index.php\/wp-json\/wp\/v2\/pages"}],"about":[{"href":"https:\/\/www.upg-ploiesti.ro\/index.php\/wp-json\/wp\/v2\/types\/page"}],"author":[{"embeddable":true,"href":"https:\/\/www.upg-ploiesti.ro\/index.php\/wp-json\/wp\/v2\/users\/1"}],"replies":[{"embeddable":true,"href":"https:\/\/www.upg-ploiesti.ro\/index.php\/wp-json\/wp\/v2\/comments?post=5929"}],"version-history":[{"count":5,"href":"https:\/\/www.upg-ploiesti.ro\/index.php\/wp-json\/wp\/v2\/pages\/5929\/revisions"}],"predecessor-version":[{"id":5943,"href":"https:\/\/www.upg-ploiesti.ro\/index.php\/wp-json\/wp\/v2\/pages\/5929\/revisions\/5943"}],"wp:attachment":[{"href":"https:\/\/www.upg-ploiesti.ro\/index.php\/wp-json\/wp\/v2\/media?parent=5929"}],"curies":[{"name":"wp","href":"https:\/\/api.w.org\/{rel}","templated":true}]}}