{"id":5934,"date":"2024-09-04T08:15:18","date_gmt":"2024-09-04T08:15:18","guid":{"rendered":"https:\/\/www.upg-ploiesti.ro\/?page_id=5934"},"modified":"2024-09-04T08:29:24","modified_gmt":"2024-09-04T08:29:24","slug":"procedura-privind-recunoasterea-automata-functiilor-didactice-din-invatamantul-universitar-obtinute","status":"publish","type":"page","link":"https:\/\/www.upg-ploiesti.ro\/index.php\/procedura-privind-recunoasterea-automata-functiilor-didactice-din-invatamantul-universitar-obtinute\/","title":{"rendered":"Procedur\u0103 privind recunoa\u0219terea automat\u0103 a func\u021biilor didactice din \u00eenv\u0103\u021b\u0103m\u00e2ntul universitar ob\u021binute \u00een institu\u021bii de \u00eenv\u0103\u021b\u0103m\u00e2nt universitar acreditate din str\u0103in\u0103tate"},"content":{"rendered":"\t\t<div data-elementor-type=\"wp-page\" data-elementor-id=\"5934\" class=\"elementor elementor-5934\">\n\t\t\t\t<div class=\"elementor-element elementor-element-9e9dfd0 e-flex e-con-boxed wpr-particle-no wpr-jarallax-no wpr-parallax-no wpr-sticky-section-no wpr-equal-height-no e-con e-parent\" data-id=\"9e9dfd0\" data-element_type=\"container\" data-e-type=\"container\">\n\t\t\t\t\t<div class=\"e-con-inner\">\n\t\t\t\t<div class=\"elementor-element elementor-element-486bc86 elementor-widget elementor-widget-text-editor\" data-id=\"486bc86\" data-element_type=\"widget\" data-e-type=\"widget\" data-widget_type=\"text-editor.default\">\n\t\t\t\t<div class=\"elementor-widget-container\">\n\t\t\t\t\t\t\t\t\t<p><strong>Descriere:<\/strong>\u00a0<\/p><ul><li>Func\u021biile didactice din \u00eenv\u0103\u021b\u0103m\u00e2ntul universitar ob\u021binute \u00een institu\u021bii de \u00eenv\u0103\u021b\u0103m\u00e2nt superior acreditate din state membre ale Uniunii Europene, ale Spa\u021biului Economic European, din Confedera\u021bia Elve\u021bian\u0103 \u0219i \u00een universit\u0103\u021bi de prestigiu din alte state se recunosc automat de c\u0103tre Universitatea PetrolGaze din Ploie\u0219ti.<\/li><li>Prevederile prezentei proceduri se aplic\u0103 cet\u0103\u021benilor rom\u00e2ni, cet\u0103\u021benilor din state membre ale Uniunii Europene, ale Spa\u021biului Economic European, din Confedera\u021bia Elve\u021bian\u0103 \u0219i cet\u0103\u021benilor din state ter\u021be.<\/li><li>Func\u021biile didactice ob\u021binute la alte institu\u021bii de \u00eenv\u0103\u021b\u0103m\u00e2nt universitar acreditate dec\u00e2t cele prev\u0103zute la art. 1 se recunosc numai \u00een baza unei conven\u021bii interna\u021bionale de recunoa\u0219tere reciproc\u0103, \u00eencheiat\u0103 la nivel interguvernamental sau interuniversitar.<\/li><li>Ocuparea unui post didactic \u00een sistemul rom\u00e2nesc de \u00eenv\u0103\u021b\u0103m\u00e2nt superior se realizeaz\u0103 conform normelor legale \u00een vigoare.<\/li><\/ul>\t\t\t\t\t\t\t\t<\/div>\n\t\t\t\t<\/div>\n\t\t\t\t\t<\/div>\n\t\t\t\t<\/div>\n\t\t<div class=\"elementor-element elementor-element-9ba68ef e-flex e-con-boxed wpr-particle-no wpr-jarallax-no wpr-parallax-no wpr-sticky-section-no wpr-equal-height-no e-con e-parent\" data-id=\"9ba68ef\" data-element_type=\"container\" data-e-type=\"container\">\n\t\t\t\t\t<div class=\"e-con-inner\">\n\t\t\t\t<div class=\"elementor-element elementor-element-0ab3101 elementor-widget-divider--view-line elementor-widget elementor-widget-divider\" data-id=\"0ab3101\" data-element_type=\"widget\" data-e-type=\"widget\" data-widget_type=\"divider.default\">\n\t\t\t\t<div class=\"elementor-widget-container\">\n\t\t\t\t\t\t\t<div class=\"elementor-divider\">\n\t\t\t<span class=\"elementor-divider-separator\">\n\t\t\t\t\t\t<\/span>\n\t\t<\/div>\n\t\t\t\t\t\t<\/div>\n\t\t\t\t<\/div>\n\t\t\t\t<div class=\"elementor-element elementor-element-34c1976 elementor-widget elementor-widget-text-editor\" data-id=\"34c1976\" data-element_type=\"widget\" data-e-type=\"widget\" data-widget_type=\"text-editor.default\">\n\t\t\t\t<div class=\"elementor-widget-container\">\n\t\t\t\t\t\t\t\t\t<p><strong>Cale de atac:<\/strong><\/p><ul><li>Contesta\u021bia se transmite electronic la universitate. Ulterior decizia definitiv\u0103 a universit\u0103\u021bii poate fi atacat\u0103 la instan\u021bele de judecat\u0103.\u00a0<\/li><\/ul>\t\t\t\t\t\t\t\t<\/div>\n\t\t\t\t<\/div>\n\t\t\t\t<div class=\"elementor-element elementor-element-eb62396 elementor-widget-divider--view-line elementor-widget elementor-widget-divider\" data-id=\"eb62396\" data-element_type=\"widget\" data-e-type=\"widget\" data-widget_type=\"divider.default\">\n\t\t\t\t<div class=\"elementor-widget-container\">\n\t\t\t\t\t\t\t<div class=\"elementor-divider\">\n\t\t\t<span class=\"elementor-divider-separator\">\n\t\t\t\t\t\t<\/span>\n\t\t<\/div>\n\t\t\t\t\t\t<\/div>\n\t\t\t\t<\/div>\n\t\t\t\t<div class=\"elementor-element elementor-element-3eea35d elementor-widget elementor-widget-text-editor\" data-id=\"3eea35d\" data-element_type=\"widget\" data-e-type=\"widget\" data-widget_type=\"text-editor.default\">\n\t\t\t\t<div class=\"elementor-widget-container\">\n\t\t\t\t\t\t\t\t\t<p><strong>Procedura complet\u0103:<\/strong><\/p><ul><li><span style=\"color: #333399;\"><a style=\"color: #333399;\" href=\"http:\/\/www.upg-ploiesti.ro\/wp-content\/uploads\/2024\/09\/R04.16_PROCEDURA_RECUNOASTERE_FUNCTII_DIDACTICE-1.pdf\">R 04-16\u00a0PROCEDUR\u0102 PRIVIND RECUNOA\u0218TEREA AUTOMAT\u0102 DE C\u0102TRE UNIVERSITATEA PETROL-GAZE DIN PLOIE\u0218TI A FUNC\u021aIILOR DIDACTICE DIN \u00ceNV\u0102\u021a\u0102M\u00c2NTUL UNIVERSITAR OB\u021aINUTE \u00ceN INSTITU\u021aII DE \u00ceNV\u0102\u021a\u0102M\u00c2NT UNIVERSITAR ACREDITATE DIN STR\u0102IN\u0102TATE<\/a><\/span><\/li><\/ul>\t\t\t\t\t\t\t\t<\/div>\n\t\t\t\t<\/div>\n\t\t\t\t<div class=\"elementor-element elementor-element-6d81829 elementor-widget-divider--view-line elementor-widget elementor-widget-divider\" data-id=\"6d81829\" data-element_type=\"widget\" data-e-type=\"widget\" data-widget_type=\"divider.default\">\n\t\t\t\t<div class=\"elementor-widget-container\">\n\t\t\t\t\t\t\t<div class=\"elementor-divider\">\n\t\t\t<span class=\"elementor-divider-separator\">\n\t\t\t\t\t\t<\/span>\n\t\t<\/div>\n\t\t\t\t\t\t<\/div>\n\t\t\t\t<\/div>\n\t\t\t\t<div class=\"elementor-element elementor-element-edb6370 elementor-widget elementor-widget-text-editor\" data-id=\"edb6370\" data-element_type=\"widget\" data-e-type=\"widget\" data-widget_type=\"text-editor.default\">\n\t\t\t\t<div class=\"elementor-widget-container\">\n\t\t\t\t\t\t\t\t\t<p><strong>Link de acces PCUe:<\/strong><\/p><ul><li>Procedura pentru Echivalarea\/recunoa\u015fterea diplomelor de doctorat poate fi consultat\u0103 \u015fi prin <span style=\"color: #333399;\"><a style=\"color: #333399;\" href=\"https:\/\/edirect.e-guvernare.ro\/Admin\/Proceduri\/ProceduraVizualizare.aspx?IdInregistrare=896076&amp;IdOperatiune=2\" target=\"_blank\" rel=\"noopener\">Punctul de Contact Unic Electronic.<\/a><\/span><\/li><\/ul>\t\t\t\t\t\t\t\t<\/div>\n\t\t\t\t<\/div>\n\t\t\t\t\t<\/div>\n\t\t\t\t<\/div>\n\t\t\t\t<\/div>\n\t\t","protected":false},"excerpt":{"rendered":"<p>Descriere:\u00a0 Func\u021biile didactice din \u00eenv\u0103\u021b\u0103m\u00e2ntul universitar ob\u021binute \u00een institu\u021bii de \u00eenv\u0103\u021b\u0103m\u00e2nt superior acreditate din state membre ale Uniunii Europene, ale Spa\u021biului Economic European, din Confedera\u021bia Elve\u021bian\u0103 \u0219i \u00een universit\u0103\u021bi de prestigiu din alte state se recunosc automat de c\u0103tre Universitatea PetrolGaze din Ploie\u0219ti. Prevederile prezentei proceduri se aplic\u0103 cet\u0103\u021benilor rom\u00e2ni, cet\u0103\u021benilor din state membre ale Uniunii Europene, ale Spa\u021biului Economic European, din Confedera\u021bia Elve\u021bian\u0103 \u0219i cet\u0103\u021benilor din state ter\u021be. Func\u021biile didactice ob\u021binute la alte institu\u021bii de \u00eenv\u0103\u021b\u0103m\u00e2nt universitar acreditate dec\u00e2t cele prev\u0103zute la art. 1 se recunosc numai \u00een baza unei conven\u021bii interna\u021bionale de recunoa\u0219tere reciproc\u0103, \u00eencheiat\u0103 la nivel interguvernamental sau interuniversitar. Ocuparea unui post didactic \u00een sistemul rom\u00e2nesc de \u00eenv\u0103\u021b\u0103m\u00e2nt superior se realizeaz\u0103 conform normelor legale \u00een vigoare. Cale de atac: Contesta\u021bia se transmite electronic la universitate. Ulterior decizia definitiv\u0103 a universit\u0103\u021bii poate fi atacat\u0103 la instan\u021bele de judecat\u0103.\u00a0 Procedura complet\u0103: R 04-16\u00a0PROCEDUR\u0102 PRIVIND RECUNOA\u0218TEREA AUTOMAT\u0102 DE C\u0102TRE UNIVERSITATEA PETROL-GAZE DIN PLOIE\u0218TI A FUNC\u021aIILOR DIDACTICE DIN \u00ceNV\u0102\u021a\u0102M\u00c2NTUL UNIVERSITAR OB\u021aINUTE \u00ceN INSTITU\u021aII DE \u00ceNV\u0102\u021a\u0102M\u00c2NT UNIVERSITAR ACREDITATE DIN STR\u0102IN\u0102TATE Link de acces PCUe: Procedura pentru Echivalarea\/recunoa\u015fterea diplomelor de doctorat poate fi consultat\u0103 \u015fi prin Punctul de Contact Unic Electronic.<\/p>\n","protected":false},"author":1,"featured_media":0,"parent":0,"menu_order":0,"comment_status":"closed","ping_status":"closed","template":"","meta":{"_monsterinsights_skip_tracking":false,"_monsterinsights_sitenote_active":false,"_monsterinsights_sitenote_note":"","_monsterinsights_sitenote_category":0,"footnotes":""},"class_list":["post-5934","page","type-page","status-publish","hentry"],"_links":{"self":[{"href":"https:\/\/www.upg-ploiesti.ro\/index.php\/wp-json\/wp\/v2\/pages\/5934","targetHints":{"allow":["GET"]}}],"collection":[{"href":"https:\/\/www.upg-ploiesti.ro\/index.php\/wp-json\/wp\/v2\/pages"}],"about":[{"href":"https:\/\/www.upg-ploiesti.ro\/index.php\/wp-json\/wp\/v2\/types\/page"}],"author":[{"embeddable":true,"href":"https:\/\/www.upg-ploiesti.ro\/index.php\/wp-json\/wp\/v2\/users\/1"}],"replies":[{"embeddable":true,"href":"https:\/\/www.upg-ploiesti.ro\/index.php\/wp-json\/wp\/v2\/comments?post=5934"}],"version-history":[{"count":5,"href":"https:\/\/www.upg-ploiesti.ro\/index.php\/wp-json\/wp\/v2\/pages\/5934\/revisions"}],"predecessor-version":[{"id":5957,"href":"https:\/\/www.upg-ploiesti.ro\/index.php\/wp-json\/wp\/v2\/pages\/5934\/revisions\/5957"}],"wp:attachment":[{"href":"https:\/\/www.upg-ploiesti.ro\/index.php\/wp-json\/wp\/v2\/media?parent=5934"}],"curies":[{"name":"wp","href":"https:\/\/api.w.org\/{rel}","templated":true}]}}