{"id":5936,"date":"2024-09-04T08:16:02","date_gmt":"2024-09-04T08:16:02","guid":{"rendered":"https:\/\/www.upg-ploiesti.ro\/?page_id=5936"},"modified":"2024-09-04T08:51:47","modified_gmt":"2024-09-04T08:51:47","slug":"procedura-privind-recunoasterea-automata-titlului-de-doctor-si-diplomei-de-doctor-obtinute","status":"publish","type":"page","link":"https:\/\/www.upg-ploiesti.ro\/index.php\/procedura-privind-recunoasterea-automata-titlului-de-doctor-si-diplomei-de-doctor-obtinute\/","title":{"rendered":"Procedur\u0103 privind recunoa\u0219terea automat\u0103 a titlului de doctor \u0219i a diplomei de doctor ob\u021binute \u00een institu\u021bii de \u00eenv\u0103\u021b\u0103m\u00e2nt universitar acreditate din str\u0103in\u0103tate"},"content":{"rendered":"\t\t<div data-elementor-type=\"wp-page\" data-elementor-id=\"5936\" class=\"elementor elementor-5936\">\n\t\t\t\t<div class=\"elementor-element elementor-element-5c87685 e-flex e-con-boxed wpr-particle-no wpr-jarallax-no wpr-parallax-no wpr-sticky-section-no wpr-equal-height-no e-con e-parent\" data-id=\"5c87685\" data-element_type=\"container\" data-e-type=\"container\">\n\t\t\t\t\t<div class=\"e-con-inner\">\n\t\t\t\t<div class=\"elementor-element elementor-element-16e8220 elementor-widget elementor-widget-text-editor\" data-id=\"16e8220\" data-element_type=\"widget\" data-e-type=\"widget\" data-widget_type=\"text-editor.default\">\n\t\t\t\t<div class=\"elementor-widget-container\">\n\t\t\t\t\t\t\t\t\t<p><strong>Descriere:<\/strong>\u00a0<\/p><ul><li>Universitatea Petrol-Gaze din Ploie\u0219ti recunoa\u0219te diploma de doctor \u0219i titlul de doctor \u00een \u0219tiin\u021be sau \u00eentr-un domeniu profesional, ob\u021binute \u00een str\u0103in\u0103tate la:<ul><li>a) institu\u021bii acreditate de \u00eenv\u0103\u021b\u0103m\u00e2nt superior sau de cercetare \u2013 dezvoltare dintr-un stat membru al Uniunii Europeane, al Spa\u021biului Economic European \u0219i din Confedera\u021bia Elve\u021bian\u0103;<\/li><li>b) institu\u021bii acreditate de \u00eenv\u0103\u021b\u0103m\u00e2nt superior sau de cercetare \u2013 dezvoltare incluse \u00een Lista universit\u0103\u021bilor de prestigiu din alte state, aprobat\u0103 prin ordin al ministrului educa\u021biei na\u021bionale \u0219i actualizat\u0103 periodic;<\/li><li>c) institu\u021bii acreditate de \u00eenv\u0103\u021b\u0103m\u00e2nt superior sau de cercetare \u2013 dezvoltare care fact obiectul unei conven\u021bii interna\u021bionale de recunoa\u0219tere reciproc\u0103, \u00eencheiate la nivel interguvernamental sau interuniversitar.<\/li><\/ul><\/li><li>Diploma de doctor sau titlul de doctor \u00een \u0219tiin\u021be sau \u00eentr-un domeniu profesional, ob\u021binute la institu\u021bii acreditate de \u00eenv\u0103\u021b\u0103m\u00e2nt superior sau de cercetare \u2013 dezvoltare din str\u0103in\u0103tate, altele dec\u00e2t cele prev\u0103zute la art.1, sunt recunoscute de Centrul Na\u021bional de Recunoa\u0219tere \u0219i Echivalare a Diplomelor (CNRED), care, \u00een cazuri justificate, poate solicita evaluarea dosarului de reconoa\u0219tere de c\u0103tre Consiliul Na\u021bional de Atestare a Titlurilor, Diplomelor \u0219i Certificatelor Universitare (CNATDCU).<\/li><li>Universitatea Petrol-Gaze din Ploie\u0219ti colaboreaz\u0103 permanent cu CNRED \u00een vederea recunoa\u0219terii diplomelor prev\u0103zute la art. 1 \u0219i transmite semestrial o situa\u021bie centralizat\u0103 a solicit\u0103rilor de recunoa\u0219tere.<\/li><li>Recunoa\u0219terea se realizeaz\u0103 \u00een vederea \u00eenscrierii la programele postuniversitare, ob\u021binerii abilit\u0103rii, ocup\u0103rii unei func\u021bii didactice sau de cercetare la Universitatea Petrol-Gaze din Ploie\u0219ti.<\/li><\/ul>\t\t\t\t\t\t\t\t<\/div>\n\t\t\t\t<\/div>\n\t\t\t\t<div class=\"elementor-element elementor-element-5272250 elementor-widget-divider--view-line elementor-widget elementor-widget-divider\" data-id=\"5272250\" data-element_type=\"widget\" data-e-type=\"widget\" data-widget_type=\"divider.default\">\n\t\t\t\t<div class=\"elementor-widget-container\">\n\t\t\t\t\t\t\t<div class=\"elementor-divider\">\n\t\t\t<span class=\"elementor-divider-separator\">\n\t\t\t\t\t\t<\/span>\n\t\t<\/div>\n\t\t\t\t\t\t<\/div>\n\t\t\t\t<\/div>\n\t\t\t\t<div class=\"elementor-element elementor-element-2b4bcf6 elementor-widget elementor-widget-text-editor\" data-id=\"2b4bcf6\" data-element_type=\"widget\" data-e-type=\"widget\" data-widget_type=\"text-editor.default\">\n\t\t\t\t<div class=\"elementor-widget-container\">\n\t\t\t\t\t\t\t\t\t<p><strong>Cale de atac:<\/strong><\/p><ul><li>Contesta\u021bia se transmite electronic la universitate. Ulterior decizia definitiv\u0103 a universit\u0103\u021bii poate fi atacat\u0103 la instan\u021bele de judecat\u0103.\u00a0<\/li><\/ul>\t\t\t\t\t\t\t\t<\/div>\n\t\t\t\t<\/div>\n\t\t\t\t<div class=\"elementor-element elementor-element-ffd9fb8 elementor-widget-divider--view-line elementor-widget elementor-widget-divider\" data-id=\"ffd9fb8\" data-element_type=\"widget\" data-e-type=\"widget\" data-widget_type=\"divider.default\">\n\t\t\t\t<div class=\"elementor-widget-container\">\n\t\t\t\t\t\t\t<div class=\"elementor-divider\">\n\t\t\t<span class=\"elementor-divider-separator\">\n\t\t\t\t\t\t<\/span>\n\t\t<\/div>\n\t\t\t\t\t\t<\/div>\n\t\t\t\t<\/div>\n\t\t\t\t<div class=\"elementor-element elementor-element-e00d768 elementor-widget elementor-widget-text-editor\" data-id=\"e00d768\" data-element_type=\"widget\" data-e-type=\"widget\" data-widget_type=\"text-editor.default\">\n\t\t\t\t<div class=\"elementor-widget-container\">\n\t\t\t\t\t\t\t\t\t<p><strong>Procedura complet\u0103:<\/strong><\/p><ul><li><span style=\"color: #333399;\"><a style=\"color: #333399;\" href=\"http:\/\/www.upg-ploiesti.ro\/wp-content\/uploads\/2024\/09\/R04.17_PROCEDURA_RECUNOASTERE_DOCTOR-1.pdf\"> Procedura complet\u0103: R 04-17 PROCEDUR\u0102 PRIVIND RECUNOA\u0218TEREA DIPLOMEI DE DOCTOR \u0218I A TITLULUI DE DOCTOR \u00ceN \u0218TIIN\u021aE SAU \u00ceNTR-UN DOMENIU PROFESIONAL, OB\u021aINUTE \u00ceN STR\u0102IN\u0102TATE<\/a><\/span><\/li><\/ul>\t\t\t\t\t\t\t\t<\/div>\n\t\t\t\t<\/div>\n\t\t\t\t<div class=\"elementor-element elementor-element-be10c53 elementor-widget-divider--view-line elementor-widget elementor-widget-divider\" data-id=\"be10c53\" data-element_type=\"widget\" data-e-type=\"widget\" data-widget_type=\"divider.default\">\n\t\t\t\t<div class=\"elementor-widget-container\">\n\t\t\t\t\t\t\t<div class=\"elementor-divider\">\n\t\t\t<span class=\"elementor-divider-separator\">\n\t\t\t\t\t\t<\/span>\n\t\t<\/div>\n\t\t\t\t\t\t<\/div>\n\t\t\t\t<\/div>\n\t\t\t\t<div class=\"elementor-element elementor-element-2f10461 elementor-widget elementor-widget-text-editor\" data-id=\"2f10461\" data-element_type=\"widget\" data-e-type=\"widget\" data-widget_type=\"text-editor.default\">\n\t\t\t\t<div class=\"elementor-widget-container\">\n\t\t\t\t\t\t\t\t\t<p><strong>Link de acces PCUe:<\/strong><\/p><ul><li>Procedura pentru Echivalarea\/recunoa\u015fterea diplomelor de doctorat poate fi consultat\u0103 \u015fi prin <span style=\"color: #333399;\"><a style=\"color: #333399;\" href=\"https:\/\/edirect.e-guvernare.ro\/Admin\/Proceduri\/ProceduraVizualizare.aspx?IdInregistrare=952058&amp;IdOperatiune=2\" target=\"_blank\" rel=\"noopener\">Punctul de Contact Unic Electronic.<\/a><\/span><\/li><\/ul>\t\t\t\t\t\t\t\t<\/div>\n\t\t\t\t<\/div>\n\t\t\t\t\t<\/div>\n\t\t\t\t<\/div>\n\t\t\t\t<\/div>\n\t\t","protected":false},"excerpt":{"rendered":"<p>Descriere:\u00a0 Universitatea Petrol-Gaze din Ploie\u0219ti recunoa\u0219te diploma de doctor \u0219i titlul de doctor \u00een \u0219tiin\u021be sau \u00eentr-un domeniu profesional, ob\u021binute \u00een str\u0103in\u0103tate la: a) institu\u021bii acreditate de \u00eenv\u0103\u021b\u0103m\u00e2nt superior sau de cercetare \u2013 dezvoltare dintr-un stat membru al Uniunii Europeane, al Spa\u021biului Economic European \u0219i din Confedera\u021bia Elve\u021bian\u0103; b) institu\u021bii acreditate de \u00eenv\u0103\u021b\u0103m\u00e2nt superior sau de cercetare \u2013 dezvoltare incluse \u00een Lista universit\u0103\u021bilor de prestigiu din alte state, aprobat\u0103 prin ordin al ministrului educa\u021biei na\u021bionale \u0219i actualizat\u0103 periodic; c) institu\u021bii acreditate de \u00eenv\u0103\u021b\u0103m\u00e2nt superior sau de cercetare \u2013 dezvoltare care fact obiectul unei conven\u021bii interna\u021bionale de recunoa\u0219tere reciproc\u0103, \u00eencheiate la nivel interguvernamental sau interuniversitar. Diploma de doctor sau titlul de doctor \u00een \u0219tiin\u021be sau \u00eentr-un domeniu profesional, ob\u021binute la institu\u021bii acreditate de \u00eenv\u0103\u021b\u0103m\u00e2nt superior sau de cercetare \u2013 dezvoltare din str\u0103in\u0103tate, altele dec\u00e2t cele prev\u0103zute la art.1, sunt recunoscute de Centrul Na\u021bional de Recunoa\u0219tere \u0219i Echivalare a Diplomelor (CNRED), care, \u00een cazuri justificate, poate solicita evaluarea dosarului de reconoa\u0219tere de c\u0103tre Consiliul Na\u021bional de Atestare a Titlurilor, Diplomelor \u0219i Certificatelor Universitare (CNATDCU). Universitatea Petrol-Gaze din Ploie\u0219ti colaboreaz\u0103 permanent cu CNRED \u00een vederea recunoa\u0219terii diplomelor prev\u0103zute la art. 1 \u0219i transmite semestrial o situa\u021bie centralizat\u0103 a solicit\u0103rilor de recunoa\u0219tere. Recunoa\u0219terea se realizeaz\u0103 \u00een vederea \u00eenscrierii la programele postuniversitare, ob\u021binerii abilit\u0103rii, ocup\u0103rii unei func\u021bii didactice sau de cercetare la Universitatea Petrol-Gaze din Ploie\u0219ti. Cale de atac: Contesta\u021bia se transmite electronic la universitate. Ulterior decizia definitiv\u0103 a universit\u0103\u021bii poate fi atacat\u0103 la instan\u021bele de judecat\u0103.\u00a0 Procedura complet\u0103: Procedura complet\u0103: R 04-17 PROCEDUR\u0102 PRIVIND RECUNOA\u0218TEREA DIPLOMEI DE DOCTOR \u0218I A TITLULUI DE DOCTOR \u00ceN \u0218TIIN\u021aE SAU \u00ceNTR-UN DOMENIU PROFESIONAL, OB\u021aINUTE \u00ceN STR\u0102IN\u0102TATE Link de acces PCUe: Procedura pentru Echivalarea\/recunoa\u015fterea diplomelor de doctorat poate fi consultat\u0103 \u015fi prin Punctul de Contact Unic Electronic.<\/p>\n","protected":false},"author":1,"featured_media":0,"parent":0,"menu_order":0,"comment_status":"closed","ping_status":"closed","template":"","meta":{"_monsterinsights_skip_tracking":false,"_monsterinsights_sitenote_active":false,"_monsterinsights_sitenote_note":"","_monsterinsights_sitenote_category":0,"footnotes":""},"class_list":["post-5936","page","type-page","status-publish","hentry"],"_links":{"self":[{"href":"https:\/\/www.upg-ploiesti.ro\/index.php\/wp-json\/wp\/v2\/pages\/5936","targetHints":{"allow":["GET"]}}],"collection":[{"href":"https:\/\/www.upg-ploiesti.ro\/index.php\/wp-json\/wp\/v2\/pages"}],"about":[{"href":"https:\/\/www.upg-ploiesti.ro\/index.php\/wp-json\/wp\/v2\/types\/page"}],"author":[{"embeddable":true,"href":"https:\/\/www.upg-ploiesti.ro\/index.php\/wp-json\/wp\/v2\/users\/1"}],"replies":[{"embeddable":true,"href":"https:\/\/www.upg-ploiesti.ro\/index.php\/wp-json\/wp\/v2\/comments?post=5936"}],"version-history":[{"count":5,"href":"https:\/\/www.upg-ploiesti.ro\/index.php\/wp-json\/wp\/v2\/pages\/5936\/revisions"}],"predecessor-version":[{"id":5963,"href":"https:\/\/www.upg-ploiesti.ro\/index.php\/wp-json\/wp\/v2\/pages\/5936\/revisions\/5963"}],"wp:attachment":[{"href":"https:\/\/www.upg-ploiesti.ro\/index.php\/wp-json\/wp\/v2\/media?parent=5936"}],"curies":[{"name":"wp","href":"https:\/\/api.w.org\/{rel}","templated":true}]}}