{"id":6084,"date":"2024-09-05T07:45:24","date_gmt":"2024-09-05T07:45:24","guid":{"rendered":"https:\/\/www.upg-ploiesti.ro\/?page_id=6084"},"modified":"2024-09-11T10:03:58","modified_gmt":"2024-09-11T10:03:58","slug":"achizitii-2024","status":"publish","type":"page","link":"https:\/\/www.upg-ploiesti.ro\/index.php\/achizitii-2024\/","title":{"rendered":"Achizitii 2024"},"content":{"rendered":"\t\t<div data-elementor-type=\"wp-page\" data-elementor-id=\"6084\" class=\"elementor elementor-6084\">\n\t\t\t\t<div class=\"elementor-element elementor-element-a0519e5 e-flex e-con-boxed wpr-particle-no wpr-jarallax-no wpr-parallax-no wpr-sticky-section-no wpr-equal-height-no e-con e-parent\" data-id=\"a0519e5\" data-element_type=\"container\" data-e-type=\"container\">\n\t\t\t\t\t<div class=\"e-con-inner\">\n\t\t\t\t<div class=\"elementor-element elementor-element-7aee3af elementor-widget elementor-widget-spacer\" data-id=\"7aee3af\" data-element_type=\"widget\" data-e-type=\"widget\" data-widget_type=\"spacer.default\">\n\t\t\t\t<div class=\"elementor-widget-container\">\n\t\t\t\t\t\t\t<div class=\"elementor-spacer\">\n\t\t\t<div class=\"elementor-spacer-inner\"><\/div>\n\t\t<\/div>\n\t\t\t\t\t\t<\/div>\n\t\t\t\t<\/div>\n\t\t\t\t<div class=\"elementor-element elementor-element-8c18d5d elementor-widget elementor-widget-heading\" data-id=\"8c18d5d\" data-element_type=\"widget\" data-e-type=\"widget\" data-widget_type=\"heading.default\">\n\t\t\t\t<div class=\"elementor-widget-container\">\n\t\t\t\t\t<h3 class=\"elementor-heading-title elementor-size-default\">Documente:<\/h3>\t\t\t\t<\/div>\n\t\t\t\t<\/div>\n\t\t\t\t\t<\/div>\n\t\t\t\t<\/div>\n\t\t<div class=\"elementor-element elementor-element-b69318f e-flex e-con-boxed wpr-particle-no wpr-jarallax-no wpr-parallax-no wpr-sticky-section-no wpr-equal-height-no e-con e-parent\" data-id=\"b69318f\" data-element_type=\"container\" data-e-type=\"container\">\n\t\t\t\t\t<div class=\"e-con-inner\">\n\t\t\t\t<div class=\"elementor-element elementor-element-d55bd39 elementor-widget elementor-widget-text-editor\" data-id=\"d55bd39\" data-element_type=\"widget\" data-e-type=\"widget\" data-widget_type=\"text-editor.default\">\n\t\t\t\t<div class=\"elementor-widget-container\">\n\t\t\t\t\t\t\t\t\t<ul><li><span style=\"color: #3366ff;\"><a style=\"color: #3366ff;\" href=\"http:\/\/www.upg-ploiesti.ro\/wp-content\/uploads\/2024\/09\/paap1-2024.pdf\">PAAP 2024 var.1<\/a><\/span><\/li><li><span style=\"color: #3366ff;\"><a style=\"color: #3366ff;\" href=\"http:\/\/www.upg-ploiesti.ro\/wp-content\/uploads\/2024\/09\/paap2-2024.pdf\">PAAP 2024 var.2<\/a><\/span><\/li><li><span style=\"color: #3366ff;\"><a style=\"color: #3366ff;\" href=\"http:\/\/www.upg-ploiesti.ro\/wp-content\/uploads\/2024\/09\/paap3-2024.pdf\">PAAP 2024 var.3<\/a><\/span><\/li><\/ul>\t\t\t\t\t\t\t\t<\/div>\n\t\t\t\t<\/div>\n\t\t\t\t\t<\/div>\n\t\t\t\t<\/div>\n\t\t<div class=\"elementor-element elementor-element-8b272a0 e-flex e-con-boxed wpr-particle-no wpr-jarallax-no wpr-parallax-no wpr-sticky-section-no wpr-equal-height-no e-con e-parent\" data-id=\"8b272a0\" data-element_type=\"container\" data-e-type=\"container\">\n\t\t\t\t\t<div class=\"e-con-inner\">\n\t\t\t\t<div class=\"elementor-element elementor-element-506cc04 elementor-widget elementor-widget-text-editor\" data-id=\"506cc04\" data-element_type=\"widget\" data-e-type=\"widget\" data-widget_type=\"text-editor.default\">\n\t\t\t\t<div class=\"elementor-widget-container\">\n\t\t\t\t\t\t\t\t\t<p style=\"font-weight: 400;\"><span style=\"color: #000000;\">\u00a0 \u00a0 \u00a0Universitatea Petrol-Gaze din Ploie\u0219ti, \u00een calitate de autoritate contractant\u0103, v\u0103 invit\u0103 s\u0103 participa\u021bi la atribuirea contractului de achizi\u021bie public\u0103 cu denumirea: \u201cSISTEM FOTOVOLTAIC\u00a0\u00a0140KW\u201d<\/span><\/p><p style=\"font-weight: 400;\"><span style=\"color: #000000;\">\u00a0 \u00a0 \u00a0Cod CPV: 09331200-0<\/span><\/p><p style=\"font-weight: 400;\"><span style=\"color: #000000;\">Pentru aceast\u0103 achizi\u021bie se ata\u0219eaz\u0103 urm\u0103toarele documente:<\/span><\/p><ul><li style=\"text-align: left;\"><span style=\"color: #3366ff;\"><a style=\"color: #3366ff;\" href=\"http:\/\/www.upg-ploiesti.ro\/wp-content\/uploads\/2024\/09\/Caiet-de-sarcini-sist.fotov-1.pdf\">Caiet de sarcini<\/a><\/span><\/li><li style=\"text-align: left;\"><span style=\"color: #3366ff;\"><a style=\"color: #3366ff;\" href=\"http:\/\/www.upg-ploiesti.ro\/wp-content\/uploads\/2024\/09\/DRAFT-Contract.pdf\">Draft-contract <\/a><\/span><\/li><li style=\"text-align: left;\"><span style=\"color: #3366ff;\"><a style=\"color: #3366ff;\" href=\"http:\/\/www.upg-ploiesti.ro\/wp-content\/uploads\/2024\/09\/Formulare_0.pdf\">Formulare<\/a><\/span><\/li><\/ul><p><span style=\"color: #000000;\">Tip contract: SERVICII<\/span><\/p><p><span style=\"color: #000000;\">Tip achizi\u0163ie: Achizi\u0163ie direct\u0103<\/span><\/p><p><span style=\"color: #000000;\">Valoarea estimat\u0103: 420 168,06lei f\u0103r\u0103 TVA<\/span><\/p><p><span style=\"color: #000000;\">Informa\u021bii se pot ob\u0163ine de luni p\u00e2n\u0103 vineri, \u00eentre orele 09.00 \u2013 16.00, la UNIVERSITATEA PETROL GAZE DIN PLOIE\u015eTI, B-dul Bucuresti, nr.39, Ploie\u015fti, jude\u0163 Prahova,\u00a0 BIROUL ACHIZITII, ETAJ I, CORP A I3.<\/span><\/p><p><span style=\"color: #000000;\">Telefon: 0244575659\/0244573171-int.226\/108 \u2013 Persoan\u0103 de contact: Florin Vasile<\/span><\/p><p><span style=\"color: #000000;\">Fax: 0244575312<\/span><\/p><p><span style=\"color: #000000;\">E-mail:\u00a0<a style=\"color: #000000;\" href=\"mailto:birou_achizitii@upg-ploiesti.ro\">birou_achizitii@upg-ploiesti.ro<\/a><\/span><\/p><p><span style=\"color: #000000;\">Termenul de depunere\u00a0a ofertelor este de 29.08.2024, ora 10:00.<\/span><\/p><p style=\"font-weight: 400;\"><span style=\"color: #000000;\">Operatorii economici pot s\u0103 transmit\u0103 oferta cu documentele solicitate \u00een plic \u00eenchis sigilat sau pe email \u00a0<a style=\"color: #000000;\" href=\"mailto:birou_achizitii@upg-ploiesti.ro\">birou_achizitii@upg-ploiesti.ro<\/a>,\u00a0 p\u00e2n\u0103 la data de 29.08.2024, ora 10:00.<\/span><\/p><p style=\"font-weight: 400;\"><span style=\"color: #000000;\">\u00a0 \u00a0 \u00a0Oferta \u00een plic \u00eenchis sigilat se va trimite la adresa: UNIVERSITATEA PETROL-GAZE DIN PLOIE\u0218TI, Ploie\u015fti, Rom\u00e2nia, Str. Bulevardul Bucure\u015fti, nr. 39, jude\u021bul Prahova, cod po\u0219tal 100680, Rom\u00e2nia \u2013 REGISTRATURA\/ BIROUL ACHIZITII ,ETAJ I, CORP A I3.<\/span><\/p>\t\t\t\t\t\t\t\t<\/div>\n\t\t\t\t<\/div>\n\t\t\t\t\t<\/div>\n\t\t\t\t<\/div>\n\t\t<div class=\"elementor-element elementor-element-1a9cea4 e-flex e-con-boxed wpr-particle-no wpr-jarallax-no wpr-parallax-no wpr-sticky-section-no wpr-equal-height-no e-con e-parent\" data-id=\"1a9cea4\" data-element_type=\"container\" data-e-type=\"container\">\n\t\t\t\t\t<div class=\"e-con-inner\">\n\t\t\t\t<div class=\"elementor-element elementor-element-862f674 elementor-widget elementor-widget-text-editor\" data-id=\"862f674\" data-element_type=\"widget\" data-e-type=\"widget\" data-widget_type=\"text-editor.default\">\n\t\t\t\t<div class=\"elementor-widget-container\">\n\t\t\t\t\t\t\t\t\t<p style=\"font-weight: 400;\"><span style=\"color: #000000;\">\u00a0 \u00a0 \u00a0Universitatea Petrol-Gaze din Ploie\u0219ti, \u00een calitate de Autoritate Contractant\u0103, v\u0103 invit\u0103 s\u0103 participa\u021bi la atribuirea contractului de achizi\u021bie public\u0103: \u201cSERVICII DE REEVALUARE\/EVALUARE TEREN \u0218I CONSTRUC\u021aII, ACTIVE FIXE CORPORALE, MUJLOACE FIXE\u201d<\/span><\/p><p style=\"font-weight: 400;\"><span style=\"color: #000000;\">\u00a0 \u00a0 \u00a0Cod CPV: 79419000-4<\/span><\/p><p style=\"font-weight: 400;\"><span style=\"color: #000000;\">Pentru aceast\u0103 achizi\u021bie se ata\u0219eaz\u0103 urm\u0103toarele documente:<\/span><\/p><ul><li><span style=\"color: #3366ff;\"><a style=\"color: #3366ff;\" href=\"http:\/\/www.upg-ploiesti.ro\/wp-content\/uploads\/2024\/09\/Caiet-sarcini.pdf\">Caiet de sarcini<\/a><\/span><\/li><li><span style=\"color: #3366ff;\"><a style=\"color: #3366ff;\" href=\"http:\/\/www.upg-ploiesti.ro\/wp-content\/uploads\/2024\/09\/Draft_ctr.pdf\">Draft-contract<\/a><\/span><\/li><li><span style=\"color: #3366ff;\"><a style=\"color: #3366ff;\" href=\"http:\/\/www.upg-ploiesti.ro\/wp-content\/uploads\/2024\/09\/Formulare.pdf\">Formulare<\/a><\/span><\/li><li><span style=\"color: #3366ff;\"><a style=\"color: #3366ff;\" href=\"http:\/\/www.upg-ploiesti.ro\/wp-content\/uploads\/2024\/09\/invitatie.pdf\">Invitatie de participare<\/a><\/span><\/li><\/ul><p><span style=\"color: #000000;\">\u00a0<\/span><br \/><br \/><span style=\"color: #000000;\">Tip contract: SERVICII<\/span><\/p><p><span style=\"color: #000000;\">Tip achizi\u0163ie: Achizi\u0163ie direct\u0103<\/span><\/p><p><span style=\"color: #000000;\">Valoarea estimat\u0103: 25.210,08 lei f\u0103r\u0103 TVA.<\/span><\/p><p><span style=\"color: #000000;\">Informa\u021bii se pot ob\u0163ine de luni p\u00e2n\u0103 joi, \u00eentre orele 09.00 \u2013 16.00, vineri, \u00eentre orele 9.00-13.00 la UNIVERSITATEA PETROL GAZE DIN PLOIE\u015eTI, B-dul Bucure\u0219ti, nr.39, Ploie\u015fti, jude\u0163ul\u00a0\u00a0Prahova,\u00a0 BIROUL\u00a0\u00a0ACHIZITII, ETAJ I, CORP A I3.<\/span><\/p><p><span style=\"color: #000000;\">Telefon: 0244575659\/0244573171-int.226\/108<\/span><\/p><p><span style=\"color: #000000;\">Fax: 0244575312<\/span><\/p><p><span style=\"color: #000000;\">E-mail:\u00a0<a style=\"color: #000000;\" href=\"mailto:birou_achizitii@upg-ploiesti.ro\">birou_achizitii@upg-ploiesti.ro<\/a><\/span><\/p><p><span style=\"color: #000000;\">Termenul de depunere\u00a0 a ofertelor este de 19.02.2024, ora 12:00.<\/span><\/p><p><span style=\"color: #000000;\">Criteriu de atribuire : Pre\u021bul cel mai sc\u0103zut<\/span><br \/><br \/><\/p><p style=\"font-weight: 400;\"><span style=\"color: #000000;\">Operatorii economici pot s\u0103 transmit\u0103 oferta cu documentele solicitate \u00een plic \u00eenchis sigilat sau pe email\u00a0<a style=\"color: #000000;\" href=\"mailto:birou_achizitii@upg-ploiesti.ro\">birou_achizitii@upg-ploiesti.ro<\/a>,\u00a0 p\u00e2n\u0103 la data de 19.02.2024, ora 12:00.<\/span><\/p><p style=\"font-weight: 400;\"><span style=\"color: #000000;\">Oferta \u00een plic \u00eenchis sigilat se va trimite la adresa: UNIVERSITATEA PETROL-GAZE DIN PLOIE\u0218TI, Ploie\u015fti, Rom\u00e2nia, Str. Bulevardul Bucure\u015fti, nr. 39, jude\u021bul Prahova, cod po\u0219tal 100680, Rom\u00e2nia \u2013 REGISTRATURA\/ DEPARTAMENTUL ACHIZITII ,ETAJ I, CORP A I3.<\/span><\/p><p style=\"font-weight: 400;\">\u00a0<\/p>\t\t\t\t\t\t\t\t<\/div>\n\t\t\t\t<\/div>\n\t\t\t\t\t<\/div>\n\t\t\t\t<\/div>\n\t\t\t\t<\/div>\n\t\t","protected":false},"excerpt":{"rendered":"<p>Documente: PAAP 2024 var.1 PAAP 2024 var.2 PAAP 2024 var.3 \u00a0 \u00a0 \u00a0Universitatea Petrol-Gaze din Ploie\u0219ti, \u00een calitate de autoritate contractant\u0103, v\u0103 invit\u0103 s\u0103 participa\u021bi la atribuirea contractului de achizi\u021bie public\u0103 cu denumirea: \u201cSISTEM FOTOVOLTAIC\u00a0\u00a0140KW\u201d \u00a0 \u00a0 \u00a0Cod CPV: 09331200-0 Pentru aceast\u0103 achizi\u021bie se ata\u0219eaz\u0103 urm\u0103toarele documente: Caiet de sarcini Draft-contract Formulare Tip contract: SERVICII Tip achizi\u0163ie: Achizi\u0163ie direct\u0103 Valoarea estimat\u0103: 420 168,06lei f\u0103r\u0103 TVA Informa\u021bii se pot ob\u0163ine de luni p\u00e2n\u0103 vineri, \u00eentre orele 09.00 \u2013 16.00, la UNIVERSITATEA PETROL GAZE DIN PLOIE\u015eTI, B-dul Bucuresti, nr.39, Ploie\u015fti, jude\u0163 Prahova,\u00a0 BIROUL ACHIZITII, ETAJ I, CORP A I3. Telefon: 0244575659\/0244573171-int.226\/108 \u2013 Persoan\u0103 de contact: Florin Vasile Fax: 0244575312 E-mail:\u00a0birou_achizitii@upg-ploiesti.ro Termenul de depunere\u00a0a ofertelor este de 29.08.2024, ora 10:00. Operatorii economici pot s\u0103 transmit\u0103 oferta cu documentele solicitate \u00een plic \u00eenchis sigilat sau pe email \u00a0birou_achizitii@upg-ploiesti.ro,\u00a0 p\u00e2n\u0103 la data de 29.08.2024, ora 10:00. \u00a0 \u00a0 \u00a0Oferta \u00een plic \u00eenchis sigilat se va trimite la adresa: UNIVERSITATEA PETROL-GAZE DIN PLOIE\u0218TI, Ploie\u015fti, Rom\u00e2nia, Str. Bulevardul Bucure\u015fti, nr. 39, jude\u021bul Prahova, cod po\u0219tal 100680, Rom\u00e2nia \u2013 REGISTRATURA\/ BIROUL ACHIZITII ,ETAJ I, CORP A I3. \u00a0 \u00a0 \u00a0Universitatea Petrol-Gaze din Ploie\u0219ti, \u00een calitate de Autoritate Contractant\u0103, v\u0103 invit\u0103 s\u0103 participa\u021bi la atribuirea contractului de achizi\u021bie public\u0103: \u201cSERVICII DE REEVALUARE\/EVALUARE TEREN \u0218I CONSTRUC\u021aII, ACTIVE FIXE CORPORALE, MUJLOACE FIXE\u201d \u00a0 \u00a0 \u00a0Cod CPV: 79419000-4 Pentru aceast\u0103 achizi\u021bie se ata\u0219eaz\u0103 urm\u0103toarele documente: Caiet de sarcini Draft-contract Formulare Invitatie de participare \u00a0 Tip contract: SERVICII Tip achizi\u0163ie: Achizi\u0163ie direct\u0103 Valoarea estimat\u0103: 25.210,08 lei f\u0103r\u0103 TVA. Informa\u021bii se pot ob\u0163ine de luni p\u00e2n\u0103 joi, \u00eentre orele 09.00 \u2013 16.00, vineri, \u00eentre orele 9.00-13.00 la UNIVERSITATEA PETROL GAZE DIN PLOIE\u015eTI, B-dul Bucure\u0219ti, nr.39, Ploie\u015fti, jude\u0163ul\u00a0\u00a0Prahova,\u00a0 BIROUL\u00a0\u00a0ACHIZITII, ETAJ I, CORP A I3. Telefon: 0244575659\/0244573171-int.226\/108 Fax: 0244575312 E-mail:\u00a0birou_achizitii@upg-ploiesti.ro Termenul de depunere\u00a0 a ofertelor este de 19.02.2024, ora 12:00. Criteriu de atribuire : Pre\u021bul cel mai sc\u0103zut Operatorii economici pot s\u0103 transmit\u0103 oferta cu documentele solicitate \u00een plic \u00eenchis sigilat sau pe email\u00a0birou_achizitii@upg-ploiesti.ro,\u00a0 p\u00e2n\u0103 la data de 19.02.2024, ora 12:00. Oferta \u00een plic \u00eenchis sigilat se va trimite la adresa: UNIVERSITATEA PETROL-GAZE DIN PLOIE\u0218TI, Ploie\u015fti, Rom\u00e2nia, Str. Bulevardul Bucure\u015fti, nr. 39, jude\u021bul Prahova, cod po\u0219tal 100680, Rom\u00e2nia \u2013 REGISTRATURA\/ DEPARTAMENTUL ACHIZITII ,ETAJ I, CORP A I3. \u00a0<\/p>\n","protected":false},"author":1,"featured_media":0,"parent":0,"menu_order":0,"comment_status":"closed","ping_status":"closed","template":"","meta":{"_monsterinsights_skip_tracking":false,"_monsterinsights_sitenote_active":false,"_monsterinsights_sitenote_note":"","_monsterinsights_sitenote_category":0,"footnotes":""},"class_list":["post-6084","page","type-page","status-publish","hentry"],"_links":{"self":[{"href":"https:\/\/www.upg-ploiesti.ro\/index.php\/wp-json\/wp\/v2\/pages\/6084","targetHints":{"allow":["GET"]}}],"collection":[{"href":"https:\/\/www.upg-ploiesti.ro\/index.php\/wp-json\/wp\/v2\/pages"}],"about":[{"href":"https:\/\/www.upg-ploiesti.ro\/index.php\/wp-json\/wp\/v2\/types\/page"}],"author":[{"embeddable":true,"href":"https:\/\/www.upg-ploiesti.ro\/index.php\/wp-json\/wp\/v2\/users\/1"}],"replies":[{"embeddable":true,"href":"https:\/\/www.upg-ploiesti.ro\/index.php\/wp-json\/wp\/v2\/comments?post=6084"}],"version-history":[{"count":28,"href":"https:\/\/www.upg-ploiesti.ro\/index.php\/wp-json\/wp\/v2\/pages\/6084\/revisions"}],"predecessor-version":[{"id":6304,"href":"https:\/\/www.upg-ploiesti.ro\/index.php\/wp-json\/wp\/v2\/pages\/6084\/revisions\/6304"}],"wp:attachment":[{"href":"https:\/\/www.upg-ploiesti.ro\/index.php\/wp-json\/wp\/v2\/media?parent=6084"}],"curies":[{"name":"wp","href":"https:\/\/api.w.org\/{rel}","templated":true}]}}