{"id":8631,"date":"2024-10-09T07:49:40","date_gmt":"2024-10-09T07:49:40","guid":{"rendered":"https:\/\/www.upg-ploiesti.ro\/?page_id=8631"},"modified":"2024-10-09T08:02:21","modified_gmt":"2024-10-09T08:02:21","slug":"asociatia-alumni","status":"publish","type":"page","link":"https:\/\/www.upg-ploiesti.ro\/index.php\/asociatia-alumni\/","title":{"rendered":"ASOCIA\u021aIA ALUMNI"},"content":{"rendered":"\t\t<div data-elementor-type=\"wp-page\" data-elementor-id=\"8631\" class=\"elementor elementor-8631\">\n\t\t\t\t<div class=\"elementor-element elementor-element-d79dcfb e-flex e-con-boxed wpr-particle-no wpr-jarallax-no wpr-parallax-no wpr-sticky-section-no wpr-equal-height-no e-con e-parent\" data-id=\"d79dcfb\" data-element_type=\"container\" data-e-type=\"container\">\n\t\t\t\t\t<div class=\"e-con-inner\">\n\t\t\t\t<div class=\"elementor-element elementor-element-32cd87c elementor-widget elementor-widget-text-editor\" data-id=\"32cd87c\" data-element_type=\"widget\" data-e-type=\"widget\" data-widget_type=\"text-editor.default\">\n\t\t\t\t<div class=\"elementor-widget-container\">\n\t\t\t\t\t\t\t\t\t<h5 style=\"padding-left: 40px;\"><span style=\"color: #000000;\"><strong>Documente<\/strong>:<\/span><\/h5><ul><li style=\"list-style-type: none;\"><ul><li style=\"list-style-type: none;\"><ul><li><strong><span style=\"color: #333399;\"><a style=\"color: #333399;\" href=\"http:\/\/www.upg-ploiesti.ro\/wp-content\/uploads\/2024\/10\/Statut-Asociatia-Alumni_v-site.pdf\">Statutul\u00a0Asocia\u0163iei Absolven\u0163ilor Universit\u0103\u0163ii Petrol-Gaze din Ploie\u015fti<\/a><\/span><\/strong><\/li><li><span style=\"color: #000000;\">FORMULAR DE ADEZIUNE \u015eI \u00ceNSCRIERE \u00ceN ASOCIA\u0162IA ABSOLVEN\u0162ILOR UNIVERSIT\u0102\u0162II PETROL-GAZE DIN PLOIE\u015eTI-ALUMNI UPG<\/span><ul><li><strong><span style=\"color: #333399;\"><a style=\"color: #333399;\" href=\"http:\/\/www.upg-ploiesti.ro\/wp-content\/uploads\/2024\/10\/formular_adeziune_membru.pdf\">membru<\/a><\/span><\/strong><\/li><li><span style=\"color: #000000;\"><strong><span style=\"color: #333399;\"><a style=\"color: #333399;\" href=\"http:\/\/www.upg-ploiesti.ro\/wp-content\/uploads\/2024\/10\/formular_adeziune_societate-comerciala.pdf\">societate comercial\u0103<\/a><\/span><\/strong><\/span><\/li><\/ul><\/li><li><span style=\"color: #000000;\">Bro\u0219uri\u00a0absolven\u021bi str\u0103ini<\/span><ul><li><span style=\"color: #333399;\"><strong><a style=\"color: #333399;\" href=\"http:\/\/www.upg-ploiesti.ro\/wp-content\/uploads\/2024\/10\/UPG-Absolventi-Africa-RO-ENG.pdf\">Africa<\/a><\/strong><\/span><\/li><li><span style=\"color: #333399;\"><strong><a style=\"color: #333399;\" href=\"http:\/\/www.upg-ploiesti.ro\/wp-content\/uploads\/2024\/10\/UPG-Absolventi-Iran-RO-ENG.pdf\">Iran<\/a><\/strong><\/span><\/li><li><span style=\"color: #333399;\"><strong><a style=\"color: #333399;\" href=\"http:\/\/www.upg-ploiesti.ro\/wp-content\/uploads\/2024\/10\/UPG-Absolventi-Moldova-RO.pdf\">Moldova<\/a><\/strong><\/span><\/li><li><span style=\"color: #333399;\"><strong><a style=\"color: #333399;\" href=\"http:\/\/www.upg-ploiesti.ro\/wp-content\/uploads\/2024\/10\/UPG-Absolventi-Vietnam-RO.pdf\">Vietnam<\/a><\/strong><\/span><\/li><\/ul><\/li><\/ul><\/li><\/ul><\/li><\/ul><p><a href=\"http:\/\/www.upg-ploiesti.ro\/wp-content\/uploads\/2024\/10\/20161025-020-scaled.jpg\">\u00a0<\/a><\/p>\t\t\t\t\t\t\t\t<\/div>\n\t\t\t\t<\/div>\n\t\t\t\t\t<\/div>\n\t\t\t\t<\/div>\n\t\t<div class=\"elementor-element elementor-element-04e277d e-flex e-con-boxed wpr-particle-no wpr-jarallax-no wpr-parallax-no wpr-sticky-section-no wpr-equal-height-no e-con e-parent\" data-id=\"04e277d\" data-element_type=\"container\" data-e-type=\"container\">\n\t\t\t\t\t<div class=\"e-con-inner\">\n\t\t\t\t<div class=\"elementor-element elementor-element-ff1f9c4 elementor-widget elementor-widget-image\" data-id=\"ff1f9c4\" data-element_type=\"widget\" data-e-type=\"widget\" data-widget_type=\"image.default\">\n\t\t\t\t<div class=\"elementor-widget-container\">\n\t\t\t\t\t\t\t\t\t\t\t\t\t\t\t<img fetchpriority=\"high\" decoding=\"async\" width=\"1024\" height=\"683\" src=\"https:\/\/www.upg-ploiesti.ro\/wp-content\/uploads\/2024\/10\/20161025-020-scaled-1024x683.jpg\" class=\"attachment-large size-large wp-image-8677\" alt=\"\" srcset=\"https:\/\/www.upg-ploiesti.ro\/wp-content\/uploads\/2024\/10\/20161025-020-scaled-1024x683.jpg 1024w, https:\/\/www.upg-ploiesti.ro\/wp-content\/uploads\/2024\/10\/20161025-020-scaled-300x200.jpg 300w, https:\/\/www.upg-ploiesti.ro\/wp-content\/uploads\/2024\/10\/20161025-020-scaled-768x512.jpg 768w, https:\/\/www.upg-ploiesti.ro\/wp-content\/uploads\/2024\/10\/20161025-020-scaled-1536x1024.jpg 1536w, https:\/\/www.upg-ploiesti.ro\/wp-content\/uploads\/2024\/10\/20161025-020-scaled-2048x1366.jpg 2048w\" sizes=\"(max-width: 1024px) 100vw, 1024px\" \/>\t\t\t\t\t\t\t\t\t\t\t\t\t\t\t<\/div>\n\t\t\t\t<\/div>\n\t\t\t\t\t<\/div>\n\t\t\t\t<\/div>\n\t\t\t\t<\/div>\n\t\t","protected":false},"excerpt":{"rendered":"<p>Documente: Statutul\u00a0Asocia\u0163iei Absolven\u0163ilor Universit\u0103\u0163ii Petrol-Gaze din Ploie\u015fti FORMULAR DE ADEZIUNE \u015eI \u00ceNSCRIERE \u00ceN ASOCIA\u0162IA ABSOLVEN\u0162ILOR UNIVERSIT\u0102\u0162II PETROL-GAZE DIN PLOIE\u015eTI-ALUMNI UPG membru societate comercial\u0103 Bro\u0219uri\u00a0absolven\u021bi str\u0103ini Africa Iran Moldova Vietnam \u00a0<\/p>\n","protected":false},"author":1,"featured_media":0,"parent":0,"menu_order":0,"comment_status":"closed","ping_status":"closed","template":"","meta":{"_monsterinsights_skip_tracking":false,"_monsterinsights_sitenote_active":false,"_monsterinsights_sitenote_note":"","_monsterinsights_sitenote_category":0,"footnotes":""},"class_list":["post-8631","page","type-page","status-publish","hentry"],"_links":{"self":[{"href":"https:\/\/www.upg-ploiesti.ro\/index.php\/wp-json\/wp\/v2\/pages\/8631","targetHints":{"allow":["GET"]}}],"collection":[{"href":"https:\/\/www.upg-ploiesti.ro\/index.php\/wp-json\/wp\/v2\/pages"}],"about":[{"href":"https:\/\/www.upg-ploiesti.ro\/index.php\/wp-json\/wp\/v2\/types\/page"}],"author":[{"embeddable":true,"href":"https:\/\/www.upg-ploiesti.ro\/index.php\/wp-json\/wp\/v2\/users\/1"}],"replies":[{"embeddable":true,"href":"https:\/\/www.upg-ploiesti.ro\/index.php\/wp-json\/wp\/v2\/comments?post=8631"}],"version-history":[{"count":4,"href":"https:\/\/www.upg-ploiesti.ro\/index.php\/wp-json\/wp\/v2\/pages\/8631\/revisions"}],"predecessor-version":[{"id":8680,"href":"https:\/\/www.upg-ploiesti.ro\/index.php\/wp-json\/wp\/v2\/pages\/8631\/revisions\/8680"}],"wp:attachment":[{"href":"https:\/\/www.upg-ploiesti.ro\/index.php\/wp-json\/wp\/v2\/media?parent=8631"}],"curies":[{"name":"wp","href":"https:\/\/api.w.org\/{rel}","templated":true}]}}